{"id":12283,"date":"2025-03-11T00:10:46","date_gmt":"2025-03-10T23:10:46","guid":{"rendered":"https:\/\/www.hipzg.hr\/proizvod\/croats-and-crusaders\/"},"modified":"2025-03-11T00:10:46","modified_gmt":"2025-03-10T23:10:46","slug":"croats-and-crusaders","status":"publish","type":"product","link":"https:\/\/www.hipzg.hr\/en\/proizvod\/croats-and-crusaders\/","title":{"rendered":"CROATS AND CRUSADERS"},"content":{"rendered":"<p>&nbsp;<\/p>\n<p>Year of publication: 2003.<\/p>\n","protected":false},"excerpt":{"rendered":"<p><a href=\"\/?product_cat=kresimir_kuzic\">Kre\u0161imir Ku\u017ei\u0107<\/a><\/p>\n","protected":false},"featured_media":11816,"template":"","meta":{"iawp_total_views":0},"product_brand":[],"product_cat":[212],"product_tag":[],"class_list":{"0":"post-12283","1":"product","2":"type-product","3":"status-publish","4":"has-post-thumbnail","6":"product_cat-kresimir-kuzic","8":"first","9":"instock","10":"taxable","11":"shipping-taxable","12":"purchasable","13":"product-type-simple"},"_links":{"self":[{"href":"https:\/\/www.hipzg.hr\/en\/wp-json\/wp\/v2\/product\/12283","targetHints":{"allow":["GET"]}}],"collection":[{"href":"https:\/\/www.hipzg.hr\/en\/wp-json\/wp\/v2\/product"}],"about":[{"href":"https:\/\/www.hipzg.hr\/en\/wp-json\/wp\/v2\/types\/product"}],"wp:featuredmedia":[{"embeddable":true,"href":"https:\/\/www.hipzg.hr\/en\/wp-json\/wp\/v2\/media\/11816"}],"wp:attachment":[{"href":"https:\/\/www.hipzg.hr\/en\/wp-json\/wp\/v2\/media?parent=12283"}],"wp:term":[{"taxonomy":"product_brand","embeddable":true,"href":"https:\/\/www.hipzg.hr\/en\/wp-json\/wp\/v2\/product_brand?post=12283"},{"taxonomy":"product_cat","embeddable":true,"href":"https:\/\/www.hipzg.hr\/en\/wp-json\/wp\/v2\/product_cat?post=12283"},{"taxonomy":"product_tag","embeddable":true,"href":"https:\/\/www.hipzg.hr\/en\/wp-json\/wp\/v2\/product_tag?post=12283"}],"curies":[{"name":"wp","href":"https:\/\/api.w.org\/{rel}","templated":true}]}}