{"id":12172,"date":"2025-03-11T10:50:53","date_gmt":"2025-03-11T09:50:53","guid":{"rendered":"https:\/\/www.hipzg.hr\/proizvod\/dr-franjo-tudman-life-and-legacy\/"},"modified":"2025-03-11T10:50:53","modified_gmt":"2025-03-11T09:50:53","slug":"dr-franjo-tudman-life-and-legacy","status":"publish","type":"product","link":"https:\/\/www.hipzg.hr\/en\/proizvod\/dr-franjo-tudman-life-and-legacy\/","title":{"rendered":"DR. FRANJO TU\u0110MAN \u2013 Life and Legacy"},"content":{"rendered":"<p>&nbsp;<\/p>\n<p>Edited by: <a href=\"\/?product_cat=domagoj_knezevic\">Domagoj Kne\u017eevi\u0107<\/a> and <a href=\"\/?product_cat=ivan_hrstic\">Ivan Hrsti\u0107<\/a><\/p>\n<p><a href=\"https:\/\/www.hipzg.hr\/wp-content\/uploads\/2025\/03\/Dr_Franjo_Tudjman-Zivot_i_naslijedje.pdf\">Preview<\/a><\/p>\n<p>Year of publication: 2024.<\/p>\n","protected":false},"excerpt":{"rendered":"<p>&nbsp; Edited by: Domagoj Kne\u017eevi\u0107 and Ivan Hrsti\u0107 Preview Year of publication: 2024.<\/p>\n","protected":false},"featured_media":11740,"template":"","meta":{"iawp_total_views":0},"product_brand":[],"product_cat":[162,182],"product_tag":[],"class_list":{"0":"post-12172","1":"product","2":"type-product","3":"status-publish","4":"has-post-thumbnail","6":"product_cat-domagoj-knezevic","7":"product_cat-ivan-hrstic","9":"first","10":"outofstock","11":"taxable","12":"shipping-taxable","13":"purchasable","14":"product-type-simple"},"_links":{"self":[{"href":"https:\/\/www.hipzg.hr\/en\/wp-json\/wp\/v2\/product\/12172","targetHints":{"allow":["GET"]}}],"collection":[{"href":"https:\/\/www.hipzg.hr\/en\/wp-json\/wp\/v2\/product"}],"about":[{"href":"https:\/\/www.hipzg.hr\/en\/wp-json\/wp\/v2\/types\/product"}],"wp:featuredmedia":[{"embeddable":true,"href":"https:\/\/www.hipzg.hr\/en\/wp-json\/wp\/v2\/media\/11740"}],"wp:attachment":[{"href":"https:\/\/www.hipzg.hr\/en\/wp-json\/wp\/v2\/media?parent=12172"}],"wp:term":[{"taxonomy":"product_brand","embeddable":true,"href":"https:\/\/www.hipzg.hr\/en\/wp-json\/wp\/v2\/product_brand?post=12172"},{"taxonomy":"product_cat","embeddable":true,"href":"https:\/\/www.hipzg.hr\/en\/wp-json\/wp\/v2\/product_cat?post=12172"},{"taxonomy":"product_tag","embeddable":true,"href":"https:\/\/www.hipzg.hr\/en\/wp-json\/wp\/v2\/product_tag?post=12172"}],"curies":[{"name":"wp","href":"https:\/\/api.w.org\/{rel}","templated":true}]}}