{"id":12159,"date":"2025-03-11T09:40:23","date_gmt":"2025-03-11T08:40:23","guid":{"rendered":"https:\/\/www.hipzg.hr\/proizvod\/the-1868-croatian-hungarian-settlement-origin-and-reality\/"},"modified":"2025-03-11T09:40:23","modified_gmt":"2025-03-11T08:40:23","slug":"the-1868-croatian-hungarian-settlement-origin-and-reality","status":"publish","type":"product","link":"https:\/\/www.hipzg.hr\/en\/proizvod\/the-1868-croatian-hungarian-settlement-origin-and-reality\/","title":{"rendered":"THE 1868 CROATIAN-HUNGARIAN SETTLEMENT: Origin and Reality"},"content":{"rendered":"<p>&nbsp;<\/p>\n<p>Edited by: <a href=\"\/?product_cat=vlasta_svoger\">Vlasta \u0160voger<\/a>, <a href=\"\/?product_cat=denes_sokcsevits\">D\u00e9nes Sokcsevits<\/a>, <a href=\"\/?product_cat=andras_cieger\">Andr\u00e1s Cieger<\/a>, <a href=\"\/?product_cat=branko_ostajmer\">Branko Ostajmer<\/a><\/p>\n<p>Year of publication: 2021.<\/p>\n","protected":false},"excerpt":{"rendered":"<p>&nbsp; Edited by: Vlasta \u0160voger, D\u00e9nes Sokcsevits, Andr\u00e1s Cieger, Branko Ostajmer Year of publication: 2021.<\/p>\n","protected":false},"featured_media":11724,"template":"","meta":{"iawp_total_views":25},"product_brand":[],"product_cat":[171,163,170,169],"product_tag":[],"class_list":{"0":"post-12159","1":"product","2":"type-product","3":"status-publish","4":"has-post-thumbnail","6":"product_cat-andras-cieger","7":"product_cat-branko-ostajmer","8":"product_cat-denes-sokcsevits","9":"product_cat-vlasta-svoger","11":"first","12":"instock","13":"taxable","14":"shipping-taxable","15":"purchasable","16":"product-type-simple"},"_links":{"self":[{"href":"https:\/\/www.hipzg.hr\/en\/wp-json\/wp\/v2\/product\/12159","targetHints":{"allow":["GET"]}}],"collection":[{"href":"https:\/\/www.hipzg.hr\/en\/wp-json\/wp\/v2\/product"}],"about":[{"href":"https:\/\/www.hipzg.hr\/en\/wp-json\/wp\/v2\/types\/product"}],"wp:featuredmedia":[{"embeddable":true,"href":"https:\/\/www.hipzg.hr\/en\/wp-json\/wp\/v2\/media\/11724"}],"wp:attachment":[{"href":"https:\/\/www.hipzg.hr\/en\/wp-json\/wp\/v2\/media?parent=12159"}],"wp:term":[{"taxonomy":"product_brand","embeddable":true,"href":"https:\/\/www.hipzg.hr\/en\/wp-json\/wp\/v2\/product_brand?post=12159"},{"taxonomy":"product_cat","embeddable":true,"href":"https:\/\/www.hipzg.hr\/en\/wp-json\/wp\/v2\/product_cat?post=12159"},{"taxonomy":"product_tag","embeddable":true,"href":"https:\/\/www.hipzg.hr\/en\/wp-json\/wp\/v2\/product_tag?post=12159"}],"curies":[{"name":"wp","href":"https:\/\/api.w.org\/{rel}","templated":true}]}}