{"id":15524,"date":"2026-04-27T11:49:00","date_gmt":"2026-04-27T09:49:00","guid":{"rendered":"https:\/\/www.hipzg.hr\/?page_id=15524"},"modified":"2026-04-29T09:54:19","modified_gmt":"2026-04-29T07:54:19","slug":"zdravka-zlodi","status":"publish","type":"page","link":"https:\/\/www.hipzg.hr\/en\/zdravka-zlodi\/","title":{"rendered":"Zdravka Zlodi"},"content":{"rendered":"\t\t<div data-elementor-type=\"wp-page\" data-elementor-id=\"15524\" class=\"elementor elementor-15524\" data-elementor-post-type=\"page\">\n\t\t\t\t<div class=\"elementor-element elementor-element-4adf38b e-flex e-con-boxed e-con e-parent\" data-id=\"4adf38b\" data-element_type=\"container\">\n\t\t\t\t\t<div class=\"e-con-inner\">\n\t\t<div class=\"elementor-element elementor-element-60789e3 e-con-full e-flex e-con e-child\" data-id=\"60789e3\" data-element_type=\"container\">\n\t\t\t\t<div class=\"elementor-element elementor-element-cdbc1eb elementor-widget elementor-widget-heading\" data-id=\"cdbc1eb\" data-element_type=\"widget\" data-widget_type=\"heading.default\">\n\t\t\t\t<div class=\"elementor-widget-container\">\n\t\t\t\t\t<h2 class=\"elementor-heading-title elementor-size-default\">Zdravka Zlodi<\/h2>\t\t\t\t<\/div>\n\t\t\t\t<\/div>\n\t\t\t\t<div class=\"elementor-element elementor-element-540c1c3 elementor-widget elementor-widget-spacer\" data-id=\"540c1c3\" data-element_type=\"widget\" data-widget_type=\"spacer.default\">\n\t\t\t\t<div class=\"elementor-widget-container\">\n\t\t\t\t\t\t\t<div class=\"elementor-spacer\">\n\t\t\t<div class=\"elementor-spacer-inner\"><\/div>\n\t\t<\/div>\n\t\t\t\t\t\t<\/div>\n\t\t\t\t<\/div>\n\t\t\t\t<div class=\"elementor-element elementor-element-d2be703 elementor-widget elementor-widget-heading\" data-id=\"d2be703\" data-element_type=\"widget\" data-widget_type=\"heading.default\">\n\t\t\t\t<div class=\"elementor-widget-container\">\n\t\t\t\t\t<h5 class=\"elementor-heading-title elementor-size-default\">ISTRA\u017dIVA\u010cKI INTERESI I RADNO ISKUSTVO<\/h5>\t\t\t\t<\/div>\n\t\t\t\t<\/div>\n\t\t\t\t<div class=\"elementor-element elementor-element-6aabc1c elementor-widget elementor-widget-text-editor\" data-id=\"6aabc1c\" data-element_type=\"widget\" data-widget_type=\"text-editor.default\">\n\t\t\t\t<div class=\"elementor-widget-container\">\n\t\t\t\t\t\t\t\t\t<p><u>Istra\u017eiva\u010dki interesi<\/u>: \u00a0Podru\u010dje znanstvenog interesa i rada sustavno je vezano za povijest Srednje i Jugoisto\u010dne Europe, s naglaskom na hrvatsko \u2013 slavenske veze (izvori, slavenska mitologija, kulturna psihologija i tradicijska kultura, slavenska ideja i uzajamnost slavenskih naroda, lingvistika). U sklopu svih projekata bavila se i bavi se istra\u017eivanjem hrvatsko \u2013 poljskih, hrvatsko \u2013 ukrajinskih i rusinskih te posebno hrvatsko \u2013 ruskih odnosa (Carska Rusija, Bijela emigracija, Rusi u Hrvatskoj, ruska slavistika i kultura, rusko-slavenski odnosi i identiteti). Osim znanstvenog, historiografskog rada bavi se i prevo\u0111enjem te obradom izvora i publikacija sa ruskog, poljskog i ukrajinskog jezika.<\/p><p><u>Alternativni istra\u017eiva\u010dki interesi<\/u>: umjetnost i glazba slavenskih naroda te odabrane teme iz kulturne povijesti (povijest fotografije, povijest cabare-a, povijest parfema).<\/p><p><strong>Radno iskustvo:<\/strong><\/p><ul><li>Hrvatski povijesni muzej u Zagrebu (stru\u010dni vodi\u010d\/listopad 1997. \u2013 sije\u010dnj 2000.)<\/li><li>FFZG- Odsjek za povijest (zaposlena kao znanstveni novak, velja\u010da-svibanj 2002.)<\/li><li>Hrvatski institut za povijest u Zagrebu (od 1. svibnja 2002. do danas)<\/li><li>Hrvatski studiji u Zagrebu (vanjski suradnik\/nositelj i predava\u010d izbornih kolegija):<br \/>a) <em>Izabrane teme iz povijesti Srednje Europe<\/em>, Akad. god. 2007.\/2008.<br \/>b) <em>Stjepan Radi\u0107 i slavenska ideja<\/em>, Akad., god. 2007.\/2008.<br \/>c) <em>Fotografija kao povijesni izvor<\/em>, Akad. god. 2008.\/2009.<\/li><\/ul>\t\t\t\t\t\t\t\t<\/div>\n\t\t\t\t<\/div>\n\t\t\t\t<div class=\"elementor-element elementor-element-804a7c2 elementor-widget elementor-widget-heading\" data-id=\"804a7c2\" data-element_type=\"widget\" data-widget_type=\"heading.default\">\n\t\t\t\t<div class=\"elementor-widget-container\">\n\t\t\t\t\t<h5 class=\"elementor-heading-title elementor-size-default\">OBRAZOVANJE<\/h5>\t\t\t\t<\/div>\n\t\t\t\t<\/div>\n\t\t\t\t<div class=\"elementor-element elementor-element-137a345 elementor-widget elementor-widget-text-editor\" data-id=\"137a345\" data-element_type=\"widget\" data-widget_type=\"text-editor.default\">\n\t\t\t\t<div class=\"elementor-widget-container\">\n\t\t\t\t\t\t\t\t\t<u>Temeljna naobrazba<\/u>:\n<ul>\n \t<li>Gimnazija &#8221;Titu\u0161 Bezova\u010dki&#8221; u Zagrebu (1990.\/1991. &#8211; 1994.\/1995.).<\/li>\n \t<li>FFZG \u2013 Studij jednopredmetne povijesti (1994.\/1995. \u2013 svibanj 2000.).<\/li>\n \t<li>FFZG \u2013 Magistrirala 2005. (Katedra za povijest srednje i jugoisto\u010dne Europe u XIX. stolje\u0107u., prof. dr. sc. P. Koruni\u0107).<\/li>\n \t<li>FFZG \u2013 Doktorirala 2010. (Katedra za povijest srednje i jugoisto\u010dne Europe u XIX. stolje\u0107u., prof. dr. sc. P. Koruni\u0107).<\/li>\n<\/ul>\n<p style=\"margin-top: 10px;\"><u>Usavr\u0161avanja:<\/u><\/p>\n\n<ul>\n \t<li>Uniwersytet Jagiello\u0144ski (Krakov), Poljska (1998.)<\/li>\n \t<li>Uniwesytet Warszawski (Var\u0161ava), Poljska (1999.)<\/li>\n \t<li>Uniwersytet Warszawski &#8211; Studium Europy Wschodniej, Var\u0161ava-Vroclav, Poljska (2000.)<\/li>\n \t<li>Katolicki Uniwersytet Lubelski (Lublin) i Uniwersytet Jagiello\u0144ski (Krakov), Poljska (2001.) CEEPUS program.<\/li>\n \t<li>Instytut Historiczny UW; Akademia PAN, Archiwum G\u0142\u00f3wne Akt Dawnych, Poljska (2002. i 2003.)<\/li>\n \t<li>Instytut Historiczny Uniwersytetu Warszawskiego, Var\u0161ava, Poljska (2004.) stipendija: Kasa Im. J\u00f3zefa Mianowskiego.<\/li>\n \t<li>\u0414\u043e\u043c \u0440\u0443\u0441\u0441\u043a\u043e\u0433\u043e \u0437\u0430\u0440\u0443\u0431\u0435\u0436\u044f \u0438\u043c. \u0410. \u0421\u043e\u043b\u0436\u0435\u043d\u0438\u0446\u044b\u043d\u0430 i \u0418\u043d\u0441\u0442\u0438\u0442\u0443\u0442 \u0441\u043b\u0430\u0432\u044f\u043d\u043e\u0432\u0435\u0434\u0435\u043d\u0438\u044f- \u0420\u0410\u041d (InSL \u2013 RAN, (Moskva), Rusija, (2011.,2014., 2015., od 2018. na godi\u0161njoj bazi).<\/li>\n<\/ul>\t\t\t\t\t\t\t\t<\/div>\n\t\t\t\t<\/div>\n\t\t\t\t<div class=\"elementor-element elementor-element-946d4d8 elementor-widget elementor-widget-heading\" data-id=\"946d4d8\" data-element_type=\"widget\" data-widget_type=\"heading.default\">\n\t\t\t\t<div class=\"elementor-widget-container\">\n\t\t\t\t\t<h5 class=\"elementor-heading-title elementor-size-default\">PROJEKTI<\/h5>\t\t\t\t<\/div>\n\t\t\t\t<\/div>\n\t\t\t\t<div class=\"elementor-element elementor-element-05bdef4 elementor-widget elementor-widget-text-editor\" data-id=\"05bdef4\" data-element_type=\"widget\" data-widget_type=\"text-editor.default\">\n\t\t\t\t<div class=\"elementor-widget-container\">\n\t\t\t\t\t\t\t\t\t<ul><li>Politi\u010dka povijest hrvatskog dru\u0161tva krajem XIX. i po\u010detkom XX. stolje\u0107a. (voditelj: dr. sc. Zlatko Matijevi\u0107, 2002.-2007.)<\/li><li>Politi\u010dki \u017eivot u hrvatskom dru\u0161tvu od 1840-ih do 1940-ih godina (voditelj dr. sc. S. Matkovi\u0107 2007. \u2013 2011.).<\/li><li>Hrvatski isto\u010dno \u2013 jadranski prostor i Mleta\u010dka Republika u ranom novom vijeku (voditelj: dr. sc. Lovorka \u010corali\u0107, 2007.)<\/li><li>Projekt Moderne evropske diplomacije i isto\u010dnojadranski prostor \u2013 MEDEA (voditelj: dr.sc. Jadranka Nerali\u0107, Sudjelovala samo u podizanju projekta).<\/li><li>Hrvatska u kontekstu kultruno \u2013 politi\u010dkih utjecaja Rusije na Balkanu (voditelj: dr.sc. Zdravka Zlodi, interni istra\u017eiva\u010dki projekt HIP-a).<\/li><li>Hrvatska i Europa: institucije i pojedinci u razvoju modernog dru\u0161tva i dr\u017eave (HEIP, voditelj: dr.sc. Marino Manin, istra\u017eiva\u010dka podtema<em>: Hrvati i slavenski svijet: kulturno \u2013 povijesne veze i transferi uzajamnosti<\/em>).<\/li><\/ul>\t\t\t\t\t\t\t\t<\/div>\n\t\t\t\t<\/div>\n\t\t\t\t<div class=\"elementor-element elementor-element-d5102f9 elementor-widget elementor-widget-text-editor\" data-id=\"d5102f9\" data-element_type=\"widget\" data-widget_type=\"text-editor.default\">\n\t\t\t\t<div class=\"elementor-widget-container\">\n\t\t\t\t\t\t\t\t\t<h5 class=\"inline-h5\">PUBLIKACIJE<\/h5><p>(potpuna bibliografija radova dostupna na: <a href=\"https:\/\/www.croris.hr\/crosbi\/searchByContext\/2\/1574\" target=\"_blank\" rel=\"noopener\">CroRIS<\/a>)<\/p><ul><li>Zlodi, <em>Bosna i Hercegovina u uspomenama Leona Bili\u0144skog<\/em>, Institut za istoriju, Sarajevo, 2004.<\/li><li>Zlodi, <em>Put kojim su stolje\u0107ima prolazili \u2013 Aleksander A. Sapieha 1773. \u2013 1812<\/em>., Zagreb, 2008.<\/li><li>Zlodi\/B. Graljuk, <em>Rusalka Dnjistrova \u2013 Prva knjiga na ukrajinskom jeziku u Hrvatskoj, <\/em>Zagreb, 2011.<\/li><\/ul><ul><li>Zlodi, <em>Od Roda do Imena. Prilog povijesti hrvatsko \u2013 ukrajinskih veza<\/em>, Zagreb, 2012.<\/li><li>Zlodi\/T. J. Lis, <em>Bosna u sje\u0107anjima Teodore Krajewske z Kosmowskych (1854. \u2013 1935.), <\/em>Zagreb, 2015.<\/li><li>Zlodi, <em>Hrvati i slavenski svijet u 18. stolje\u0107u<\/em> (Slavenski svijet), u: U potrazi za mirom i blagostanjem \u2013 hrvatske zemlje u 18. stolje\u0107u, knj. V, (ured. Lovorka \u010corali\u0107), Matica Hrvatska, Zagreb, 2013., str. 491 \u2013 505.<\/li><\/ul><p>Z.Zlodi, <em>Hrvati i slavenski svijet u 19. stolje\u0107u<\/em>, u: Temelji moderne Hrvatske \u2013 hrvatske zemlje u \u2018\u2019dugom\u2019\u2019 19. stolje\u0107u, knj. VI, (urednice: Vlasta \u0160voger; Jasna Turkalj), Matica Hrvatska, Zagreb, 2016., str. 655 \u2013 691.<\/p>\t\t\t\t\t\t\t\t<\/div>\n\t\t\t\t<\/div>\n\t\t\t\t<\/div>\n\t\t<div class=\"elementor-element elementor-element-dd22859 e-con-full e-flex e-con e-child\" data-id=\"dd22859\" data-element_type=\"container\">\n\t\t<div class=\"elementor-element elementor-element-580f544 e-con-full e-flex e-con e-child\" data-id=\"580f544\" data-element_type=\"container\">\n\t\t\t\t<div class=\"elementor-element elementor-element-d5f3449 elementor-widget elementor-widget-search\" data-id=\"d5f3449\" data-element_type=\"widget\" data-settings=\"{&quot;submit_trigger&quot;:&quot;click_submit&quot;,&quot;pagination_type_options&quot;:&quot;none&quot;}\" data-widget_type=\"search.default\">\n\t\t\t\t<div class=\"elementor-widget-container\">\n\t\t\t\t\t\t\t<search class=\"e-search hidden\" role=\"search\">\n\t\t\t<form class=\"e-search-form\" action=\"https:\/\/www.hipzg.hr\/en\/\" method=\"get\">\n\n\t\t\t\t\n\t\t\t\t<label class=\"e-search-label\" for=\"search-d5f3449\">\n\t\t\t\t\t<span class=\"elementor-screen-only\">\n\t\t\t\t\t\tSearch\t\t\t\t\t<\/span>\n\t\t\t\t\t\t\t\t\t<\/label>\n\n\t\t\t\t<div class=\"e-search-input-wrapper\">\n\t\t\t\t\t<input id=\"search-d5f3449\" placeholder=\"Search...\" class=\"e-search-input\" type=\"search\" name=\"s\" value=\"\" autocomplete=\"off\" role=\"combobox\" aria-autocomplete=\"list\" aria-expanded=\"false\" aria-controls=\"results-d5f3449\" aria-haspopup=\"listbox\">\n\t\t\t\t\t<svg aria-hidden=\"true\" class=\"e-font-icon-svg e-fas-times\" viewBox=\"0 0 352 512\" xmlns=\"http:\/\/www.w3.org\/2000\/svg\"><path d=\"M242.72 256l100.07-100.07c12.28-12.28 12.28-32.19 0-44.48l-22.24-22.24c-12.28-12.28-32.19-12.28-44.48 0L176 189.28 75.93 89.21c-12.28-12.28-32.19-12.28-44.48 0L9.21 111.45c-12.28 12.28-12.28 32.19 0 44.48L109.28 256 9.21 356.07c-12.28 12.28-12.28 32.19 0 44.48l22.24 22.24c12.28 12.28 32.2 12.28 44.48 0L176 322.72l100.07 100.07c12.28 12.28 32.2 12.28 44.48 0l22.24-22.24c12.28-12.28 12.28-32.19 0-44.48L242.72 256z\"><\/path><\/svg>\t\t\t\t\t\t\t\t\t\t<output id=\"results-d5f3449\" class=\"e-search-results-container hide-loader\" aria-live=\"polite\" aria-atomic=\"true\" aria-label=\"Results for search\" tabindex=\"0\">\n\t\t\t\t\t\t<div class=\"e-search-results\"><\/div>\n\t\t\t\t\t\t\t\t\t\t\t<\/output>\n\t\t\t\t\t\t\t\t\t<\/div>\n\t\t\t\t\n\t\t\t\t\n\t\t\t\t<button class=\"e-search-submit  \" type=\"submit\" aria-label=\"Search\">\n\t\t\t\t\t<i aria-hidden=\"true\" class=\"icon icon-search2\"><\/i>\n\t\t\t\t\t\t\t\t\t<\/button>\n\t\t\t\t<input type=\"hidden\" name=\"e_search_props\" value=\"d5f3449-15524\">\n\t\t\t<\/form>\n\t\t<\/search>\n\t\t\t\t\t\t<\/div>\n\t\t\t\t<\/div>\n\t\t\t\t<\/div>\n\t\t<div class=\"elementor-element elementor-element-e195695 e-con-full e-flex e-con e-child\" data-id=\"e195695\" data-element_type=\"container\">\n\t\t\t\t<div class=\"elementor-element elementor-element-f615dc9 elementor-widget elementor-widget-image\" data-id=\"f615dc9\" data-element_type=\"widget\" data-widget_type=\"image.default\">\n\t\t\t\t<div class=\"elementor-widget-container\">\n\t\t\t\t\t\t\t\t\t\t\t\t\t\t\t<img fetchpriority=\"high\" decoding=\"async\" width=\"800\" height=\"874\" src=\"https:\/\/www.hipzg.hr\/wp-content\/uploads\/2024\/12\/Zdravka_Zlodi-937x1024.jpg\" class=\"attachment-large size-large wp-image-8725\" alt=\"\" srcset=\"https:\/\/www.hipzg.hr\/wp-content\/uploads\/2024\/12\/Zdravka_Zlodi-937x1024.jpg 937w, https:\/\/www.hipzg.hr\/wp-content\/uploads\/2024\/12\/Zdravka_Zlodi-600x656.jpg 600w, https:\/\/www.hipzg.hr\/wp-content\/uploads\/2024\/12\/Zdravka_Zlodi-274x300.jpg 274w, https:\/\/www.hipzg.hr\/wp-content\/uploads\/2024\/12\/Zdravka_Zlodi-768x840.jpg 768w, https:\/\/www.hipzg.hr\/wp-content\/uploads\/2024\/12\/Zdravka_Zlodi-1405x1536.jpg 1405w, https:\/\/www.hipzg.hr\/wp-content\/uploads\/2024\/12\/Zdravka_Zlodi.jpg 1873w\" sizes=\"(max-width: 800px) 100vw, 800px\" \/>\t\t\t\t\t\t\t\t\t\t\t\t\t\t\t<\/div>\n\t\t\t\t<\/div>\n\t\t\t\t<div class=\"elementor-element elementor-element-ea35e91 elementor-widget elementor-widget-heading\" data-id=\"ea35e91\" data-element_type=\"widget\" data-widget_type=\"heading.default\">\n\t\t\t\t<div class=\"elementor-widget-container\">\n\t\t\t\t\t<h6 class=\"elementor-heading-title elementor-size-default\">dr. sc. Zdravka Zlodi<\/h6>\t\t\t\t<\/div>\n\t\t\t\t<\/div>\n\t\t\t\t<div class=\"elementor-element elementor-element-f349ebf elementor-widget elementor-widget-text-editor\" data-id=\"f349ebf\" data-element_type=\"widget\" data-widget_type=\"text-editor.default\">\n\t\t\t\t<div class=\"elementor-widget-container\">\n\t\t\t\t\t\t\t\t\t<p>vi\u0161i znanstveni suradnik<br \/>Znanstveni odjel za modernu povijest<\/p>\t\t\t\t\t\t\t\t<\/div>\n\t\t\t\t<\/div>\n\t\t\t\t<div class=\"elementor-element elementor-element-96a515c elementor-icon-list--layout-traditional elementor-list-item-link-full_width elementor-widget elementor-widget-icon-list\" data-id=\"96a515c\" data-element_type=\"widget\" data-widget_type=\"icon-list.default\">\n\t\t\t\t<div class=\"elementor-widget-container\">\n\t\t\t\t\t\t\t<ul class=\"elementor-icon-list-items\">\n\t\t\t\t\t\t\t<li class=\"elementor-icon-list-item\">\n\t\t\t\t\t\t\t\t\t\t\t<span class=\"elementor-icon-list-icon\">\n\t\t\t\t\t\t\t<i aria-hidden=\"true\" class=\"icon icon-map-marker\"><\/i>\t\t\t\t\t\t<\/span>\n\t\t\t\t\t\t\t\t\t\t<span class=\"elementor-icon-list-text\">Opati\u010dka 10, 10000 Zagreb<\/span>\n\t\t\t\t\t\t\t\t\t<\/li>\n\t\t\t\t\t\t\t\t<li class=\"elementor-icon-list-item\">\n\t\t\t\t\t\t\t\t\t\t\t<span class=\"elementor-icon-list-icon\">\n\t\t\t\t\t\t\t<i aria-hidden=\"true\" class=\"icon icon-phone-handset\"><\/i>\t\t\t\t\t\t<\/span>\n\t\t\t\t\t\t\t\t\t\t<span class=\"elementor-icon-list-text\">+385 1 4851 721<\/span>\n\t\t\t\t\t\t\t\t\t<\/li>\n\t\t\t\t\t\t\t\t<li class=\"elementor-icon-list-item\">\n\t\t\t\t\t\t\t\t\t\t\t<span class=\"elementor-icon-list-icon\">\n\t\t\t\t\t\t\t<i aria-hidden=\"true\" class=\"icon icon-email\"><\/i>\t\t\t\t\t\t<\/span>\n\t\t\t\t\t\t\t\t\t\t<span class=\"elementor-icon-list-text\">zdravkazlodi@gmail.com<\/span>\n\t\t\t\t\t\t\t\t\t<\/li>\n\t\t\t\t\t\t\t\t<li class=\"elementor-icon-list-item\">\n\t\t\t\t\t\t\t\t\t\t<span class=\"elementor-icon-list-text\"><span class=\"label\">MBZ:<\/span> 253365<\/span>\n\t\t\t\t\t\t\t\t\t<\/li>\n\t\t\t\t\t\t\t\t<li class=\"elementor-icon-list-item\">\n\t\t\t\t\t\t\t\t\t\t<span class=\"elementor-icon-list-text\"><span class=\"label\">CroRIS ID:<\/span> 1574<\/span>\n\t\t\t\t\t\t\t\t\t<\/li>\n\t\t\t\t\t\t<\/ul>\n\t\t\t\t\t\t<\/div>\n\t\t\t\t<\/div>\n\t\t\t\t<div class=\"elementor-element elementor-element-dabec99 elementor-icon-list--layout-traditional elementor-list-item-link-full_width elementor-widget elementor-widget-icon-list\" data-id=\"dabec99\" data-element_type=\"widget\" data-widget_type=\"icon-list.default\">\n\t\t\t\t<div class=\"elementor-widget-container\">\n\t\t\t\t\t\t\t<ul class=\"elementor-icon-list-items\">\n\t\t\t\t\t\t\t<li class=\"elementor-icon-list-item\">\n\t\t\t\t\t\t\t\t\t\t\t<a href=\"https:\/\/orcid.org\/0009-0006-8896-936X\" target=\"_blank\">\n\n\t\t\t\t\t\t\t\t\t\t\t<span class=\"elementor-icon-list-text\"><span class=\"label\">ORCID:<\/span> 0009-0006-8896-936X<\/span>\n\t\t\t\t\t\t\t\t\t\t\t<\/a>\n\t\t\t\t\t\t\t\t\t<\/li>\n\t\t\t\t\t\t<\/ul>\n\t\t\t\t\t\t<\/div>\n\t\t\t\t<\/div>\n\t\t\t\t<\/div>\n\t\t\t\t<\/div>\n\t\t\t\t\t<\/div>\n\t\t\t\t<\/div>\n\t\t\t\t<\/div>\n\t\t","protected":false},"excerpt":{"rendered":"<p>Zdravka Zlodi ISTRA\u017dIVA\u010cKI INTERESI I RADNO ISKUSTVO Istra\u017eiva\u010dki interesi: \u00a0Podru\u010dje znanstvenog interesa i rada sustavno je vezano za povijest Srednje i Jugoisto\u010dne Europe, s naglaskom na hrvatsko \u2013 slavenske veze (izvori, slavenska mitologija, kulturna psihologija i tradicijska kultura, slavenska ideja i uzajamnost slavenskih naroda, lingvistika). U sklopu svih projekata bavila se i bavi se istra\u017eivanjem [&hellip;]<\/p>\n","protected":false},"author":6,"featured_media":0,"parent":0,"menu_order":0,"comment_status":"closed","ping_status":"closed","template":"elementor_header_footer","meta":{"iawp_total_views":31,"footnotes":""},"class_list":["post-15524","page","type-page","status-publish","hentry"],"_links":{"self":[{"href":"https:\/\/www.hipzg.hr\/en\/wp-json\/wp\/v2\/pages\/15524","targetHints":{"allow":["GET"]}}],"collection":[{"href":"https:\/\/www.hipzg.hr\/en\/wp-json\/wp\/v2\/pages"}],"about":[{"href":"https:\/\/www.hipzg.hr\/en\/wp-json\/wp\/v2\/types\/page"}],"author":[{"embeddable":true,"href":"https:\/\/www.hipzg.hr\/en\/wp-json\/wp\/v2\/users\/6"}],"replies":[{"embeddable":true,"href":"https:\/\/www.hipzg.hr\/en\/wp-json\/wp\/v2\/comments?post=15524"}],"version-history":[{"count":22,"href":"https:\/\/www.hipzg.hr\/en\/wp-json\/wp\/v2\/pages\/15524\/revisions"}],"predecessor-version":[{"id":15565,"href":"https:\/\/www.hipzg.hr\/en\/wp-json\/wp\/v2\/pages\/15524\/revisions\/15565"}],"wp:attachment":[{"href":"https:\/\/www.hipzg.hr\/en\/wp-json\/wp\/v2\/media?parent=15524"}],"curies":[{"name":"wp","href":"https:\/\/api.w.org\/{rel}","templated":true}]}}