{"id":15461,"date":"2026-04-20T12:21:10","date_gmt":"2026-04-20T10:21:10","guid":{"rendered":"https:\/\/www.hipzg.hr\/?page_id=15461"},"modified":"2026-04-20T12:29:16","modified_gmt":"2026-04-20T10:29:16","slug":"ante-becir","status":"publish","type":"page","link":"https:\/\/www.hipzg.hr\/en\/ante-becir\/","title":{"rendered":"Ante Be\u0107ir"},"content":{"rendered":"\t\t<div data-elementor-type=\"wp-page\" data-elementor-id=\"15461\" class=\"elementor elementor-15461\" data-elementor-post-type=\"page\">\n\t\t\t\t<div class=\"elementor-element elementor-element-4adf38b e-flex e-con-boxed e-con e-parent\" data-id=\"4adf38b\" data-element_type=\"container\">\n\t\t\t\t\t<div class=\"e-con-inner\">\n\t\t<div class=\"elementor-element elementor-element-60789e3 e-con-full e-flex e-con e-child\" data-id=\"60789e3\" data-element_type=\"container\">\n\t\t\t\t<div class=\"elementor-element elementor-element-cdbc1eb elementor-widget elementor-widget-heading\" data-id=\"cdbc1eb\" data-element_type=\"widget\" data-widget_type=\"heading.default\">\n\t\t\t\t<div class=\"elementor-widget-container\">\n\t\t\t\t\t<h2 class=\"elementor-heading-title elementor-size-default\">Ante Be\u0107ir<\/h2>\t\t\t\t<\/div>\n\t\t\t\t<\/div>\n\t\t\t\t<div class=\"elementor-element elementor-element-540c1c3 elementor-widget elementor-widget-spacer\" data-id=\"540c1c3\" data-element_type=\"widget\" data-widget_type=\"spacer.default\">\n\t\t\t\t<div class=\"elementor-widget-container\">\n\t\t\t\t\t\t\t<div class=\"elementor-spacer\">\n\t\t\t<div class=\"elementor-spacer-inner\"><\/div>\n\t\t<\/div>\n\t\t\t\t\t\t<\/div>\n\t\t\t\t<\/div>\n\t\t\t\t<div class=\"elementor-element elementor-element-d2be703 elementor-widget elementor-widget-heading\" data-id=\"d2be703\" data-element_type=\"widget\" data-widget_type=\"heading.default\">\n\t\t\t\t<div class=\"elementor-widget-container\">\n\t\t\t\t\t<h5 class=\"elementor-heading-title elementor-size-default\">ISTRA\u017dIVA\u010cKI INTERESI I RADNO ISKUSTVO<\/h5>\t\t\t\t<\/div>\n\t\t\t\t<\/div>\n\t\t\t\t<div class=\"elementor-element elementor-element-6aabc1c elementor-widget elementor-widget-text-editor\" data-id=\"6aabc1c\" data-element_type=\"widget\" data-widget_type=\"text-editor.default\">\n\t\t\t\t<div class=\"elementor-widget-container\">\n\t\t\t\t\t\t\t\t\t<p>Dr. sc. Ante Be\u0107ir (1995.) radi kao vi\u0161i asistent na Odjelu za srednjovjekovnu povijest od lipnja 2023. godine. U svom znanstvenom radu bavi se povije\u0161\u0107u kasnosrednjovjekovnih dalmatinskih gradova s naglaskom na politi\u010dke procese i dru\u0161tvene sukobe, kao i na objavljivanje srednjovjekovne arhivske gra\u0111e dalmatinskih gradova. Objavio je preko 16 radova u znanstvenim i stru\u010dnim \u010dasopisima ili u zbornicima radova, s vi\u0161e njih u postupku objave, odnosno sudjelovao je na preko 16 me\u0111unarodnih konferencija u Hrvatskoj i inozemstvu. Objavio je dvije knjige izvora u suautorstvu. Dobio je 2025. godinu nagradu \u201eTadija Smi\u010diklas\u201c za objavljivanje povijesnoga gradova. Izme\u0111u rujna 2024. i rujna 2025. godine boravio je na Sveu\u010dili\u0161tu u Bologni u sklopu programa odlazne mobilnosti za vi\u0161e asistente Hrvatske zaklade za znanost.<\/p>\t\t\t\t\t\t\t\t<\/div>\n\t\t\t\t<\/div>\n\t\t\t\t<div class=\"elementor-element elementor-element-804a7c2 elementor-widget elementor-widget-heading\" data-id=\"804a7c2\" data-element_type=\"widget\" data-widget_type=\"heading.default\">\n\t\t\t\t<div class=\"elementor-widget-container\">\n\t\t\t\t\t<h5 class=\"elementor-heading-title elementor-size-default\">OBRAZOVANJE<\/h5>\t\t\t\t<\/div>\n\t\t\t\t<\/div>\n\t\t\t\t<div class=\"elementor-element elementor-element-137a345 elementor-widget elementor-widget-text-editor\" data-id=\"137a345\" data-element_type=\"widget\" data-widget_type=\"text-editor.default\">\n\t\t\t\t<div class=\"elementor-widget-container\">\n\t\t\t\t\t\t\t\t\t<ul><li>Doktorat znanosti, Poslijediplomski studij povijesti, Hrvatsko katoli\u010dko sveu\u010dili\u0161te, 2022.<\/li><li>Diplomirani povjesni\u010dar, Fakultet hrvatskih studija, 2019.<\/li><\/ul>\t\t\t\t\t\t\t\t<\/div>\n\t\t\t\t<\/div>\n\t\t\t\t<div class=\"elementor-element elementor-element-946d4d8 elementor-widget elementor-widget-heading\" data-id=\"946d4d8\" data-element_type=\"widget\" data-widget_type=\"heading.default\">\n\t\t\t\t<div class=\"elementor-widget-container\">\n\t\t\t\t\t<h5 class=\"elementor-heading-title elementor-size-default\">PROJEKTI<\/h5>\t\t\t\t<\/div>\n\t\t\t\t<\/div>\n\t\t\t\t<div class=\"elementor-element elementor-element-05bdef4 elementor-widget elementor-widget-text-editor\" data-id=\"05bdef4\" data-element_type=\"widget\" data-widget_type=\"text-editor.default\">\n\t\t\t\t<div class=\"elementor-widget-container\">\n\t\t\t\t\t\t\t\t\t<ul><li><em>Zajednice, komunikacije i dru\u0161tvene mre\u017ee u hrvatskom srednjovjekovlju i ranomodernom dobu <\/em>(COMNET), Hrvatski institut za povijest, suradnik (2024. \u2013 2027.), financiranje: NextGenerationEU.<\/li><li><em>Kultura vladanja u komparativnom kontekstu: kasnosrednjovjekovni dalmatinski gradovi i talijanske komune<\/em>, program odlazne mobilnosti vi\u0161ih asistenata Hrvatske zaklade za znanost proveden pri Sveu\u010dili\u0161tu u Bologni, voditelj (2024. \u2013 2025.), financiranje: NextGenerationEU.<\/li><li><strong>\u00a0<\/strong><em>Topografija vlasti: isto\u010dnojadranski gradovi u srednjovjekovnim prostorima vlasti<\/em> (TOPOS), Hrvatski institut za povijest, suradnik (2023. \u2013 2025.), financiranje: Hrvatska zaklada za znanost.<\/li><\/ul>\t\t\t\t\t\t\t\t<\/div>\n\t\t\t\t<\/div>\n\t\t\t\t<div class=\"elementor-element elementor-element-3a7ec6a elementor-widget elementor-widget-heading\" data-id=\"3a7ec6a\" data-element_type=\"widget\" data-widget_type=\"heading.default\">\n\t\t\t\t<div class=\"elementor-widget-container\">\n\t\t\t\t\t<h5 class=\"elementor-heading-title elementor-size-default\">NAGRADE<\/h5>\t\t\t\t<\/div>\n\t\t\t\t<\/div>\n\t\t\t\t<div class=\"elementor-element elementor-element-f4a98ea elementor-widget elementor-widget-text-editor\" data-id=\"f4a98ea\" data-element_type=\"widget\" data-widget_type=\"text-editor.default\">\n\t\t\t\t<div class=\"elementor-widget-container\">\n\t\t\t\t\t\t\t\t\t<ul><li>Nagrada \u201cTadija Smi\u010diklas\u201d za objavljivanje arhivske gra\u0111e za knjigu <em>Introitus et exitus communium mediaevalium Adriatici orientialis. Vol. I. Spalatum et Tragurium \/ Spisi prihoda i rashoda srednjovjekovnih isto\u010dnojadranskih gradova. Svezak I. Split i Trogir<\/em>, zajedno s prof dr. sc. Ivanom Majnari\u0107em.<\/li><\/ul>\t\t\t\t\t\t\t\t<\/div>\n\t\t\t\t<\/div>\n\t\t\t\t<div class=\"elementor-element elementor-element-77ef280 elementor-widget elementor-widget-text-editor\" data-id=\"77ef280\" data-element_type=\"widget\" data-widget_type=\"text-editor.default\">\n\t\t\t\t<div class=\"elementor-widget-container\">\n\t\t\t\t\t\t\t\t\t<h5 class=\"inline-h5\">PUBLIKACIJE<\/h5><p>(potpuna bibliografija radova dostupna na: <a href=\"https:\/\/www.croris.hr\/osobe\/profil\/45912\" target=\"_blank\" rel=\"noopener\">CroRIS<\/a>)<\/p><p><strong>Knjige:<\/strong><\/p><ul><li><em>Introitus et exitus communium mediaevalium Adriatici orientialis. Vol. I. Spalatum et Tragurium \/ Spisi prihoda i rashoda srednjovjekovnih isto\u010dnojadranskih gradova. Svezak I. Split i Trogir<\/em>, Zagreb-Zadar, Hrvatski institut za povijest, Dr\u017eavni arhiv u Zadru, 2024. (suautor: prof. dr. sc. Ivan Majnari\u0107)<\/li><li><em>Acta et reformationes consiliorum ciuitatis Tragurii (XIII-XV saec.)<\/em> \/ <em>Zapisnici i odluke vije\u0107a grada Trogira (13. \u2013 15. stolje\u0107e)<\/em>, Zagreb, Hrvatski institut za povijest, 2022. (suautor: izv. prof. dr. sc. Tomislav Popi\u0107)<\/li><\/ul>\t\t\t\t\t\t\t\t<\/div>\n\t\t\t\t<\/div>\n\t\t\t\t<div class=\"elementor-element elementor-element-4fdef7e elementor-widget elementor-widget-text-editor\" data-id=\"4fdef7e\" data-element_type=\"widget\" data-widget_type=\"text-editor.default\">\n\t\t\t\t<div class=\"elementor-widget-container\">\n\t\t\t\t\t\t\t\t\t<p><strong>\u010clanci:<\/strong><\/p><ul><li>\u201eGoverning Through Exclusion. Examples of Political Exile in Late Medieval Dalmatian Towns\u201c, <em>Archivio Storico Italiano<\/em>, sv. CLXXXIII, br. 686 (2025.), 693-725.<\/li><li>\u201eTracing Factions and Power Struggles in Late Medieval Trogir\u201c, <em>Zgodovinski \u010dasopis<\/em>, sv. 79, br. 1-2 (2025.), 28-57.<\/li><li>\u201e<em>Exploratores<\/em>, <em>Spie<\/em> and <em>Cursores<\/em> in Late Medieval Dalmatian Towns\u201c, <em>Mediterranea. <\/em><em>Ricerche storiche<\/em>, sv. 22, br. 63 (2025.), 8-29.<\/li><li>\u201eUspostava mleta\u010dke vlasti u Trogiru 1420. godine \u2013 izme\u0111u &#8216;lokalne&#8217; dinamike i &#8216;globalnih&#8217; procesa\u201c, u: <em>Pod sjenom krila. Trogirska komuna za vrijeme venecijanske uprave 1420. \u2013 1797.<\/em>, ur. Lujana Paraman, Irena Benyovsky Latin, Fani Celio Cega, Zagreb-Trogir, Hrvatski institut za povijest i Muzej grada Trogira, 2024., 1-41.<\/li><li>\u201eZakupi da\u0107a trogirske komune u prvoj polovici 15. stolje\u0107a \u2013 vrelo za gospodarsku povijest i dru\u0161tvene odnose\u201c, <em>Vjesnik dalmatinskih arhiva<\/em>, sv. 5, br. 1 (2024.), 167-187.<\/li><li>\u201ePolitical Conflict and Violence in Late Medieval Dalmatian Towns\u201c, <em>Historijski zbornik<\/em>, sv. 77, br. 2 (2024.), 15-42.<\/li><\/ul>\t\t\t\t\t\t\t\t<\/div>\n\t\t\t\t<\/div>\n\t\t\t\t<\/div>\n\t\t<div class=\"elementor-element elementor-element-dd22859 e-con-full e-flex e-con e-child\" data-id=\"dd22859\" data-element_type=\"container\">\n\t\t<div class=\"elementor-element elementor-element-580f544 e-con-full e-flex e-con e-child\" data-id=\"580f544\" data-element_type=\"container\">\n\t\t\t\t<div class=\"elementor-element elementor-element-d5f3449 elementor-widget elementor-widget-search\" data-id=\"d5f3449\" data-element_type=\"widget\" data-settings=\"{&quot;submit_trigger&quot;:&quot;click_submit&quot;,&quot;pagination_type_options&quot;:&quot;none&quot;}\" data-widget_type=\"search.default\">\n\t\t\t\t<div class=\"elementor-widget-container\">\n\t\t\t\t\t\t\t<search class=\"e-search hidden\" role=\"search\">\n\t\t\t<form class=\"e-search-form\" action=\"https:\/\/www.hipzg.hr\/en\/\" method=\"get\">\n\n\t\t\t\t\n\t\t\t\t<label class=\"e-search-label\" for=\"search-d5f3449\">\n\t\t\t\t\t<span class=\"elementor-screen-only\">\n\t\t\t\t\t\tSearch\t\t\t\t\t<\/span>\n\t\t\t\t\t\t\t\t\t<\/label>\n\n\t\t\t\t<div class=\"e-search-input-wrapper\">\n\t\t\t\t\t<input id=\"search-d5f3449\" placeholder=\"Search...\" class=\"e-search-input\" type=\"search\" name=\"s\" value=\"\" autocomplete=\"off\" role=\"combobox\" aria-autocomplete=\"list\" aria-expanded=\"false\" aria-controls=\"results-d5f3449\" aria-haspopup=\"listbox\">\n\t\t\t\t\t<svg aria-hidden=\"true\" class=\"e-font-icon-svg e-fas-times\" viewBox=\"0 0 352 512\" xmlns=\"http:\/\/www.w3.org\/2000\/svg\"><path d=\"M242.72 256l100.07-100.07c12.28-12.28 12.28-32.19 0-44.48l-22.24-22.24c-12.28-12.28-32.19-12.28-44.48 0L176 189.28 75.93 89.21c-12.28-12.28-32.19-12.28-44.48 0L9.21 111.45c-12.28 12.28-12.28 32.19 0 44.48L109.28 256 9.21 356.07c-12.28 12.28-12.28 32.19 0 44.48l22.24 22.24c12.28 12.28 32.2 12.28 44.48 0L176 322.72l100.07 100.07c12.28 12.28 32.2 12.28 44.48 0l22.24-22.24c12.28-12.28 12.28-32.19 0-44.48L242.72 256z\"><\/path><\/svg>\t\t\t\t\t\t\t\t\t\t<output id=\"results-d5f3449\" class=\"e-search-results-container hide-loader\" aria-live=\"polite\" aria-atomic=\"true\" aria-label=\"Results for search\" tabindex=\"0\">\n\t\t\t\t\t\t<div class=\"e-search-results\"><\/div>\n\t\t\t\t\t\t\t\t\t\t\t<\/output>\n\t\t\t\t\t\t\t\t\t<\/div>\n\t\t\t\t\n\t\t\t\t\n\t\t\t\t<button class=\"e-search-submit  \" type=\"submit\" aria-label=\"Search\">\n\t\t\t\t\t<i aria-hidden=\"true\" class=\"icon icon-search2\"><\/i>\n\t\t\t\t\t\t\t\t\t<\/button>\n\t\t\t\t<input type=\"hidden\" name=\"e_search_props\" value=\"d5f3449-15461\">\n\t\t\t<\/form>\n\t\t<\/search>\n\t\t\t\t\t\t<\/div>\n\t\t\t\t<\/div>\n\t\t\t\t<\/div>\n\t\t<div class=\"elementor-element elementor-element-e195695 e-con-full e-flex e-con e-child\" data-id=\"e195695\" data-element_type=\"container\">\n\t\t\t\t<div class=\"elementor-element elementor-element-f615dc9 elementor-widget elementor-widget-image\" data-id=\"f615dc9\" data-element_type=\"widget\" data-widget_type=\"image.default\">\n\t\t\t\t<div class=\"elementor-widget-container\">\n\t\t\t\t\t\t\t\t\t\t\t\t\t\t\t<img decoding=\"async\" width=\"206\" height=\"224\" src=\"https:\/\/www.hipzg.hr\/wp-content\/uploads\/2024\/11\/Ante_Becir-e1732697778816.png\" class=\"attachment-large size-large wp-image-7590\" alt=\"\" \/>\t\t\t\t\t\t\t\t\t\t\t\t\t\t\t<\/div>\n\t\t\t\t<\/div>\n\t\t\t\t<div class=\"elementor-element elementor-element-ea35e91 elementor-widget elementor-widget-heading\" data-id=\"ea35e91\" data-element_type=\"widget\" data-widget_type=\"heading.default\">\n\t\t\t\t<div class=\"elementor-widget-container\">\n\t\t\t\t\t<h6 class=\"elementor-heading-title elementor-size-default\">dr. sc. Ante Be\u0107ir<\/h6>\t\t\t\t<\/div>\n\t\t\t\t<\/div>\n\t\t\t\t<div class=\"elementor-element elementor-element-f349ebf elementor-widget elementor-widget-text-editor\" data-id=\"f349ebf\" data-element_type=\"widget\" data-widget_type=\"text-editor.default\">\n\t\t\t\t<div class=\"elementor-widget-container\">\n\t\t\t\t\t\t\t\t\t<p>vi\u0161i asistent<br \/>Znanstveni odjel za srednjovjekovnu povijest<\/p>\t\t\t\t\t\t\t\t<\/div>\n\t\t\t\t<\/div>\n\t\t\t\t<div class=\"elementor-element elementor-element-96a515c elementor-icon-list--layout-traditional elementor-list-item-link-full_width elementor-widget elementor-widget-icon-list\" data-id=\"96a515c\" data-element_type=\"widget\" data-widget_type=\"icon-list.default\">\n\t\t\t\t<div class=\"elementor-widget-container\">\n\t\t\t\t\t\t\t<ul class=\"elementor-icon-list-items\">\n\t\t\t\t\t\t\t<li class=\"elementor-icon-list-item\">\n\t\t\t\t\t\t\t\t\t\t\t<span class=\"elementor-icon-list-icon\">\n\t\t\t\t\t\t\t<i aria-hidden=\"true\" class=\"icon icon-map-marker\"><\/i>\t\t\t\t\t\t<\/span>\n\t\t\t\t\t\t\t\t\t\t<span class=\"elementor-icon-list-text\">Opati\u010dka 10, 10000 Zagreb<\/span>\n\t\t\t\t\t\t\t\t\t<\/li>\n\t\t\t\t\t\t\t\t<li class=\"elementor-icon-list-item\">\n\t\t\t\t\t\t\t\t\t\t\t<span class=\"elementor-icon-list-icon\">\n\t\t\t\t\t\t\t<i aria-hidden=\"true\" class=\"icon icon-phone-handset\"><\/i>\t\t\t\t\t\t<\/span>\n\t\t\t\t\t\t\t\t\t\t<span class=\"elementor-icon-list-text\">+385 1 4851 721<\/span>\n\t\t\t\t\t\t\t\t\t<\/li>\n\t\t\t\t\t\t\t\t<li class=\"elementor-icon-list-item\">\n\t\t\t\t\t\t\t\t\t\t\t<span class=\"elementor-icon-list-icon\">\n\t\t\t\t\t\t\t<i aria-hidden=\"true\" class=\"icon icon-email\"><\/i>\t\t\t\t\t\t<\/span>\n\t\t\t\t\t\t\t\t\t\t<span class=\"elementor-icon-list-text\">ante.becir@gmail.com<\/span>\n\t\t\t\t\t\t\t\t\t<\/li>\n\t\t\t\t\t\t\t\t<li class=\"elementor-icon-list-item\">\n\t\t\t\t\t\t\t\t\t\t\t<span class=\"elementor-icon-list-icon\">\n\t\t\t\t\t\t\t<i aria-hidden=\"true\" class=\"icon icon-email\"><\/i>\t\t\t\t\t\t<\/span>\n\t\t\t\t\t\t\t\t\t\t<span class=\"elementor-icon-list-text\">abecir@isp.hr<\/span>\n\t\t\t\t\t\t\t\t\t<\/li>\n\t\t\t\t\t\t\t\t<li class=\"elementor-icon-list-item\">\n\t\t\t\t\t\t\t\t\t\t<span class=\"elementor-icon-list-text\"><span class=\"label\">MBZ:<\/span> 405693<\/span>\n\t\t\t\t\t\t\t\t\t<\/li>\n\t\t\t\t\t\t\t\t<li class=\"elementor-icon-list-item\">\n\t\t\t\t\t\t\t\t\t\t<span class=\"elementor-icon-list-text\"><span class=\"label\">CroRIS ID:<\/span> 45912<\/span>\n\t\t\t\t\t\t\t\t\t<\/li>\n\t\t\t\t\t\t<\/ul>\n\t\t\t\t\t\t<\/div>\n\t\t\t\t<\/div>\n\t\t\t\t<div class=\"elementor-element elementor-element-dabec99 elementor-icon-list--layout-traditional elementor-list-item-link-full_width elementor-widget elementor-widget-icon-list\" data-id=\"dabec99\" data-element_type=\"widget\" data-widget_type=\"icon-list.default\">\n\t\t\t\t<div class=\"elementor-widget-container\">\n\t\t\t\t\t\t\t<ul class=\"elementor-icon-list-items\">\n\t\t\t\t\t\t\t<li class=\"elementor-icon-list-item\">\n\t\t\t\t\t\t\t\t\t\t\t<a href=\"https:\/\/orcid.org\/0000-0002-2829-1634\" target=\"_blank\">\n\n\t\t\t\t\t\t\t\t\t\t\t<span class=\"elementor-icon-list-text\"><span class=\"label\">ORCID:<\/span> 0000-0002-2829-1634<\/span>\n\t\t\t\t\t\t\t\t\t\t\t<\/a>\n\t\t\t\t\t\t\t\t\t<\/li>\n\t\t\t\t\t\t<\/ul>\n\t\t\t\t\t\t<\/div>\n\t\t\t\t<\/div>\n\t\t\t\t<\/div>\n\t\t\t\t<\/div>\n\t\t\t\t\t<\/div>\n\t\t\t\t<\/div>\n\t\t\t\t<\/div>\n\t\t","protected":false},"excerpt":{"rendered":"<p>Ante Be\u0107ir ISTRA\u017dIVA\u010cKI INTERESI I RADNO ISKUSTVO Dr. sc. Ante Be\u0107ir (1995.) radi kao vi\u0161i asistent na Odjelu za srednjovjekovnu povijest od lipnja 2023. godine. U svom znanstvenom radu bavi se povije\u0161\u0107u kasnosrednjovjekovnih dalmatinskih gradova s naglaskom na politi\u010dke procese i dru\u0161tvene sukobe, kao i na objavljivanje srednjovjekovne arhivske gra\u0111e dalmatinskih gradova. Objavio je preko [&hellip;]<\/p>\n","protected":false},"author":6,"featured_media":0,"parent":0,"menu_order":0,"comment_status":"closed","ping_status":"closed","template":"elementor_header_footer","meta":{"iawp_total_views":7,"footnotes":""},"class_list":["post-15461","page","type-page","status-publish","hentry"],"_links":{"self":[{"href":"https:\/\/www.hipzg.hr\/en\/wp-json\/wp\/v2\/pages\/15461","targetHints":{"allow":["GET"]}}],"collection":[{"href":"https:\/\/www.hipzg.hr\/en\/wp-json\/wp\/v2\/pages"}],"about":[{"href":"https:\/\/www.hipzg.hr\/en\/wp-json\/wp\/v2\/types\/page"}],"author":[{"embeddable":true,"href":"https:\/\/www.hipzg.hr\/en\/wp-json\/wp\/v2\/users\/6"}],"replies":[{"embeddable":true,"href":"https:\/\/www.hipzg.hr\/en\/wp-json\/wp\/v2\/comments?post=15461"}],"version-history":[{"count":11,"href":"https:\/\/www.hipzg.hr\/en\/wp-json\/wp\/v2\/pages\/15461\/revisions"}],"predecessor-version":[{"id":15497,"href":"https:\/\/www.hipzg.hr\/en\/wp-json\/wp\/v2\/pages\/15461\/revisions\/15497"}],"wp:attachment":[{"href":"https:\/\/www.hipzg.hr\/en\/wp-json\/wp\/v2\/media?parent=15461"}],"curies":[{"name":"wp","href":"https:\/\/api.w.org\/{rel}","templated":true}]}}