{"id":15384,"date":"2026-04-08T14:54:20","date_gmt":"2026-04-08T12:54:20","guid":{"rendered":"https:\/\/www.hipzg.hr\/?page_id=15384"},"modified":"2026-04-08T15:05:40","modified_gmt":"2026-04-08T13:05:40","slug":"lidija-bencetic","status":"publish","type":"page","link":"https:\/\/www.hipzg.hr\/en\/lidija-bencetic\/","title":{"rendered":"Lidija Benceti\u0107"},"content":{"rendered":"\t\t<div data-elementor-type=\"wp-page\" data-elementor-id=\"15384\" class=\"elementor elementor-15384\" data-elementor-post-type=\"page\">\n\t\t\t\t<div class=\"elementor-element elementor-element-4adf38b e-flex e-con-boxed e-con e-parent\" data-id=\"4adf38b\" data-element_type=\"container\">\n\t\t\t\t\t<div class=\"e-con-inner\">\n\t\t<div class=\"elementor-element elementor-element-60789e3 e-con-full e-flex e-con e-child\" data-id=\"60789e3\" data-element_type=\"container\">\n\t\t\t\t<div class=\"elementor-element elementor-element-cdbc1eb elementor-widget elementor-widget-heading\" data-id=\"cdbc1eb\" data-element_type=\"widget\" data-widget_type=\"heading.default\">\n\t\t\t\t<div class=\"elementor-widget-container\">\n\t\t\t\t\t<h2 class=\"elementor-heading-title elementor-size-default\">Lidija Benceti\u0107<\/h2>\t\t\t\t<\/div>\n\t\t\t\t<\/div>\n\t\t\t\t<div class=\"elementor-element elementor-element-540c1c3 elementor-widget elementor-widget-spacer\" data-id=\"540c1c3\" data-element_type=\"widget\" data-widget_type=\"spacer.default\">\n\t\t\t\t<div class=\"elementor-widget-container\">\n\t\t\t\t\t\t\t<div class=\"elementor-spacer\">\n\t\t\t<div class=\"elementor-spacer-inner\"><\/div>\n\t\t<\/div>\n\t\t\t\t\t\t<\/div>\n\t\t\t\t<\/div>\n\t\t\t\t<div class=\"elementor-element elementor-element-d2be703 elementor-widget elementor-widget-heading\" data-id=\"d2be703\" data-element_type=\"widget\" data-widget_type=\"heading.default\">\n\t\t\t\t<div class=\"elementor-widget-container\">\n\t\t\t\t\t<h5 class=\"elementor-heading-title elementor-size-default\">ISTRA\u017dIVA\u010cKI INTERESI I RADNO ISKUSTVO<\/h5>\t\t\t\t<\/div>\n\t\t\t\t<\/div>\n\t\t\t\t<div class=\"elementor-element elementor-element-6aabc1c elementor-widget elementor-widget-text-editor\" data-id=\"6aabc1c\" data-element_type=\"widget\" data-widget_type=\"text-editor.default\">\n\t\t\t\t<div class=\"elementor-widget-container\">\n\t\t\t\t\t\t\t\t\t<p>2009. \u2013 trenutno, Hrvatski institut za povijest<\/p><p>Primarno podru\u010dje istra\u017eivanja su hrvatska i jugoslavenska povijest od 1945. do 1990., unutar njih problematika medija, kulture i propagande, te povijest hrvatske emigracije. Recentna istra\u017eivanja posve\u0107ena su povijesti urbanizma i stambene problematike u Zagrebu nakon Drugoga svjetskog rata. <\/p>\t\t\t\t\t\t\t\t<\/div>\n\t\t\t\t<\/div>\n\t\t\t\t<div class=\"elementor-element elementor-element-804a7c2 elementor-widget elementor-widget-heading\" data-id=\"804a7c2\" data-element_type=\"widget\" data-widget_type=\"heading.default\">\n\t\t\t\t<div class=\"elementor-widget-container\">\n\t\t\t\t\t<h5 class=\"elementor-heading-title elementor-size-default\">OBRAZOVANJE<\/h5>\t\t\t\t<\/div>\n\t\t\t\t<\/div>\n\t\t\t\t<div class=\"elementor-element elementor-element-137a345 elementor-widget elementor-widget-text-editor\" data-id=\"137a345\" data-element_type=\"widget\" data-widget_type=\"text-editor.default\">\n\t\t\t\t<div class=\"elementor-widget-container\">\n\t\t\t\t\t\t\t\t\t<ul><li>2009.-2014. Sveu\u010dili\u0161te u Zagrebu, Fakultet hrvatskih studija, doktorski studij povijesti<\/li><li>2003.-2008. Sveu\u010dili\u0161te u Zagrebu, Filozofski fakultet, jednopredmetni studij povijesti<\/li><\/ul>\t\t\t\t\t\t\t\t<\/div>\n\t\t\t\t<\/div>\n\t\t\t\t<div class=\"elementor-element elementor-element-946d4d8 elementor-widget elementor-widget-heading\" data-id=\"946d4d8\" data-element_type=\"widget\" data-widget_type=\"heading.default\">\n\t\t\t\t<div class=\"elementor-widget-container\">\n\t\t\t\t\t<h5 class=\"elementor-heading-title elementor-size-default\">PROJEKTI<\/h5>\t\t\t\t<\/div>\n\t\t\t\t<\/div>\n\t\t\t\t<div class=\"elementor-element elementor-element-05bdef4 elementor-widget elementor-widget-text-editor\" data-id=\"05bdef4\" data-element_type=\"widget\" data-widget_type=\"text-editor.default\">\n\t\t\t\t<div class=\"elementor-widget-container\">\n\t\t\t\t\t\t\t\t\t<ul><li>europski interni kompetitivni znanstveno-istra\u017eiva\u010dki projekt \u201eSamo je promjena stalna\u201c: Razvoj i \u017eivot hrvatskih gradova u 19. i 20. stolje\u0107u (\u017dIVGRAD) (2024.-2027.)<\/li><li>HRZZ projekt Hrvatskoga instituta za povijest: \u201cModernizacija urbanog \u017eivota u Hrvatskoj kroz prizmu razvoja komunalne infrastrukture u 19. i 20. stolje\u0107u (MOZIRA)\u201d (2017. \u2013 2021.)<\/li><li>europski projekt financiran iz programa OBZOR 2020 \u201cCOURAGE \u2013 Cultural Opposition: Understanding the Cultural Heritage of Dissent in the Former Socialist Countries\u201d (2016. \u2013 2019.).<\/li><li>bilateralni slovensko-hrvatski projekt Hrvatskoga instituta za povijest i In\u0161tituta za novej\u0161o zgodovino: \u201cEkonomsko-socijalni aspekti tranzicije u Hrvatskoj i Sloveniji 1985. \u2013 2005.\u201d, (2015. \u2013 2016.)<\/li><li>me\u0111unarodni projekt Instituta za crkvenu povijest Katoli\u010dko-teolo\u0161kog fakulteta Sveu\u010dili\u0161ta u Be\u010du o obrazovanju pripadnika crkvene elite u Srednjoj Europi \u201cObrazovanje crkvene elite u Srednjoj Europi: Sve\u0107eni\u010dki kolegij Sv. Augustina (\u2018Frintaneum\u2019) u Be\u010du kao visoko\u0161kolska ustanova Austrijske Monarhije 1816. \u2013 1918.\u201d (2010. \u2013 2012.).<\/li><li>Z-projekt Hrvatskoga instituta za povijest: \u201cPovijest Istre: sustavi, institucije, dru\u0161tvo i identitet u 19. i 20. stolje\u0107u\u201d (2009.- 2015.)<\/li><\/ul>\t\t\t\t\t\t\t\t<\/div>\n\t\t\t\t<\/div>\n\t\t\t\t<div class=\"elementor-element elementor-element-3a7ec6a elementor-widget elementor-widget-heading\" data-id=\"3a7ec6a\" data-element_type=\"widget\" data-widget_type=\"heading.default\">\n\t\t\t\t<div class=\"elementor-widget-container\">\n\t\t\t\t\t<h5 class=\"elementor-heading-title elementor-size-default\">NAGRADE<\/h5>\t\t\t\t<\/div>\n\t\t\t\t<\/div>\n\t\t\t\t<div class=\"elementor-element elementor-element-f4a98ea elementor-widget elementor-widget-text-editor\" data-id=\"f4a98ea\" data-element_type=\"widget\" data-widget_type=\"text-editor.default\">\n\t\t\t\t<div class=\"elementor-widget-container\">\n\t\t\t\t\t\t\t\t\t<p>Rektorova nagrada u akademskoj godini 2007.\/2008. za znanstveni rad \u02ddRezolucija Informbiro \u2013 percepcija hrvatske javnosti na primjeru regionalnih novina\u02dd<\/p><p>za knjigu <em>Komunizam u slici <\/em>nominirana za Dr\u017eavnu nagradu za znanost za znanstvene novake u 2017. godini<\/p>\t\t\t\t\t\t\t\t<\/div>\n\t\t\t\t<\/div>\n\t\t\t\t<div class=\"elementor-element elementor-element-d5102f9 elementor-widget elementor-widget-text-editor\" data-id=\"d5102f9\" data-element_type=\"widget\" data-widget_type=\"text-editor.default\">\n\t\t\t\t<div class=\"elementor-widget-container\">\n\t\t\t\t\t\t\t\t\t<h5 class=\"inline-h5\">PUBLIKACIJE<\/h5><p>(potpuna bibliografija radova dostupna na: <a href=\"https:\/\/www.croris.hr\/crosbi\/searchByContext\/2\/28990\" target=\"_blank\" rel=\"noopener\">CroRIS<\/a>)<\/p><ul><li>Benceti\u0107, Lidija. \u201eDivlja gradnja\u201c u Zagrebu od 1945. do sredine 60-ih godina dvadesetog stolje\u0107a. U: <em>Moderno, postmoderno, ba\u0161tinjeno. Zbornik radova u \u010dast profesora Zlatka Juri\u0107a<\/em>, ur. \u0160piki\u0107, Marko; \u0106ori\u0107, Franko, Zagreb: FF press Zagreb, 2025. str. 423-437.<\/li><li>Juri\u0107, Zlatko; Benceti\u0107, Lidija. \u201eDirektivna regulatorna osnova Zagreba 1953. \u2013 rasprava unutar Narodnoga odbora grada Zagreba\u201c. <em>\u010casopis za suvremenu povijest<\/em>, 56 (2024), 2; 407-436.<\/li><li>Juri\u0107, Zlatko; Benceti\u0107, Lidija. \u201eDirektivna regulatorna osnova Zagreba 1953. \u2013 javna rasprava\u201c. <em>\u010casopis za suvremenu povijest<\/em>, 55 (2023), 3; 445-467.<\/li><li>Juri\u0107, Zlatko; Benceti\u0107, Lidija. \u201eRegulacioni plan i direktivna regulaciona osnova Zagreba iz 1949.: sadr\u017eaj, kontekst vremena, nastanka i urbanisti\u010dke prakse\u201c. <em>\u010casopis za suvremenu povijest<\/em>, 54 (2022), 3; 723-760.<\/li><li>Benceti\u0107, Lidija; Juri\u0107, Zlatko. \u201eUrbanisti\u010dki program grada Zagreba iz 1965.: nastanak, planirano i realizirano\u201c. <em>\u010casopis za suvremenu povijest<\/em>, 53 (2021), 3; 1209-1246.<\/li><li>Benceti\u0107, Lidija. \u201eZagreba\u010dka stanogradnja u prijedlozima planova i generalnim urbanisti\u010dkim planovima od 1945. do 1990.\u201c <em>\u010casopis za suvremenu povijest<\/em>, 52 (2020), 2; 389-418.<\/li><li>Benceti\u0107, Lidija. \u201eStambena izgradnja u Zagrebu od 1945. do 1960-ih\u201c. U: <em>Moderno lice grada. O urbanizaciji i izgradnji komunalne infrastrukture na podru\u010dju Hrvatske u 19. i 20. stolje\u0107u<\/em>. Benceti\u0107, Lidija; Manin, Marino (ur.). Zagreb: Hrvatski institut za povijest, 2020. str. 195-223.<\/li><li>Benceti\u0107, Lidija. \u201eIndicators of the Housing Stock in Zagreb from 1945 until the late 1960s\u201c. <em>Review of Croatian History<\/em>, 16 (2020), 1; 77-91.<\/li><li><em>Moderno lice grada. O urbanizaciji i izgradnji komunalne infrastrukture na podru\u010dju Hrvatske u 19. i 20. stolje\u0107u<\/em>, ur. Lidija Benceti\u0107 i Marino Manin, Zagreb: Hrvatski institut za povijest, 2019.<\/li><li><em>Komunizam u slici. Dru\u0161tveni i politi\u010dki \u017eivot Jugoslavije u karikaturama Vjesnika i Borbe (1945. \u2013 1962.)<\/em>. Zagreb: Hrvatski institut za povijest, 2017.<\/li><\/ul>\t\t\t\t\t\t\t\t<\/div>\n\t\t\t\t<\/div>\n\t\t\t\t<\/div>\n\t\t<div class=\"elementor-element elementor-element-dd22859 e-con-full e-flex e-con e-child\" data-id=\"dd22859\" data-element_type=\"container\">\n\t\t<div class=\"elementor-element elementor-element-580f544 e-con-full e-flex e-con e-child\" data-id=\"580f544\" data-element_type=\"container\">\n\t\t\t\t<div class=\"elementor-element elementor-element-d5f3449 elementor-widget elementor-widget-search\" data-id=\"d5f3449\" data-element_type=\"widget\" data-settings=\"{&quot;submit_trigger&quot;:&quot;click_submit&quot;,&quot;pagination_type_options&quot;:&quot;none&quot;}\" data-widget_type=\"search.default\">\n\t\t\t\t<div class=\"elementor-widget-container\">\n\t\t\t\t\t\t\t<search class=\"e-search hidden\" role=\"search\">\n\t\t\t<form class=\"e-search-form\" action=\"https:\/\/www.hipzg.hr\/en\/\" method=\"get\">\n\n\t\t\t\t\n\t\t\t\t<label class=\"e-search-label\" for=\"search-d5f3449\">\n\t\t\t\t\t<span class=\"elementor-screen-only\">\n\t\t\t\t\t\tSearch\t\t\t\t\t<\/span>\n\t\t\t\t\t\t\t\t\t<\/label>\n\n\t\t\t\t<div class=\"e-search-input-wrapper\">\n\t\t\t\t\t<input id=\"search-d5f3449\" placeholder=\"Search...\" class=\"e-search-input\" type=\"search\" name=\"s\" value=\"\" autocomplete=\"off\" role=\"combobox\" aria-autocomplete=\"list\" aria-expanded=\"false\" aria-controls=\"results-d5f3449\" aria-haspopup=\"listbox\">\n\t\t\t\t\t<svg aria-hidden=\"true\" class=\"e-font-icon-svg e-fas-times\" viewBox=\"0 0 352 512\" xmlns=\"http:\/\/www.w3.org\/2000\/svg\"><path d=\"M242.72 256l100.07-100.07c12.28-12.28 12.28-32.19 0-44.48l-22.24-22.24c-12.28-12.28-32.19-12.28-44.48 0L176 189.28 75.93 89.21c-12.28-12.28-32.19-12.28-44.48 0L9.21 111.45c-12.28 12.28-12.28 32.19 0 44.48L109.28 256 9.21 356.07c-12.28 12.28-12.28 32.19 0 44.48l22.24 22.24c12.28 12.28 32.2 12.28 44.48 0L176 322.72l100.07 100.07c12.28 12.28 32.2 12.28 44.48 0l22.24-22.24c12.28-12.28 12.28-32.19 0-44.48L242.72 256z\"><\/path><\/svg>\t\t\t\t\t\t\t\t\t\t<output id=\"results-d5f3449\" class=\"e-search-results-container hide-loader\" aria-live=\"polite\" aria-atomic=\"true\" aria-label=\"Results for search\" tabindex=\"0\">\n\t\t\t\t\t\t<div class=\"e-search-results\"><\/div>\n\t\t\t\t\t\t\t\t\t\t\t<\/output>\n\t\t\t\t\t\t\t\t\t<\/div>\n\t\t\t\t\n\t\t\t\t\n\t\t\t\t<button class=\"e-search-submit  \" type=\"submit\" aria-label=\"Search\">\n\t\t\t\t\t<i aria-hidden=\"true\" class=\"icon icon-search2\"><\/i>\n\t\t\t\t\t\t\t\t\t<\/button>\n\t\t\t\t<input type=\"hidden\" name=\"e_search_props\" value=\"d5f3449-15384\">\n\t\t\t<\/form>\n\t\t<\/search>\n\t\t\t\t\t\t<\/div>\n\t\t\t\t<\/div>\n\t\t\t\t<\/div>\n\t\t<div class=\"elementor-element elementor-element-e195695 e-con-full e-flex e-con e-child\" data-id=\"e195695\" data-element_type=\"container\">\n\t\t\t\t<div class=\"elementor-element elementor-element-f615dc9 elementor-widget elementor-widget-image\" data-id=\"f615dc9\" data-element_type=\"widget\" data-widget_type=\"image.default\">\n\t\t\t\t<div class=\"elementor-widget-container\">\n\t\t\t\t\t\t\t\t\t\t\t\t\t\t\t<img fetchpriority=\"high\" decoding=\"async\" width=\"800\" height=\"1011\" src=\"https:\/\/www.hipzg.hr\/wp-content\/uploads\/2024\/12\/Lidija_Bencetic-810x1024.jpg\" class=\"attachment-large size-large wp-image-8656\" alt=\"\" srcset=\"https:\/\/www.hipzg.hr\/wp-content\/uploads\/2024\/12\/Lidija_Bencetic-810x1024.jpg 810w, https:\/\/www.hipzg.hr\/wp-content\/uploads\/2024\/12\/Lidija_Bencetic-e1733489980507-600x759.jpg 600w, https:\/\/www.hipzg.hr\/wp-content\/uploads\/2024\/12\/Lidija_Bencetic-237x300.jpg 237w, https:\/\/www.hipzg.hr\/wp-content\/uploads\/2024\/12\/Lidija_Bencetic-768x971.jpg 768w, https:\/\/www.hipzg.hr\/wp-content\/uploads\/2024\/12\/Lidija_Bencetic-1214x1536.jpg 1214w, https:\/\/www.hipzg.hr\/wp-content\/uploads\/2024\/12\/Lidija_Bencetic-e1733489980507.jpg 720w\" sizes=\"(max-width: 800px) 100vw, 800px\" \/>\t\t\t\t\t\t\t\t\t\t\t\t\t\t\t<\/div>\n\t\t\t\t<\/div>\n\t\t\t\t<div class=\"elementor-element elementor-element-ea35e91 elementor-widget elementor-widget-heading\" data-id=\"ea35e91\" data-element_type=\"widget\" data-widget_type=\"heading.default\">\n\t\t\t\t<div class=\"elementor-widget-container\">\n\t\t\t\t\t<h6 class=\"elementor-heading-title elementor-size-default\">dr. sc. Lidija Benceti\u0107<\/h6>\t\t\t\t<\/div>\n\t\t\t\t<\/div>\n\t\t\t\t<div class=\"elementor-element elementor-element-f349ebf elementor-widget elementor-widget-text-editor\" data-id=\"f349ebf\" data-element_type=\"widget\" data-widget_type=\"text-editor.default\">\n\t\t\t\t<div class=\"elementor-widget-container\">\n\t\t\t\t\t\t\t\t\t<p>vi\u0161i znanstveni suradnik<br \/>Znanstveni odjel za suvremenu povijest<\/p>\t\t\t\t\t\t\t\t<\/div>\n\t\t\t\t<\/div>\n\t\t\t\t<div class=\"elementor-element elementor-element-96a515c elementor-icon-list--layout-traditional elementor-list-item-link-full_width elementor-widget elementor-widget-icon-list\" data-id=\"96a515c\" data-element_type=\"widget\" data-widget_type=\"icon-list.default\">\n\t\t\t\t<div class=\"elementor-widget-container\">\n\t\t\t\t\t\t\t<ul class=\"elementor-icon-list-items\">\n\t\t\t\t\t\t\t<li class=\"elementor-icon-list-item\">\n\t\t\t\t\t\t\t\t\t\t\t<span class=\"elementor-icon-list-icon\">\n\t\t\t\t\t\t\t<i aria-hidden=\"true\" class=\"icon icon-map-marker\"><\/i>\t\t\t\t\t\t<\/span>\n\t\t\t\t\t\t\t\t\t\t<span class=\"elementor-icon-list-text\">Opati\u010dka 10, 10000 Zagreb<\/span>\n\t\t\t\t\t\t\t\t\t<\/li>\n\t\t\t\t\t\t\t\t<li class=\"elementor-icon-list-item\">\n\t\t\t\t\t\t\t\t\t\t\t<span class=\"elementor-icon-list-icon\">\n\t\t\t\t\t\t\t<i aria-hidden=\"true\" class=\"icon icon-phone-handset\"><\/i>\t\t\t\t\t\t<\/span>\n\t\t\t\t\t\t\t\t\t\t<span class=\"elementor-icon-list-text\">+385 1 4851 721<\/span>\n\t\t\t\t\t\t\t\t\t<\/li>\n\t\t\t\t\t\t\t\t<li class=\"elementor-icon-list-item\">\n\t\t\t\t\t\t\t\t\t\t\t<span class=\"elementor-icon-list-icon\">\n\t\t\t\t\t\t\t<i aria-hidden=\"true\" class=\"icon icon-email\"><\/i>\t\t\t\t\t\t<\/span>\n\t\t\t\t\t\t\t\t\t\t<span class=\"elementor-icon-list-text\">lidija.bencetic@gmail.com<\/span>\n\t\t\t\t\t\t\t\t\t<\/li>\n\t\t\t\t\t\t\t\t<li class=\"elementor-icon-list-item\">\n\t\t\t\t\t\t\t\t\t\t<span class=\"elementor-icon-list-text\"><span class=\"label\">MBZ:<\/span> 314060<\/span>\n\t\t\t\t\t\t\t\t\t<\/li>\n\t\t\t\t\t\t\t\t<li class=\"elementor-icon-list-item\">\n\t\t\t\t\t\t\t\t\t\t<span class=\"elementor-icon-list-text\"><span class=\"label\">CroRIS ID:<\/span> 28990<\/span>\n\t\t\t\t\t\t\t\t\t<\/li>\n\t\t\t\t\t\t<\/ul>\n\t\t\t\t\t\t<\/div>\n\t\t\t\t<\/div>\n\t\t\t\t<div class=\"elementor-element elementor-element-dabec99 elementor-icon-list--layout-traditional elementor-list-item-link-full_width elementor-widget elementor-widget-icon-list\" data-id=\"dabec99\" data-element_type=\"widget\" data-widget_type=\"icon-list.default\">\n\t\t\t\t<div class=\"elementor-widget-container\">\n\t\t\t\t\t\t\t<ul class=\"elementor-icon-list-items\">\n\t\t\t\t\t\t\t<li class=\"elementor-icon-list-item\">\n\t\t\t\t\t\t\t\t\t\t\t<a href=\"https:\/\/orcid.org\/0000-0002-3281-0783\" target=\"_blank\">\n\n\t\t\t\t\t\t\t\t\t\t\t<span class=\"elementor-icon-list-text\"><span class=\"label\">ORCID:<\/span> 0000-0002-3281-0783<\/span>\n\t\t\t\t\t\t\t\t\t\t\t<\/a>\n\t\t\t\t\t\t\t\t\t<\/li>\n\t\t\t\t\t\t<\/ul>\n\t\t\t\t\t\t<\/div>\n\t\t\t\t<\/div>\n\t\t\t\t<\/div>\n\t\t\t\t<\/div>\n\t\t\t\t\t<\/div>\n\t\t\t\t<\/div>\n\t\t\t\t<\/div>\n\t\t","protected":false},"excerpt":{"rendered":"<p>Lidija Benceti\u0107 ISTRA\u017dIVA\u010cKI INTERESI I RADNO ISKUSTVO 2009. \u2013 trenutno, Hrvatski institut za povijest Primarno podru\u010dje istra\u017eivanja su hrvatska i jugoslavenska povijest od 1945. do 1990., unutar njih problematika medija, kulture i propagande, te povijest hrvatske emigracije. Recentna istra\u017eivanja posve\u0107ena su povijesti urbanizma i stambene problematike u Zagrebu nakon Drugoga svjetskog rata. OBRAZOVANJE 2009.-2014. Sveu\u010dili\u0161te [&hellip;]<\/p>\n","protected":false},"author":6,"featured_media":0,"parent":0,"menu_order":0,"comment_status":"closed","ping_status":"closed","template":"elementor_header_footer","meta":{"iawp_total_views":10,"footnotes":""},"class_list":["post-15384","page","type-page","status-publish","hentry"],"_links":{"self":[{"href":"https:\/\/www.hipzg.hr\/en\/wp-json\/wp\/v2\/pages\/15384","targetHints":{"allow":["GET"]}}],"collection":[{"href":"https:\/\/www.hipzg.hr\/en\/wp-json\/wp\/v2\/pages"}],"about":[{"href":"https:\/\/www.hipzg.hr\/en\/wp-json\/wp\/v2\/types\/page"}],"author":[{"embeddable":true,"href":"https:\/\/www.hipzg.hr\/en\/wp-json\/wp\/v2\/users\/6"}],"replies":[{"embeddable":true,"href":"https:\/\/www.hipzg.hr\/en\/wp-json\/wp\/v2\/comments?post=15384"}],"version-history":[{"count":10,"href":"https:\/\/www.hipzg.hr\/en\/wp-json\/wp\/v2\/pages\/15384\/revisions"}],"predecessor-version":[{"id":15395,"href":"https:\/\/www.hipzg.hr\/en\/wp-json\/wp\/v2\/pages\/15384\/revisions\/15395"}],"wp:attachment":[{"href":"https:\/\/www.hipzg.hr\/en\/wp-json\/wp\/v2\/media?parent=15384"}],"curies":[{"name":"wp","href":"https:\/\/api.w.org\/{rel}","templated":true}]}}