{"id":15370,"date":"2026-04-08T10:20:43","date_gmt":"2026-04-08T08:20:43","guid":{"rendered":"https:\/\/www.hipzg.hr\/?page_id=15370"},"modified":"2026-04-08T10:29:30","modified_gmt":"2026-04-08T08:29:30","slug":"sanja-miljan","status":"publish","type":"page","link":"https:\/\/www.hipzg.hr\/en\/sanja-miljan\/","title":{"rendered":"Sanja Miljan"},"content":{"rendered":"\t\t<div data-elementor-type=\"wp-page\" data-elementor-id=\"15370\" class=\"elementor elementor-15370\" data-elementor-post-type=\"page\">\n\t\t\t\t<div class=\"elementor-element elementor-element-4adf38b e-flex e-con-boxed e-con e-parent\" data-id=\"4adf38b\" data-element_type=\"container\">\n\t\t\t\t\t<div class=\"e-con-inner\">\n\t\t<div class=\"elementor-element elementor-element-60789e3 e-con-full e-flex e-con e-child\" data-id=\"60789e3\" data-element_type=\"container\">\n\t\t\t\t<div class=\"elementor-element elementor-element-cdbc1eb elementor-widget elementor-widget-heading\" data-id=\"cdbc1eb\" data-element_type=\"widget\" data-widget_type=\"heading.default\">\n\t\t\t\t<div class=\"elementor-widget-container\">\n\t\t\t\t\t<h2 class=\"elementor-heading-title elementor-size-default\">Sanja Miljan<\/h2>\t\t\t\t<\/div>\n\t\t\t\t<\/div>\n\t\t\t\t<div class=\"elementor-element elementor-element-540c1c3 elementor-widget elementor-widget-spacer\" data-id=\"540c1c3\" data-element_type=\"widget\" data-widget_type=\"spacer.default\">\n\t\t\t\t<div class=\"elementor-widget-container\">\n\t\t\t\t\t\t\t<div class=\"elementor-spacer\">\n\t\t\t<div class=\"elementor-spacer-inner\"><\/div>\n\t\t<\/div>\n\t\t\t\t\t\t<\/div>\n\t\t\t\t<\/div>\n\t\t\t\t<div class=\"elementor-element elementor-element-d2be703 elementor-widget elementor-widget-heading\" data-id=\"d2be703\" data-element_type=\"widget\" data-widget_type=\"heading.default\">\n\t\t\t\t<div class=\"elementor-widget-container\">\n\t\t\t\t\t<h5 class=\"elementor-heading-title elementor-size-default\">ISTRA\u017dIVA\u010cKI INTERESI I RADNO ISKUSTVO<\/h5>\t\t\t\t<\/div>\n\t\t\t\t<\/div>\n\t\t\t\t<div class=\"elementor-element elementor-element-6aabc1c elementor-widget elementor-widget-text-editor\" data-id=\"6aabc1c\" data-element_type=\"widget\" data-widget_type=\"text-editor.default\">\n\t\t\t\t<div class=\"elementor-widget-container\">\n\t\t\t\t\t\t\t\t\t<p>Ro\u0111ena sam 9. kolovoza 1988. u Zagrebu. Preddiplomski dvopredmetni studij povijesti i latinskog jezika na Fakultetu hrvatskih studija Sveu\u010dili\u0161ta u Zagrebu zavr\u0161ila sam 2011., te stekla titulu prvostupnice radom \u201cJednorog na grbovima i grbovnicama hrvatskog plemstva\u201d (mentor: dr. Branka Grbavac). Potom sam upisala sveu\u010dili\u0161ni diplomski studij Hrvatskog latiniteta (nastavni\u010dki smjer) na istoimenom odsjeku kojeg sam zavr\u0161ila 2014. obraniv\u0161i magistarski rad pod naslovom \u201cUsporedba Mihe Madijevog i anonimnog kroni\u010dara <em>A Cutheis<\/em> s jezi\u010dnog i povijesnog aspekta\u201d (mentor: dr. Branka Grbavac). Od akademske godine 2013.\/2014. upisala sam diplomski sveu\u010dili\u0161ni studij povijest \u2013 smjer stari vijek i srednji vijek na Hrvatskom katoli\u010dkom sveu\u010dili\u0161tu te sam po\u010detkom 2017. magistrirala na temi \u201eRedovnici sv. Franje u Zadru tijekom XIV. stolje\u0107a\u201c (mentor: dr. Ivan Majnari\u0107).<\/p><p>Upisala sam 1. rujna 2017. doktorski studij srednjovjekovnih studija na Srednjoeuropskom sveu\u010dili\u0161tu (Central European University) u Budimpe\u0161ti\/Be\u010du, gdje sam se specijalizirala za srednjovjekovnu crkvenu povijest i povijest religioznosti, posebice tijekom izrade doktorske radnju o djelovanju franjevaca u Provinciji Slavoniji (Dalmaciji) do pojave opservancije pod mentorstvom prof. dr. G\u00e1bora Klaniczaya. Doktorsku sam titulu stekla disertacijom naslova \u201eBeyond Poverty and Charity: Organization and Activities of the Franciscans of Dalmatia before the Division of the Order\u201c.<\/p><p>Na Odsjeku za srednjovjekovne studije predavala sam kolegij Academic Latin: An Introduction to Research Methodology (akad. god. 2018.\/2019., Central European University, Budimpe\u0161ta, nositelj kolegija prof. dr. Cristian Ga\u015fpar) te sam bila asistent na glavnom kolegiju i seminaru Cult of Saints in Medieval Central Europe (akad. god. 2018.\/2019., Central European University, Budimpe\u0161ta, nositelj kolegija prof. dr. G\u00e1bor Klaniczay).<\/p><p>Radi usavr\u0161avanja, upisala sam program Diploma Programme in Manuscript Studies na Pontifical Institute of Mediaeval Studies u Torontu, gdje sam boravila u lipnju i srpnju 2019. Zbog pandemije COVIDA-19, rimski je dio programa na Angelicumu u Rimu odr\u017ean tek u lipnju i srpnju 2023. godine.<\/p><p>Bila sam koordinatorica ljetne \u0161kole (Summer School) pod nazivom Latin and Greek Codicology and Palaeography u srpnju 2020. u Budimpe\u0161ti na Central European University, te sam, u svrhu dodatne specijalizacije za predmoderno razdoblje, sudjelovala na ljetnoj \u0161koli akad. god. 2021.\/2022. pod nazivom <em>Urban governance and civic participation in words and stone. Urbanism in Central Europe 1200-1600<\/em>, pod vodstvom dr. Katalin Szende i dr. Zoe Opa\u010di\u0107 (Birkbeck, University of London).<\/p><p>Odr\u017eala sam dva javna predavanja, prvi u sklopu ciklusa predavanja \u201cHeraldika\u201d na Filozofskom fakultetu u Zagreb 16. lipnja 2017., s temom \u201eHeraldi\u010dka zbirka Arhiva Hrvatske akademije znanosti i umjetnosti\u201c (ko-autor: Suzana Miljan), te u sklopu \u201cAktiva srednjo\u0161kolskih nastavnika povijesti grada Zagreba\u201d 4. studenoga 2025 s temom \u201eUloga franjevaca i dominikanaca u dalmatinskim gradovima u srednjem vijeku \u2013 primjer Zadra, Trogira i Dubrovnika\u201c.<\/p><p>Od 1. o\u017eujka 2026. zaposlena sam na Hrvatskom institutu za povijest kao vi\u0161i asistent na Znanstvenom odjelu za povijesne izvore i digitalnu povijest.<\/p><p>Moji interesi uklju\u010duju crkvenu povijest i povijest religioznosti te dru\u0161tvenu povijest predmodernog razdoblja, urbanu povijest, srednjovjekovne rukopise i kriti\u010dku objavu latinskih izvora. Od modernih se jezika aktivno slu\u017eim engleskim i francuskim jezikom, te pasivno talijanskim i \u0161panjolskim jezikom.<\/p>\t\t\t\t\t\t\t\t<\/div>\n\t\t\t\t<\/div>\n\t\t\t\t<div class=\"elementor-element elementor-element-804a7c2 elementor-widget elementor-widget-heading\" data-id=\"804a7c2\" data-element_type=\"widget\" data-widget_type=\"heading.default\">\n\t\t\t\t<div class=\"elementor-widget-container\">\n\t\t\t\t\t<h5 class=\"elementor-heading-title elementor-size-default\">OBRAZOVANJE<\/h5>\t\t\t\t<\/div>\n\t\t\t\t<\/div>\n\t\t\t\t<div class=\"elementor-element elementor-element-137a345 elementor-widget elementor-widget-text-editor\" data-id=\"137a345\" data-element_type=\"widget\" data-widget_type=\"text-editor.default\">\n\t\t\t\t<div class=\"elementor-widget-container\">\n\t\t\t\t\t\t\t\t\t<ul><li>2011. Zavr\u0161ila preddiplomski dvopredmetni studij povijesti i latinskog jezika na Fakultetu hrvatskih studija<\/li><li>2014. Zavr\u0161ila sveu\u010dili\u0161ni diplomski studij Hrvatskog latiniteta na Fakultetu hrvatskih studija<\/li><li>2017. Zavr\u0161ila diplomski sveu\u010dili\u0161ni studij povijesti na Hrvatskom katoli\u010dkom sveu\u010dili\u0161tu<\/li><li>2025. Doktorirala na Srednjoeuropskom sveu\u010dili\u0161tu (Central European University) u Be\u010du<\/li><\/ul>\t\t\t\t\t\t\t\t<\/div>\n\t\t\t\t<\/div>\n\t\t\t\t<div class=\"elementor-element elementor-element-946d4d8 elementor-widget elementor-widget-heading\" data-id=\"946d4d8\" data-element_type=\"widget\" data-widget_type=\"heading.default\">\n\t\t\t\t<div class=\"elementor-widget-container\">\n\t\t\t\t\t<h5 class=\"elementor-heading-title elementor-size-default\">PROJEKTI<\/h5>\t\t\t\t<\/div>\n\t\t\t\t<\/div>\n\t\t\t\t<div class=\"elementor-element elementor-element-05bdef4 elementor-widget elementor-widget-text-editor\" data-id=\"05bdef4\" data-element_type=\"widget\" data-widget_type=\"text-editor.default\">\n\t\t\t\t<div class=\"elementor-widget-container\">\n\t\t\t\t\t\t\t\t\t<ul><li>Od 1. lipnja 2015. do 31. svibnja 2019. sudjelovala sam kao konzultant projektnog zadatka <em>The Laws of the Medieval Kingdom of Croatia <\/em>projekta Hrvatske zaklade za znanost, <em>Izvori, pomagala i studije za hrvatsku povijest od srednjeg vijeka do kraja dugog 19. stolje\u0107a <\/em>(HRZZ-IP-2014-09-6547; voditelj dr. Damir Karbi\u0107). Osim toga, od 2016. do 2019. pomogla sam u organizaciji \u010detiri radionice naslovljene <em>The Laws of the Medieval Kingdom of Croatia<\/em>.<\/li><li>Od 2015. do 2019. sudjelovala sam na projektu Dr\u017eavnog arhiva u Vara\u017edinu na objavljivanju isprava 16. i 17. stolje\u0107a za vara\u017edinsku povijest koje se \u010duvaju u fondu Radikalnog arhiva za razdoblje od 1527. do 1600., na latinskom i njema\u010dkom jeziku (voditelji projekta: Damir Hrelja i Karmen Levani\u0107).<\/li><li>Od o\u017eujka 2026. sudjelujem na institucijskom projektu <em>Izvori za povijest Isto\u010dne Hrvatske<\/em> (IPIH, 380-01-02-23-42; voditeljica dr. Suzana Le\u010dek).<\/li><\/ul>\t\t\t\t\t\t\t\t<\/div>\n\t\t\t\t<\/div>\n\t\t\t\t<div class=\"elementor-element elementor-element-3a7ec6a elementor-widget elementor-widget-heading\" data-id=\"3a7ec6a\" data-element_type=\"widget\" data-widget_type=\"heading.default\">\n\t\t\t\t<div class=\"elementor-widget-container\">\n\t\t\t\t\t<h5 class=\"elementor-heading-title elementor-size-default\">NAGRADE<\/h5>\t\t\t\t<\/div>\n\t\t\t\t<\/div>\n\t\t\t\t<div class=\"elementor-element elementor-element-f4a98ea elementor-widget elementor-widget-text-editor\" data-id=\"f4a98ea\" data-element_type=\"widget\" data-widget_type=\"text-editor.default\">\n\t\t\t\t<div class=\"elementor-widget-container\">\n\t\t\t\t\t\t\t\t\t<ul><li>Godine 2019. primila sam nagradu za najboljeg studenta prve godine doktorskog studija na Srednjoeuropskom sveu\u010dili\u0161tu (Central European Univeristy) u Budimpe\u0161ti.<\/li><\/ul>\t\t\t\t\t\t\t\t<\/div>\n\t\t\t\t<\/div>\n\t\t\t\t<div class=\"elementor-element elementor-element-d5102f9 elementor-widget elementor-widget-text-editor\" data-id=\"d5102f9\" data-element_type=\"widget\" data-widget_type=\"text-editor.default\">\n\t\t\t\t<div class=\"elementor-widget-container\">\n\t\t\t\t\t\t\t\t\t<h5 class=\"inline-h5\">PUBLIKACIJE<\/h5><p>(potpuna bibliografija radova dostupna na: <a href=\"https:\/\/www.croris.hr\/osobe\/profil\/52502\" target=\"_blank\" rel=\"noopener\">CroRIS<\/a>)<\/p><ul><li>\u201eEkonomska aktivnost franjevaca u Zadru u 14. stolje\u0107u\u201c, <em>Zbornik Odsjeka za povijesne znanosti Zavoda za povijesne i dru\u0161tvene znanosti Hrvatske akademije znanosti i umjetnosti <\/em>35 (2017.), str. 26-46.<\/li><li>\u201eWandering around the Province of Dalmatia and Italy: Mobility of Franciscans from the Thirteenth Century Onwards\u201c, u: <em>Mobilit\u00e0 e inteculturalit\u00e0. La citt\u00e0 di fronte a nuovi sistemi di relazione \/ Mobility and interculturality. The city facing new relational systems<\/em>, ur. Andreina Milan \u2013 Giuseppina Muzzarelli \u2013 Guido Zucconi, <em>La citt\u00e0 globale. La condizione urbana come fenomeno pervasive \/ The Global City. The urban condition as a pervasive phenomenon<\/em>, ur. Marco Pretelli \u2013 Rosa Tamborrino \u2013 Ines Toli\u0107 (Torino: AISU International, 2020.), str. 47-58.<\/li><li>\u201eHeraldi\u010dka zbirka Arhiva Hrvatske akademije znanosti i umjetnosti\u201c, u: <em>Hrvatska heraldi\u010dka ba\u0161tina I. \u2013 odabrane teme. Priru\u010dnik za studente,<\/em> ur. Mirjana Matijevi\u0107 Sokol \u2013 Tomislav Galovi\u0107 (Zagreb: FF Press, 2023.), str. 65-73 (ko-autor: Suzana Simon).<\/li><\/ul>\t\t\t\t\t\t\t\t<\/div>\n\t\t\t\t<\/div>\n\t\t\t\t<\/div>\n\t\t<div class=\"elementor-element elementor-element-dd22859 e-con-full e-flex e-con e-child\" data-id=\"dd22859\" data-element_type=\"container\">\n\t\t<div class=\"elementor-element elementor-element-580f544 e-con-full e-flex e-con e-child\" data-id=\"580f544\" data-element_type=\"container\">\n\t\t\t\t<div class=\"elementor-element elementor-element-d5f3449 elementor-widget elementor-widget-search\" data-id=\"d5f3449\" data-element_type=\"widget\" data-settings=\"{&quot;submit_trigger&quot;:&quot;click_submit&quot;,&quot;pagination_type_options&quot;:&quot;none&quot;}\" data-widget_type=\"search.default\">\n\t\t\t\t<div class=\"elementor-widget-container\">\n\t\t\t\t\t\t\t<search class=\"e-search hidden\" role=\"search\">\n\t\t\t<form class=\"e-search-form\" action=\"https:\/\/www.hipzg.hr\/en\/\" method=\"get\">\n\n\t\t\t\t\n\t\t\t\t<label class=\"e-search-label\" for=\"search-d5f3449\">\n\t\t\t\t\t<span class=\"elementor-screen-only\">\n\t\t\t\t\t\tSearch\t\t\t\t\t<\/span>\n\t\t\t\t\t\t\t\t\t<\/label>\n\n\t\t\t\t<div class=\"e-search-input-wrapper\">\n\t\t\t\t\t<input id=\"search-d5f3449\" placeholder=\"Search...\" class=\"e-search-input\" type=\"search\" name=\"s\" value=\"\" autocomplete=\"off\" role=\"combobox\" aria-autocomplete=\"list\" aria-expanded=\"false\" aria-controls=\"results-d5f3449\" aria-haspopup=\"listbox\">\n\t\t\t\t\t<svg aria-hidden=\"true\" class=\"e-font-icon-svg e-fas-times\" viewBox=\"0 0 352 512\" xmlns=\"http:\/\/www.w3.org\/2000\/svg\"><path d=\"M242.72 256l100.07-100.07c12.28-12.28 12.28-32.19 0-44.48l-22.24-22.24c-12.28-12.28-32.19-12.28-44.48 0L176 189.28 75.93 89.21c-12.28-12.28-32.19-12.28-44.48 0L9.21 111.45c-12.28 12.28-12.28 32.19 0 44.48L109.28 256 9.21 356.07c-12.28 12.28-12.28 32.19 0 44.48l22.24 22.24c12.28 12.28 32.2 12.28 44.48 0L176 322.72l100.07 100.07c12.28 12.28 32.2 12.28 44.48 0l22.24-22.24c12.28-12.28 12.28-32.19 0-44.48L242.72 256z\"><\/path><\/svg>\t\t\t\t\t\t\t\t\t\t<output id=\"results-d5f3449\" class=\"e-search-results-container hide-loader\" aria-live=\"polite\" aria-atomic=\"true\" aria-label=\"Results for search\" tabindex=\"0\">\n\t\t\t\t\t\t<div class=\"e-search-results\"><\/div>\n\t\t\t\t\t\t\t\t\t\t\t<\/output>\n\t\t\t\t\t\t\t\t\t<\/div>\n\t\t\t\t\n\t\t\t\t\n\t\t\t\t<button class=\"e-search-submit  \" type=\"submit\" aria-label=\"Search\">\n\t\t\t\t\t<i aria-hidden=\"true\" class=\"icon icon-search2\"><\/i>\n\t\t\t\t\t\t\t\t\t<\/button>\n\t\t\t\t<input type=\"hidden\" name=\"e_search_props\" value=\"d5f3449-15370\">\n\t\t\t<\/form>\n\t\t<\/search>\n\t\t\t\t\t\t<\/div>\n\t\t\t\t<\/div>\n\t\t\t\t<\/div>\n\t\t<div class=\"elementor-element elementor-element-e195695 e-con-full e-flex e-con e-child\" data-id=\"e195695\" data-element_type=\"container\">\n\t\t\t\t<div class=\"elementor-element elementor-element-f615dc9 elementor-widget elementor-widget-image\" data-id=\"f615dc9\" data-element_type=\"widget\" data-widget_type=\"image.default\">\n\t\t\t\t<div class=\"elementor-widget-container\">\n\t\t\t\t\t\t\t\t\t\t\t\t\t\t\t<img decoding=\"async\" src=\"https:\/\/www.hipzg.hr\/wp-content\/uploads\/2026\/04\/Sanja_Miljan.jpg\" title=\"\" alt=\"\" loading=\"lazy\" \/>\t\t\t\t\t\t\t\t\t\t\t\t\t\t\t<\/div>\n\t\t\t\t<\/div>\n\t\t\t\t<div class=\"elementor-element elementor-element-ea35e91 elementor-widget elementor-widget-heading\" data-id=\"ea35e91\" data-element_type=\"widget\" data-widget_type=\"heading.default\">\n\t\t\t\t<div class=\"elementor-widget-container\">\n\t\t\t\t\t<h6 class=\"elementor-heading-title elementor-size-default\">dr. sc. Sanja Miljan<\/h6>\t\t\t\t<\/div>\n\t\t\t\t<\/div>\n\t\t\t\t<div class=\"elementor-element elementor-element-f349ebf elementor-widget elementor-widget-text-editor\" data-id=\"f349ebf\" data-element_type=\"widget\" data-widget_type=\"text-editor.default\">\n\t\t\t\t<div class=\"elementor-widget-container\">\n\t\t\t\t\t\t\t\t\t<p>Vi\u0161i asistent<br \/>Znanstveni odjel za povijesne izvore i digitalnu povijest<\/p>\t\t\t\t\t\t\t\t<\/div>\n\t\t\t\t<\/div>\n\t\t\t\t<div class=\"elementor-element elementor-element-96a515c elementor-icon-list--layout-traditional elementor-list-item-link-full_width elementor-widget elementor-widget-icon-list\" data-id=\"96a515c\" data-element_type=\"widget\" data-widget_type=\"icon-list.default\">\n\t\t\t\t<div class=\"elementor-widget-container\">\n\t\t\t\t\t\t\t<ul class=\"elementor-icon-list-items\">\n\t\t\t\t\t\t\t<li class=\"elementor-icon-list-item\">\n\t\t\t\t\t\t\t\t\t\t\t<span class=\"elementor-icon-list-icon\">\n\t\t\t\t\t\t\t<i aria-hidden=\"true\" class=\"icon icon-map-marker\"><\/i>\t\t\t\t\t\t<\/span>\n\t\t\t\t\t\t\t\t\t\t<span class=\"elementor-icon-list-text\">Opati\u010dka 10, 10000 Zagreb<\/span>\n\t\t\t\t\t\t\t\t\t<\/li>\n\t\t\t\t\t\t\t\t<li class=\"elementor-icon-list-item\">\n\t\t\t\t\t\t\t\t\t\t\t<span class=\"elementor-icon-list-icon\">\n\t\t\t\t\t\t\t<i aria-hidden=\"true\" class=\"icon icon-phone-handset\"><\/i>\t\t\t\t\t\t<\/span>\n\t\t\t\t\t\t\t\t\t\t<span class=\"elementor-icon-list-text\">+385 1 4851 721<\/span>\n\t\t\t\t\t\t\t\t\t<\/li>\n\t\t\t\t\t\t\t\t<li class=\"elementor-icon-list-item\">\n\t\t\t\t\t\t\t\t\t\t\t<span class=\"elementor-icon-list-icon\">\n\t\t\t\t\t\t\t<i aria-hidden=\"true\" class=\"icon icon-email\"><\/i>\t\t\t\t\t\t<\/span>\n\t\t\t\t\t\t\t\t\t\t<span class=\"elementor-icon-list-text\">sanja@isp.hr<\/span>\n\t\t\t\t\t\t\t\t\t<\/li>\n\t\t\t\t\t\t\t\t<li class=\"elementor-icon-list-item\">\n\t\t\t\t\t\t\t\t\t\t\t<span class=\"elementor-icon-list-icon\">\n\t\t\t\t\t\t\t<i aria-hidden=\"true\" class=\"icon icon-email\"><\/i>\t\t\t\t\t\t<\/span>\n\t\t\t\t\t\t\t\t\t\t<span class=\"elementor-icon-list-text\">sanja.miljan13@gmail.com<\/span>\n\t\t\t\t\t\t\t\t\t<\/li>\n\t\t\t\t\t\t\t\t<li class=\"elementor-icon-list-item\">\n\t\t\t\t\t\t\t\t\t\t<span class=\"elementor-icon-list-text\"><span class=\"label\">MBZ:<\/span> 424062<\/span>\n\t\t\t\t\t\t\t\t\t<\/li>\n\t\t\t\t\t\t\t\t<li class=\"elementor-icon-list-item\">\n\t\t\t\t\t\t\t\t\t\t<span class=\"elementor-icon-list-text\"><span class=\"label\">CroRIS ID:<\/span> 52502<\/span>\n\t\t\t\t\t\t\t\t\t<\/li>\n\t\t\t\t\t\t<\/ul>\n\t\t\t\t\t\t<\/div>\n\t\t\t\t<\/div>\n\t\t\t\t<div class=\"elementor-element elementor-element-dabec99 elementor-icon-list--layout-traditional elementor-list-item-link-full_width elementor-widget elementor-widget-icon-list\" data-id=\"dabec99\" data-element_type=\"widget\" data-widget_type=\"icon-list.default\">\n\t\t\t\t<div class=\"elementor-widget-container\">\n\t\t\t\t\t\t\t<ul class=\"elementor-icon-list-items\">\n\t\t\t\t\t\t\t<li class=\"elementor-icon-list-item\">\n\t\t\t\t\t\t\t\t\t\t\t<a href=\"https:\/\/orcid.org\/0009-0004-4217-2270\" target=\"_blank\">\n\n\t\t\t\t\t\t\t\t\t\t\t<span class=\"elementor-icon-list-text\"><span class=\"label\">ORCID:<\/span> 0009-0004-4217-2270<\/span>\n\t\t\t\t\t\t\t\t\t\t\t<\/a>\n\t\t\t\t\t\t\t\t\t<\/li>\n\t\t\t\t\t\t<\/ul>\n\t\t\t\t\t\t<\/div>\n\t\t\t\t<\/div>\n\t\t\t\t<\/div>\n\t\t\t\t<\/div>\n\t\t\t\t\t<\/div>\n\t\t\t\t<\/div>\n\t\t\t\t<\/div>\n\t\t","protected":false},"excerpt":{"rendered":"<p>Sanja Miljan ISTRA\u017dIVA\u010cKI INTERESI I RADNO ISKUSTVO Ro\u0111ena sam 9. kolovoza 1988. u Zagrebu. Preddiplomski dvopredmetni studij povijesti i latinskog jezika na Fakultetu hrvatskih studija Sveu\u010dili\u0161ta u Zagrebu zavr\u0161ila sam 2011., te stekla titulu prvostupnice radom \u201cJednorog na grbovima i grbovnicama hrvatskog plemstva\u201d (mentor: dr. Branka Grbavac). Potom sam upisala sveu\u010dili\u0161ni diplomski studij Hrvatskog latiniteta [&hellip;]<\/p>\n","protected":false},"author":6,"featured_media":0,"parent":0,"menu_order":0,"comment_status":"closed","ping_status":"closed","template":"elementor_header_footer","meta":{"iawp_total_views":24,"footnotes":""},"class_list":["post-15370","page","type-page","status-publish","hentry"],"_links":{"self":[{"href":"https:\/\/www.hipzg.hr\/en\/wp-json\/wp\/v2\/pages\/15370","targetHints":{"allow":["GET"]}}],"collection":[{"href":"https:\/\/www.hipzg.hr\/en\/wp-json\/wp\/v2\/pages"}],"about":[{"href":"https:\/\/www.hipzg.hr\/en\/wp-json\/wp\/v2\/types\/page"}],"author":[{"embeddable":true,"href":"https:\/\/www.hipzg.hr\/en\/wp-json\/wp\/v2\/users\/6"}],"replies":[{"embeddable":true,"href":"https:\/\/www.hipzg.hr\/en\/wp-json\/wp\/v2\/comments?post=15370"}],"version-history":[{"count":4,"href":"https:\/\/www.hipzg.hr\/en\/wp-json\/wp\/v2\/pages\/15370\/revisions"}],"predecessor-version":[{"id":15380,"href":"https:\/\/www.hipzg.hr\/en\/wp-json\/wp\/v2\/pages\/15370\/revisions\/15380"}],"wp:attachment":[{"href":"https:\/\/www.hipzg.hr\/en\/wp-json\/wp\/v2\/media?parent=15370"}],"curies":[{"name":"wp","href":"https:\/\/api.w.org\/{rel}","templated":true}]}}