{"id":15286,"date":"2026-03-24T20:30:01","date_gmt":"2026-03-24T19:30:01","guid":{"rendered":"https:\/\/www.hipzg.hr\/?page_id=15286"},"modified":"2026-03-24T20:45:15","modified_gmt":"2026-03-24T19:45:15","slug":"domagoj-novosel","status":"publish","type":"page","link":"https:\/\/www.hipzg.hr\/en\/domagoj-novosel\/","title":{"rendered":"Domagoj Novosel"},"content":{"rendered":"\t\t<div data-elementor-type=\"wp-page\" data-elementor-id=\"15286\" class=\"elementor elementor-15286\" data-elementor-post-type=\"page\">\n\t\t\t\t<div class=\"elementor-element elementor-element-4adf38b e-flex e-con-boxed e-con e-parent\" data-id=\"4adf38b\" data-element_type=\"container\">\n\t\t\t\t\t<div class=\"e-con-inner\">\n\t\t<div class=\"elementor-element elementor-element-60789e3 e-con-full e-flex e-con e-child\" data-id=\"60789e3\" data-element_type=\"container\">\n\t\t\t\t<div class=\"elementor-element elementor-element-cdbc1eb elementor-widget elementor-widget-heading\" data-id=\"cdbc1eb\" data-element_type=\"widget\" data-widget_type=\"heading.default\">\n\t\t\t\t<div class=\"elementor-widget-container\">\n\t\t\t\t\t<h2 class=\"elementor-heading-title elementor-size-default\">Domagoj Novosel<\/h2>\t\t\t\t<\/div>\n\t\t\t\t<\/div>\n\t\t\t\t<div class=\"elementor-element elementor-element-540c1c3 elementor-widget elementor-widget-spacer\" data-id=\"540c1c3\" data-element_type=\"widget\" data-widget_type=\"spacer.default\">\n\t\t\t\t<div class=\"elementor-widget-container\">\n\t\t\t\t\t\t\t<div class=\"elementor-spacer\">\n\t\t\t<div class=\"elementor-spacer-inner\"><\/div>\n\t\t<\/div>\n\t\t\t\t\t\t<\/div>\n\t\t\t\t<\/div>\n\t\t\t\t<div class=\"elementor-element elementor-element-d2be703 elementor-widget elementor-widget-heading\" data-id=\"d2be703\" data-element_type=\"widget\" data-widget_type=\"heading.default\">\n\t\t\t\t<div class=\"elementor-widget-container\">\n\t\t\t\t\t<h5 class=\"elementor-heading-title elementor-size-default\">ISTRA\u017dIVA\u010cKI INTERESI I RADNO ISKUSTVO<\/h5>\t\t\t\t<\/div>\n\t\t\t\t<\/div>\n\t\t\t\t<div class=\"elementor-element elementor-element-6aabc1c elementor-widget elementor-widget-text-editor\" data-id=\"6aabc1c\" data-element_type=\"widget\" data-widget_type=\"text-editor.default\">\n\t\t\t\t<div class=\"elementor-widget-container\">\n\t\t\t\t\t\t\t\t\t<p>Istra\u017eiva\u010dki interesi usmjereni su prema crkvenoj povijesti 20. stolje\u0107a i povijesnoj demografiji<\/p><p>2006. \u2013 2017., u\u010ditelj povijesti, Osnovna \u0161kola \u017duti Brijeg, Osnovna \u0161kola Antun Gustav Mato\u0161, Osnovna \u0161kola Vladimir Nazor, Osnovna \u0161kola Dragutin Ku\u0161lan<br \/>2017. \u2013 2020., na\u010delnik sektora za demografski razvoj, Ministarstvo demografije, obitelji, mladih i socijalne politike<br \/>2021. \u2013 2022., voditelj slu\u017ebe, Sredi\u0161nji dr\u017eavni ured za demografiju i mlade<br \/>2022. \u2013 2023., voditelj odjela, Ministarstvo unutarnjih poslova<br \/>2024. &#8211; , Hrvatski institut za povijest<\/p>\t\t\t\t\t\t\t\t<\/div>\n\t\t\t\t<\/div>\n\t\t\t\t<div class=\"elementor-element elementor-element-804a7c2 elementor-widget elementor-widget-heading\" data-id=\"804a7c2\" data-element_type=\"widget\" data-widget_type=\"heading.default\">\n\t\t\t\t<div class=\"elementor-widget-container\">\n\t\t\t\t\t<h5 class=\"elementor-heading-title elementor-size-default\">OBRAZOVANJE<\/h5>\t\t\t\t<\/div>\n\t\t\t\t<\/div>\n\t\t\t\t<div class=\"elementor-element elementor-element-137a345 elementor-widget elementor-widget-text-editor\" data-id=\"137a345\" data-element_type=\"widget\" data-widget_type=\"text-editor.default\">\n\t\t\t\t<div class=\"elementor-widget-container\">\n\t\t\t\t\t\t\t\t\t<ul><li>2004. Diplomirao na Filozofskom fakuletetu Sveu\u010dili\u0161ta u Zagrebu<\/li><li>2016. Doktorirao na Fakultetu hrvatskih studija Sveu\u010dili\u0161ta u Zagrebu<\/li><\/ul>\t\t\t\t\t\t\t\t<\/div>\n\t\t\t\t<\/div>\n\t\t\t\t<div class=\"elementor-element elementor-element-946d4d8 elementor-widget elementor-widget-heading\" data-id=\"946d4d8\" data-element_type=\"widget\" data-widget_type=\"heading.default\">\n\t\t\t\t<div class=\"elementor-widget-container\">\n\t\t\t\t\t<h5 class=\"elementor-heading-title elementor-size-default\">PROJEKTI<\/h5>\t\t\t\t<\/div>\n\t\t\t\t<\/div>\n\t\t\t\t<div class=\"elementor-element elementor-element-05bdef4 elementor-widget elementor-widget-text-editor\" data-id=\"05bdef4\" data-element_type=\"widget\" data-widget_type=\"text-editor.default\">\n\t\t\t\t<div class=\"elementor-widget-container\">\n\t\t\t\t\t\t\t\t\t<ul><li>&#8220;Samo je promjena stalna&#8221;: Razvoj i \u017eivot hrvatskih gradova u 19. i 20. stolje\u0107u \u017dIVGRAD<\/li><\/ul>\t\t\t\t\t\t\t\t<\/div>\n\t\t\t\t<\/div>\n\t\t\t\t<div class=\"elementor-element elementor-element-d5102f9 elementor-widget elementor-widget-text-editor\" data-id=\"d5102f9\" data-element_type=\"widget\" data-widget_type=\"text-editor.default\">\n\t\t\t\t<div class=\"elementor-widget-container\">\n\t\t\t\t\t\t\t\t\t<h5 class=\"inline-h5\">PUBLIKACIJE<\/h5><p>(potpuna bibliografija radova dostupna na: <a href=\"https:\/\/www.croris.hr\/crosbi\/searchByContext\/2\/33145\" target=\"_blank\" rel=\"noopener\">CroRIS<\/a>)<\/p><ul><li>Novosel, Domagoj<br \/>Demografska i socijalna slika roda Haramija u Gra\u010danima od XVI. stolje\u0107a do suvremenosti \/\/ Kroatologija, 15 (2024), 2; 281-294<\/li><li>Novosel, Domagoj<br \/>A teacher in a Croatian village during the First World War and the interwar period &#8211; the example of Stanko Horvatin in Gra\u010dani (1913 &#8211; 1933) \/\/ Review of Croatian history, XIX (2023), 1; 305-339. doi: 10.22586\/rch.v19i1.%2028486<\/li><li>Novosel, Domagoj<br \/>Zabok izme\u0111u dva svjetska rata 1918. &#8211; 1941. \/\/ Zabok &#8211; Od plemi\u0107kog posjeda do modernog grada \/ Klau\u017eer, Vedran; Mihaljevi\u0107, Josip (ur.). <br \/>Zabok : Zagreb: Hrvatski institut za povijest, 2023. str. 281-293<\/li><li>Novosel, Domagoj<br \/>Demografski izazovi i jedinice lokalne i podru\u010dne samouprave \/\/ Demografija, iseljavanje, migracije: \u0160esti hrvatski socijalni tjedan : zbornik radova \/ Baloban, Stjepan; \u010crpi\u0107, Gordan; Petrovi\u0107 \u0160tefanac, Dubravka et al. (ur.). <br \/>Zagreb: Kr\u0161\u0107anska sada\u0161njost; Centar za promicanje socijalnog nauka Crkve Hrvatske biskupske konferencije, 2023. str. 153-170<\/li><li>Novosel, Domagoj<br \/>Migracije i dijaspora kao dio hrvatskog identiteta \/\/ Hrvatska izvan domovine, 2022. str. 55-58<\/li><li>Novosel, Domagoj<br \/>Hrvatsko selja\u010dko pjeva\u010dko dru\u0161tvo Podgorac iz Gra\u010dana i prva bo\u017ei\u0107na plo\u010da u Jugoslaviji i hrvatskom iseljeni\u0161tvu \/\/ Gastarbajterska iseljeni\u010dka poema od stvarnosti do romantizma. <br \/>Zagreb: Hrvatski studiji Sveu\u010dili\u0161ta u Zagrebu, 2022. str. 465-476<\/li><li>Novosel, Domagoj<br \/>Zdravstveni i higijenski uvjeti u selima Zagreba\u010dkoga prigorja u prvoj polovici 20. stolje\u0107a \/\/ Radovi Zavoda za hrvatsku povijest Filozofskog fakulteta Sveuc\u030cilis\u030cta u Zagrebu, 53 (2021), 1; 221-242. doi: 10.17234\/RadoviZHP.53.10<\/li><li>Novosel, Domagoj<br \/>Urbanizacija i modernizacija sjeverne periferije Zagreba 1960. &#8211; 1970. \/\/ \u010casopis za suvremenu povijest, 53 (2021), 3; 1115-1147. doi: 10.22586\/csp.v53i3.17985<\/li><li>Novosel, Domagoj ; Habulin, Tomislav<br \/>Ideju na\u0161i z Bistrice &#8211; 130 godina zavjetnog hodo\u010da\u0161\u0107a iz Gra\u010dana. Zagreb: \u017dupa sv. Mihaela arkan\u0111ela, Gra\u010dani, 2021<\/li><li>Novosel, Domagoj<br \/>Refleksije na zbivanja 1918. u selima Zagreba\u010dkoga prigorja \/\/ 1918. &#8211; 1920. povijesni prijepori i Hrvatska danas. <br \/>Zagreb: Hrvatski studiji Sveu\u010dili\u0161ta u Zagrebu, 2020. str. 165-190<\/li><li>Novosel, Domagoj<br \/>Prilog Lelje Dobroni\u0107 poznavanju povijesti Zagreba\u010dkog prigorja \/\/ Zbornik radova znanstveno &#8211; stru\u010dnog skupa Lelja Dobroni\u0107 1920. &#8211; 2006.. <br \/>Zagreb: Dru\u0161tvo povjesni\u010dara umjetnosti Hrvatske, 2020. str. 51-60<\/li><li>Novosel, Domagoj<br \/>\u017divot i djelovanje emigranta Nikole Holjevca \/\/ Povijest hrvatske politi\u010dke emigracije u 20. stolje\u0107u. <br \/>Zagreb: Centar za istra\u017eivanje hrvatskog iseljeni\u0161tva, 2020. str. 287-292<\/li><li>Novosel, Domagoj<br \/>\u0160panjolska gripa u selima Zagreba\u010dkoga prigorja \/\/ Konac Velikoga rata. <br \/>Zagreb: Hrvatski dr\u017eavni arhiv, 2020. str. 327-337<\/li><li>Novosel, Domagoj<br \/>Demografska kretanja u Hrvatskoj u 20. stolje\u0107u \/\/ Doprinos JLP(R)S demografskoj revitalizaciji Slavonije, Baranje i Srijema. <br \/>Zagreb : \u0110akovo: Ministarstvo za demografiju, obitelj, mlade i socijalnu politiku, 2019. str. 6-6<\/li><li>Novosel, Domagoj<br \/>Jesen Prigorja &#8211; Stanovni\u0161tvo Upravne op\u0107ine Gra\u010dani &#8211; Remete 1918. &#8211; 1941.. Zagreb: Despot infinitus, 2019<\/li><li>Novosel, Domagoj<br \/>Godina 1914. u selima Zagreba\u010dkoga prigorja \/\/ 1914. Prva godina rata u trojednoj Kraljevini i Austro &#8211; Ugarskoj Monarhiji. <br \/>Zagreb: Matica hrvatska, 2018. str. 515-525<\/li><li>Novosel, Domagoj<br \/>Utjecaji Prvoga svjetskog rata na svakodnevicu stanovnika Gra\u010dana \/\/ Kaj : \u010dasopis za knji\u017eevnost, umjetnost i kulturu, 51 (241) (2018), 3-4; 93-104<\/li><li>Novosel, Domagoj<br \/>\u017divot i djelovanje mons. Leopolda Rusana izme\u0111u dva svjetska rata \/\/ Gazophylacium, XIX &#8211; XXI (2016), 1 &#8211; 4; 313-337<\/li><li>Novosel, Domagoj<br \/>Samcevi\u010d Andrej Andreevi\u010d, Rusi i Ukrajinci u oru\u017eanim snagama Nezavisne Dr\u017eave Hrvatske 1941. \u2013 1945. (Zagreb: Despot Infinitus, 2015), 381 str. \/\/ \u010casopis za suvremenu povijest, 48 (2016), 1; 244-246<\/li><li>Novosel, Domagoj<br \/>Demografska kretanja i stanovni\u0161tvo \u017eupe Remete od 1812. do 1971. \/\/ Pod okriljem Majke Bo\u017eje Remetske. <br \/>Zagreb: Karmelska izdanja (KIZ), 2016. str. 81-111<\/li><li>Bari\u0107, Nikica ; Dovrani\u0107, Darko ; Jankovi\u0107, Tamara ; Nazor, Ante ; Novosel, Domagoj ; Petroci, Emil<br \/>Domovinski rat : \u010ditanka priru\u010dnik za u\u010ditelje povijesti u osnovnim \u0161kolama i nastavnike povijesti u srednjim \u0161kolama \/ Vukeli\u0107, Deniver (ur.). Zagreb: \u0160kolska knjiga, 2015. 162<\/li><li>Novosel, Domagoj<br \/>Svjedo\u010danstvo jednog misionara o Hrvatima u Belgiji \/\/ Hrvatska izvan domovine ; Zbornik radova predstavljenih na Prvom hrvatskom iseljeni\u010dkom kongresu. <br \/>Zagreb: Centar za istra\u017eivanje hrvatskog iseljeni\u0161tva, 2015. str. 383-385<\/li><li>Novosel, Domagoj<br \/>Danijel Vojak, U predve\u010derje rata: Romi u Hrvatskoj 1918. \u2013 1941., Romsko nacionalno vije\u0107e \u2013 Udruga za promicanje obrazovanja Roma u Republici Hrvatskoj \u201cKali Sara\u201d, Zagreb, 2013., 229 str. \/\/ \u010casopis za suvremenu povijest, 46 (2014), 3; 606-608<\/li><li>Novosel, Domagoj<br \/>Fa\u0161ni\u010dki obi\u010daji u Gra\u010danima kraj Zagreba \/\/ Kaj : \u010dasopis za knji\u017eevnost, umjetnost i kulturu, 228 (2014), 1 &#8211; 2; 97-106<\/li><li>Novosel, Domagoj<br \/>Krivi\u0107ev Brieg &#8211; jedno od gra\u010danskih strati\u0161ta \/\/ Politi\u010dki zatvorenik, XXIII. (2014), 257; 40-42<\/li><li>Novosel, Domagoj<br \/>Obitelj Nikole Holjevca na razme\u0111u Brinja i Gra\u010dana \/\/ Politi\u010dki zatvorenik, XXIII (2014), 256; 29-34<\/li><li>Novosel, Domagoj<br \/>Amir OBHO\u0110A\u0160, Lako prevozni zdrug Hrvatske legije \u2013 U borbama od Une do Dona, kolovoz 1941. \u2013 prosinac 1942., Despot Infi nitus, Zagreb, 2012., 239 str. \/\/ \u010casopis za suvremenu povijest, 45 (2013), 1; 187-190<\/li><li>Novosel, Domagoj<br \/>Adventski i Bo\u017ei\u0107ni obi\u010daji u Gra\u010danima kraj Zagreba \/\/ Kaj : \u010dasopis za knji\u017eevnost, umjetnost i kulturu, 222 (2012), 4 &#8211; 5; 89-100<\/li><li>Novosel, Domagoj<br \/>Partizanski zlo\u010din nad Hrvatima i Nijemcima 1945. godine u Gra\u010danima kraj Zagreba \/\/ \u017drtva znak vremena : zbornik radova Petog hrvatskog \u017ertvoslovnog kongresa. <br \/>Zagreb: Hrvatsko \u017ertvoslovno dru\u0161tvo, 2011. str. 290-302<\/li><li>Novosel, Domagoj<br \/>Jugoslavenski komunisti\u010dki zlo\u010dini u Gra\u010danima kraj Zagreba 1945. godine \/\/ Politi\u010dki zatvorenik, 21 (2011), 231; 29-<\/li><li>Novosel, Domagoj<br \/>Gra\u010danska kronika. Zagreb: \u017dupa Gra\u010dani, 2008<\/li><li>Novosel, Domagoj<br \/>Sje\u0107anja hrvatskog domobrana \/\/ Politi\u010dki zatvorenik, 16 (2006), 166; 38-40<\/li><li>Novosel, Domagoj<br \/>Gra\u010dani 1918.-1950. \/\/ Politi\u010dki zatvorenik, 16 (2006), 168; 40-42<\/li><\/ul>\t\t\t\t\t\t\t\t<\/div>\n\t\t\t\t<\/div>\n\t\t\t\t<\/div>\n\t\t<div class=\"elementor-element elementor-element-dd22859 e-con-full e-flex e-con e-child\" data-id=\"dd22859\" data-element_type=\"container\">\n\t\t<div class=\"elementor-element elementor-element-580f544 e-con-full e-flex e-con e-child\" data-id=\"580f544\" data-element_type=\"container\">\n\t\t\t\t<div class=\"elementor-element elementor-element-d5f3449 elementor-widget elementor-widget-search\" data-id=\"d5f3449\" data-element_type=\"widget\" data-settings=\"{&quot;submit_trigger&quot;:&quot;click_submit&quot;,&quot;pagination_type_options&quot;:&quot;none&quot;}\" data-widget_type=\"search.default\">\n\t\t\t\t<div class=\"elementor-widget-container\">\n\t\t\t\t\t\t\t<search class=\"e-search hidden\" role=\"search\">\n\t\t\t<form class=\"e-search-form\" action=\"https:\/\/www.hipzg.hr\/en\/\" method=\"get\">\n\n\t\t\t\t\n\t\t\t\t<label class=\"e-search-label\" for=\"search-d5f3449\">\n\t\t\t\t\t<span class=\"elementor-screen-only\">\n\t\t\t\t\t\tSearch\t\t\t\t\t<\/span>\n\t\t\t\t\t\t\t\t\t<\/label>\n\n\t\t\t\t<div class=\"e-search-input-wrapper\">\n\t\t\t\t\t<input id=\"search-d5f3449\" placeholder=\"Search...\" class=\"e-search-input\" type=\"search\" name=\"s\" value=\"\" autocomplete=\"off\" role=\"combobox\" aria-autocomplete=\"list\" aria-expanded=\"false\" aria-controls=\"results-d5f3449\" aria-haspopup=\"listbox\">\n\t\t\t\t\t<svg aria-hidden=\"true\" class=\"e-font-icon-svg e-fas-times\" viewBox=\"0 0 352 512\" xmlns=\"http:\/\/www.w3.org\/2000\/svg\"><path d=\"M242.72 256l100.07-100.07c12.28-12.28 12.28-32.19 0-44.48l-22.24-22.24c-12.28-12.28-32.19-12.28-44.48 0L176 189.28 75.93 89.21c-12.28-12.28-32.19-12.28-44.48 0L9.21 111.45c-12.28 12.28-12.28 32.19 0 44.48L109.28 256 9.21 356.07c-12.28 12.28-12.28 32.19 0 44.48l22.24 22.24c12.28 12.28 32.2 12.28 44.48 0L176 322.72l100.07 100.07c12.28 12.28 32.2 12.28 44.48 0l22.24-22.24c12.28-12.28 12.28-32.19 0-44.48L242.72 256z\"><\/path><\/svg>\t\t\t\t\t\t\t\t\t\t<output id=\"results-d5f3449\" class=\"e-search-results-container hide-loader\" aria-live=\"polite\" aria-atomic=\"true\" aria-label=\"Results for search\" tabindex=\"0\">\n\t\t\t\t\t\t<div class=\"e-search-results\"><\/div>\n\t\t\t\t\t\t\t\t\t\t\t<\/output>\n\t\t\t\t\t\t\t\t\t<\/div>\n\t\t\t\t\n\t\t\t\t\n\t\t\t\t<button class=\"e-search-submit  \" type=\"submit\" aria-label=\"Search\">\n\t\t\t\t\t<i aria-hidden=\"true\" class=\"icon icon-search2\"><\/i>\n\t\t\t\t\t\t\t\t\t<\/button>\n\t\t\t\t<input type=\"hidden\" name=\"e_search_props\" value=\"d5f3449-15286\">\n\t\t\t<\/form>\n\t\t<\/search>\n\t\t\t\t\t\t<\/div>\n\t\t\t\t<\/div>\n\t\t\t\t<\/div>\n\t\t<div class=\"elementor-element elementor-element-e195695 e-con-full e-flex e-con e-child\" data-id=\"e195695\" data-element_type=\"container\">\n\t\t\t\t<div class=\"elementor-element elementor-element-f615dc9 elementor-widget elementor-widget-image\" data-id=\"f615dc9\" data-element_type=\"widget\" data-widget_type=\"image.default\">\n\t\t\t\t<div class=\"elementor-widget-container\">\n\t\t\t\t\t\t\t\t\t\t\t\t\t\t\t<img fetchpriority=\"high\" decoding=\"async\" width=\"637\" height=\"1024\" src=\"https:\/\/www.hipzg.hr\/wp-content\/uploads\/2024\/12\/Domagoj_Novosel_01-637x1024.jpg\" class=\"attachment-large size-large wp-image-8665\" alt=\"\" srcset=\"https:\/\/www.hipzg.hr\/wp-content\/uploads\/2024\/12\/Domagoj_Novosel_01-637x1024.jpg 637w, https:\/\/www.hipzg.hr\/wp-content\/uploads\/2024\/12\/Domagoj_Novosel_01-scaled-e1733489940187-600x965.jpg 600w, https:\/\/www.hipzg.hr\/wp-content\/uploads\/2024\/12\/Domagoj_Novosel_01-187x300.jpg 187w, https:\/\/www.hipzg.hr\/wp-content\/uploads\/2024\/12\/Domagoj_Novosel_01-768x1235.jpg 768w, https:\/\/www.hipzg.hr\/wp-content\/uploads\/2024\/12\/Domagoj_Novosel_01-955x1536.jpg 955w, https:\/\/www.hipzg.hr\/wp-content\/uploads\/2024\/12\/Domagoj_Novosel_01-1274x2048.jpg 1274w, https:\/\/www.hipzg.hr\/wp-content\/uploads\/2024\/12\/Domagoj_Novosel_01-scaled-e1733489940187.jpg 720w\" sizes=\"(max-width: 637px) 100vw, 637px\" \/>\t\t\t\t\t\t\t\t\t\t\t\t\t\t\t<\/div>\n\t\t\t\t<\/div>\n\t\t\t\t<div class=\"elementor-element elementor-element-ea35e91 elementor-widget elementor-widget-heading\" data-id=\"ea35e91\" data-element_type=\"widget\" data-widget_type=\"heading.default\">\n\t\t\t\t<div class=\"elementor-widget-container\">\n\t\t\t\t\t<h6 class=\"elementor-heading-title elementor-size-default\">dr. sc. Domagoj Novosel<\/h6>\t\t\t\t<\/div>\n\t\t\t\t<\/div>\n\t\t\t\t<div class=\"elementor-element elementor-element-f349ebf elementor-widget elementor-widget-text-editor\" data-id=\"f349ebf\" data-element_type=\"widget\" data-widget_type=\"text-editor.default\">\n\t\t\t\t<div class=\"elementor-widget-container\">\n\t\t\t\t\t\t\t\t\t<p>znanstveni suradnik<br \/>Znanstveni odjel za suvremenu povijest<\/p>\t\t\t\t\t\t\t\t<\/div>\n\t\t\t\t<\/div>\n\t\t\t\t<div class=\"elementor-element elementor-element-96a515c elementor-icon-list--layout-traditional elementor-list-item-link-full_width elementor-widget elementor-widget-icon-list\" data-id=\"96a515c\" data-element_type=\"widget\" data-widget_type=\"icon-list.default\">\n\t\t\t\t<div class=\"elementor-widget-container\">\n\t\t\t\t\t\t\t<ul class=\"elementor-icon-list-items\">\n\t\t\t\t\t\t\t<li class=\"elementor-icon-list-item\">\n\t\t\t\t\t\t\t\t\t\t\t<span class=\"elementor-icon-list-icon\">\n\t\t\t\t\t\t\t<i aria-hidden=\"true\" class=\"icon icon-map-marker\"><\/i>\t\t\t\t\t\t<\/span>\n\t\t\t\t\t\t\t\t\t\t<span class=\"elementor-icon-list-text\">Opati\u010dka 10, 10000 Zagreb<\/span>\n\t\t\t\t\t\t\t\t\t<\/li>\n\t\t\t\t\t\t\t\t<li class=\"elementor-icon-list-item\">\n\t\t\t\t\t\t\t\t\t\t\t<span class=\"elementor-icon-list-icon\">\n\t\t\t\t\t\t\t<i aria-hidden=\"true\" class=\"icon icon-phone-handset\"><\/i>\t\t\t\t\t\t<\/span>\n\t\t\t\t\t\t\t\t\t\t<span class=\"elementor-icon-list-text\">+385 1 4851 721<\/span>\n\t\t\t\t\t\t\t\t\t<\/li>\n\t\t\t\t\t\t\t\t<li class=\"elementor-icon-list-item\">\n\t\t\t\t\t\t\t\t\t\t\t<span class=\"elementor-icon-list-icon\">\n\t\t\t\t\t\t\t<i aria-hidden=\"true\" class=\"icon icon-email\"><\/i>\t\t\t\t\t\t<\/span>\n\t\t\t\t\t\t\t\t\t\t<span class=\"elementor-icon-list-text\">domagoj.novosel5@gmail.com <\/span>\n\t\t\t\t\t\t\t\t\t<\/li>\n\t\t\t\t\t\t\t\t<li class=\"elementor-icon-list-item\">\n\t\t\t\t\t\t\t\t\t\t<span class=\"elementor-icon-list-text\"><span class=\"label\">MBZ:<\/span> 355620<\/span>\n\t\t\t\t\t\t\t\t\t<\/li>\n\t\t\t\t\t\t\t\t<li class=\"elementor-icon-list-item\">\n\t\t\t\t\t\t\t\t\t\t<span class=\"elementor-icon-list-text\"><span class=\"label\">CroRIS ID:<\/span> 33145<\/span>\n\t\t\t\t\t\t\t\t\t<\/li>\n\t\t\t\t\t\t<\/ul>\n\t\t\t\t\t\t<\/div>\n\t\t\t\t<\/div>\n\t\t\t\t<div class=\"elementor-element elementor-element-dabec99 elementor-icon-list--layout-traditional elementor-list-item-link-full_width elementor-widget elementor-widget-icon-list\" data-id=\"dabec99\" data-element_type=\"widget\" data-widget_type=\"icon-list.default\">\n\t\t\t\t<div class=\"elementor-widget-container\">\n\t\t\t\t\t\t\t<ul class=\"elementor-icon-list-items\">\n\t\t\t\t\t\t\t<li class=\"elementor-icon-list-item\">\n\t\t\t\t\t\t\t\t\t\t\t<a href=\"https:\/\/orcid.org\/0000-0002-0196-4472\" target=\"_blank\">\n\n\t\t\t\t\t\t\t\t\t\t\t<span class=\"elementor-icon-list-text\"><span class=\"label\">ORCID:<\/span> 0000-0002-0196-4472<\/span>\n\t\t\t\t\t\t\t\t\t\t\t<\/a>\n\t\t\t\t\t\t\t\t\t<\/li>\n\t\t\t\t\t\t<\/ul>\n\t\t\t\t\t\t<\/div>\n\t\t\t\t<\/div>\n\t\t\t\t<\/div>\n\t\t\t\t<\/div>\n\t\t\t\t\t<\/div>\n\t\t\t\t<\/div>\n\t\t\t\t<\/div>\n\t\t","protected":false},"excerpt":{"rendered":"<p>Domagoj Novosel ISTRA\u017dIVA\u010cKI INTERESI I RADNO ISKUSTVO Istra\u017eiva\u010dki interesi usmjereni su prema crkvenoj povijesti 20. stolje\u0107a i povijesnoj demografiji 2006. \u2013 2017., u\u010ditelj povijesti, Osnovna \u0161kola \u017duti Brijeg, Osnovna \u0161kola Antun Gustav Mato\u0161, Osnovna \u0161kola Vladimir Nazor, Osnovna \u0161kola Dragutin Ku\u0161lan2017. \u2013 2020., na\u010delnik sektora za demografski razvoj, Ministarstvo demografije, obitelji, mladih i socijalne politike2021. [&hellip;]<\/p>\n","protected":false},"author":6,"featured_media":0,"parent":0,"menu_order":0,"comment_status":"closed","ping_status":"closed","template":"elementor_header_footer","meta":{"iawp_total_views":18,"footnotes":""},"class_list":["post-15286","page","type-page","status-publish","hentry"],"_links":{"self":[{"href":"https:\/\/www.hipzg.hr\/en\/wp-json\/wp\/v2\/pages\/15286","targetHints":{"allow":["GET"]}}],"collection":[{"href":"https:\/\/www.hipzg.hr\/en\/wp-json\/wp\/v2\/pages"}],"about":[{"href":"https:\/\/www.hipzg.hr\/en\/wp-json\/wp\/v2\/types\/page"}],"author":[{"embeddable":true,"href":"https:\/\/www.hipzg.hr\/en\/wp-json\/wp\/v2\/users\/6"}],"replies":[{"embeddable":true,"href":"https:\/\/www.hipzg.hr\/en\/wp-json\/wp\/v2\/comments?post=15286"}],"version-history":[{"count":10,"href":"https:\/\/www.hipzg.hr\/en\/wp-json\/wp\/v2\/pages\/15286\/revisions"}],"predecessor-version":[{"id":15301,"href":"https:\/\/www.hipzg.hr\/en\/wp-json\/wp\/v2\/pages\/15286\/revisions\/15301"}],"wp:attachment":[{"href":"https:\/\/www.hipzg.hr\/en\/wp-json\/wp\/v2\/media?parent=15286"}],"curies":[{"name":"wp","href":"https:\/\/api.w.org\/{rel}","templated":true}]}}