{"id":15243,"date":"2026-03-19T10:59:31","date_gmt":"2026-03-19T09:59:31","guid":{"rendered":"https:\/\/www.hipzg.hr\/?page_id=15243"},"modified":"2026-03-24T19:47:17","modified_gmt":"2026-03-24T18:47:17","slug":"vladimir-geiger","status":"publish","type":"page","link":"https:\/\/www.hipzg.hr\/en\/vladimir-geiger\/","title":{"rendered":"Vladimir Geiger"},"content":{"rendered":"\t\t<div data-elementor-type=\"wp-page\" data-elementor-id=\"15243\" class=\"elementor elementor-15243\" data-elementor-post-type=\"page\">\n\t\t\t\t<div class=\"elementor-element elementor-element-4adf38b e-flex e-con-boxed e-con e-parent\" data-id=\"4adf38b\" data-element_type=\"container\">\n\t\t\t\t\t<div class=\"e-con-inner\">\n\t\t<div class=\"elementor-element elementor-element-60789e3 e-con-full e-flex e-con e-child\" data-id=\"60789e3\" data-element_type=\"container\">\n\t\t\t\t<div class=\"elementor-element elementor-element-cdbc1eb elementor-widget elementor-widget-heading\" data-id=\"cdbc1eb\" data-element_type=\"widget\" data-widget_type=\"heading.default\">\n\t\t\t\t<div class=\"elementor-widget-container\">\n\t\t\t\t\t<h2 class=\"elementor-heading-title elementor-size-default\">Vladimir Geiger<\/h2>\t\t\t\t<\/div>\n\t\t\t\t<\/div>\n\t\t\t\t<div class=\"elementor-element elementor-element-540c1c3 elementor-widget elementor-widget-spacer\" data-id=\"540c1c3\" data-element_type=\"widget\" data-widget_type=\"spacer.default\">\n\t\t\t\t<div class=\"elementor-widget-container\">\n\t\t\t\t\t\t\t<div class=\"elementor-spacer\">\n\t\t\t<div class=\"elementor-spacer-inner\"><\/div>\n\t\t<\/div>\n\t\t\t\t\t\t<\/div>\n\t\t\t\t<\/div>\n\t\t\t\t<div class=\"elementor-element elementor-element-d2be703 elementor-widget elementor-widget-heading\" data-id=\"d2be703\" data-element_type=\"widget\" data-widget_type=\"heading.default\">\n\t\t\t\t<div class=\"elementor-widget-container\">\n\t\t\t\t\t<h5 class=\"elementor-heading-title elementor-size-default\">ISTRA\u017dIVA\u010cKI INTERESI I RADNO ISKUSTVO<\/h5>\t\t\t\t<\/div>\n\t\t\t\t<\/div>\n\t\t\t\t<div class=\"elementor-element elementor-element-6aabc1c elementor-widget elementor-widget-text-editor\" data-id=\"6aabc1c\" data-element_type=\"widget\" data-widget_type=\"text-editor.default\">\n\t\t\t\t<div class=\"elementor-widget-container\">\n\t\t\t\t\t\t\t\t\t<p>Od 1993. radi u Hrvatskom institutu za povijest (tada Institut za suvremenu povijest) u Zagrebu. Bavi se istra\u017eivanjem povijesti hrvatskih Nijemaca, partizanske i komunisti\u010dke represije i zlo\u010dina, usta\u0161ke represije i zlo\u010dina, ponajprije razdobljem Drugoga svjetskog rata i neposrednog pora\u0107a, s naglaskom na istra\u017eivanju ljudskih gubitaka te broj\u010danih pokazatelja stradalih i \u017ertava rata u Hrvatskoj, \u0161to su bile teme i njegovih izlaganja na mnogobrojnim doma\u0107im i me\u0111unarodnim znanstvenim i stru\u010dnim skupovima. Znatnu pozornost posvetio i numizmatici, ponajprije istra\u017eivanju krivotvorenja i dizajna i ikonografije austro-ugarskih i jugoslavenskih nov\u010danica. Objavio je, samostalno ili u suautorstvu, u doma\u0107im i stranim \u010dasopisima i zbornicima niz znanstvenih i stru\u010dnih radova i nekoliko znanstvenih knjiga i zbirki dokumenata.<\/p><p>1993. \u2013 1998. znanstveni novak, Hrvatski institut za povijest<br \/>1998. \u2013 2002. znanstveni suradnik, Hrvatski institut za povijest<br \/>2002. \u2013 2007. vi\u0161i znanstveni suradnik, Hrvatski institut za povijest<br \/>2007. \u2013 2012. znanstveni savjetnik, Hrvatski institut za povijest<br \/>2012. \u2013 znanstveni savjetnik u trajnom izboru, Hrvatski institut za povijest<\/p>\t\t\t\t\t\t\t\t<\/div>\n\t\t\t\t<\/div>\n\t\t\t\t<div class=\"elementor-element elementor-element-804a7c2 elementor-widget elementor-widget-heading\" data-id=\"804a7c2\" data-element_type=\"widget\" data-widget_type=\"heading.default\">\n\t\t\t\t<div class=\"elementor-widget-container\">\n\t\t\t\t\t<h5 class=\"elementor-heading-title elementor-size-default\">OBRAZOVANJE<\/h5>\t\t\t\t<\/div>\n\t\t\t\t<\/div>\n\t\t\t\t<div class=\"elementor-element elementor-element-137a345 elementor-widget elementor-widget-text-editor\" data-id=\"137a345\" data-element_type=\"widget\" data-widget_type=\"text-editor.default\">\n\t\t\t\t<div class=\"elementor-widget-container\">\n\t\t\t\t\t\t\t\t\t<p>Na Odsjeku za povijest Filozofskog fakulteta Sveu\u010dili\u0161ta u Zagrebu diplomirao 1993. povijest s temom \u201cNjema\u010dka narodna skupina u Nezavisnoj Dr\u017eavi Hrvatskoj (1941. &#8211; 1945.)\u201d i doktorirao 1996. s tezom \u201cNjema\u010dka etni\u010dka zajednica u \u0110akovu i \u0110akov\u0161tini od po\u010detka 19. do sredine 20. stolje\u0107a\u201d.<\/p>\t\t\t\t\t\t\t\t<\/div>\n\t\t\t\t<\/div>\n\t\t\t\t<div class=\"elementor-element elementor-element-946d4d8 elementor-widget elementor-widget-heading\" data-id=\"946d4d8\" data-element_type=\"widget\" data-widget_type=\"heading.default\">\n\t\t\t\t<div class=\"elementor-widget-container\">\n\t\t\t\t\t<h5 class=\"elementor-heading-title elementor-size-default\">PROJEKTI<\/h5>\t\t\t\t<\/div>\n\t\t\t\t<\/div>\n\t\t\t\t<div class=\"elementor-element elementor-element-05bdef4 elementor-widget elementor-widget-text-editor\" data-id=\"05bdef4\" data-element_type=\"widget\" data-widget_type=\"text-editor.default\">\n\t\t\t\t<div class=\"elementor-widget-container\">\n\t\t\t\t\t\t\t\t\t<ul><li>&#8220;Politi\u010dko ozra\u010dje i represija u Hrvatskoj i Jugoslaviji od 1941. do 1995. \u2013 selektivna sje\u0107anja i interpretacije&#8221;, koji financira Europska unija programom NextGenerationEU, broj projekta 380-01-02-23-44.<\/li><\/ul>\t\t\t\t\t\t\t\t<\/div>\n\t\t\t\t<\/div>\n\t\t\t\t<div class=\"elementor-element elementor-element-3a7ec6a elementor-widget elementor-widget-heading\" data-id=\"3a7ec6a\" data-element_type=\"widget\" data-widget_type=\"heading.default\">\n\t\t\t\t<div class=\"elementor-widget-container\">\n\t\t\t\t\t<h5 class=\"elementor-heading-title elementor-size-default\">NAGRADE<\/h5>\t\t\t\t<\/div>\n\t\t\t\t<\/div>\n\t\t\t\t<div class=\"elementor-element elementor-element-f4a98ea elementor-widget elementor-widget-text-editor\" data-id=\"f4a98ea\" data-element_type=\"widget\" data-widget_type=\"text-editor.default\">\n\t\t\t\t<div class=\"elementor-widget-container\">\n\t\t\t\t\t\t\t\t\t<ul><li>Donauschw\u00e4bischer Kulturpreis des Landes Baden-W\u00fcrttemberg f\u00fcr 2009<\/li><li>Povelja zahvalnosti Grada \u0110akova 2009.<\/li><li>Nagrada Ljubica \u0160tefan za publicistiku Hrvatske kulturne zaklade 2013.<\/li><\/ul>\t\t\t\t\t\t\t\t<\/div>\n\t\t\t\t<\/div>\n\t\t\t\t<div class=\"elementor-element elementor-element-d5102f9 elementor-widget elementor-widget-text-editor\" data-id=\"d5102f9\" data-element_type=\"widget\" data-widget_type=\"text-editor.default\">\n\t\t\t\t<div class=\"elementor-widget-container\">\n\t\t\t\t\t\t\t\t\t<h5 class=\"inline-h5\">PUBLIKACIJE<\/h5><p>(potpuna bibliografija radova dostupna na: <a href=\"https:\/\/www.croris.hr\/osobe\/profil\/7280\" target=\"_blank\" rel=\"noopener\">CroRIS<\/a>)<\/p><ul><li>Vladimir Geiger, <em>Die Kolonisation der Deutschen. Die Besiedlung von \u0110akovo\/Djakovo, Slawonien und der Umgebung (Djakowschtina)<\/em>, s.l. [Sindelfingen: Heimatortsgemeinschaft Gorjani \u2013 Tomaschanzi \u2013 Ivanowzi], s.a. [1990.], 54 str.<\/li><li>Vladimir Geiger i Ivan Jurkovi\u0107, \u0160to se dogodilo s Folksdoj\u010derima? Sudbina Nijemaca u biv\u0161oj Jugoslaviji, Zagreb: Njema\u010dka narodnosna zajednica \/ Volksdeutsche Gemeinschaft, 1993., 140 str.<\/li><li>Pisma iz Krndije, priredili: Vladimir Geiger i Ivan Jurkovi\u0107, Zagreb: Njema\u010dka narodnosna zajednica \/ Volksdeutsche Gemeinschaft, 1994., 152 str.<\/li><li>Vladimir Geiger, Nestanak Folksdoj\u010dera, Zagreb: Nova Stvarnost, 1997., 156 str.<\/li><li>Radni logor Valpovo 1945. \u2013 1946. Dokumenti, priredio: Vladimir Geiger, Osijek: Njema\u010dka narodnosna zajednica Zemaljska udruga Podunavskih \u0160vaba u Hrvatskoj \/ Volksdeutsche Gemeinschaft Landsmannschaft der Donauschwaben in Kroatien, 1999., 443 str.<\/li><li>Vladimir Geiger, Nijemci u \u0110akovu i \u0110akov\u0161tini, Zagreb: Hrvatski institut za povijest; Dom i svijet, 2001., 231 str.<\/li><li>Vladimir Geiger, Folksdoj\u010deri. Pod teretom kolektivne krivnje, Osijek: Njema\u010dka narodnosna zajednica Zemaljska udruga Podunavskih \u0160vaba u Hrvatskoj \/ Volksdeutsche Gemeinschaft Landsmannschaft der Donauschwaben in Kroatien, 2002., 203 str.<\/li><li>Partizanska i komunisti\u010dka represija i zlo\u010dini u Hrvatskoj 1944. \u2013 1946. Dokumenti, priredili: Zdravko Dizdar, Vladimir Geiger, Milan Poji\u0107 i Mate Rupi\u0107, Slavonski Brod: Hrvatski institut za povijest &#8211; Podru\u017enica za povijest Slavonije, Srijema i Baranje, 2005. [prvo i drugo izdanje], 2009. [tre\u0107e izdanje], 344 str.<\/li><li>Partizanska i komunisti\u010dka represija i zlo\u010dini u Hrvatskoj 1944. \u2013 1946. Dokumenti. Slavonija, Srijem i Baranja, priredio: Vladimir Geiger, Slavonski Brod: Hrvatski institut za povijest &#8211; Podru\u017enica za povijest Slavonije, Srijema i Baranje, 2006., 713 str.<\/li><li>Partizanska i komunisti\u010dka represija i zlo\u010dini u Hrvatskoj 1944. \u2013 1946. Dokumenti. Zagreb i sredi\u0161nja Hrvatska, priredili: Vladimir Geiger, Mate Rupi\u0107, Mario Kevo, Egon Kraljevi\u0107 i Zvonimir Despot, Slavonski Brod; Zagreb: Hrvatski institut za povijest &#8211; Podru\u017enica za povijest Slavonije, Srijema i Baranje; Hrvatski institut za povijest, 2008., 981 str. \u00a0<\/li><li>Vladimir Geiger, Logor Krndija 1945. \u2013 1946., Zagreb; Slavonski Brod: Hrvatski institut za povijest; Hrvatski institut za povijest &#8211; Podru\u017enica za povijest Slavonije, Srijema i Baranje, 2008., 497 str.<\/li><li>Vladimir Geiger, Sudbina jugoslavenskih Nijemaca u hrvatskoj i srpskoj knji\u017eevnosti \/ Das Schicksal der Jugoslawiendeutschen in der kroatischen und serbischen Literatur, Zagreb: Zajednica Nijemaca u Hrvatskoj \/ Gemeinschaft der Deutschen in Kroatien, 2009., 109 \/ 129 str.<\/li><li>Partisan and Communist Repression and Crimes in Croatia 1944 \u2013 1946. Documents. Slavonia, Syrmia and Baranya, Prepared by: Vladimir Geiger, Bismarck, North Dakota: University of Mary Press, 2011., 389 str.<\/li><li>Partizanska i komunisti\u010dka represija i zlo\u010dini u Hrvatskoj 1944. \u2013 1946. Dokumenti. Dalmacija, priredili: Mate Rupi\u0107 i Vladimir Geiger, Slavonski Brod; Zagreb: Hrvatski institut za povijest &#8211; Podru\u017enica za povijest Slavonije, Srijema i Baranje; Hrvatski institut za povijest, 2011., 980 str<\/li><li>Vladimir Geiger, Josip Broz Tito i ratni zlo\u010dini. Bleiburg \u2013 Folksdoj\u010deri, Zagreb: Hrvatski institut za povijest, 2013., 151 str.<\/li><li>\u0110akovo i \u0110akov\u0161tina u Prvom svjetskom ratu 1914. \u2013 1918., autori kataloga i izlo\u017ebe: Branko Ostajmer i Vladimir Geiger, \u0110akovo: Muzej \u0110akov\u0161tine; Dru\u0161tvo ljubitelja starina, \u0110akovo, 2014., 48 str.<\/li><li>Vladimir Geiger i Branko Kranj\u010dev, <em>Radni logor \u0160ipovac-Na\u0161ice 1945. &#8211; 1946.<\/em>, Na\u0161ice: Zavi\u010dajni muzej Na\u0161ice; Udruga Nijemaca i Austrijanaca Na\u0161ice, 2015., 189 str.<\/li><li><em>Dokumenti o zlo\u010dinima 12. proleterske brigade XII. udarne divizije III. jugoslavenske armije u selima kotara Donji Andrijevci po\u010detkom studenoga 1945.<\/em>, priredili: Mate Rupi\u0107, Vladimir Geiger i Branko Ostajmer, Slavonski Brod: Hrvatski institut za povijest &#8211; Podru\u017enica za povijest Slavonije, Srijema i Baranje, 2016., 222 str.<\/li><li>Vladimir Geiger, Mario Jareb i Davor Kova\u010di\u0107, <em>Jadovno i \u0160aranova jama. Kontroverze i manipulacije<\/em>, Zagreb: Hrvatski institut za povijest, 2017., 147 str.<\/li><li>Vladimir Geiger i Suzana Le\u010dek, <em>Krivnja i kazna. Politika odmazde i sudski proces <\/em><em>ministru u Vladi NDH \u017divanu Kuve\u017edi\u0107u 1948.-1949.<\/em>, Slavonski Brod: Hrvatski institut za povijest Podru\u017enica za povijest Slavonije, Srijema i Baranje, 2018., 472 str. \u00a0<\/li><li>Bogn\u00e1r Andr\u00e1s, Horv\u00e1th M. L\u00e1szl\u00f3, Vladimir Geiger, <em>A magyarok \u00e9s n\u00e9metek vesztes\u00e9ge Horv\u00e1torsz\u00e1gban \u00e9s B\u00e1csk\u00e1ban 1944\/45-ben \u00e9s a h\u00e1bor\u00fa ut\u00e1n<\/em><em> \/ Stradanje<\/em> <em>Ma<\/em><em>\u0111<\/em><em>ara<\/em> <em>i<\/em> <em>Nijemaca<\/em> <em>u<\/em> <em>Hrvatskoj<\/em> <em>i<\/em> <em>Ba<\/em><em>\u010d<\/em><em>koj<\/em><em> 1944\/45 <\/em><em>i<\/em> <em>u<\/em> <em>pora<\/em><em>\u0107<\/em><em>u<\/em>, Zagreb; Budapest: Horv\u00e1torsz\u00e1gi Magyar Tudom\u00e1nyos \u00e9s M\u0171v\u00e9szeti T\u00e1rsas\u00e1g, Z\u00e1gr\u00e1b; Croatica, Budapest; Nova stvarnost, Zagreb, 2018., 223 \/\u00a0 167 str.<\/li><li>Vladimir Geiger i Suzana Le\u010dek, <em>\u017divan Kuve\u017edi\u0107 (1887. \u2013 1949.). Narodni poslanik i zastupnik<\/em>, Drenovci: Duhovno hra\u0161\u0107e, 2019., 71 str.<\/li><li>Vladimir Geiger, <em>Velika Pisanica 1945. Sabirni, radni i prolazni logor za folksdoj\u010dere<\/em>, Zagreb: Hrvatski institut za povijest; Ogranak Matice hrvatske u Bjelovaru, 2020., 259 str.<\/li><li>Vladimir Geiger i Suzana Le\u010dek, \u201e<em>Bog \u010duva Jugoslaviju\u201d. Politi\u010dka i ideolo\u0161ka pozadina dizajna i ikonografije nov\u010danica Kraljevine SHS\/Jugoslavije<\/em>, Zagreb: Hrvatski institut za povijest, 2020., 240 str. \u00a0<\/li><li>Vladimir Geiger, Pero \u0160ola i Marko Krznari\u0107, <em>Groblje hrvatskih vojnika na Mirogoju, Zagreb, 1941. \u2013 1945. O uklanjanju u pora\u0107u 1945. \u2013 1946. grobalja i grobova \u201eokupatora\u201d i \u201enarodnih neprijatelja\u201d poginulih 1941. \u2013 1945. u Nezavisnoj Dr\u017eavi Hrvatskoj<\/em>, Zagreb: Hrvatski institut za povijest, 2022., 515 str.<\/li><\/ul>\t\t\t\t\t\t\t\t<\/div>\n\t\t\t\t<\/div>\n\t\t\t\t<\/div>\n\t\t<div class=\"elementor-element elementor-element-dd22859 e-con-full e-flex e-con e-child\" data-id=\"dd22859\" data-element_type=\"container\">\n\t\t<div class=\"elementor-element elementor-element-580f544 e-con-full e-flex e-con e-child\" data-id=\"580f544\" data-element_type=\"container\">\n\t\t\t\t<div class=\"elementor-element elementor-element-d5f3449 elementor-widget elementor-widget-search\" data-id=\"d5f3449\" data-element_type=\"widget\" data-settings=\"{&quot;submit_trigger&quot;:&quot;click_submit&quot;,&quot;pagination_type_options&quot;:&quot;none&quot;}\" data-widget_type=\"search.default\">\n\t\t\t\t<div class=\"elementor-widget-container\">\n\t\t\t\t\t\t\t<search class=\"e-search hidden\" role=\"search\">\n\t\t\t<form class=\"e-search-form\" action=\"https:\/\/www.hipzg.hr\/en\/\" method=\"get\">\n\n\t\t\t\t\n\t\t\t\t<label class=\"e-search-label\" for=\"search-d5f3449\">\n\t\t\t\t\t<span class=\"elementor-screen-only\">\n\t\t\t\t\t\tSearch\t\t\t\t\t<\/span>\n\t\t\t\t\t\t\t\t\t<\/label>\n\n\t\t\t\t<div class=\"e-search-input-wrapper\">\n\t\t\t\t\t<input id=\"search-d5f3449\" placeholder=\"Search...\" class=\"e-search-input\" type=\"search\" name=\"s\" value=\"\" autocomplete=\"off\" role=\"combobox\" aria-autocomplete=\"list\" aria-expanded=\"false\" aria-controls=\"results-d5f3449\" aria-haspopup=\"listbox\">\n\t\t\t\t\t<svg aria-hidden=\"true\" class=\"e-font-icon-svg e-fas-times\" viewBox=\"0 0 352 512\" xmlns=\"http:\/\/www.w3.org\/2000\/svg\"><path d=\"M242.72 256l100.07-100.07c12.28-12.28 12.28-32.19 0-44.48l-22.24-22.24c-12.28-12.28-32.19-12.28-44.48 0L176 189.28 75.93 89.21c-12.28-12.28-32.19-12.28-44.48 0L9.21 111.45c-12.28 12.28-12.28 32.19 0 44.48L109.28 256 9.21 356.07c-12.28 12.28-12.28 32.19 0 44.48l22.24 22.24c12.28 12.28 32.2 12.28 44.48 0L176 322.72l100.07 100.07c12.28 12.28 32.2 12.28 44.48 0l22.24-22.24c12.28-12.28 12.28-32.19 0-44.48L242.72 256z\"><\/path><\/svg>\t\t\t\t\t\t\t\t\t\t<output id=\"results-d5f3449\" class=\"e-search-results-container hide-loader\" aria-live=\"polite\" aria-atomic=\"true\" aria-label=\"Results for search\" tabindex=\"0\">\n\t\t\t\t\t\t<div class=\"e-search-results\"><\/div>\n\t\t\t\t\t\t\t\t\t\t\t<\/output>\n\t\t\t\t\t\t\t\t\t<\/div>\n\t\t\t\t\n\t\t\t\t\n\t\t\t\t<button class=\"e-search-submit  \" type=\"submit\" aria-label=\"Search\">\n\t\t\t\t\t<i aria-hidden=\"true\" class=\"icon icon-search2\"><\/i>\n\t\t\t\t\t\t\t\t\t<\/button>\n\t\t\t\t<input type=\"hidden\" name=\"e_search_props\" value=\"d5f3449-15243\">\n\t\t\t<\/form>\n\t\t<\/search>\n\t\t\t\t\t\t<\/div>\n\t\t\t\t<\/div>\n\t\t\t\t<\/div>\n\t\t<div class=\"elementor-element elementor-element-e195695 e-con-full e-flex e-con e-child\" data-id=\"e195695\" data-element_type=\"container\">\n\t\t\t\t<div class=\"elementor-element elementor-element-f615dc9 elementor-widget elementor-widget-image\" data-id=\"f615dc9\" data-element_type=\"widget\" data-widget_type=\"image.default\">\n\t\t\t\t<div class=\"elementor-widget-container\">\n\t\t\t\t\t\t\t\t\t\t\t\t\t\t\t<img fetchpriority=\"high\" decoding=\"async\" width=\"800\" height=\"653\" src=\"https:\/\/www.hipzg.hr\/wp-content\/uploads\/2024\/12\/Vladimir_Geiger-1024x836.jpg\" class=\"attachment-large size-large wp-image-8771\" alt=\"\" srcset=\"https:\/\/www.hipzg.hr\/wp-content\/uploads\/2024\/12\/Vladimir_Geiger-1024x836.jpg 1024w, https:\/\/www.hipzg.hr\/wp-content\/uploads\/2024\/12\/Vladimir_Geiger-600x490.jpg 600w, https:\/\/www.hipzg.hr\/wp-content\/uploads\/2024\/12\/Vladimir_Geiger-300x245.jpg 300w, https:\/\/www.hipzg.hr\/wp-content\/uploads\/2024\/12\/Vladimir_Geiger-768x627.jpg 768w, https:\/\/www.hipzg.hr\/wp-content\/uploads\/2024\/12\/Vladimir_Geiger.jpg 1254w\" sizes=\"(max-width: 800px) 100vw, 800px\" \/>\t\t\t\t\t\t\t\t\t\t\t\t\t\t\t<\/div>\n\t\t\t\t<\/div>\n\t\t\t\t<div class=\"elementor-element elementor-element-ea35e91 elementor-widget elementor-widget-heading\" data-id=\"ea35e91\" data-element_type=\"widget\" data-widget_type=\"heading.default\">\n\t\t\t\t<div class=\"elementor-widget-container\">\n\t\t\t\t\t<h6 class=\"elementor-heading-title elementor-size-default\">dr. sc. Vladimir Geiger<\/h6>\t\t\t\t<\/div>\n\t\t\t\t<\/div>\n\t\t\t\t<div class=\"elementor-element elementor-element-f349ebf elementor-widget elementor-widget-text-editor\" data-id=\"f349ebf\" data-element_type=\"widget\" data-widget_type=\"text-editor.default\">\n\t\t\t\t<div class=\"elementor-widget-container\">\n\t\t\t\t\t\t\t\t\t<p>znanstveni savjetnik u trajnom izboru<br \/>Znanstveni odjel za suvremenu povijest<\/p>\t\t\t\t\t\t\t\t<\/div>\n\t\t\t\t<\/div>\n\t\t\t\t<div class=\"elementor-element elementor-element-96a515c elementor-icon-list--layout-traditional elementor-list-item-link-full_width elementor-widget elementor-widget-icon-list\" data-id=\"96a515c\" data-element_type=\"widget\" data-widget_type=\"icon-list.default\">\n\t\t\t\t<div class=\"elementor-widget-container\">\n\t\t\t\t\t\t\t<ul class=\"elementor-icon-list-items\">\n\t\t\t\t\t\t\t<li class=\"elementor-icon-list-item\">\n\t\t\t\t\t\t\t\t\t\t\t<span class=\"elementor-icon-list-icon\">\n\t\t\t\t\t\t\t<i aria-hidden=\"true\" class=\"icon icon-map-marker\"><\/i>\t\t\t\t\t\t<\/span>\n\t\t\t\t\t\t\t\t\t\t<span class=\"elementor-icon-list-text\">Opati\u010dka 10, 10000 Zagreb<\/span>\n\t\t\t\t\t\t\t\t\t<\/li>\n\t\t\t\t\t\t\t\t<li class=\"elementor-icon-list-item\">\n\t\t\t\t\t\t\t\t\t\t\t<span class=\"elementor-icon-list-icon\">\n\t\t\t\t\t\t\t<i aria-hidden=\"true\" class=\"icon icon-phone-handset\"><\/i>\t\t\t\t\t\t<\/span>\n\t\t\t\t\t\t\t\t\t\t<span class=\"elementor-icon-list-text\">+385 1 4851 721<\/span>\n\t\t\t\t\t\t\t\t\t<\/li>\n\t\t\t\t\t\t\t\t<li class=\"elementor-icon-list-item\">\n\t\t\t\t\t\t\t\t\t\t\t<span class=\"elementor-icon-list-icon\">\n\t\t\t\t\t\t\t<i aria-hidden=\"true\" class=\"icon icon-email\"><\/i>\t\t\t\t\t\t<\/span>\n\t\t\t\t\t\t\t\t\t\t<span class=\"elementor-icon-list-text\">geiger@isp.hr<\/span>\n\t\t\t\t\t\t\t\t\t<\/li>\n\t\t\t\t\t\t\t\t<li class=\"elementor-icon-list-item\">\n\t\t\t\t\t\t\t\t\t\t<span class=\"elementor-icon-list-text\"><span class=\"label\">MBZ:<\/span> 202910<\/span>\n\t\t\t\t\t\t\t\t\t<\/li>\n\t\t\t\t\t\t\t\t<li class=\"elementor-icon-list-item\">\n\t\t\t\t\t\t\t\t\t\t<span class=\"elementor-icon-list-text\"><span class=\"label\">CroRIS ID:<\/span> 7280<\/span>\n\t\t\t\t\t\t\t\t\t<\/li>\n\t\t\t\t\t\t<\/ul>\n\t\t\t\t\t\t<\/div>\n\t\t\t\t<\/div>\n\t\t\t\t<div class=\"elementor-element elementor-element-dabec99 elementor-icon-list--layout-traditional elementor-list-item-link-full_width elementor-widget elementor-widget-icon-list\" data-id=\"dabec99\" data-element_type=\"widget\" data-widget_type=\"icon-list.default\">\n\t\t\t\t<div class=\"elementor-widget-container\">\n\t\t\t\t\t\t\t<ul class=\"elementor-icon-list-items\">\n\t\t\t\t\t\t\t<li class=\"elementor-icon-list-item\">\n\t\t\t\t\t\t\t\t\t\t\t<a href=\"https:\/\/orcid.org\/0000-0003-0051-9817\" target=\"_blank\">\n\n\t\t\t\t\t\t\t\t\t\t\t<span class=\"elementor-icon-list-text\"><span class=\"label\">ORCID:<\/span> 0000-0003-0051-9817<\/span>\n\t\t\t\t\t\t\t\t\t\t\t<\/a>\n\t\t\t\t\t\t\t\t\t<\/li>\n\t\t\t\t\t\t<\/ul>\n\t\t\t\t\t\t<\/div>\n\t\t\t\t<\/div>\n\t\t\t\t<\/div>\n\t\t\t\t<\/div>\n\t\t\t\t\t<\/div>\n\t\t\t\t<\/div>\n\t\t\t\t<\/div>\n\t\t","protected":false},"excerpt":{"rendered":"<p>Vladimir Geiger ISTRA\u017dIVA\u010cKI INTERESI I RADNO ISKUSTVO Od 1993. radi u Hrvatskom institutu za povijest (tada Institut za suvremenu povijest) u Zagrebu. Bavi se istra\u017eivanjem povijesti hrvatskih Nijemaca, partizanske i komunisti\u010dke represije i zlo\u010dina, usta\u0161ke represije i zlo\u010dina, ponajprije razdobljem Drugoga svjetskog rata i neposrednog pora\u0107a, s naglaskom na istra\u017eivanju ljudskih gubitaka te broj\u010danih pokazatelja [&hellip;]<\/p>\n","protected":false},"author":6,"featured_media":0,"parent":0,"menu_order":0,"comment_status":"closed","ping_status":"closed","template":"elementor_header_footer","meta":{"iawp_total_views":60,"footnotes":""},"class_list":["post-15243","page","type-page","status-publish","hentry"],"_links":{"self":[{"href":"https:\/\/www.hipzg.hr\/en\/wp-json\/wp\/v2\/pages\/15243","targetHints":{"allow":["GET"]}}],"collection":[{"href":"https:\/\/www.hipzg.hr\/en\/wp-json\/wp\/v2\/pages"}],"about":[{"href":"https:\/\/www.hipzg.hr\/en\/wp-json\/wp\/v2\/types\/page"}],"author":[{"embeddable":true,"href":"https:\/\/www.hipzg.hr\/en\/wp-json\/wp\/v2\/users\/6"}],"replies":[{"embeddable":true,"href":"https:\/\/www.hipzg.hr\/en\/wp-json\/wp\/v2\/comments?post=15243"}],"version-history":[{"count":19,"href":"https:\/\/www.hipzg.hr\/en\/wp-json\/wp\/v2\/pages\/15243\/revisions"}],"predecessor-version":[{"id":15285,"href":"https:\/\/www.hipzg.hr\/en\/wp-json\/wp\/v2\/pages\/15243\/revisions\/15285"}],"wp:attachment":[{"href":"https:\/\/www.hipzg.hr\/en\/wp-json\/wp\/v2\/media?parent=15243"}],"curies":[{"name":"wp","href":"https:\/\/api.w.org\/{rel}","templated":true}]}}