{"id":15232,"date":"2026-03-19T10:46:56","date_gmt":"2026-03-19T09:46:56","guid":{"rendered":"https:\/\/www.hipzg.hr\/?page_id=15232"},"modified":"2026-04-28T14:05:29","modified_gmt":"2026-04-28T12:05:29","slug":"marta-jurkovic","status":"publish","type":"page","link":"https:\/\/www.hipzg.hr\/en\/marta-jurkovic\/","title":{"rendered":"Marta Jurkovi\u0107"},"content":{"rendered":"\t\t<div data-elementor-type=\"wp-page\" data-elementor-id=\"15232\" class=\"elementor elementor-15232\" data-elementor-post-type=\"page\">\n\t\t\t\t<div class=\"elementor-element elementor-element-4adf38b e-flex e-con-boxed e-con e-parent\" data-id=\"4adf38b\" data-element_type=\"container\">\n\t\t\t\t\t<div class=\"e-con-inner\">\n\t\t<div class=\"elementor-element elementor-element-60789e3 e-con-full e-flex e-con e-child\" data-id=\"60789e3\" data-element_type=\"container\">\n\t\t\t\t<div class=\"elementor-element elementor-element-cdbc1eb elementor-widget elementor-widget-heading\" data-id=\"cdbc1eb\" data-element_type=\"widget\" data-widget_type=\"heading.default\">\n\t\t\t\t<div class=\"elementor-widget-container\">\n\t\t\t\t\t<h2 class=\"elementor-heading-title elementor-size-default\">Marta Jurkovi\u0107<\/h2>\t\t\t\t<\/div>\n\t\t\t\t<\/div>\n\t\t\t\t<div class=\"elementor-element elementor-element-540c1c3 elementor-widget elementor-widget-spacer\" data-id=\"540c1c3\" data-element_type=\"widget\" data-widget_type=\"spacer.default\">\n\t\t\t\t<div class=\"elementor-widget-container\">\n\t\t\t\t\t\t\t<div class=\"elementor-spacer\">\n\t\t\t<div class=\"elementor-spacer-inner\"><\/div>\n\t\t<\/div>\n\t\t\t\t\t\t<\/div>\n\t\t\t\t<\/div>\n\t\t\t\t<div class=\"elementor-element elementor-element-d2be703 elementor-widget elementor-widget-heading\" data-id=\"d2be703\" data-element_type=\"widget\" data-widget_type=\"heading.default\">\n\t\t\t\t<div class=\"elementor-widget-container\">\n\t\t\t\t\t<h5 class=\"elementor-heading-title elementor-size-default\">ISTRA\u017dIVA\u010cKI INTERESI I RADNO ISKUSTVO<\/h5>\t\t\t\t<\/div>\n\t\t\t\t<\/div>\n\t\t\t\t<div class=\"elementor-element elementor-element-6aabc1c elementor-widget elementor-widget-text-editor\" data-id=\"6aabc1c\" data-element_type=\"widget\" data-widget_type=\"text-editor.default\">\n\t\t\t\t<div class=\"elementor-widget-container\">\n\t\t\t\t\t\t\t\t\t<p>Intelektualna historija; historijska antropologija; hrvatska i europska povijest ranoga novog vijeka.<\/p><p>listopad 2021. \u2013 sije\u010danj 2022. prevoditeljica pripravnica u Glavnoj upravi za pismeno prevo\u0111enje Europske komisije (Luksemburg);<br \/>listopad 2022. \u2013 svibanj 2023. poslovna analiti\u010darka u Encode Clubu;<br \/>od srpnja 2024. asistentica na Odjelu za ranonovovjekovnu povijest Hrvatskog instituta za povijest<\/p>\t\t\t\t\t\t\t\t<\/div>\n\t\t\t\t<\/div>\n\t\t\t\t<div class=\"elementor-element elementor-element-804a7c2 elementor-widget elementor-widget-heading\" data-id=\"804a7c2\" data-element_type=\"widget\" data-widget_type=\"heading.default\">\n\t\t\t\t<div class=\"elementor-widget-container\">\n\t\t\t\t\t<h5 class=\"elementor-heading-title elementor-size-default\">OBRAZOVANJE<\/h5>\t\t\t\t<\/div>\n\t\t\t\t<\/div>\n\t\t\t\t<div class=\"elementor-element elementor-element-137a345 elementor-widget elementor-widget-text-editor\" data-id=\"137a345\" data-element_type=\"widget\" data-widget_type=\"text-editor.default\">\n\t\t\t\t<div class=\"elementor-widget-container\">\n\t\t\t\t\t\t\t\t\t<ul><li>2016. \u2013 2019. preddiplomski studij povijesti i anglistike pri Filozofskom fakultetu Sveu\u010dili\u0161ta u Zagrebu, diplomirala: 2019.<\/li><li>2019. \u2013 2022. diplomski studij povijesti (smjer: istra\u017eiva\u010dki, modul: rani novi vijek) i anglistike (smjer: prevoditeljski) pri Filozofskom fakultetu Sveu\u010dili\u0161ta u Zagrebu, diplomirala: 2022.<\/li><li>od 2024. poslijediplomski doktorski studij Predmoderne povijesti pri Filozofskom fakultetu Sveu\u010dili\u0161ta u Zagrebu<\/li><\/ul>\t\t\t\t\t\t\t\t<\/div>\n\t\t\t\t<\/div>\n\t\t\t\t<div class=\"elementor-element elementor-element-946d4d8 elementor-widget elementor-widget-heading\" data-id=\"946d4d8\" data-element_type=\"widget\" data-widget_type=\"heading.default\">\n\t\t\t\t<div class=\"elementor-widget-container\">\n\t\t\t\t\t<h5 class=\"elementor-heading-title elementor-size-default\">PROJEKTI<\/h5>\t\t\t\t<\/div>\n\t\t\t\t<\/div>\n\t\t\t\t<div class=\"elementor-element elementor-element-05bdef4 elementor-widget elementor-widget-text-editor\" data-id=\"05bdef4\" data-element_type=\"widget\" data-widget_type=\"text-editor.default\">\n\t\t\t\t<div class=\"elementor-widget-container\">\n\t\t\t\t\t\t\t\t\t<ul><li>od kolovoza 2024. Vlast, to smo mi. Dru\u0161tvene mre\u017ee i upravlja\u010dke strukture u hrvatskom novom vijeku (voditelj dr. sc. Vedran Klau\u017eer, 380-01-02-23-46)<\/li><li>od prosinca 2024. Izme\u0111u znanja i neznanja: ideje, prakse i naslje\u0111e prosvjetiteljstva u hrvatskim zemljama (voditeljica: dr. sc. Teodora Shek Brnardi\u0107, IP-2024-05-5581)<\/li><\/ul>\t\t\t\t\t\t\t\t<\/div>\n\t\t\t\t<\/div>\n\t\t\t\t<div class=\"elementor-element elementor-element-3a7ec6a elementor-widget elementor-widget-heading\" data-id=\"3a7ec6a\" data-element_type=\"widget\" data-widget_type=\"heading.default\">\n\t\t\t\t<div class=\"elementor-widget-container\">\n\t\t\t\t\t<h5 class=\"elementor-heading-title elementor-size-default\">NAGRADE<\/h5>\t\t\t\t<\/div>\n\t\t\t\t<\/div>\n\t\t\t\t<div class=\"elementor-element elementor-element-f4a98ea elementor-widget elementor-widget-text-editor\" data-id=\"f4a98ea\" data-element_type=\"widget\" data-widget_type=\"text-editor.default\">\n\t\t\t\t<div class=\"elementor-widget-container\">\n\t\t\t\t\t\t\t\t\t<ul><li>2019. Nagrada za izvrsnost u studiju za izvrstan uspjeh na preddiplomskom studiju povijesti i anglistike;<\/li><li>2020. Rektorova nagrada za timski znanstveni i umjetni\u010dki rad (Projekt Bulwark of Europe \u2013 digitalizacija habsbur\u0161ko-osmanske krajine);<\/li><li>2022. Nagrada za izvrsnost u studiju za izvrstan uspjeh na diplomskom studiju povijesti i anglistike<\/li><\/ul>\t\t\t\t\t\t\t\t<\/div>\n\t\t\t\t<\/div>\n\t\t\t\t<div class=\"elementor-element elementor-element-d5102f9 elementor-widget elementor-widget-text-editor\" data-id=\"d5102f9\" data-element_type=\"widget\" data-widget_type=\"text-editor.default\">\n\t\t\t\t<div class=\"elementor-widget-container\">\n\t\t\t\t\t\t\t\t\t<h5 class=\"inline-h5\">PUBLIKACIJE<\/h5><p>(potpuna bibliografija radova dostupna na: <a href=\"https:\/\/www.croris.hr\/osobe\/profil\/40338\" target=\"_blank\" rel=\"noopener\">CroRIS<\/a>)<\/p><ul><li>&#8220;Whiteovo djelo i njegova me\u0111unarodna recepcija.&#8221; Historijski zbornik vol. 71, br. 1 (2018): 205-208 (nekrolog).<\/li><li>&#8220;Odjeci malog ledenog doba u ranonovovjekovnoj Istri: primjer Boljuna.&#8221; Ekonomska i ekohistorija: \u010dasopis za gospodarsku povijest i povijest okoli\u0161a vol. 14, br. 1 (2018): 197-211 (izvorni znanstveni rad).<\/li><li>(suautori Petar Hegedi\u0107, Nikola Ostoj\u010di\u0107 i Filip \u0160imunjak) &#8220;Popis isplata vojsci u Hrvatskoj i Slavonskoj krajini u listopadu i studenome 1556, prema dvama registrima: prilog istra\u017eivanju rane faze vojnokraji\u0161ke povijesti.&#8221; Radovi Zavoda za hrvatsku povijest vol. 51, br. 2 (2019): 345-375 (pregledni rad).<\/li><li>&#8220;I Have Become an Enigma to Myself: A Comparative Analysis of Saint Augustine&#8217;s Confessions and Don DeLillo&#8217;s Cosmopolis.&#8221; Patchwork Student Journal vol. 4 (2020): 96-104 (stru\u010dni rad).<\/li><li>(suautor Filip \u0160imunjak) &#8220;Projekt Bulwark of Europe \u2013 digitalizacija habsbur\u0161ko-osmanske krajine.&#8221; @rhivi vol. 8 (2020): 32-33 (rad u \u010dasopisu, ostalo).<\/li><li>&#8220;Antropologija tijela u djelu Umije\u0107e medicinskih mjerenja Santorija Santorija.&#8221; U: 10. Istarski povijesni biennale \u2013 Zbornik radova: Corpus, carnalitas\u2026: o tijelu i tjelesnosti u povijesti na jadranskom prostoru, ur. Marija Mogorovi\u0107 Crljenko i Elena Uljan\u010di\u0107, 76-85. Pore\u010d: Zavi\u010dajni muzej Pore\u0161tine \u2013 Museo del territorio Parentino, Sveu\u010dili\u0161te Jurja Dobrile u Puli, Dr\u017eavni arhiv u Pazinu, 2023 (skupna recenzija).<\/li><li>&#8220;Umije\u0107e medicinskih mjerenja Santorija Santorija.&#8221; U: Umije\u0107e medicinskih mjerenja Santorija Santorija, prijevod s latinskoga na hrvatski i komentari Zrinka Bla\u017eevi\u0107, prijevod na slovenski Darja Miheli\u010d, prijevod na talijanski Matija Drandi\u0107, str. 11-28 [105-122, 197-216]. Zagreb: FF press, 2023. Trojezi\u010dno izdanje (hrvatski, talijanski i slovenski jezik).<\/li><li>(suautorica Teodora Shek Brnardi\u0107) &#8220;Kulturne razmjene u korespondenciji dubrova\u010dkog vlastelina Miha Sorga (1739\u20131796).&#8221; Croatica: \u010dasopis za hrvatski jezik, knji\u017eevnost i kulturu, vol. 49, br. 69 (2025): 223-253. (izvorni znanstveni rad).<\/li><\/ul>\t\t\t\t\t\t\t\t<\/div>\n\t\t\t\t<\/div>\n\t\t\t\t<\/div>\n\t\t<div class=\"elementor-element elementor-element-dd22859 e-con-full e-flex e-con e-child\" data-id=\"dd22859\" data-element_type=\"container\">\n\t\t<div class=\"elementor-element elementor-element-580f544 e-con-full e-flex e-con e-child\" data-id=\"580f544\" data-element_type=\"container\">\n\t\t\t\t<div class=\"elementor-element elementor-element-d5f3449 elementor-widget elementor-widget-search\" data-id=\"d5f3449\" data-element_type=\"widget\" data-settings=\"{&quot;submit_trigger&quot;:&quot;click_submit&quot;,&quot;pagination_type_options&quot;:&quot;none&quot;}\" data-widget_type=\"search.default\">\n\t\t\t\t<div class=\"elementor-widget-container\">\n\t\t\t\t\t\t\t<search class=\"e-search hidden\" role=\"search\">\n\t\t\t<form class=\"e-search-form\" action=\"https:\/\/www.hipzg.hr\/en\/\" method=\"get\">\n\n\t\t\t\t\n\t\t\t\t<label class=\"e-search-label\" for=\"search-d5f3449\">\n\t\t\t\t\t<span class=\"elementor-screen-only\">\n\t\t\t\t\t\tSearch\t\t\t\t\t<\/span>\n\t\t\t\t\t\t\t\t\t<\/label>\n\n\t\t\t\t<div class=\"e-search-input-wrapper\">\n\t\t\t\t\t<input id=\"search-d5f3449\" placeholder=\"Search...\" class=\"e-search-input\" type=\"search\" name=\"s\" value=\"\" autocomplete=\"off\" role=\"combobox\" aria-autocomplete=\"list\" aria-expanded=\"false\" aria-controls=\"results-d5f3449\" aria-haspopup=\"listbox\">\n\t\t\t\t\t<svg aria-hidden=\"true\" class=\"e-font-icon-svg e-fas-times\" viewBox=\"0 0 352 512\" xmlns=\"http:\/\/www.w3.org\/2000\/svg\"><path d=\"M242.72 256l100.07-100.07c12.28-12.28 12.28-32.19 0-44.48l-22.24-22.24c-12.28-12.28-32.19-12.28-44.48 0L176 189.28 75.93 89.21c-12.28-12.28-32.19-12.28-44.48 0L9.21 111.45c-12.28 12.28-12.28 32.19 0 44.48L109.28 256 9.21 356.07c-12.28 12.28-12.28 32.19 0 44.48l22.24 22.24c12.28 12.28 32.2 12.28 44.48 0L176 322.72l100.07 100.07c12.28 12.28 32.2 12.28 44.48 0l22.24-22.24c12.28-12.28 12.28-32.19 0-44.48L242.72 256z\"><\/path><\/svg>\t\t\t\t\t\t\t\t\t\t<output id=\"results-d5f3449\" class=\"e-search-results-container hide-loader\" aria-live=\"polite\" aria-atomic=\"true\" aria-label=\"Results for search\" tabindex=\"0\">\n\t\t\t\t\t\t<div class=\"e-search-results\"><\/div>\n\t\t\t\t\t\t\t\t\t\t\t<\/output>\n\t\t\t\t\t\t\t\t\t<\/div>\n\t\t\t\t\n\t\t\t\t\n\t\t\t\t<button class=\"e-search-submit  \" type=\"submit\" aria-label=\"Search\">\n\t\t\t\t\t<i aria-hidden=\"true\" class=\"icon icon-search2\"><\/i>\n\t\t\t\t\t\t\t\t\t<\/button>\n\t\t\t\t<input type=\"hidden\" name=\"e_search_props\" value=\"d5f3449-15232\">\n\t\t\t<\/form>\n\t\t<\/search>\n\t\t\t\t\t\t<\/div>\n\t\t\t\t<\/div>\n\t\t\t\t<\/div>\n\t\t<div class=\"elementor-element elementor-element-e195695 e-con-full e-flex e-con e-child\" data-id=\"e195695\" data-element_type=\"container\">\n\t\t\t\t<div class=\"elementor-element elementor-element-f615dc9 elementor-widget elementor-widget-image\" data-id=\"f615dc9\" data-element_type=\"widget\" data-widget_type=\"image.default\">\n\t\t\t\t<div class=\"elementor-widget-container\">\n\t\t\t\t\t\t\t\t\t\t\t\t\t\t\t<img fetchpriority=\"high\" decoding=\"async\" width=\"800\" height=\"450\" src=\"https:\/\/www.hipzg.hr\/wp-content\/uploads\/2024\/12\/Marta_Jurkovic-1024x576.jpg\" class=\"attachment-large size-large wp-image-8660\" alt=\"\" srcset=\"https:\/\/www.hipzg.hr\/wp-content\/uploads\/2024\/12\/Marta_Jurkovic-scaled-e1733731682854.jpg 1024w, https:\/\/www.hipzg.hr\/wp-content\/uploads\/2024\/12\/Marta_Jurkovic-scaled-e1733731682854-600x338.jpg 600w, https:\/\/www.hipzg.hr\/wp-content\/uploads\/2024\/12\/Marta_Jurkovic-300x169.jpg 300w, https:\/\/www.hipzg.hr\/wp-content\/uploads\/2024\/12\/Marta_Jurkovic-768x432.jpg 768w, https:\/\/www.hipzg.hr\/wp-content\/uploads\/2024\/12\/Marta_Jurkovic-1536x864.jpg 1536w, https:\/\/www.hipzg.hr\/wp-content\/uploads\/2024\/12\/Marta_Jurkovic-2048x1152.jpg 2048w\" sizes=\"(max-width: 800px) 100vw, 800px\" \/>\t\t\t\t\t\t\t\t\t\t\t\t\t\t\t<\/div>\n\t\t\t\t<\/div>\n\t\t\t\t<div class=\"elementor-element elementor-element-ea35e91 elementor-widget elementor-widget-heading\" data-id=\"ea35e91\" data-element_type=\"widget\" data-widget_type=\"heading.default\">\n\t\t\t\t<div class=\"elementor-widget-container\">\n\t\t\t\t\t<h6 class=\"elementor-heading-title elementor-size-default\">mag. hist. et mag. philol. angl. Marta Jurkovi\u0107<\/h6>\t\t\t\t<\/div>\n\t\t\t\t<\/div>\n\t\t\t\t<div class=\"elementor-element elementor-element-f349ebf elementor-widget elementor-widget-text-editor\" data-id=\"f349ebf\" data-element_type=\"widget\" data-widget_type=\"text-editor.default\">\n\t\t\t\t<div class=\"elementor-widget-container\">\n\t\t\t\t\t\t\t\t\t<p>asistentica<br \/>Znanstveni odjel za ranonovovjekovnu povijest<\/p>\t\t\t\t\t\t\t\t<\/div>\n\t\t\t\t<\/div>\n\t\t\t\t<div class=\"elementor-element elementor-element-96a515c elementor-icon-list--layout-traditional elementor-list-item-link-full_width elementor-widget elementor-widget-icon-list\" data-id=\"96a515c\" data-element_type=\"widget\" data-widget_type=\"icon-list.default\">\n\t\t\t\t<div class=\"elementor-widget-container\">\n\t\t\t\t\t\t\t<ul class=\"elementor-icon-list-items\">\n\t\t\t\t\t\t\t<li class=\"elementor-icon-list-item\">\n\t\t\t\t\t\t\t\t\t\t\t<span class=\"elementor-icon-list-icon\">\n\t\t\t\t\t\t\t<i aria-hidden=\"true\" class=\"icon icon-map-marker\"><\/i>\t\t\t\t\t\t<\/span>\n\t\t\t\t\t\t\t\t\t\t<span class=\"elementor-icon-list-text\">Opati\u010dka 10, 10000 Zagreb<\/span>\n\t\t\t\t\t\t\t\t\t<\/li>\n\t\t\t\t\t\t\t\t<li class=\"elementor-icon-list-item\">\n\t\t\t\t\t\t\t\t\t\t\t<span class=\"elementor-icon-list-icon\">\n\t\t\t\t\t\t\t<i aria-hidden=\"true\" class=\"icon icon-phone-handset\"><\/i>\t\t\t\t\t\t<\/span>\n\t\t\t\t\t\t\t\t\t\t<span class=\"elementor-icon-list-text\">+385 1 4851 721<\/span>\n\t\t\t\t\t\t\t\t\t<\/li>\n\t\t\t\t\t\t\t\t<li class=\"elementor-icon-list-item\">\n\t\t\t\t\t\t\t\t\t\t\t<span class=\"elementor-icon-list-icon\">\n\t\t\t\t\t\t\t<i aria-hidden=\"true\" class=\"icon icon-email\"><\/i>\t\t\t\t\t\t<\/span>\n\t\t\t\t\t\t\t\t\t\t<span class=\"elementor-icon-list-text\">marta.jurkovic@isp.hr<\/span>\n\t\t\t\t\t\t\t\t\t<\/li>\n\t\t\t\t\t\t\t\t<li class=\"elementor-icon-list-item\">\n\t\t\t\t\t\t\t\t\t\t<span class=\"elementor-icon-list-text\"><span class=\"label\">MBZ:<\/span> 412081<\/span>\n\t\t\t\t\t\t\t\t\t<\/li>\n\t\t\t\t\t\t\t\t<li class=\"elementor-icon-list-item\">\n\t\t\t\t\t\t\t\t\t\t<span class=\"elementor-icon-list-text\"><span class=\"label\">CroRIS ID:<\/span> 40338<\/span>\n\t\t\t\t\t\t\t\t\t<\/li>\n\t\t\t\t\t\t<\/ul>\n\t\t\t\t\t\t<\/div>\n\t\t\t\t<\/div>\n\t\t\t\t<div class=\"elementor-element elementor-element-dabec99 elementor-icon-list--layout-traditional elementor-list-item-link-full_width elementor-widget elementor-widget-icon-list\" data-id=\"dabec99\" data-element_type=\"widget\" data-widget_type=\"icon-list.default\">\n\t\t\t\t<div class=\"elementor-widget-container\">\n\t\t\t\t\t\t\t<ul class=\"elementor-icon-list-items\">\n\t\t\t\t\t\t\t<li class=\"elementor-icon-list-item\">\n\t\t\t\t\t\t\t\t\t\t\t<a href=\"https:\/\/orcid.org\/0000-0002-2435-3711\" target=\"_blank\">\n\n\t\t\t\t\t\t\t\t\t\t\t<span class=\"elementor-icon-list-text\"><span class=\"label\">ORCID:<\/span> 0000-0002-2435-3711<\/span>\n\t\t\t\t\t\t\t\t\t\t\t<\/a>\n\t\t\t\t\t\t\t\t\t<\/li>\n\t\t\t\t\t\t<\/ul>\n\t\t\t\t\t\t<\/div>\n\t\t\t\t<\/div>\n\t\t\t\t<\/div>\n\t\t\t\t<\/div>\n\t\t\t\t\t<\/div>\n\t\t\t\t<\/div>\n\t\t\t\t<\/div>\n\t\t","protected":false},"excerpt":{"rendered":"<p>Marta Jurkovi\u0107 ISTRA\u017dIVA\u010cKI INTERESI I RADNO ISKUSTVO Intelektualna historija; historijska antropologija; hrvatska i europska povijest ranoga novog vijeka. listopad 2021. \u2013 sije\u010danj 2022. prevoditeljica pripravnica u Glavnoj upravi za pismeno prevo\u0111enje Europske komisije (Luksemburg);listopad 2022. \u2013 svibanj 2023. poslovna analiti\u010darka u Encode Clubu;od srpnja 2024. asistentica na Odjelu za ranonovovjekovnu povijest Hrvatskog instituta za povijest [&hellip;]<\/p>\n","protected":false},"author":6,"featured_media":0,"parent":0,"menu_order":0,"comment_status":"closed","ping_status":"closed","template":"elementor_header_footer","meta":{"iawp_total_views":29,"footnotes":""},"class_list":["post-15232","page","type-page","status-publish","hentry"],"_links":{"self":[{"href":"https:\/\/www.hipzg.hr\/en\/wp-json\/wp\/v2\/pages\/15232","targetHints":{"allow":["GET"]}}],"collection":[{"href":"https:\/\/www.hipzg.hr\/en\/wp-json\/wp\/v2\/pages"}],"about":[{"href":"https:\/\/www.hipzg.hr\/en\/wp-json\/wp\/v2\/types\/page"}],"author":[{"embeddable":true,"href":"https:\/\/www.hipzg.hr\/en\/wp-json\/wp\/v2\/users\/6"}],"replies":[{"embeddable":true,"href":"https:\/\/www.hipzg.hr\/en\/wp-json\/wp\/v2\/comments?post=15232"}],"version-history":[{"count":10,"href":"https:\/\/www.hipzg.hr\/en\/wp-json\/wp\/v2\/pages\/15232\/revisions"}],"predecessor-version":[{"id":15551,"href":"https:\/\/www.hipzg.hr\/en\/wp-json\/wp\/v2\/pages\/15232\/revisions\/15551"}],"wp:attachment":[{"href":"https:\/\/www.hipzg.hr\/en\/wp-json\/wp\/v2\/media?parent=15232"}],"curies":[{"name":"wp","href":"https:\/\/api.w.org\/{rel}","templated":true}]}}