{"id":15215,"date":"2026-03-19T10:38:10","date_gmt":"2026-03-19T09:38:10","guid":{"rendered":"https:\/\/www.hipzg.hr\/?page_id=15215"},"modified":"2026-03-19T10:45:34","modified_gmt":"2026-03-19T09:45:34","slug":"zdravka-jelaska-marijan","status":"publish","type":"page","link":"https:\/\/www.hipzg.hr\/en\/zdravka-jelaska-marijan\/","title":{"rendered":"Zdravka Jelaska Marijan"},"content":{"rendered":"\t\t<div data-elementor-type=\"wp-page\" data-elementor-id=\"15215\" class=\"elementor elementor-15215\" data-elementor-post-type=\"page\">\n\t\t\t\t<div class=\"elementor-element elementor-element-4adf38b e-flex e-con-boxed e-con e-parent\" data-id=\"4adf38b\" data-element_type=\"container\">\n\t\t\t\t\t<div class=\"e-con-inner\">\n\t\t<div class=\"elementor-element elementor-element-60789e3 e-con-full e-flex e-con e-child\" data-id=\"60789e3\" data-element_type=\"container\">\n\t\t\t\t<div class=\"elementor-element elementor-element-cdbc1eb elementor-widget elementor-widget-heading\" data-id=\"cdbc1eb\" data-element_type=\"widget\" data-widget_type=\"heading.default\">\n\t\t\t\t<div class=\"elementor-widget-container\">\n\t\t\t\t\t<h2 class=\"elementor-heading-title elementor-size-default\">Zdravka Jelaska Marijan<\/h2>\t\t\t\t<\/div>\n\t\t\t\t<\/div>\n\t\t\t\t<div class=\"elementor-element elementor-element-540c1c3 elementor-widget elementor-widget-spacer\" data-id=\"540c1c3\" data-element_type=\"widget\" data-widget_type=\"spacer.default\">\n\t\t\t\t<div class=\"elementor-widget-container\">\n\t\t\t\t\t\t\t<div class=\"elementor-spacer\">\n\t\t\t<div class=\"elementor-spacer-inner\"><\/div>\n\t\t<\/div>\n\t\t\t\t\t\t<\/div>\n\t\t\t\t<\/div>\n\t\t\t\t<div class=\"elementor-element elementor-element-d2be703 elementor-widget elementor-widget-heading\" data-id=\"d2be703\" data-element_type=\"widget\" data-widget_type=\"heading.default\">\n\t\t\t\t<div class=\"elementor-widget-container\">\n\t\t\t\t\t<h5 class=\"elementor-heading-title elementor-size-default\">ISTRA\u017dIVA\u010cKI INTERESI I RADNO ISKUSTVO<\/h5>\t\t\t\t<\/div>\n\t\t\t\t<\/div>\n\t\t\t\t<div class=\"elementor-element elementor-element-6aabc1c elementor-widget elementor-widget-text-editor\" data-id=\"6aabc1c\" data-element_type=\"widget\" data-widget_type=\"text-editor.default\">\n\t\t\t\t<div class=\"elementor-widget-container\">\n\t\t\t\t\t\t\t\t\t<p>Znanstveno-istra\u017eiva\u010dka djelatnost usmjerena na razli\u010dite teme iz dru\u0161tvene i gospodarske povijesti Dalmacije, prvenstveno teme vezane uz razdoblje izme\u0111u dvaju svjetskih ratova<\/p><p>1991. &#8211; 2001. vi\u0161e zaposlenja u sustavu obrazovanja u razli\u010ditim vrstama \u0161kola, a najdulje u Trgova\u010dkoj \u0161koli u Splitu (1997. &#8211; 2001.)<br \/>Od 2001. zaposlena u Hrvatskom institutu za povijest u Zagrebu<\/p>\t\t\t\t\t\t\t\t<\/div>\n\t\t\t\t<\/div>\n\t\t\t\t<div class=\"elementor-element elementor-element-804a7c2 elementor-widget elementor-widget-heading\" data-id=\"804a7c2\" data-element_type=\"widget\" data-widget_type=\"heading.default\">\n\t\t\t\t<div class=\"elementor-widget-container\">\n\t\t\t\t\t<h5 class=\"elementor-heading-title elementor-size-default\">OBRAZOVANJE<\/h5>\t\t\t\t<\/div>\n\t\t\t\t<\/div>\n\t\t\t\t<div class=\"elementor-element elementor-element-137a345 elementor-widget elementor-widget-text-editor\" data-id=\"137a345\" data-element_type=\"widget\" data-widget_type=\"text-editor.default\">\n\t\t\t\t<div class=\"elementor-widget-container\">\n\t\t\t\t\t\t\t\t\t<ul><li>1991: diplomirani histori\u010dar &#8211; Filozofski fakultet Sveu\u010dili\u0161ta u Zagrebu<\/li><li>1999: mr. sc. &#8211; Filozofski fakultet Sveu\u010dili\u0161ta u Zagrebu<\/li><li>2006: dr. sc. &#8211; Filozofski fakultet Sveu\u010dili\u0161ta u Zagrebu<\/li><\/ul>\t\t\t\t\t\t\t\t<\/div>\n\t\t\t\t<\/div>\n\t\t\t\t<div class=\"elementor-element elementor-element-946d4d8 elementor-widget elementor-widget-heading\" data-id=\"946d4d8\" data-element_type=\"widget\" data-widget_type=\"heading.default\">\n\t\t\t\t<div class=\"elementor-widget-container\">\n\t\t\t\t\t<h5 class=\"elementor-heading-title elementor-size-default\">PROJEKTI<\/h5>\t\t\t\t<\/div>\n\t\t\t\t<\/div>\n\t\t\t\t<div class=\"elementor-element elementor-element-05bdef4 elementor-widget elementor-widget-text-editor\" data-id=\"05bdef4\" data-element_type=\"widget\" data-widget_type=\"text-editor.default\">\n\t\t\t\t<div class=\"elementor-widget-container\">\n\t\t\t\t\t\t\t\t\t<ul><li><em>Polo\u017eaj i razvoj Hrvatske 1918.-1941.<\/em> (0019042), voditeljica dr. sc. Bosiljka Janjatovi\u0107, HIP (2004.-2006.)<\/li><li><em>Polo\u017eaj i razvoj Hrvatske 1918.-1941.<\/em> (019-0190609-0580), voditelj dr. sc. Zdravko Dizdar, HIP (2007.-2011.)<\/li><li><em>Croatia in 20th century: modernization in the pluralism and monism circumstences<\/em> (IP-2013-11-3481), voditelj dr. sc. Zdenka Radeli\u0107a, HIP (2014-2018)<\/li><li><em>Raspad Habsbur\u0161ke Monarhije i transformacije na isto\u010dnojadranskom prostoru (1917.-1923.)<\/em>, (IP-2014-09-7822), voditelj prof. dr. sc. Ante Brali\u0107, Sveu\u010dili\u0161te u Zadru (2015-2019)<\/li><li><em>Samo promjena je stalna: razvoj i \u017eivot hrvatskih gradova u 19. i 20. stolje\u0107u<\/em> (380-01-02-23-47), voditelj dr. sc. Marko Zubak, HIP<\/li><\/ul>\t\t\t\t\t\t\t\t<\/div>\n\t\t\t\t<\/div>\n\t\t\t\t<div class=\"elementor-element elementor-element-d5102f9 elementor-widget elementor-widget-text-editor\" data-id=\"d5102f9\" data-element_type=\"widget\" data-widget_type=\"text-editor.default\">\n\t\t\t\t<div class=\"elementor-widget-container\">\n\t\t\t\t\t\t\t\t\t<h5 class=\"inline-h5\">PUBLIKACIJE<\/h5><p>(potpuna bibliografija radova dostupna na: <a href=\"https:\/\/www.croris.hr\/osobe\/profil\/2556\" target=\"_blank\" rel=\"noopener\">CroRIS<\/a>)<\/p><ul><li>Zdravka Jelaska Marijan,<em> Grad i ljudi: Split 1918. \u2013 1941.<\/em>, Hrvatski institut za povijest, Zagreb, 2009.<\/li><li>Zdravka Jelaska Marijan, \u201eZemaljska vlada za Dalmaciju (2. studenoga 1918. \u2013 20. sije\u010dnja 1919.)\u201c , <em>Godina 1918. prethodnice, zbivanja, posljedice<\/em>, Zbornik radova s me\u0111unarodnog znanstvenog skupa odr\u017eanog u Zagrebu 4. i 5. Prosinca 2008., ur. Zlatko Matijevi\u0107, Zagreb, 2010., 155-170.<\/li><li>Zdravka Jelaska Marijan, \u201cCircumstances in Dalmatia during the reign of emperor Charles\u201d, <em>Review of Croatian History<\/em>, 10 (2014.), 77-95.<\/li><li>Zdravka Jelaska Marijan, \u201eSlu\u017ebena imenovanja i preimenovanja ulica u Splitu 1912.-1928. godine\u201c, <em>Studia ethnologica Croatica<\/em>, 26 (2014.), 229-252.<\/li><li>Zdravka Jelaska Marijan, \u201ePedeset godina <em>\u010casopisa za suvremenu povijest<\/em>: bibliometrijska analiza (1969. \u2013 2018.)\u201d, <em>\u010casopis za suvremenu povijest<\/em>, 51 (2019), 1, 59-94.<\/li><li>Zdravka Jelaska Marijan, \u201eDalmacija u koroti za carem i kraljem Franjom Josipom I.\u201c, Zbornik radova <em>Franjo Josip i Hrvati u Prvome svjetskom ratu<\/em>, ur. \u017deljko Holjevac, Zagreb: Matica Hrvatska, 2019., 207-223.<\/li><li>Zdravka Jelaska Marijan, \u201e\u017dena dr\u017eavnog neprijatelja \/ A State Enemy Women\u201d,<em> U vrtlogu povijesnih zbivanja na isto\u010dnojadranskom prostoru &#8211; Po\u010detak 20. stolje\u0107a<\/em> \/ <em>In the Whirlwind of Historic Events in the Eastern Adriatic: The early 20th Century<\/em> \/, ur. Ante Brali\u0107, Branko Kasalo, Zadar : Sveu\u010dili\u0161te u Zadru, 2019, 55-65.<\/li><li>Zdravka Jelaska Marijan, \u201eSlika prilika u Dalmaciji 1919. godine u pismima Ive Krstelja Anti Trumbi\u0107u \/ Situation in Dalmatia in 1919 According to the Letters of Ivo Krstelj to Ante Trumbi\u0107\u201c, <em>Isto\u010dnojadranski prostor izme\u0111u sloma Habsbur\u0161ke Monarhije i stvaranja novih dr\u017eava \/ The Eastern Adriatic Between the Collapse of the Habsburg Monarchy and the Creation of New States<\/em>, ur. Ante Brali\u0107, Branko Kasalo, Zadar, 2021., 219-241.<\/li><li>Zdravka Jelaska Marijan, \u201eBrodovlasnici iz obitelji Feri\u0107 i struktura pomoraca na njihovim brodovima\u201c, <em>Historijski zbornik<\/em>,\u00a0 LXXVII (2024), br. 1, str. 21\u201349.<\/li><\/ul>\t\t\t\t\t\t\t\t<\/div>\n\t\t\t\t<\/div>\n\t\t\t\t<\/div>\n\t\t<div class=\"elementor-element elementor-element-dd22859 e-con-full e-flex e-con e-child\" data-id=\"dd22859\" data-element_type=\"container\">\n\t\t<div class=\"elementor-element elementor-element-580f544 e-con-full e-flex e-con e-child\" data-id=\"580f544\" data-element_type=\"container\">\n\t\t\t\t<div class=\"elementor-element elementor-element-d5f3449 elementor-widget elementor-widget-search\" data-id=\"d5f3449\" data-element_type=\"widget\" data-settings=\"{&quot;submit_trigger&quot;:&quot;click_submit&quot;,&quot;pagination_type_options&quot;:&quot;none&quot;}\" data-widget_type=\"search.default\">\n\t\t\t\t<div class=\"elementor-widget-container\">\n\t\t\t\t\t\t\t<search class=\"e-search hidden\" role=\"search\">\n\t\t\t<form class=\"e-search-form\" action=\"https:\/\/www.hipzg.hr\/en\/\" method=\"get\">\n\n\t\t\t\t\n\t\t\t\t<label class=\"e-search-label\" for=\"search-d5f3449\">\n\t\t\t\t\t<span class=\"elementor-screen-only\">\n\t\t\t\t\t\tSearch\t\t\t\t\t<\/span>\n\t\t\t\t\t\t\t\t\t<\/label>\n\n\t\t\t\t<div class=\"e-search-input-wrapper\">\n\t\t\t\t\t<input id=\"search-d5f3449\" placeholder=\"Search...\" class=\"e-search-input\" type=\"search\" name=\"s\" value=\"\" autocomplete=\"off\" role=\"combobox\" aria-autocomplete=\"list\" aria-expanded=\"false\" aria-controls=\"results-d5f3449\" aria-haspopup=\"listbox\">\n\t\t\t\t\t<svg aria-hidden=\"true\" class=\"e-font-icon-svg e-fas-times\" viewBox=\"0 0 352 512\" xmlns=\"http:\/\/www.w3.org\/2000\/svg\"><path d=\"M242.72 256l100.07-100.07c12.28-12.28 12.28-32.19 0-44.48l-22.24-22.24c-12.28-12.28-32.19-12.28-44.48 0L176 189.28 75.93 89.21c-12.28-12.28-32.19-12.28-44.48 0L9.21 111.45c-12.28 12.28-12.28 32.19 0 44.48L109.28 256 9.21 356.07c-12.28 12.28-12.28 32.19 0 44.48l22.24 22.24c12.28 12.28 32.2 12.28 44.48 0L176 322.72l100.07 100.07c12.28 12.28 32.2 12.28 44.48 0l22.24-22.24c12.28-12.28 12.28-32.19 0-44.48L242.72 256z\"><\/path><\/svg>\t\t\t\t\t\t\t\t\t\t<output id=\"results-d5f3449\" class=\"e-search-results-container hide-loader\" aria-live=\"polite\" aria-atomic=\"true\" aria-label=\"Results for search\" tabindex=\"0\">\n\t\t\t\t\t\t<div class=\"e-search-results\"><\/div>\n\t\t\t\t\t\t\t\t\t\t\t<\/output>\n\t\t\t\t\t\t\t\t\t<\/div>\n\t\t\t\t\n\t\t\t\t\n\t\t\t\t<button class=\"e-search-submit  \" type=\"submit\" aria-label=\"Search\">\n\t\t\t\t\t<i aria-hidden=\"true\" class=\"icon icon-search2\"><\/i>\n\t\t\t\t\t\t\t\t\t<\/button>\n\t\t\t\t<input type=\"hidden\" name=\"e_search_props\" value=\"d5f3449-15215\">\n\t\t\t<\/form>\n\t\t<\/search>\n\t\t\t\t\t\t<\/div>\n\t\t\t\t<\/div>\n\t\t\t\t<\/div>\n\t\t<div class=\"elementor-element elementor-element-e195695 e-con-full e-flex e-con e-child\" data-id=\"e195695\" data-element_type=\"container\">\n\t\t\t\t<div class=\"elementor-element elementor-element-f615dc9 elementor-widget elementor-widget-image\" data-id=\"f615dc9\" data-element_type=\"widget\" data-widget_type=\"image.default\">\n\t\t\t\t<div class=\"elementor-widget-container\">\n\t\t\t\t\t\t\t\t\t\t\t\t\t\t\t<img fetchpriority=\"high\" decoding=\"async\" width=\"779\" height=\"1024\" src=\"https:\/\/www.hipzg.hr\/wp-content\/uploads\/2024\/12\/Zdravka_Jelaska_Marijan-779x1024.jpg\" class=\"attachment-large size-large wp-image-8649\" alt=\"\" srcset=\"https:\/\/www.hipzg.hr\/wp-content\/uploads\/2024\/12\/Zdravka_Jelaska_Marijan-779x1024.jpg 779w, https:\/\/www.hipzg.hr\/wp-content\/uploads\/2024\/12\/Zdravka_Jelaska_Marijan-600x789.jpg 600w, https:\/\/www.hipzg.hr\/wp-content\/uploads\/2024\/12\/Zdravka_Jelaska_Marijan-228x300.jpg 228w, https:\/\/www.hipzg.hr\/wp-content\/uploads\/2024\/12\/Zdravka_Jelaska_Marijan-768x1010.jpg 768w, https:\/\/www.hipzg.hr\/wp-content\/uploads\/2024\/12\/Zdravka_Jelaska_Marijan-1168x1536.jpg 1168w, https:\/\/www.hipzg.hr\/wp-content\/uploads\/2024\/12\/Zdravka_Jelaska_Marijan-1558x2048.jpg 1558w, https:\/\/www.hipzg.hr\/wp-content\/uploads\/2024\/12\/Zdravka_Jelaska_Marijan.jpg 1779w\" sizes=\"(max-width: 779px) 100vw, 779px\" \/>\t\t\t\t\t\t\t\t\t\t\t\t\t\t\t<\/div>\n\t\t\t\t<\/div>\n\t\t\t\t<div class=\"elementor-element elementor-element-ea35e91 elementor-widget elementor-widget-heading\" data-id=\"ea35e91\" data-element_type=\"widget\" data-widget_type=\"heading.default\">\n\t\t\t\t<div class=\"elementor-widget-container\">\n\t\t\t\t\t<h6 class=\"elementor-heading-title elementor-size-default\">dr. sc. Zdravka Jelaska Marijan<\/h6>\t\t\t\t<\/div>\n\t\t\t\t<\/div>\n\t\t\t\t<div class=\"elementor-element elementor-element-f349ebf elementor-widget elementor-widget-text-editor\" data-id=\"f349ebf\" data-element_type=\"widget\" data-widget_type=\"text-editor.default\">\n\t\t\t\t<div class=\"elementor-widget-container\">\n\t\t\t\t\t\t\t\t\t<p>vi\u0161a znanstvena suradnica<br \/>Znanstveni odjel za modernu povijest<\/p>\t\t\t\t\t\t\t\t<\/div>\n\t\t\t\t<\/div>\n\t\t\t\t<div class=\"elementor-element elementor-element-96a515c elementor-icon-list--layout-traditional elementor-list-item-link-full_width elementor-widget elementor-widget-icon-list\" data-id=\"96a515c\" data-element_type=\"widget\" data-widget_type=\"icon-list.default\">\n\t\t\t\t<div class=\"elementor-widget-container\">\n\t\t\t\t\t\t\t<ul class=\"elementor-icon-list-items\">\n\t\t\t\t\t\t\t<li class=\"elementor-icon-list-item\">\n\t\t\t\t\t\t\t\t\t\t\t<span class=\"elementor-icon-list-icon\">\n\t\t\t\t\t\t\t<i aria-hidden=\"true\" class=\"icon icon-map-marker\"><\/i>\t\t\t\t\t\t<\/span>\n\t\t\t\t\t\t\t\t\t\t<span class=\"elementor-icon-list-text\">Opati\u010dka 10, 10000 Zagreb<\/span>\n\t\t\t\t\t\t\t\t\t<\/li>\n\t\t\t\t\t\t\t\t<li class=\"elementor-icon-list-item\">\n\t\t\t\t\t\t\t\t\t\t\t<span class=\"elementor-icon-list-icon\">\n\t\t\t\t\t\t\t<i aria-hidden=\"true\" class=\"icon icon-phone-handset\"><\/i>\t\t\t\t\t\t<\/span>\n\t\t\t\t\t\t\t\t\t\t<span class=\"elementor-icon-list-text\">+385 1 4851 721<\/span>\n\t\t\t\t\t\t\t\t\t<\/li>\n\t\t\t\t\t\t\t\t<li class=\"elementor-icon-list-item\">\n\t\t\t\t\t\t\t\t\t\t\t<span class=\"elementor-icon-list-icon\">\n\t\t\t\t\t\t\t<i aria-hidden=\"true\" class=\"icon icon-email\"><\/i>\t\t\t\t\t\t<\/span>\n\t\t\t\t\t\t\t\t\t\t<span class=\"elementor-icon-list-text\">jelaska@isp.hr<\/span>\n\t\t\t\t\t\t\t\t\t<\/li>\n\t\t\t\t\t\t\t\t<li class=\"elementor-icon-list-item\">\n\t\t\t\t\t\t\t\t\t\t<span class=\"elementor-icon-list-text\"><span class=\"label\">MBZ:<\/span> 244714<\/span>\n\t\t\t\t\t\t\t\t\t<\/li>\n\t\t\t\t\t\t\t\t<li class=\"elementor-icon-list-item\">\n\t\t\t\t\t\t\t\t\t\t<span class=\"elementor-icon-list-text\"><span class=\"label\">CroRIS ID:<\/span> 2556<\/span>\n\t\t\t\t\t\t\t\t\t<\/li>\n\t\t\t\t\t\t<\/ul>\n\t\t\t\t\t\t<\/div>\n\t\t\t\t<\/div>\n\t\t\t\t<div class=\"elementor-element elementor-element-dabec99 elementor-icon-list--layout-traditional elementor-list-item-link-full_width elementor-widget elementor-widget-icon-list\" data-id=\"dabec99\" data-element_type=\"widget\" data-widget_type=\"icon-list.default\">\n\t\t\t\t<div class=\"elementor-widget-container\">\n\t\t\t\t\t\t\t<ul class=\"elementor-icon-list-items\">\n\t\t\t\t\t\t\t<li class=\"elementor-icon-list-item\">\n\t\t\t\t\t\t\t\t\t\t\t<a href=\"https:\/\/orcid.org\/0000-0001-5732-3079\" target=\"_blank\">\n\n\t\t\t\t\t\t\t\t\t\t\t<span class=\"elementor-icon-list-text\"><span class=\"label\">ORCID:<\/span> 0000-0001-5732-3079<\/span>\n\t\t\t\t\t\t\t\t\t\t\t<\/a>\n\t\t\t\t\t\t\t\t\t<\/li>\n\t\t\t\t\t\t<\/ul>\n\t\t\t\t\t\t<\/div>\n\t\t\t\t<\/div>\n\t\t\t\t<\/div>\n\t\t\t\t<\/div>\n\t\t\t\t\t<\/div>\n\t\t\t\t<\/div>\n\t\t\t\t<\/div>\n\t\t","protected":false},"excerpt":{"rendered":"<p>Zdravka Jelaska Marijan ISTRA\u017dIVA\u010cKI INTERESI I RADNO ISKUSTVO Znanstveno-istra\u017eiva\u010dka djelatnost usmjerena na razli\u010dite teme iz dru\u0161tvene i gospodarske povijesti Dalmacije, prvenstveno teme vezane uz razdoblje izme\u0111u dvaju svjetskih ratova 1991. &#8211; 2001. vi\u0161e zaposlenja u sustavu obrazovanja u razli\u010ditim vrstama \u0161kola, a najdulje u Trgova\u010dkoj \u0161koli u Splitu (1997. &#8211; 2001.)Od 2001. zaposlena u Hrvatskom [&hellip;]<\/p>\n","protected":false},"author":6,"featured_media":0,"parent":0,"menu_order":0,"comment_status":"closed","ping_status":"closed","template":"elementor_header_footer","meta":{"iawp_total_views":17,"footnotes":""},"class_list":["post-15215","page","type-page","status-publish","hentry"],"_links":{"self":[{"href":"https:\/\/www.hipzg.hr\/en\/wp-json\/wp\/v2\/pages\/15215","targetHints":{"allow":["GET"]}}],"collection":[{"href":"https:\/\/www.hipzg.hr\/en\/wp-json\/wp\/v2\/pages"}],"about":[{"href":"https:\/\/www.hipzg.hr\/en\/wp-json\/wp\/v2\/types\/page"}],"author":[{"embeddable":true,"href":"https:\/\/www.hipzg.hr\/en\/wp-json\/wp\/v2\/users\/6"}],"replies":[{"embeddable":true,"href":"https:\/\/www.hipzg.hr\/en\/wp-json\/wp\/v2\/comments?post=15215"}],"version-history":[{"count":13,"href":"https:\/\/www.hipzg.hr\/en\/wp-json\/wp\/v2\/pages\/15215\/revisions"}],"predecessor-version":[{"id":15231,"href":"https:\/\/www.hipzg.hr\/en\/wp-json\/wp\/v2\/pages\/15215\/revisions\/15231"}],"wp:attachment":[{"href":"https:\/\/www.hipzg.hr\/en\/wp-json\/wp\/v2\/media?parent=15215"}],"curies":[{"name":"wp","href":"https:\/\/api.w.org\/{rel}","templated":true}]}}