{"id":15202,"date":"2026-03-19T10:17:06","date_gmt":"2026-03-19T09:17:06","guid":{"rendered":"https:\/\/www.hipzg.hr\/?page_id=15202"},"modified":"2026-03-19T10:35:17","modified_gmt":"2026-03-19T09:35:17","slug":"suzana-lecek","status":"publish","type":"page","link":"https:\/\/www.hipzg.hr\/en\/suzana-lecek\/","title":{"rendered":"Suzana Le\u010dek"},"content":{"rendered":"\t\t<div data-elementor-type=\"wp-page\" data-elementor-id=\"15202\" class=\"elementor elementor-15202\" data-elementor-post-type=\"page\">\n\t\t\t\t<div class=\"elementor-element elementor-element-4adf38b e-flex e-con-boxed e-con e-parent\" data-id=\"4adf38b\" data-element_type=\"container\">\n\t\t\t\t\t<div class=\"e-con-inner\">\n\t\t<div class=\"elementor-element elementor-element-60789e3 e-con-full e-flex e-con e-child\" data-id=\"60789e3\" data-element_type=\"container\">\n\t\t\t\t<div class=\"elementor-element elementor-element-cdbc1eb elementor-widget elementor-widget-heading\" data-id=\"cdbc1eb\" data-element_type=\"widget\" data-widget_type=\"heading.default\">\n\t\t\t\t<div class=\"elementor-widget-container\">\n\t\t\t\t\t<h2 class=\"elementor-heading-title elementor-size-default\">Suzana Le\u010dek<\/h2>\t\t\t\t<\/div>\n\t\t\t\t<\/div>\n\t\t\t\t<div class=\"elementor-element elementor-element-540c1c3 elementor-widget elementor-widget-spacer\" data-id=\"540c1c3\" data-element_type=\"widget\" data-widget_type=\"spacer.default\">\n\t\t\t\t<div class=\"elementor-widget-container\">\n\t\t\t\t\t\t\t<div class=\"elementor-spacer\">\n\t\t\t<div class=\"elementor-spacer-inner\"><\/div>\n\t\t<\/div>\n\t\t\t\t\t\t<\/div>\n\t\t\t\t<\/div>\n\t\t\t\t<div class=\"elementor-element elementor-element-d2be703 elementor-widget elementor-widget-heading\" data-id=\"d2be703\" data-element_type=\"widget\" data-widget_type=\"heading.default\">\n\t\t\t\t<div class=\"elementor-widget-container\">\n\t\t\t\t\t<h5 class=\"elementor-heading-title elementor-size-default\">ISTRA\u017dIVA\u010cKI INTERESI I RADNO ISKUSTVO<\/h5>\t\t\t\t<\/div>\n\t\t\t\t<\/div>\n\t\t\t\t<div class=\"elementor-element elementor-element-6aabc1c elementor-widget elementor-widget-text-editor\" data-id=\"6aabc1c\" data-element_type=\"widget\" data-widget_type=\"text-editor.default\">\n\t\t\t\t<div class=\"elementor-widget-container\">\n\t\t\t\t\t\t\t\t\t<p>Povijest 1918-1939\/41.; dru\u0161tvena povijest; kulturna povijest; politi\u010dki pokreti, politi\u010dki simboli; kulturni identitet<\/p><p>Radno mjesto:<br \/>2000 \u2013 trenuta\u010dno &#8211; Hrvatski institut za povijest &#8211; Podru\u017enica za povijest Slavonije, Srijema i Baranje<br \/>1997 \u2013 2001 &#8211; Hrvatski institut za povijest<br \/>1989 \u2013 1998 &#8211; Zavod za hrvatsku povijest Filozofskog fakulteta<\/p>\t\t\t\t\t\t\t\t<\/div>\n\t\t\t\t<\/div>\n\t\t\t\t<div class=\"elementor-element elementor-element-804a7c2 elementor-widget elementor-widget-heading\" data-id=\"804a7c2\" data-element_type=\"widget\" data-widget_type=\"heading.default\">\n\t\t\t\t<div class=\"elementor-widget-container\">\n\t\t\t\t\t<h5 class=\"elementor-heading-title elementor-size-default\">OBRAZOVANJE<\/h5>\t\t\t\t<\/div>\n\t\t\t\t<\/div>\n\t\t\t\t<div class=\"elementor-element elementor-element-137a345 elementor-widget elementor-widget-text-editor\" data-id=\"137a345\" data-element_type=\"widget\" data-widget_type=\"text-editor.default\">\n\t\t\t\t<div class=\"elementor-widget-container\">\n\t\t\t\t\t\t\t\t\t<ul><li>1998 &#8211; Doktorat povijesnih znanosti &#8211; Filozofski fakultet Sveu\u010dili\u0161ta u Zagrebu<\/li><li>1994 &#8211; MA (Master of Arts) Central European University \u2013 Budimpe\u0161ta (Ma\u0111arska)<\/li><li>1993 &#8211; Magisterij povijesnih znanosti &#8211; Filozofski fakultet Sveu\u010dili\u0161ta u Zagrebu<\/li><\/ul>\t\t\t\t\t\t\t\t<\/div>\n\t\t\t\t<\/div>\n\t\t\t\t<div class=\"elementor-element elementor-element-946d4d8 elementor-widget elementor-widget-heading\" data-id=\"946d4d8\" data-element_type=\"widget\" data-widget_type=\"heading.default\">\n\t\t\t\t<div class=\"elementor-widget-container\">\n\t\t\t\t\t<h5 class=\"elementor-heading-title elementor-size-default\">PROJEKTI<\/h5>\t\t\t\t<\/div>\n\t\t\t\t<\/div>\n\t\t\t\t<div class=\"elementor-element elementor-element-05bdef4 elementor-widget elementor-widget-text-editor\" data-id=\"05bdef4\" data-element_type=\"widget\" data-widget_type=\"text-editor.default\">\n\t\t\t\t<div class=\"elementor-widget-container\">\n\t\t\t\t\t\t\t\t\t<ul><li>2024 \u2013 trenuta\u010dno &#8211; Izvori za povijest Isto\u010dne Hrvatske (IPIH)<\/li><\/ul>\t\t\t\t\t\t\t\t<\/div>\n\t\t\t\t<\/div>\n\t\t\t\t<div class=\"elementor-element elementor-element-cbecf1b elementor-widget elementor-widget-text-editor\" data-id=\"cbecf1b\" data-element_type=\"widget\" data-widget_type=\"text-editor.default\">\n\t\t\t\t<div class=\"elementor-widget-container\">\n\t\t\t\t\t\t\t\t\t<h5 class=\"inline-h5\">PUBLIKACIJE<\/h5><p>(potpuna bibliografija radova dostupna na: <a href=\"https:\/\/www.croris.hr\/osobe\/profil\/10449\" target=\"_blank\" rel=\"noopener\">CroRIS<\/a>)<\/p><p><strong>Znanstvene knjige:<\/strong><\/p><ul><li><em>Stjepan Sulimanac, Za slobodu i pravicu<\/em>, Zagreb 1999.<\/li><li><em>Selja\u010dka obitelj u sjeverozapadnoj Hrvatskoj 1918.-1941.<\/em>, Zagreb 2003.<\/li><li><em>Selja\u010dka sloga u Slavoniji, Srijemu i Baranji 1925.-1941.<\/em>, Slavonski Brod 2005.<\/li><li><em>Znanost i svjetonazor. Etnologija i prosvjetna politika Banovine Hrvatske 1939.-1941.<\/em>, Zagreb 2010. (suautor T. Petrovi\u0107 Le\u0161)<\/li><li><em>Krivnja i kazna. Politika odmazde i sudski proces ministru u Vladi NDH \u017divanu Kuve\u017edi\u0107u 1948.-49.<\/em>, Slavonski Brod 2018. (suautor V. Geiger)<\/li><li><em>Bog \u010duva Jugoslaviju! Ikonografija na novcu Kraljevine Jugoslavije<\/em>, Zagreb 2020. (suautor V. Geiger)<\/li><\/ul>\t\t\t\t\t\t\t\t<\/div>\n\t\t\t\t<\/div>\n\t\t\t\t<div class=\"elementor-element elementor-element-c576e3d elementor-widget elementor-widget-text-editor\" data-id=\"c576e3d\" data-element_type=\"widget\" data-widget_type=\"text-editor.default\">\n\t\t\t\t<div class=\"elementor-widget-container\">\n\t\t\t\t\t\t\t\t\t<p><strong>Uredni\u010dke knjige:<\/strong><\/p><ul><li><em>Josip Matasovi\u0107 i paradigma kulturne povijesti<\/em>, Slavonski Brod, Zagreb 2013.<\/li><li><em>Prilozi za povijest Slavonskog Broda i okolice 3<\/em>, Slavonski Brod 2017.<\/li><li><em>Historiae patriaeque cultor. Zbornik u \u010dast Mate Artukovi\u0107a u prigodi njegova 65. ro\u0111endana<\/em>, Slavonski Brod 2019.<\/li><li><em>Prijelomna vremena. Hrvatske zemlje nakon 1918. godine<\/em>, Zagreb 2022. (sv. VII, Matica hrvatska)<\/li><\/ul>\t\t\t\t\t\t\t\t<\/div>\n\t\t\t\t<\/div>\n\t\t\t\t<div class=\"elementor-element elementor-element-99dac88 elementor-widget elementor-widget-text-editor\" data-id=\"99dac88\" data-element_type=\"widget\" data-widget_type=\"text-editor.default\">\n\t\t\t\t<div class=\"elementor-widget-container\">\n\t\t\t\t\t\t\t\t\t<p><strong>Stru\u010dno-popularne knjige:<\/strong><\/p><ul><li><em>Zagreb tak imam te rad<\/em>, Zagreb 1999. (suautori: Damir Agi\u010di\u0107, Magdalena Najbar-Agi\u010di\u0107)<\/li><li><em>Zagreba\u010dka \u017eupanija<\/em>, Zagreb 2003. (suautor Zdravko Dizdar)<\/li><li><em>\u017divan Kuve\u017edi\u0107 (1887.-1949.). Narodni poslanik i ministar<\/em>, Drenovci 2019. (suautor: V. Geiger)<\/li><li><em>Hrvatski velikan Stjepan Radi\u0107<\/em>, Vinkovci 2020. (suautor Stipica Grgi\u0107)<\/li><\/ul>\t\t\t\t\t\t\t\t<\/div>\n\t\t\t\t<\/div>\n\t\t\t\t<div class=\"elementor-element elementor-element-93b09d7 elementor-widget elementor-widget-text-editor\" data-id=\"93b09d7\" data-element_type=\"widget\" data-widget_type=\"text-editor.default\">\n\t\t\t\t<div class=\"elementor-widget-container\">\n\t\t\t\t\t\t\t\t\t<p><strong>Ud\u017ebenici:<\/strong><\/p><ul><li><em>Povijest IV. Ud\u017ebenik povijesti za IV. razred gimnazije<\/em>, Zagreb 1999. (suautori: Damir Agi\u010di\u0107, Magdalena Najbar-Agi\u010di\u0107, Tvrtko Jakovina)<\/li><li><em>Povijest 3. Ud\u017ebenik povijesti za tre\u0107i razred gimnazije<\/em>, Zagreb 2000. (suautori: Magdalena Najbar-Agi\u010di\u0107, Tvrtko Jakovina, Stjepan Matkovi\u0107, Damir Agi\u010di\u0107)<\/li><\/ul>\t\t\t\t\t\t\t\t<\/div>\n\t\t\t\t<\/div>\n\t\t\t\t<div class=\"elementor-element elementor-element-3cbf62d elementor-widget elementor-widget-text-editor\" data-id=\"3cbf62d\" data-element_type=\"widget\" data-widget_type=\"text-editor.default\">\n\t\t\t\t<div class=\"elementor-widget-container\">\n\t\t\t\t\t\t\t\t\t<p><strong>Izabrani \u010dlanci (2022 &#8211; 2025):<\/strong><\/p><ul><li>&#8220;The &#8220;Pedantic Amateur&#8221; Karlo Diene\u0161 and the Social Role of Photography in the 1920s&#8221;, <em>Studia ethnologica Croatica<\/em>, vol. 34, 2022, br. 1, 17-44.<\/li><li>&#8220;&#8216;Narod je izvor svake vlasti&#8217;: pitanje unutarstrana\u010dke demokracije u Hrvatskoj selja\u010dkoj stranci (1918.-1929.)&#8221;, <em>\u010casopis za suvremenu povijest<\/em>, vol. 56, 2024, br. 2, 315-352.<\/li><li>&#8220;Sloga, sloga i ni\u0161ta drugo nego sloga&#8221;: pitanje unutarstrana\u010dke demokracije u Hrvatskoj selja\u010dkoj stranci (1935.-1941.), <em>\u010casopis za suvremenu povijest<\/em>, vol. 56, 2024, br. 3, 621-657.<\/li><li>&#8220;&#8216;<em>Bildkomentar<\/em> historiji&#8217;: Fotografije Karla Diene\u0161a kao izvor u povijesnom istra\u017eivanju&#8221;, <em>Historijski zbornik<\/em>, vol. 78, 2025, br. 1, 145-174.<\/li><li>&#8220;Retribution Policy in Europe and Croatia (Yugoslavia) after Woirld War II&#8221;, u: N. Bari\u0107 (ur.), <em>Repression and Human Losses in 20th-century Croatia: Studies and Research Perspectives<\/em>, Zagreb 2025., 335-364. (suautor Vladimir Geiger)<\/li><\/ul>\t\t\t\t\t\t\t\t<\/div>\n\t\t\t\t<\/div>\n\t\t\t\t<\/div>\n\t\t<div class=\"elementor-element elementor-element-dd22859 e-con-full e-flex e-con e-child\" data-id=\"dd22859\" data-element_type=\"container\">\n\t\t<div class=\"elementor-element elementor-element-580f544 e-con-full e-flex e-con e-child\" data-id=\"580f544\" data-element_type=\"container\">\n\t\t\t\t<div class=\"elementor-element elementor-element-d5f3449 elementor-widget elementor-widget-search\" data-id=\"d5f3449\" data-element_type=\"widget\" data-settings=\"{&quot;submit_trigger&quot;:&quot;click_submit&quot;,&quot;pagination_type_options&quot;:&quot;none&quot;}\" data-widget_type=\"search.default\">\n\t\t\t\t<div class=\"elementor-widget-container\">\n\t\t\t\t\t\t\t<search class=\"e-search hidden\" role=\"search\">\n\t\t\t<form class=\"e-search-form\" action=\"https:\/\/www.hipzg.hr\/en\/\" method=\"get\">\n\n\t\t\t\t\n\t\t\t\t<label class=\"e-search-label\" for=\"search-d5f3449\">\n\t\t\t\t\t<span class=\"elementor-screen-only\">\n\t\t\t\t\t\tSearch\t\t\t\t\t<\/span>\n\t\t\t\t\t\t\t\t\t<\/label>\n\n\t\t\t\t<div class=\"e-search-input-wrapper\">\n\t\t\t\t\t<input id=\"search-d5f3449\" placeholder=\"Search...\" class=\"e-search-input\" type=\"search\" name=\"s\" value=\"\" autocomplete=\"off\" role=\"combobox\" aria-autocomplete=\"list\" aria-expanded=\"false\" aria-controls=\"results-d5f3449\" aria-haspopup=\"listbox\">\n\t\t\t\t\t<svg aria-hidden=\"true\" class=\"e-font-icon-svg e-fas-times\" viewBox=\"0 0 352 512\" xmlns=\"http:\/\/www.w3.org\/2000\/svg\"><path d=\"M242.72 256l100.07-100.07c12.28-12.28 12.28-32.19 0-44.48l-22.24-22.24c-12.28-12.28-32.19-12.28-44.48 0L176 189.28 75.93 89.21c-12.28-12.28-32.19-12.28-44.48 0L9.21 111.45c-12.28 12.28-12.28 32.19 0 44.48L109.28 256 9.21 356.07c-12.28 12.28-12.28 32.19 0 44.48l22.24 22.24c12.28 12.28 32.2 12.28 44.48 0L176 322.72l100.07 100.07c12.28 12.28 32.2 12.28 44.48 0l22.24-22.24c12.28-12.28 12.28-32.19 0-44.48L242.72 256z\"><\/path><\/svg>\t\t\t\t\t\t\t\t\t\t<output id=\"results-d5f3449\" class=\"e-search-results-container hide-loader\" aria-live=\"polite\" aria-atomic=\"true\" aria-label=\"Results for search\" tabindex=\"0\">\n\t\t\t\t\t\t<div class=\"e-search-results\"><\/div>\n\t\t\t\t\t\t\t\t\t\t\t<\/output>\n\t\t\t\t\t\t\t\t\t<\/div>\n\t\t\t\t\n\t\t\t\t\n\t\t\t\t<button class=\"e-search-submit  \" type=\"submit\" aria-label=\"Search\">\n\t\t\t\t\t<i aria-hidden=\"true\" class=\"icon icon-search2\"><\/i>\n\t\t\t\t\t\t\t\t\t<\/button>\n\t\t\t\t<input type=\"hidden\" name=\"e_search_props\" value=\"d5f3449-15202\">\n\t\t\t<\/form>\n\t\t<\/search>\n\t\t\t\t\t\t<\/div>\n\t\t\t\t<\/div>\n\t\t\t\t<\/div>\n\t\t<div class=\"elementor-element elementor-element-e195695 e-con-full e-flex e-con e-child\" data-id=\"e195695\" data-element_type=\"container\">\n\t\t\t\t<div class=\"elementor-element elementor-element-f615dc9 elementor-widget elementor-widget-image\" data-id=\"f615dc9\" data-element_type=\"widget\" data-widget_type=\"image.default\">\n\t\t\t\t<div class=\"elementor-widget-container\">\n\t\t\t\t\t\t\t\t\t\t\t\t\t\t\t<img fetchpriority=\"high\" decoding=\"async\" width=\"251\" height=\"251\" src=\"https:\/\/www.hipzg.hr\/wp-content\/uploads\/2024\/11\/Suzana-Lecek.png\" class=\"attachment-large size-large wp-image-7841\" alt=\"\" srcset=\"https:\/\/www.hipzg.hr\/wp-content\/uploads\/2024\/11\/Suzana-Lecek.png 251w, https:\/\/www.hipzg.hr\/wp-content\/uploads\/2024\/11\/Suzana-Lecek-100x100.png 100w, https:\/\/www.hipzg.hr\/wp-content\/uploads\/2024\/11\/Suzana-Lecek-150x150.png 150w\" sizes=\"(max-width: 251px) 100vw, 251px\" \/>\t\t\t\t\t\t\t\t\t\t\t\t\t\t\t<\/div>\n\t\t\t\t<\/div>\n\t\t\t\t<div class=\"elementor-element elementor-element-ea35e91 elementor-widget elementor-widget-heading\" data-id=\"ea35e91\" data-element_type=\"widget\" data-widget_type=\"heading.default\">\n\t\t\t\t<div class=\"elementor-widget-container\">\n\t\t\t\t\t<h6 class=\"elementor-heading-title elementor-size-default\">dr. sc. Suzana Le\u010dek<\/h6>\t\t\t\t<\/div>\n\t\t\t\t<\/div>\n\t\t\t\t<div class=\"elementor-element elementor-element-f349ebf elementor-widget elementor-widget-text-editor\" data-id=\"f349ebf\" data-element_type=\"widget\" data-widget_type=\"text-editor.default\">\n\t\t\t\t<div class=\"elementor-widget-container\">\n\t\t\t\t\t\t\t\t\t<p>znanstvena savjetnica u trajnom izboru<br \/>Podru\u017enica za povijest Slavonije, Srijema i Baranje<\/p>\t\t\t\t\t\t\t\t<\/div>\n\t\t\t\t<\/div>\n\t\t\t\t<div class=\"elementor-element elementor-element-96a515c elementor-icon-list--layout-traditional elementor-list-item-link-full_width elementor-widget elementor-widget-icon-list\" data-id=\"96a515c\" data-element_type=\"widget\" data-widget_type=\"icon-list.default\">\n\t\t\t\t<div class=\"elementor-widget-container\">\n\t\t\t\t\t\t\t<ul class=\"elementor-icon-list-items\">\n\t\t\t\t\t\t\t<li class=\"elementor-icon-list-item\">\n\t\t\t\t\t\t\t\t\t\t\t<span class=\"elementor-icon-list-icon\">\n\t\t\t\t\t\t\t<i aria-hidden=\"true\" class=\"icon icon-map-marker\"><\/i>\t\t\t\t\t\t<\/span>\n\t\t\t\t\t\t\t\t\t\t<span class=\"elementor-icon-list-text\">Opati\u010dka 10, 10000 Zagreb<\/span>\n\t\t\t\t\t\t\t\t\t<\/li>\n\t\t\t\t\t\t\t\t<li class=\"elementor-icon-list-item\">\n\t\t\t\t\t\t\t\t\t\t\t<span class=\"elementor-icon-list-icon\">\n\t\t\t\t\t\t\t<i aria-hidden=\"true\" class=\"icon icon-phone-handset\"><\/i>\t\t\t\t\t\t<\/span>\n\t\t\t\t\t\t\t\t\t\t<span class=\"elementor-icon-list-text\">+385 1 4851 721<\/span>\n\t\t\t\t\t\t\t\t\t<\/li>\n\t\t\t\t\t\t\t\t<li class=\"elementor-icon-list-item\">\n\t\t\t\t\t\t\t\t\t\t\t<span class=\"elementor-icon-list-icon\">\n\t\t\t\t\t\t\t<i aria-hidden=\"true\" class=\"icon icon-email\"><\/i>\t\t\t\t\t\t<\/span>\n\t\t\t\t\t\t\t\t\t\t<span class=\"elementor-icon-list-text\">slecek@isp.hr<\/span>\n\t\t\t\t\t\t\t\t\t<\/li>\n\t\t\t\t\t\t\t\t<li class=\"elementor-icon-list-item\">\n\t\t\t\t\t\t\t\t\t\t<span class=\"elementor-icon-list-text\"><span class=\"label\">MBZ:<\/span> 173164<\/span>\n\t\t\t\t\t\t\t\t\t<\/li>\n\t\t\t\t\t\t\t\t<li class=\"elementor-icon-list-item\">\n\t\t\t\t\t\t\t\t\t\t<span class=\"elementor-icon-list-text\"><span class=\"label\">CroRIS ID:<\/span> 10449<\/span>\n\t\t\t\t\t\t\t\t\t<\/li>\n\t\t\t\t\t\t<\/ul>\n\t\t\t\t\t\t<\/div>\n\t\t\t\t<\/div>\n\t\t\t\t<div class=\"elementor-element elementor-element-dabec99 elementor-icon-list--layout-traditional elementor-list-item-link-full_width elementor-widget elementor-widget-icon-list\" data-id=\"dabec99\" data-element_type=\"widget\" data-widget_type=\"icon-list.default\">\n\t\t\t\t<div class=\"elementor-widget-container\">\n\t\t\t\t\t\t\t<ul class=\"elementor-icon-list-items\">\n\t\t\t\t\t\t\t<li class=\"elementor-icon-list-item\">\n\t\t\t\t\t\t\t\t\t\t\t<a href=\"https:\/\/orcid.org\/0000-0003-3034-4528\" target=\"_blank\">\n\n\t\t\t\t\t\t\t\t\t\t\t<span class=\"elementor-icon-list-text\"><span class=\"label\">ORCID:<\/span> 0000-0003-3034-4528<\/span>\n\t\t\t\t\t\t\t\t\t\t\t<\/a>\n\t\t\t\t\t\t\t\t\t<\/li>\n\t\t\t\t\t\t<\/ul>\n\t\t\t\t\t\t<\/div>\n\t\t\t\t<\/div>\n\t\t\t\t<\/div>\n\t\t\t\t<\/div>\n\t\t\t\t\t<\/div>\n\t\t\t\t<\/div>\n\t\t\t\t<\/div>\n\t\t","protected":false},"excerpt":{"rendered":"<p>Suzana Le\u010dek ISTRA\u017dIVA\u010cKI INTERESI I RADNO ISKUSTVO Povijest 1918-1939\/41.; dru\u0161tvena povijest; kulturna povijest; politi\u010dki pokreti, politi\u010dki simboli; kulturni identitet Radno mjesto:2000 \u2013 trenuta\u010dno &#8211; Hrvatski institut za povijest &#8211; Podru\u017enica za povijest Slavonije, Srijema i Baranje1997 \u2013 2001 &#8211; Hrvatski institut za povijest1989 \u2013 1998 &#8211; Zavod za hrvatsku povijest Filozofskog fakulteta OBRAZOVANJE 1998 &#8211; [&hellip;]<\/p>\n","protected":false},"author":6,"featured_media":0,"parent":0,"menu_order":0,"comment_status":"closed","ping_status":"closed","template":"elementor_header_footer","meta":{"iawp_total_views":9,"footnotes":""},"class_list":["post-15202","page","type-page","status-publish","hentry"],"_links":{"self":[{"href":"https:\/\/www.hipzg.hr\/en\/wp-json\/wp\/v2\/pages\/15202","targetHints":{"allow":["GET"]}}],"collection":[{"href":"https:\/\/www.hipzg.hr\/en\/wp-json\/wp\/v2\/pages"}],"about":[{"href":"https:\/\/www.hipzg.hr\/en\/wp-json\/wp\/v2\/types\/page"}],"author":[{"embeddable":true,"href":"https:\/\/www.hipzg.hr\/en\/wp-json\/wp\/v2\/users\/6"}],"replies":[{"embeddable":true,"href":"https:\/\/www.hipzg.hr\/en\/wp-json\/wp\/v2\/comments?post=15202"}],"version-history":[{"count":7,"href":"https:\/\/www.hipzg.hr\/en\/wp-json\/wp\/v2\/pages\/15202\/revisions"}],"predecessor-version":[{"id":15211,"href":"https:\/\/www.hipzg.hr\/en\/wp-json\/wp\/v2\/pages\/15202\/revisions\/15211"}],"wp:attachment":[{"href":"https:\/\/www.hipzg.hr\/en\/wp-json\/wp\/v2\/media?parent=15202"}],"curies":[{"name":"wp","href":"https:\/\/api.w.org\/{rel}","templated":true}]}}