{"id":15065,"date":"2026-03-17T09:58:35","date_gmt":"2026-03-17T08:58:35","guid":{"rendered":"https:\/\/www.hipzg.hr\/?page_id=15065"},"modified":"2026-03-30T09:27:04","modified_gmt":"2026-03-30T07:27:04","slug":"lovorka-coralic","status":"publish","type":"page","link":"https:\/\/www.hipzg.hr\/en\/lovorka-coralic\/","title":{"rendered":"Lovorka \u010corali\u0107"},"content":{"rendered":"\t\t<div data-elementor-type=\"wp-page\" data-elementor-id=\"15065\" class=\"elementor elementor-15065\" data-elementor-post-type=\"page\">\n\t\t\t\t<div class=\"elementor-element elementor-element-4adf38b e-flex e-con-boxed e-con e-parent\" data-id=\"4adf38b\" data-element_type=\"container\">\n\t\t\t\t\t<div class=\"e-con-inner\">\n\t\t<div class=\"elementor-element elementor-element-60789e3 e-con-full e-flex e-con e-child\" data-id=\"60789e3\" data-element_type=\"container\">\n\t\t\t\t<div class=\"elementor-element elementor-element-cdbc1eb elementor-widget elementor-widget-heading\" data-id=\"cdbc1eb\" data-element_type=\"widget\" data-widget_type=\"heading.default\">\n\t\t\t\t<div class=\"elementor-widget-container\">\n\t\t\t\t\t<h2 class=\"elementor-heading-title elementor-size-default\">Lovorka \u010corali\u0107<\/h2>\t\t\t\t<\/div>\n\t\t\t\t<\/div>\n\t\t\t\t<div class=\"elementor-element elementor-element-24a6e3f elementor-widget elementor-widget-text-editor\" data-id=\"24a6e3f\" data-element_type=\"widget\" data-widget_type=\"text-editor.default\">\n\t\t\t\t<div class=\"elementor-widget-container\">\n\t\t\t\t\t\t\t\t\t<p>(8. 2. 1968. Zadar &#8211; 14. 3. 2026. Zagreb)<\/p>\t\t\t\t\t\t\t\t<\/div>\n\t\t\t\t<\/div>\n\t\t\t\t<div class=\"elementor-element elementor-element-d2be703 elementor-widget elementor-widget-heading\" data-id=\"d2be703\" data-element_type=\"widget\" data-widget_type=\"heading.default\">\n\t\t\t\t<div class=\"elementor-widget-container\">\n\t\t\t\t\t<h5 class=\"elementor-heading-title elementor-size-default\">ISTRA\u017dIVA\u010cKI INTERESI I RADNO ISKUSTVO<\/h5>\t\t\t\t<\/div>\n\t\t\t\t<\/div>\n\t\t\t\t<div class=\"elementor-element elementor-element-6aabc1c elementor-widget elementor-widget-text-editor\" data-id=\"6aabc1c\" data-element_type=\"widget\" data-widget_type=\"text-editor.default\">\n\t\t\t\t<div class=\"elementor-widget-container\">\n\t\t\t\t\t\t\t\t\t<p><em>Kronolo\u0161ki<\/em>: ranomoderna povijest, 16. \u2013 18. stolje\u0107e.<br \/><em>Geografski<\/em>: isto\u010dnojadranska obala, Venecija.<br \/><em>Tematski<\/em>: dru\u0161tvena povijest, vojna povijest, kulturna povijest, povijest migracija.<\/p><ul><li>2011. Znanstvena savjetnica (drugi izbor \u2013 trajno zvanje)<\/li><li>2006. Znanstvena savjetnica (prvi izbor)<\/li><li>2003. Vi\u0161a znanstvena suradnica<\/li><li>1998. Znanstvena suradnica<\/li><li>1997. Zaposlenje u Hrvatskom institutu za povijest<\/li><li>1992. Zaposlenje u Zavodu za hrvatsku povijest Filozofskog fakulteta Sveu\u010dili\u0161ta u Zagrebu<\/li><\/ul>\t\t\t\t\t\t\t\t<\/div>\n\t\t\t\t<\/div>\n\t\t\t\t<div class=\"elementor-element elementor-element-804a7c2 elementor-widget elementor-widget-heading\" data-id=\"804a7c2\" data-element_type=\"widget\" data-widget_type=\"heading.default\">\n\t\t\t\t<div class=\"elementor-widget-container\">\n\t\t\t\t\t<h5 class=\"elementor-heading-title elementor-size-default\">OBRAZOVANJE<\/h5>\t\t\t\t<\/div>\n\t\t\t\t<\/div>\n\t\t\t\t<div class=\"elementor-element elementor-element-137a345 elementor-widget elementor-widget-text-editor\" data-id=\"137a345\" data-element_type=\"widget\" data-widget_type=\"text-editor.default\">\n\t\t\t\t<div class=\"elementor-widget-container\">\n\t\t\t\t\t\t\t\t\t<ul><li>1998. Doktorat humanisti\u010dkih znanosti iz znanstvenog polja povijesti, Sveu\u010dili\u0161te u Splitu<\/li><li>1988. Magisterij iz dru\u0161tvenih, humanisti\u010dkih i teolo\u0161kih znanosti iz podru\u010dja povijesnih znanosti, Sveu\u010dili\u0161te u Zagrebu<\/li><li>1990. Diploma diplomiranog histori\u010dara, Filozofski fakultet, Sveu\u010dili\u0161te u Zagrebu<\/li><\/ul>\t\t\t\t\t\t\t\t<\/div>\n\t\t\t\t<\/div>\n\t\t\t\t<div class=\"elementor-element elementor-element-946d4d8 elementor-widget elementor-widget-heading\" data-id=\"946d4d8\" data-element_type=\"widget\" data-widget_type=\"heading.default\">\n\t\t\t\t<div class=\"elementor-widget-container\">\n\t\t\t\t\t<h5 class=\"elementor-heading-title elementor-size-default\">PROJEKTI<\/h5>\t\t\t\t<\/div>\n\t\t\t\t<\/div>\n\t\t\t\t<div class=\"elementor-element elementor-element-05bdef4 elementor-widget elementor-widget-text-editor\" data-id=\"05bdef4\" data-element_type=\"widget\" data-widget_type=\"text-editor.default\">\n\t\t\t\t<div class=\"elementor-widget-container\">\n\t\t\t\t\t\t\t\t\t<ul><li>2024- Suradnica na interinstitutskom projektu: Vlast to smo mi. Dru\u0161tvene mre\u017ee i upravlja\u010dke strukture u hrvatskom novom vijeku (voditelj: Vedran Klau\u017eer)<\/li><li>2023.- Suradnica na HRZZ projektu: Izvori za hrvatsku povijest \u2013 istra\u017eivanje, kriti\u010dko izdavanje i analiza (voditelj: Damir Karbi\u0107)<\/li><li>2019.-21. Voditeljica interinstitutskoga projekta: Problematske teme za dru\u0161tvenu i vojnu povijest isto\u010dnoga Jadrana u ranom novom vijeku.<\/li><li>2015.-19. Suradnica na HRZZ projektu: Izvori, pomagala i studije za hrvatsku povijest od srednjeg vijeka do kraja dugog 19. stolje\u0107a (voditelj: Damir Karbi\u0107)<\/li><li>2015.-19. Suradnica na HRZZ projektu: Vojni\u010dki \u017eivot i slike ratnika u hrvatskom pograni\u010dju od 16. st. do 1918. (voditelj: Alexander Buczynski)<\/li><li>2012.-13. Koordinatorica za hrvatsku stranu suradnje projekta bilateralne suradnje MZO\u0160-a i slovenskog ministarstva obrazovanja &#8220;East Adriatic Coast between the Republic of Venice and the Habsburg Monarchy in the Late Middle Ages and Early Modern Age&#8221;.<\/li><li>2007.-13. Voditeljica projekta: &#8220;Hrvatski isto\u010dnojadranski prostor i Mleta\u010dka Republika u ranom novom vijeku&#8221; (019-0190611-0593).<\/li><\/ul>\t\t\t\t\t\t\t\t<\/div>\n\t\t\t\t<\/div>\n\t\t\t\t<div class=\"elementor-element elementor-element-3a7ec6a elementor-widget elementor-widget-heading\" data-id=\"3a7ec6a\" data-element_type=\"widget\" data-widget_type=\"heading.default\">\n\t\t\t\t<div class=\"elementor-widget-container\">\n\t\t\t\t\t<h5 class=\"elementor-heading-title elementor-size-default\">NAGRADE<\/h5>\t\t\t\t<\/div>\n\t\t\t\t<\/div>\n\t\t\t\t<div class=\"elementor-element elementor-element-f4a98ea elementor-widget elementor-widget-text-editor\" data-id=\"f4a98ea\" data-element_type=\"widget\" data-widget_type=\"text-editor.default\">\n\t\t\t\t<div class=\"elementor-widget-container\">\n\t\t\t\t\t\t\t\t\t<ul><li>2025. Nagrada Tadija Smi\u010diklas za objavljivanje arhivskog gradiva HNOPZ-a i DHP-a<\/li><li>2008. Dr\u017eavna nagrada za znanost<\/li><li>2001. Nagrada Matice hrvatske za znanost<\/li><\/ul>\t\t\t\t\t\t\t\t<\/div>\n\t\t\t\t<\/div>\n\t\t\t\t<div class=\"elementor-element elementor-element-d5102f9 elementor-widget elementor-widget-text-editor\" data-id=\"d5102f9\" data-element_type=\"widget\" data-widget_type=\"text-editor.default\">\n\t\t\t\t<div class=\"elementor-widget-container\">\n\t\t\t\t\t\t\t\t\t<h5 class=\"inline-h5\">PUBLIKACIJE<\/h5><p>(potpuna bibliografija radova dostupna na: <a href=\"https:\/\/www.croris.hr\/crosbi\/searchByContext\/2\/10149\" target=\"_blank\" rel=\"noopener\">CroRIS<\/a>)<\/p><ul><li>Kapetani, pukovnici i crkveni dostojanstvenici: Odabrane teme iz povijesti Perasta, izd. Gospa od \u0160krpjela, Perast, 2025., 482 str.<\/li><li>Gradivo za povijest isto\u010dnoga Jadrana u ranom novom vijeku, sv. IV.: Spisi zadarskoga bilje\u017enika Franje Sorinija (1659. \u2013 1662.), prepisali i uredili Lovorka \u010corali\u0107 i Filip Novosel, Monumenta Spectantia historiam Slavorum Meridionalium, vol. LXI., HAZU, Zagreb, 2024., 443 str.<\/li><li>Odabrane teme iz povijesti albansko-hrvatskih odnosa u kasnom srednjem i ranom novom vijeku, Zagreb \u2013 Zajednica Albanaca grada Zagreba i Zagreba\u010dke \u017eupanije, Zagreb, 2023., 422 str.<\/li><li>Gradivo za povijest isto\u010dnoga Jadrana u ranom novom vijeku, sv. III.: Spisi zadarskoga bilje\u017enika Franje Sorinija (1656. \u2013 1659.), prepisali i uredili Lovorka \u010corali\u0107 i Filip Novosel, Monumenta Spectantia historiam Slavorum Meridionalium, vol. LX., HAZU, Zagreb, 2022., 537 str.<\/li><li>Gradivo za povijest isto\u010dnoga Jadrana u ranom novom vijeku, sv. II.: Spisi zadarskoga bilje\u017enika Antonija Calogere (1772. \u2013 1772.), prepisali i uredili Juraj Bali\u0107, Lovorka \u010corali\u0107 i Filip Novosel, Monumenta Spectantia historiam Slavorum Meridionalium, vol. LVIII., HAZU, Zagreb, 2018., 477 str.<\/li><li>Gradivo za povijest isto\u010dnoga Jadrana u ranom novom vijeku, sv. I.: Spisi zadarskoga bilje\u017enika Antonija Calogere (1768. \u2013 1770.), prepisali i uredili Juraj Bali\u0107, Lovorka \u010corali\u0107 i Filip Novosel, Monumenta Spectantia historiam Slavorum Meridionalium, vol. LVII., HAZU, Zagreb, 2014., 519 str.<\/li><li>Pisma i poruke rektora Dalmacije i Mleta\u010dke Albanije, sv. II. (Pisma i poruke rektora Kor\u010dule, Bra\u010da, Omi\u0161a, Makarske i Klisa), prepisali i uredili Lovorka \u010corali\u0107, Damir Karbi\u0107 i Maja Katu\u0161i\u0107, Monumenta Spectantia historiam Slavorum Meridionalium, vol. LVI., HAZU, Zagreb, 2012., 301 str.<\/li><li>Pisma i poruke rektora Dalmacije i Mleta\u010dke Albanije, sv. I. (Pisma i poruke rektora Bara, Ulcinja, Budve i Herceg-Novog), prepisali i uredili Lovorka \u010corali\u0107 i Damir Karbi\u0107, Monumenta Spectantia historiam Slavorum Meridionalium, vol. LV., HAZU, Zagreb, 2009., 298 str.<\/li><li>Iz pro\u0161losti Boke: odabrane teme, Meridijani, Samobor, 2007., 306 str.<\/li><li>Barani u Mlecima: povijest jedne hrvatske iseljeni\u010dke zajednice, Dom i svijet \/ Zagreb, Hrvatsko gra\u0111ansko dru\u0161tvo Crne Gore, Zagreb, 2006., 251 str.<\/li><li>Venecija: Kraljica mora s lagunarnih sprudova (Povijest Mleta\u010dke Republike), Meridijani (Bibliotheka historia Croatica, knj. 35.), Samobor 2004., 171 str.<\/li><li>Hrvatski prinosi mleta\u010dkoj kulturi: odabrane teme, Dom i svijet (Biblioteka \u201cPovjesnica), Zagreb 2003., 324 str.<\/li><li>\u0160iben\u010dani u Mlecima, Gradska knji\u017enica \u201cJuraj \u0160i\u017egori\u0107\u201d (Knji\u017enica Faust), \u0160ibenik 2003., 279 str.<\/li><li>Hrvatski tragovi u Mletcima, \u201cKorabljica\u201d \u2013 prinosi za povijest knji\u017eevnosti u Hrvata, Sekcija Dru\u0161tva hrvatskih knji\u017eevnika za prou\u010davanje knji\u017eevnosti u hrvatskom iseljeni\u0161tvu, god. XII, br. 8, Zagreb 2002., 163 str.<\/li><li>Hrvati u procesima mleta\u010dke inkvizicije, Dom i svijet &#8211; Hrvatski institut za povijest (Biblioteka \u201cHrvatska povjesnica\u201d, monografije i studije, III\/15), Zagreb, 2001, 195 str.<\/li><li>U gradu Svetoga Marka: Povijest hrvatske zajednice u Mlecima, Golden marketing, Zagreb, 2001., 521 str.<\/li><li>Hrvatska\/Italija. Stoljetne veze: povijest, knji\u017eevnost i likovne umjetnosti (Croazia\/Italia. I rapporti nei secoli: storia, letteratura, arti figurative). Dvojezi\u010dno izdanje (Edizione bilingue), priredila Natka Badurina, Most\/The bridge. A Journal of Croatian Literature, Biblioteka Relationes, Zagreb 1997 (poglavlje: Povijest, str. 9-88. (hrvatski tekst); str. 245-332; bibliografija (Povijest): str. 503-508.<\/li><li>Put, putnici, putovanja: ceste i putovi u srednjovjekovnim hrvatskim zemljama, AGM, Zagreb, 1997., 287 str.<\/li><\/ul>\t\t\t\t\t\t\t\t<\/div>\n\t\t\t\t<\/div>\n\t\t\t\t<\/div>\n\t\t<div class=\"elementor-element elementor-element-dd22859 e-con-full e-flex e-con e-child\" data-id=\"dd22859\" data-element_type=\"container\">\n\t\t<div class=\"elementor-element elementor-element-580f544 e-con-full e-flex e-con e-child\" data-id=\"580f544\" data-element_type=\"container\">\n\t\t\t\t<div class=\"elementor-element elementor-element-d5f3449 elementor-widget elementor-widget-search\" data-id=\"d5f3449\" data-element_type=\"widget\" data-settings=\"{&quot;submit_trigger&quot;:&quot;click_submit&quot;,&quot;pagination_type_options&quot;:&quot;none&quot;}\" data-widget_type=\"search.default\">\n\t\t\t\t<div class=\"elementor-widget-container\">\n\t\t\t\t\t\t\t<search class=\"e-search hidden\" role=\"search\">\n\t\t\t<form class=\"e-search-form\" action=\"https:\/\/www.hipzg.hr\/en\/\" method=\"get\">\n\n\t\t\t\t\n\t\t\t\t<label class=\"e-search-label\" for=\"search-d5f3449\">\n\t\t\t\t\t<span class=\"elementor-screen-only\">\n\t\t\t\t\t\tSearch\t\t\t\t\t<\/span>\n\t\t\t\t\t\t\t\t\t<\/label>\n\n\t\t\t\t<div class=\"e-search-input-wrapper\">\n\t\t\t\t\t<input id=\"search-d5f3449\" placeholder=\"Search...\" class=\"e-search-input\" type=\"search\" name=\"s\" value=\"\" autocomplete=\"off\" role=\"combobox\" aria-autocomplete=\"list\" aria-expanded=\"false\" aria-controls=\"results-d5f3449\" aria-haspopup=\"listbox\">\n\t\t\t\t\t<svg aria-hidden=\"true\" class=\"e-font-icon-svg e-fas-times\" viewBox=\"0 0 352 512\" xmlns=\"http:\/\/www.w3.org\/2000\/svg\"><path d=\"M242.72 256l100.07-100.07c12.28-12.28 12.28-32.19 0-44.48l-22.24-22.24c-12.28-12.28-32.19-12.28-44.48 0L176 189.28 75.93 89.21c-12.28-12.28-32.19-12.28-44.48 0L9.21 111.45c-12.28 12.28-12.28 32.19 0 44.48L109.28 256 9.21 356.07c-12.28 12.28-12.28 32.19 0 44.48l22.24 22.24c12.28 12.28 32.2 12.28 44.48 0L176 322.72l100.07 100.07c12.28 12.28 32.2 12.28 44.48 0l22.24-22.24c12.28-12.28 12.28-32.19 0-44.48L242.72 256z\"><\/path><\/svg>\t\t\t\t\t\t\t\t\t\t<output id=\"results-d5f3449\" class=\"e-search-results-container hide-loader\" aria-live=\"polite\" aria-atomic=\"true\" aria-label=\"Results for search\" tabindex=\"0\">\n\t\t\t\t\t\t<div class=\"e-search-results\"><\/div>\n\t\t\t\t\t\t\t\t\t\t\t<\/output>\n\t\t\t\t\t\t\t\t\t<\/div>\n\t\t\t\t\n\t\t\t\t\n\t\t\t\t<button class=\"e-search-submit  \" type=\"submit\" aria-label=\"Search\">\n\t\t\t\t\t<i aria-hidden=\"true\" class=\"icon icon-search2\"><\/i>\n\t\t\t\t\t\t\t\t\t<\/button>\n\t\t\t\t<input type=\"hidden\" name=\"e_search_props\" value=\"d5f3449-15065\">\n\t\t\t<\/form>\n\t\t<\/search>\n\t\t\t\t\t\t<\/div>\n\t\t\t\t<\/div>\n\t\t\t\t<\/div>\n\t\t<div class=\"elementor-element elementor-element-e195695 e-con-full e-flex e-con e-child\" data-id=\"e195695\" data-element_type=\"container\">\n\t\t\t\t<div class=\"elementor-element elementor-element-f615dc9 elementor-widget elementor-widget-image\" data-id=\"f615dc9\" data-element_type=\"widget\" data-widget_type=\"image.default\">\n\t\t\t\t<div class=\"elementor-widget-container\">\n\t\t\t\t\t\t\t\t\t\t\t\t\t\t\t<img fetchpriority=\"high\" decoding=\"async\" width=\"251\" height=\"251\" src=\"https:\/\/www.hipzg.hr\/wp-content\/uploads\/2024\/11\/Lovorka-Coralic.png\" class=\"attachment-large size-large wp-image-7855\" alt=\"\" srcset=\"https:\/\/www.hipzg.hr\/wp-content\/uploads\/2024\/11\/Lovorka-Coralic.png 251w, https:\/\/www.hipzg.hr\/wp-content\/uploads\/2024\/11\/Lovorka-Coralic-100x100.png 100w, https:\/\/www.hipzg.hr\/wp-content\/uploads\/2024\/11\/Lovorka-Coralic-150x150.png 150w\" sizes=\"(max-width: 251px) 100vw, 251px\" \/>\t\t\t\t\t\t\t\t\t\t\t\t\t\t\t<\/div>\n\t\t\t\t<\/div>\n\t\t\t\t<div class=\"elementor-element elementor-element-ea35e91 elementor-widget elementor-widget-heading\" data-id=\"ea35e91\" data-element_type=\"widget\" data-widget_type=\"heading.default\">\n\t\t\t\t<div class=\"elementor-widget-container\">\n\t\t\t\t\t<h6 class=\"elementor-heading-title elementor-size-default\">dr. sc. Lovorka \u010corali\u0107<\/h6>\t\t\t\t<\/div>\n\t\t\t\t<\/div>\n\t\t\t\t<div class=\"elementor-element elementor-element-f349ebf elementor-widget elementor-widget-text-editor\" data-id=\"f349ebf\" data-element_type=\"widget\" data-widget_type=\"text-editor.default\">\n\t\t\t\t<div class=\"elementor-widget-container\">\n\t\t\t\t\t\t\t\t\t<p>znanstveni savjetnik u trajnom izboru<br \/>Znanstveni odjel za ranonovovjekovnu povijest<\/p>\t\t\t\t\t\t\t\t<\/div>\n\t\t\t\t<\/div>\n\t\t\t\t<div class=\"elementor-element elementor-element-96a515c elementor-icon-list--layout-traditional elementor-list-item-link-full_width elementor-widget elementor-widget-icon-list\" data-id=\"96a515c\" data-element_type=\"widget\" data-widget_type=\"icon-list.default\">\n\t\t\t\t<div class=\"elementor-widget-container\">\n\t\t\t\t\t\t\t<ul class=\"elementor-icon-list-items\">\n\t\t\t\t\t\t\t<li class=\"elementor-icon-list-item\">\n\t\t\t\t\t\t\t\t\t\t\t<span class=\"elementor-icon-list-icon\">\n\t\t\t\t\t\t\t<i aria-hidden=\"true\" class=\"icon icon-map-marker\"><\/i>\t\t\t\t\t\t<\/span>\n\t\t\t\t\t\t\t\t\t\t<span class=\"elementor-icon-list-text\">Opati\u010dka 10, 10000 Zagreb<\/span>\n\t\t\t\t\t\t\t\t\t<\/li>\n\t\t\t\t\t\t\t\t<li class=\"elementor-icon-list-item\">\n\t\t\t\t\t\t\t\t\t\t\t<span class=\"elementor-icon-list-icon\">\n\t\t\t\t\t\t\t<i aria-hidden=\"true\" class=\"icon icon-phone-handset\"><\/i>\t\t\t\t\t\t<\/span>\n\t\t\t\t\t\t\t\t\t\t<span class=\"elementor-icon-list-text\">+385 1 4851 721<\/span>\n\t\t\t\t\t\t\t\t\t<\/li>\n\t\t\t\t\t\t\t\t<li class=\"elementor-icon-list-item\">\n\t\t\t\t\t\t\t\t\t\t\t<span class=\"elementor-icon-list-icon\">\n\t\t\t\t\t\t\t<i aria-hidden=\"true\" class=\"icon icon-email\"><\/i>\t\t\t\t\t\t<\/span>\n\t\t\t\t\t\t\t\t\t\t<span class=\"elementor-icon-list-text\">lovorka@isp.hr<\/span>\n\t\t\t\t\t\t\t\t\t<\/li>\n\t\t\t\t\t\t\t\t<li class=\"elementor-icon-list-item\">\n\t\t\t\t\t\t\t\t\t\t<span class=\"elementor-icon-list-text\"><span class=\"label\">MBZ:<\/span> 176044<\/span>\n\t\t\t\t\t\t\t\t\t<\/li>\n\t\t\t\t\t\t\t\t<li class=\"elementor-icon-list-item\">\n\t\t\t\t\t\t\t\t\t\t<span class=\"elementor-icon-list-text\"><span class=\"label\">CroRIS ID:<\/span> 10149<\/span>\n\t\t\t\t\t\t\t\t\t<\/li>\n\t\t\t\t\t\t<\/ul>\n\t\t\t\t\t\t<\/div>\n\t\t\t\t<\/div>\n\t\t\t\t<div class=\"elementor-element elementor-element-dabec99 elementor-icon-list--layout-traditional elementor-list-item-link-full_width elementor-widget elementor-widget-icon-list\" data-id=\"dabec99\" data-element_type=\"widget\" data-widget_type=\"icon-list.default\">\n\t\t\t\t<div class=\"elementor-widget-container\">\n\t\t\t\t\t\t\t<ul class=\"elementor-icon-list-items\">\n\t\t\t\t\t\t\t<li class=\"elementor-icon-list-item\">\n\t\t\t\t\t\t\t\t\t\t\t<a href=\"https:\/\/orcid.org\/0000-0002-9333-7221\" target=\"_blank\">\n\n\t\t\t\t\t\t\t\t\t\t\t<span class=\"elementor-icon-list-text\"><span class=\"label\">ORCID:<\/span> 0000-0002-9333-7221<\/span>\n\t\t\t\t\t\t\t\t\t\t\t<\/a>\n\t\t\t\t\t\t\t\t\t<\/li>\n\t\t\t\t\t\t<\/ul>\n\t\t\t\t\t\t<\/div>\n\t\t\t\t<\/div>\n\t\t\t\t<\/div>\n\t\t\t\t<\/div>\n\t\t\t\t\t<\/div>\n\t\t\t\t<\/div>\n\t\t\t\t<\/div>\n\t\t","protected":false},"excerpt":{"rendered":"<p>Lovorka \u010corali\u0107 (8. 2. 1968. Zadar &#8211; 14. 3. 2026. Zagreb) ISTRA\u017dIVA\u010cKI INTERESI I RADNO ISKUSTVO Kronolo\u0161ki: ranomoderna povijest, 16. \u2013 18. stolje\u0107e.Geografski: isto\u010dnojadranska obala, Venecija.Tematski: dru\u0161tvena povijest, vojna povijest, kulturna povijest, povijest migracija. 2011. Znanstvena savjetnica (drugi izbor \u2013 trajno zvanje) 2006. Znanstvena savjetnica (prvi izbor) 2003. Vi\u0161a znanstvena suradnica 1998. Znanstvena suradnica 1997. [&hellip;]<\/p>\n","protected":false},"author":6,"featured_media":0,"parent":0,"menu_order":0,"comment_status":"closed","ping_status":"closed","template":"elementor_header_footer","meta":{"iawp_total_views":14,"footnotes":""},"class_list":["post-15065","page","type-page","status-publish","hentry"],"_links":{"self":[{"href":"https:\/\/www.hipzg.hr\/en\/wp-json\/wp\/v2\/pages\/15065","targetHints":{"allow":["GET"]}}],"collection":[{"href":"https:\/\/www.hipzg.hr\/en\/wp-json\/wp\/v2\/pages"}],"about":[{"href":"https:\/\/www.hipzg.hr\/en\/wp-json\/wp\/v2\/types\/page"}],"author":[{"embeddable":true,"href":"https:\/\/www.hipzg.hr\/en\/wp-json\/wp\/v2\/users\/6"}],"replies":[{"embeddable":true,"href":"https:\/\/www.hipzg.hr\/en\/wp-json\/wp\/v2\/comments?post=15065"}],"version-history":[{"count":25,"href":"https:\/\/www.hipzg.hr\/en\/wp-json\/wp\/v2\/pages\/15065\/revisions"}],"predecessor-version":[{"id":15331,"href":"https:\/\/www.hipzg.hr\/en\/wp-json\/wp\/v2\/pages\/15065\/revisions\/15331"}],"wp:attachment":[{"href":"https:\/\/www.hipzg.hr\/en\/wp-json\/wp\/v2\/media?parent=15065"}],"curies":[{"name":"wp","href":"https:\/\/api.w.org\/{rel}","templated":true}]}}