{"id":15027,"date":"2026-03-17T09:28:32","date_gmt":"2026-03-17T08:28:32","guid":{"rendered":"https:\/\/www.hipzg.hr\/?page_id=15027"},"modified":"2026-03-17T15:08:12","modified_gmt":"2026-03-17T14:08:12","slug":"maja-peric","status":"publish","type":"page","link":"https:\/\/www.hipzg.hr\/en\/maja-peric\/","title":{"rendered":"Maja Peri\u0107"},"content":{"rendered":"\t\t<div data-elementor-type=\"wp-page\" data-elementor-id=\"15027\" class=\"elementor elementor-15027\" data-elementor-post-type=\"page\">\n\t\t\t\t<div class=\"elementor-element elementor-element-4adf38b e-flex e-con-boxed e-con e-parent\" data-id=\"4adf38b\" data-element_type=\"container\">\n\t\t\t\t\t<div class=\"e-con-inner\">\n\t\t<div class=\"elementor-element elementor-element-60789e3 e-con-full e-flex e-con e-child\" data-id=\"60789e3\" data-element_type=\"container\">\n\t\t\t\t<div class=\"elementor-element elementor-element-cdbc1eb elementor-widget elementor-widget-heading\" data-id=\"cdbc1eb\" data-element_type=\"widget\" data-widget_type=\"heading.default\">\n\t\t\t\t<div class=\"elementor-widget-container\">\n\t\t\t\t\t<h2 class=\"elementor-heading-title elementor-size-default\">Maja Peri\u0107<\/h2>\t\t\t\t<\/div>\n\t\t\t\t<\/div>\n\t\t\t\t<div class=\"elementor-element elementor-element-540c1c3 elementor-widget elementor-widget-spacer\" data-id=\"540c1c3\" data-element_type=\"widget\" data-widget_type=\"spacer.default\">\n\t\t\t\t<div class=\"elementor-widget-container\">\n\t\t\t\t\t\t\t<div class=\"elementor-spacer\">\n\t\t\t<div class=\"elementor-spacer-inner\"><\/div>\n\t\t<\/div>\n\t\t\t\t\t\t<\/div>\n\t\t\t\t<\/div>\n\t\t\t\t<div class=\"elementor-element elementor-element-d2be703 elementor-widget elementor-widget-heading\" data-id=\"d2be703\" data-element_type=\"widget\" data-widget_type=\"heading.default\">\n\t\t\t\t<div class=\"elementor-widget-container\">\n\t\t\t\t\t<h5 class=\"elementor-heading-title elementor-size-default\">ISTRA\u017dIVA\u010cKI INTERESI I RADNO ISKUSTVO<\/h5>\t\t\t\t<\/div>\n\t\t\t\t<\/div>\n\t\t\t\t<div class=\"elementor-element elementor-element-6aabc1c elementor-widget elementor-widget-text-editor\" data-id=\"6aabc1c\" data-element_type=\"widget\" data-widget_type=\"text-editor.default\">\n\t\t\t\t<div class=\"elementor-widget-container\">\n\t\t\t\t\t\t\t\t\t<p>Rani novovjekovni susreti izme\u0111u hrvatskih povijesnih zemalja i Nizozemlja (dana\u0161nji Benelux) u ranome novom vijeku (otprilike od 14. do 18. stolje\u0107a); Putopisni izvori, kanonske vizitacije, korespondencija i cirkulacija prosvjetiteljstvih ideja u hrvatskim zemljama, \u2026<\/p><p>Radno iskustvo:<\/p><ul><li>Travanj 2023. \u2013 o\u017eujak 2025.: Sredi\u0161nji dr\u017eavni ured za Hrvate izvan Republike Hrvatske, Suradnica u Sektoru za hrvatsko iseljeni\u0161tvo<\/li><li>Travanj 2025. \u2013 studeni 2026.: Hrvatski institut za povijest, Vi\u0161a asistentica \u2013 postdoktorantica na HRZZ-projektu LIGHT: Izme\u0111u znanja i neznanja. Ideje, prakse i naslje\u0111e provjestiteljstva u hrvatskim zemljama.<\/li><\/ul>\t\t\t\t\t\t\t\t<\/div>\n\t\t\t\t<\/div>\n\t\t\t\t<div class=\"elementor-element elementor-element-804a7c2 elementor-widget elementor-widget-heading\" data-id=\"804a7c2\" data-element_type=\"widget\" data-widget_type=\"heading.default\">\n\t\t\t\t<div class=\"elementor-widget-container\">\n\t\t\t\t\t<h5 class=\"elementor-heading-title elementor-size-default\">OBRAZOVANJE<\/h5>\t\t\t\t<\/div>\n\t\t\t\t<\/div>\n\t\t\t\t<div class=\"elementor-element elementor-element-137a345 elementor-widget elementor-widget-text-editor\" data-id=\"137a345\" data-element_type=\"widget\" data-widget_type=\"text-editor.default\">\n\t\t\t\t<div class=\"elementor-widget-container\">\n\t\t\t\t\t\t\t\t\t<ul><li>2020. \u2013 2024.: Poslijediplomski doktorski studij predmoderne povijesti, Filozofski fakultet Sveu\u010dili\u0161ta u Zagrebu, Republika Hrvatska<\/li><li>2019. \u2013 2020.: Diplomski studij povijesti, Filozofski fakultet Sveu\u010dili\u0161ta u Antwerpenu, Kraljevina Belgija<\/li><li>2015. \u2013 2019.: Preddiplomski studij povijesti, Filozofski fakultet Sveu\u010dili\u0161ta u Antwerpenu, Kraljevina Belgija<\/li><\/ul>\t\t\t\t\t\t\t\t<\/div>\n\t\t\t\t<\/div>\n\t\t\t\t<div class=\"elementor-element elementor-element-946d4d8 elementor-widget elementor-widget-heading\" data-id=\"946d4d8\" data-element_type=\"widget\" data-widget_type=\"heading.default\">\n\t\t\t\t<div class=\"elementor-widget-container\">\n\t\t\t\t\t<h5 class=\"elementor-heading-title elementor-size-default\">PROJEKTI<\/h5>\t\t\t\t<\/div>\n\t\t\t\t<\/div>\n\t\t\t\t<div class=\"elementor-element elementor-element-05bdef4 elementor-widget elementor-widget-text-editor\" data-id=\"05bdef4\" data-element_type=\"widget\" data-widget_type=\"text-editor.default\">\n\t\t\t\t<div class=\"elementor-widget-container\">\n\t\t\t\t\t\t\t\t\t<ul><li>Vi\u0161a asistentica \u2013 postdoktorantica na HRZZ-projektu LIGHT: Izme\u0111u znanja i neznanja. Ideje, prakse i naslje\u0111e provjestiteljstva u hrvatskim zemljama. Projekt se izvodi na Hrvatskom institutu za povijest i traje od 16.12.2024. do 15.12.2027. Financira ga Hrvatska zaklada za znanost pod brojem IP-2024-05-5581.<\/li><\/ul>\t\t\t\t\t\t\t\t<\/div>\n\t\t\t\t<\/div>\n\t\t\t\t<div class=\"elementor-element elementor-element-3a7ec6a elementor-widget elementor-widget-heading\" data-id=\"3a7ec6a\" data-element_type=\"widget\" data-widget_type=\"heading.default\">\n\t\t\t\t<div class=\"elementor-widget-container\">\n\t\t\t\t\t<h5 class=\"elementor-heading-title elementor-size-default\">NAGRADE<\/h5>\t\t\t\t<\/div>\n\t\t\t\t<\/div>\n\t\t\t\t<div class=\"elementor-element elementor-element-f4a98ea elementor-widget elementor-widget-text-editor\" data-id=\"f4a98ea\" data-element_type=\"widget\" data-widget_type=\"text-editor.default\">\n\t\t\t\t<div class=\"elementor-widget-container\">\n\t\t\t\t\t\t\t\t\t<ul><li>2022.: 1. Nagrada za najbolji rad mladih povjesni\u010dara iz povijesti Slavonije, Srijema i Baranje Hrvatskog instituta za povijest Podru\u017enice za povijest Slavonije, Srijema i Baranje<\/li><\/ul>\t\t\t\t\t\t\t\t<\/div>\n\t\t\t\t<\/div>\n\t\t\t\t<div class=\"elementor-element elementor-element-d5102f9 elementor-widget elementor-widget-text-editor\" data-id=\"d5102f9\" data-element_type=\"widget\" data-widget_type=\"text-editor.default\">\n\t\t\t\t<div class=\"elementor-widget-container\">\n\t\t\t\t\t\t\t\t\t<h5 class=\"inline-h5\">PUBLIKACIJE<\/h5><p>(potpuna bibliografija radova dostupna na: <a href=\"https:\/\/www.croris.hr\/crosbi\/searchByContext\/2\/49424\" target=\"_blank\" rel=\"noopener\">CroRIS<\/a>)<\/p><ul><li>Peri\u0107 Maja, \u201cDescriptions and images of women in the Ottoman continental Balkans in sixteenth- to seventeenth century Netherlandish travelogues\u201d, u: Asceric-Todd Ines, Smaji\u0107 Aid, Starkey Janet et al. (ur.), <em>Travellers in Ottoman Lands II: The Balkans, Anatolia and Beyond<\/em>, Oxford: Archaeopress, 2024., 155-170.<\/li><li>Peri\u0107 Maja, \u201cReligions in the Eastern Adriatic and Greece as experienced by Netherlandish sixteenth-century pilgrims\u201d, u: Kovachev Kristian and Gerdzhikova Zlatomira (ur.), <em>The Church and Otherness<\/em>, Sofia: Tendril Books, 2023., 207-222.<\/li><li>Peri\u0107 Maja, \u201cBaranja, Slavonija i Srijem u nizozemskim i flamanskim putopisima 16. i 17. Stolje\u0107a\u201d, <em>Scrinia Slavonica: Godi\u0161njak Podru\u017enice za povijest Slavonije, Srijema i Baranje Hrvatskog instituta za povijest<\/em>, Vol. 23 No. 1, 2023., 3-92.<\/li><li>Peri\u0107 Maja, \u201cVijesti iz Dubrova\u010dke Republike: Dubrovnik u nizozemskim novinama Oprechte Haerlemsche Courant (1656.-1699.)\u201d, <em>Anali Zavoda za povijesne znanosti Hrvatske akademije znanosti i umjetnosti u Dubrovniku<\/em>, No. 61, 2023., 123-138.<\/li><li>Peri\u0107 Maja, \u201cThe Venetian Dragomans of Zara. A Proposal for Research of Diplomatic Sources from the State Archives of Zadar\u201d, u: Bogdan Teodor, Jordan Baev, Matthew Crosston and Mihaela Teodor (ur.), <em>Old and New Insights on the History of Intelligence and Diplomacy in the Balkans<\/em>, Series: South-East European History, Volume 1, New York: Peter Lang, 2023., 13-40.<\/li><li>Peri\u0107 Maja i Mlinari\u0107 Dubravka, \u201cSclavonien op de kaert: Slavonia through the eyes of Dutch cartographers of the first half of the eighteenth century\/Sclavonien op de kaert: Slavonija kako su je vidjeli nizozemski kartografi prve polovice osamnaestoga stolje\u0107a\u201d, <em>Kartografija i geoinformacije<\/em>, Vol. 21 No. 37, 2022., 4-33.<\/li><li><strong><u>Prikaz<\/u>:<\/strong> Peri\u0107 Maja, \u201eYearbook of the Society for 18th Century Studies on South Eastern Europe: Secularisation between the Adriatic and the Carpathians\u201c, Ur. Dragana Grbi\u0107, Harald Heppner, Konrad Petrovszky, 2025., 210str., <em>Povijesni Prilozi,<\/em> 44, broj 69, 2025.<\/li><li><strong><u>Prikaz<\/u>:<\/strong> Peri\u0107 Maja, \u201cSocial and Individual Spatial Mobility in Late Medieval and Renaissance Croatia in European Context\u201d, ur. Sabine-Florence Fabijanec, Zrinka Novak and Zoran Ladi\u0107, Hrvatska akademija znanosti i umjetnosti HAZU, Zagreb, 2022., 343str., <em>Hiperboreea \u2013 Journal of the Balkan History Association<\/em>, vol. 11, broj 1, 2024.<\/li><li><strong><u>Prikaz<\/u>:<\/strong> Peri\u0107 Maja, \u201cDeath, Illness, Body and Soul in Written and Visual Culture in Byzantium and Late Medieval Balkans\u201d, ur. Vlada Stankovi\u0107, University of Belgrade \u2013 Faculty of Philosophy, 2021., 147str., <em>Hiperboreea \u2013 Journal of the Balkan History Association<\/em>, vol. 10, broj 2, 2023.<\/li><\/ul>\t\t\t\t\t\t\t\t<\/div>\n\t\t\t\t<\/div>\n\t\t\t\t<\/div>\n\t\t<div class=\"elementor-element elementor-element-dd22859 e-con-full e-flex e-con e-child\" data-id=\"dd22859\" data-element_type=\"container\">\n\t\t<div class=\"elementor-element elementor-element-580f544 e-con-full e-flex e-con e-child\" data-id=\"580f544\" data-element_type=\"container\">\n\t\t\t\t<div class=\"elementor-element elementor-element-d5f3449 elementor-widget elementor-widget-search\" data-id=\"d5f3449\" data-element_type=\"widget\" data-settings=\"{&quot;submit_trigger&quot;:&quot;click_submit&quot;,&quot;pagination_type_options&quot;:&quot;none&quot;}\" data-widget_type=\"search.default\">\n\t\t\t\t<div class=\"elementor-widget-container\">\n\t\t\t\t\t\t\t<search class=\"e-search hidden\" role=\"search\">\n\t\t\t<form class=\"e-search-form\" action=\"https:\/\/www.hipzg.hr\/en\/\" method=\"get\">\n\n\t\t\t\t\n\t\t\t\t<label class=\"e-search-label\" for=\"search-d5f3449\">\n\t\t\t\t\t<span class=\"elementor-screen-only\">\n\t\t\t\t\t\tSearch\t\t\t\t\t<\/span>\n\t\t\t\t\t\t\t\t\t<\/label>\n\n\t\t\t\t<div class=\"e-search-input-wrapper\">\n\t\t\t\t\t<input id=\"search-d5f3449\" placeholder=\"Search...\" class=\"e-search-input\" type=\"search\" name=\"s\" value=\"\" autocomplete=\"off\" role=\"combobox\" aria-autocomplete=\"list\" aria-expanded=\"false\" aria-controls=\"results-d5f3449\" aria-haspopup=\"listbox\">\n\t\t\t\t\t<svg aria-hidden=\"true\" class=\"e-font-icon-svg e-fas-times\" viewBox=\"0 0 352 512\" xmlns=\"http:\/\/www.w3.org\/2000\/svg\"><path d=\"M242.72 256l100.07-100.07c12.28-12.28 12.28-32.19 0-44.48l-22.24-22.24c-12.28-12.28-32.19-12.28-44.48 0L176 189.28 75.93 89.21c-12.28-12.28-32.19-12.28-44.48 0L9.21 111.45c-12.28 12.28-12.28 32.19 0 44.48L109.28 256 9.21 356.07c-12.28 12.28-12.28 32.19 0 44.48l22.24 22.24c12.28 12.28 32.2 12.28 44.48 0L176 322.72l100.07 100.07c12.28 12.28 32.2 12.28 44.48 0l22.24-22.24c12.28-12.28 12.28-32.19 0-44.48L242.72 256z\"><\/path><\/svg>\t\t\t\t\t\t\t\t\t\t<output id=\"results-d5f3449\" class=\"e-search-results-container hide-loader\" aria-live=\"polite\" aria-atomic=\"true\" aria-label=\"Results for search\" tabindex=\"0\">\n\t\t\t\t\t\t<div class=\"e-search-results\"><\/div>\n\t\t\t\t\t\t\t\t\t\t\t<\/output>\n\t\t\t\t\t\t\t\t\t<\/div>\n\t\t\t\t\n\t\t\t\t\n\t\t\t\t<button class=\"e-search-submit  \" type=\"submit\" aria-label=\"Search\">\n\t\t\t\t\t<i aria-hidden=\"true\" class=\"icon icon-search2\"><\/i>\n\t\t\t\t\t\t\t\t\t<\/button>\n\t\t\t\t<input type=\"hidden\" name=\"e_search_props\" value=\"d5f3449-15027\">\n\t\t\t<\/form>\n\t\t<\/search>\n\t\t\t\t\t\t<\/div>\n\t\t\t\t<\/div>\n\t\t\t\t<\/div>\n\t\t<div class=\"elementor-element elementor-element-e195695 e-con-full e-flex e-con e-child\" data-id=\"e195695\" data-element_type=\"container\">\n\t\t\t\t<div class=\"elementor-element elementor-element-f615dc9 elementor-widget elementor-widget-image\" data-id=\"f615dc9\" data-element_type=\"widget\" data-widget_type=\"image.default\">\n\t\t\t\t<div class=\"elementor-widget-container\">\n\t\t\t\t\t\t\t\t\t\t\t\t\t\t\t<img fetchpriority=\"high\" decoding=\"async\" width=\"251\" height=\"251\" src=\"https:\/\/www.hipzg.hr\/wp-content\/uploads\/2025\/05\/Maja-Peric.png\" class=\"attachment-large size-large wp-image-13003\" alt=\"\" srcset=\"https:\/\/www.hipzg.hr\/wp-content\/uploads\/2025\/05\/Maja-Peric.png 251w, https:\/\/www.hipzg.hr\/wp-content\/uploads\/2025\/05\/Maja-Peric-150x150.png 150w, https:\/\/www.hipzg.hr\/wp-content\/uploads\/2025\/05\/Maja-Peric-100x100.png 100w\" sizes=\"(max-width: 251px) 100vw, 251px\" \/>\t\t\t\t\t\t\t\t\t\t\t\t\t\t\t<\/div>\n\t\t\t\t<\/div>\n\t\t\t\t<div class=\"elementor-element elementor-element-ea35e91 elementor-widget elementor-widget-heading\" data-id=\"ea35e91\" data-element_type=\"widget\" data-widget_type=\"heading.default\">\n\t\t\t\t<div class=\"elementor-widget-container\">\n\t\t\t\t\t<h6 class=\"elementor-heading-title elementor-size-default\">dr. sc. hist. Maja Peri\u0107<\/h6>\t\t\t\t<\/div>\n\t\t\t\t<\/div>\n\t\t\t\t<div class=\"elementor-element elementor-element-f349ebf elementor-widget elementor-widget-text-editor\" data-id=\"f349ebf\" data-element_type=\"widget\" data-widget_type=\"text-editor.default\">\n\t\t\t\t<div class=\"elementor-widget-container\">\n\t\t\t\t\t\t\t\t\t<p>vi\u0161a asistentica &#8211; postdoktorantica<br \/>Znanstveni odjel za ranonovovjekovnu povijest<\/p>\t\t\t\t\t\t\t\t<\/div>\n\t\t\t\t<\/div>\n\t\t\t\t<div class=\"elementor-element elementor-element-96a515c elementor-icon-list--layout-traditional elementor-list-item-link-full_width elementor-widget elementor-widget-icon-list\" data-id=\"96a515c\" data-element_type=\"widget\" data-widget_type=\"icon-list.default\">\n\t\t\t\t<div class=\"elementor-widget-container\">\n\t\t\t\t\t\t\t<ul class=\"elementor-icon-list-items\">\n\t\t\t\t\t\t\t<li class=\"elementor-icon-list-item\">\n\t\t\t\t\t\t\t\t\t\t\t<span class=\"elementor-icon-list-icon\">\n\t\t\t\t\t\t\t<i aria-hidden=\"true\" class=\"icon icon-map-marker\"><\/i>\t\t\t\t\t\t<\/span>\n\t\t\t\t\t\t\t\t\t\t<span class=\"elementor-icon-list-text\">Opati\u010dka 10, 10000 Zagreb<\/span>\n\t\t\t\t\t\t\t\t\t<\/li>\n\t\t\t\t\t\t\t\t<li class=\"elementor-icon-list-item\">\n\t\t\t\t\t\t\t\t\t\t\t<span class=\"elementor-icon-list-icon\">\n\t\t\t\t\t\t\t<i aria-hidden=\"true\" class=\"icon icon-phone-handset\"><\/i>\t\t\t\t\t\t<\/span>\n\t\t\t\t\t\t\t\t\t\t<span class=\"elementor-icon-list-text\">+385 1 4851 721<\/span>\n\t\t\t\t\t\t\t\t\t<\/li>\n\t\t\t\t\t\t\t\t<li class=\"elementor-icon-list-item\">\n\t\t\t\t\t\t\t\t\t\t\t<span class=\"elementor-icon-list-icon\">\n\t\t\t\t\t\t\t<i aria-hidden=\"true\" class=\"icon icon-email\"><\/i>\t\t\t\t\t\t<\/span>\n\t\t\t\t\t\t\t\t\t\t<span class=\"elementor-icon-list-text\">mperic@isp.hr<\/span>\n\t\t\t\t\t\t\t\t\t<\/li>\n\t\t\t\t\t\t\t\t<li class=\"elementor-icon-list-item\">\n\t\t\t\t\t\t\t\t\t\t\t<span class=\"elementor-icon-list-icon\">\n\t\t\t\t\t\t\t<i aria-hidden=\"true\" class=\"icon icon-email\"><\/i>\t\t\t\t\t\t<\/span>\n\t\t\t\t\t\t\t\t\t\t<span class=\"elementor-icon-list-text\">majaperic4@hotmail.com<\/span>\n\t\t\t\t\t\t\t\t\t<\/li>\n\t\t\t\t\t\t\t\t<li class=\"elementor-icon-list-item\">\n\t\t\t\t\t\t\t\t\t\t<span class=\"elementor-icon-list-text\"><span class=\"label\">MBZ:<\/span> 417562<\/span>\n\t\t\t\t\t\t\t\t\t<\/li>\n\t\t\t\t\t\t\t\t<li class=\"elementor-icon-list-item\">\n\t\t\t\t\t\t\t\t\t\t<span class=\"elementor-icon-list-text\"><span class=\"label\">CroRIS ID:<\/span> 49424<\/span>\n\t\t\t\t\t\t\t\t\t<\/li>\n\t\t\t\t\t\t<\/ul>\n\t\t\t\t\t\t<\/div>\n\t\t\t\t<\/div>\n\t\t\t\t<div class=\"elementor-element elementor-element-dabec99 elementor-icon-list--layout-traditional elementor-list-item-link-full_width elementor-widget elementor-widget-icon-list\" data-id=\"dabec99\" data-element_type=\"widget\" data-widget_type=\"icon-list.default\">\n\t\t\t\t<div class=\"elementor-widget-container\">\n\t\t\t\t\t\t\t<ul class=\"elementor-icon-list-items\">\n\t\t\t\t\t\t\t<li class=\"elementor-icon-list-item\">\n\t\t\t\t\t\t\t\t\t\t\t<a href=\"https:\/\/orcid.org\/0000-0002-3869-5835\" target=\"_blank\">\n\n\t\t\t\t\t\t\t\t\t\t\t<span class=\"elementor-icon-list-text\"><span class=\"label\">ORCID:<\/span> 0000-0002-3869-5835<\/span>\n\t\t\t\t\t\t\t\t\t\t\t<\/a>\n\t\t\t\t\t\t\t\t\t<\/li>\n\t\t\t\t\t\t<\/ul>\n\t\t\t\t\t\t<\/div>\n\t\t\t\t<\/div>\n\t\t\t\t<\/div>\n\t\t\t\t<\/div>\n\t\t\t\t\t<\/div>\n\t\t\t\t<\/div>\n\t\t\t\t<\/div>\n\t\t","protected":false},"excerpt":{"rendered":"<p>Maja Peri\u0107 ISTRA\u017dIVA\u010cKI INTERESI I RADNO ISKUSTVO Rani novovjekovni susreti izme\u0111u hrvatskih povijesnih zemalja i Nizozemlja (dana\u0161nji Benelux) u ranome novom vijeku (otprilike od 14. do 18. stolje\u0107a); Putopisni izvori, kanonske vizitacije, korespondencija i cirkulacija prosvjetiteljstvih ideja u hrvatskim zemljama, \u2026 Radno iskustvo: Travanj 2023. \u2013 o\u017eujak 2025.: Sredi\u0161nji dr\u017eavni ured za Hrvate izvan Republike [&hellip;]<\/p>\n","protected":false},"author":6,"featured_media":0,"parent":0,"menu_order":0,"comment_status":"closed","ping_status":"closed","template":"elementor_header_footer","meta":{"iawp_total_views":32,"footnotes":""},"class_list":["post-15027","page","type-page","status-publish","hentry"],"_links":{"self":[{"href":"https:\/\/www.hipzg.hr\/en\/wp-json\/wp\/v2\/pages\/15027","targetHints":{"allow":["GET"]}}],"collection":[{"href":"https:\/\/www.hipzg.hr\/en\/wp-json\/wp\/v2\/pages"}],"about":[{"href":"https:\/\/www.hipzg.hr\/en\/wp-json\/wp\/v2\/types\/page"}],"author":[{"embeddable":true,"href":"https:\/\/www.hipzg.hr\/en\/wp-json\/wp\/v2\/users\/6"}],"replies":[{"embeddable":true,"href":"https:\/\/www.hipzg.hr\/en\/wp-json\/wp\/v2\/comments?post=15027"}],"version-history":[{"count":6,"href":"https:\/\/www.hipzg.hr\/en\/wp-json\/wp\/v2\/pages\/15027\/revisions"}],"predecessor-version":[{"id":15195,"href":"https:\/\/www.hipzg.hr\/en\/wp-json\/wp\/v2\/pages\/15027\/revisions\/15195"}],"wp:attachment":[{"href":"https:\/\/www.hipzg.hr\/en\/wp-json\/wp\/v2\/media?parent=15027"}],"curies":[{"name":"wp","href":"https:\/\/api.w.org\/{rel}","templated":true}]}}