{"id":15016,"date":"2026-03-16T10:37:34","date_gmt":"2026-03-16T09:37:34","guid":{"rendered":"https:\/\/www.hipzg.hr\/?page_id=15016"},"modified":"2026-03-17T15:10:22","modified_gmt":"2026-03-17T14:10:22","slug":"stipica-grgic","status":"publish","type":"page","link":"https:\/\/www.hipzg.hr\/en\/stipica-grgic\/","title":{"rendered":"Stipica Grgi\u0107"},"content":{"rendered":"\t\t<div data-elementor-type=\"wp-page\" data-elementor-id=\"15016\" class=\"elementor elementor-15016\" data-elementor-post-type=\"page\">\n\t\t\t\t<div class=\"elementor-element elementor-element-4adf38b e-flex e-con-boxed e-con e-parent\" data-id=\"4adf38b\" data-element_type=\"container\">\n\t\t\t\t\t<div class=\"e-con-inner\">\n\t\t<div class=\"elementor-element elementor-element-60789e3 e-con-full e-flex e-con e-child\" data-id=\"60789e3\" data-element_type=\"container\">\n\t\t\t\t<div class=\"elementor-element elementor-element-cdbc1eb elementor-widget elementor-widget-heading\" data-id=\"cdbc1eb\" data-element_type=\"widget\" data-widget_type=\"heading.default\">\n\t\t\t\t<div class=\"elementor-widget-container\">\n\t\t\t\t\t<h2 class=\"elementor-heading-title elementor-size-default\">Stipica Grgi\u0107<\/h2>\t\t\t\t<\/div>\n\t\t\t\t<\/div>\n\t\t\t\t<div class=\"elementor-element elementor-element-540c1c3 elementor-widget elementor-widget-spacer\" data-id=\"540c1c3\" data-element_type=\"widget\" data-widget_type=\"spacer.default\">\n\t\t\t\t<div class=\"elementor-widget-container\">\n\t\t\t\t\t\t\t<div class=\"elementor-spacer\">\n\t\t\t<div class=\"elementor-spacer-inner\"><\/div>\n\t\t<\/div>\n\t\t\t\t\t\t<\/div>\n\t\t\t\t<\/div>\n\t\t\t\t<div class=\"elementor-element elementor-element-d2be703 elementor-widget elementor-widget-heading\" data-id=\"d2be703\" data-element_type=\"widget\" data-widget_type=\"heading.default\">\n\t\t\t\t<div class=\"elementor-widget-container\">\n\t\t\t\t\t<h5 class=\"elementor-heading-title elementor-size-default\">ISTRA\u017dIVA\u010cKI INTERESI I RADNO ISKUSTVO<\/h5>\t\t\t\t<\/div>\n\t\t\t\t<\/div>\n\t\t\t\t<div class=\"elementor-element elementor-element-6aabc1c elementor-widget elementor-widget-text-editor\" data-id=\"6aabc1c\" data-element_type=\"widget\" data-widget_type=\"text-editor.default\">\n\t\t\t\t<div class=\"elementor-widget-container\">\n\t\t\t\t\t\t\t\t\t<p>Politi\u010dka, dru\u0161tvena i svakodnevna povijest Hrvatske i Europe u prvoj polovini 20. stolje\u0107a. Povijest sporta\/nogometa u 20. stolje\u0107u.<\/p><ul><li>03\/2021. \u2013 Trenutno: Znanstveni suradnik na Odjelu za modernu povijest Hrvatskog instituta za povijest u Zagrebu<\/li><li>06\/2018. \u2013 02\/2021.: docent na Odjelu za povijest Fakulteta hrvatskih studija Sveu\u010dili\u0161ta u Zagrebu<\/li><li>05\/2008. \u2013 02\/2018. : znanstveni novak (asistent, kasnije poslijedoktorand) na Odjelu za povijest Hrvatskih studija Sveu\u010dili\u0161ta u Zagrebu<\/li><\/ul>\t\t\t\t\t\t\t\t<\/div>\n\t\t\t\t<\/div>\n\t\t\t\t<div class=\"elementor-element elementor-element-804a7c2 elementor-widget elementor-widget-heading\" data-id=\"804a7c2\" data-element_type=\"widget\" data-widget_type=\"heading.default\">\n\t\t\t\t<div class=\"elementor-widget-container\">\n\t\t\t\t\t<h5 class=\"elementor-heading-title elementor-size-default\">OBRAZOVANJE<\/h5>\t\t\t\t<\/div>\n\t\t\t\t<\/div>\n\t\t\t\t<div class=\"elementor-element elementor-element-137a345 elementor-widget elementor-widget-text-editor\" data-id=\"137a345\" data-element_type=\"widget\" data-widget_type=\"text-editor.default\">\n\t\t\t\t<div class=\"elementor-widget-container\">\n\t\t\t\t\t\t\t\t\t<ul><li>2008. \u2013 2014.: Poslijediplomski doktorski studij povijesti na Hrvatskim studijima Sveu\u010dili\u0161ta u Zagrebu (2014. ste\u010dena titula doktora povijesnih znanosti).<\/li><li>2001. \u2013 2007.: Studij (jednopredmetne) povijesti na Filozofskom fakultetu Sveu\u010dili\u0161ta u Zagrebu (2007. diplomirao nastavni\u010dki i znanstveni smjer \u2013 prof. povijesti i diplomirani povjesni\u010dar).<\/li><li>1997. \u2013 2021.: Nadbiskupska klasi\u010dna gimnazija (s pravom javnosti) u Zagrebu.<\/li><\/ul>\t\t\t\t\t\t\t\t<\/div>\n\t\t\t\t<\/div>\n\t\t\t\t<div class=\"elementor-element elementor-element-946d4d8 elementor-widget elementor-widget-heading\" data-id=\"946d4d8\" data-element_type=\"widget\" data-widget_type=\"heading.default\">\n\t\t\t\t<div class=\"elementor-widget-container\">\n\t\t\t\t\t<h5 class=\"elementor-heading-title elementor-size-default\">PROJEKTI<\/h5>\t\t\t\t<\/div>\n\t\t\t\t<\/div>\n\t\t\t\t<div class=\"elementor-element elementor-element-05bdef4 elementor-widget elementor-widget-text-editor\" data-id=\"05bdef4\" data-element_type=\"widget\" data-widget_type=\"text-editor.default\">\n\t\t\t\t<div class=\"elementor-widget-container\">\n\t\t\t\t\t\t\t\t\t<ul><li>2024. \u2013 Trenutno: <em>&#8220;Samo je promjena stalna&#8221;: Razvoj i \u017eivot hrvatskih gradova u 19. i 20. stolje\u0107u \u2013 \u017dIVGRAD<\/em>; Interni projekt Hrvatskog instituta za povijest (voditelj dr. sc. M. Zubak); Financiranje: Europska komisija, NextGenerationEU 380-01-02-23-47; \u010dlan projektnog tima<\/li><li>2023. \u2013 2025.: <em>CroFacta\u2013 uspostava nove digitalne platforme za provjeru medijskih informacija vezanih uz povijesne, kulturne i dru\u0161tvene teme<\/em>; projekt Leksikografskog zavoda &#8216;Miroslav Krle\u017ea&#8217; (zajedno s HIP-om i MDCDR-om), Financiranje: Agencije za elektroni\u010dke medije\/Ministarstvo kulture RH (NextGenerationEU NPOO C1.1.1. R6-I2); \u010dlan projektnog tima<\/li><li>2021. \u2013 2026.: <em>Istra\u017eivanje emocija u (re)konstrukciji identiteta dijaspore: Hrvati u Australiji i Novom Zelandu<\/em><\/li><li>1945.-1991. \u2013 CROCEANIA; Institut dru\u0161tvenih znanosti &#8216;Ivo Pilar&#8217;; Financiranje projekta: Hrvatska zaklada za znanost (UIP-2020-02-1283); \u010dlan projektnog tima<\/li><li>2017. \u2013 2018.: <em>\u017divjeti u zajednici: Pojedinac i integracije u hrvatskoj povijesti<\/em>; Hrvatski studiji Sveu\u010dili\u0161ta u Zagrebu; Program subvencije kratkoro\u010dnih projekata Sveu\u010dili\u0161ta u Zagrebu; voditelj projektnog tima<\/li><li>2015. \u2013 2016.: <em>Apostolska komora i Zagreba\u010dka biskupija: povijest socio-ekonomskih veza<\/em>; Hrvatski studiji Sveu\u010dili\u0161ta u Zagrebu; Program subvencije kratkoro\u010dnih projekata Sveu\u010dili\u0161ta u Zagrebu; \u010dlan projektnog tima<\/li><li>2008. \u2013 2013.: <em>Hrvatski kulturni krajolici<\/em>; Hrvatski studiji Sveu\u010dili\u0161ta u Zagrebu; Financiranje projekta: Ministarstvo znanosti i obrazovanja (Z projekti), \u010dlan projektnog tima<\/li><\/ul>\t\t\t\t\t\t\t\t<\/div>\n\t\t\t\t<\/div>\n\t\t\t\t<div class=\"elementor-element elementor-element-3a7ec6a elementor-widget elementor-widget-heading\" data-id=\"3a7ec6a\" data-element_type=\"widget\" data-widget_type=\"heading.default\">\n\t\t\t\t<div class=\"elementor-widget-container\">\n\t\t\t\t\t<h5 class=\"elementor-heading-title elementor-size-default\">NAGRADE<\/h5>\t\t\t\t<\/div>\n\t\t\t\t<\/div>\n\t\t\t\t<div class=\"elementor-element elementor-element-f4a98ea elementor-widget elementor-widget-text-editor\" data-id=\"f4a98ea\" data-element_type=\"widget\" data-widget_type=\"text-editor.default\">\n\t\t\t\t<div class=\"elementor-widget-container\">\n\t\t\t\t\t\t\t\t\t<ul><li>2024. dobitnik stipendije Josef Dobrovsk\u00fd Fellowship \u2013 istra\u017eiva\u010dki boravak na Institutu za povijest \u010ce\u0161ke akademije znanosti u Pragu, \u010ce\u0161ka<\/li><li>2018. dobitnik godi\u0161nje nagrade Dru\u0161tva sveu\u010dili\u0161nih nastavnika i drugih znanstvenika u Zagrebu za najbolji rad (\u010dlanak) mladih znanstvenika.<\/li><li>2018. gostuju\u0107i predava\u010d Filozofski fakultet, Sveu\u010dili\u0161te u Hradec Kr\u00e1lovama, \u010ce\u0161ka (ljetni semestar 2017\/18.)<\/li><\/ul>\t\t\t\t\t\t\t\t<\/div>\n\t\t\t\t<\/div>\n\t\t\t\t<div class=\"elementor-element elementor-element-d5102f9 elementor-widget elementor-widget-text-editor\" data-id=\"d5102f9\" data-element_type=\"widget\" data-widget_type=\"text-editor.default\">\n\t\t\t\t<div class=\"elementor-widget-container\">\n\t\t\t\t\t\t\t\t\t<h5 class=\"inline-h5\">PUBLIKACIJE<\/h5><p>(potpuna bibliografija radova dostupna na: <a href=\"https:\/\/www.croris.hr\/osobe\/profil\/27542\" target=\"_blank\" rel=\"noopener\">CroRIS<\/a>)<\/p><ul><li>Grgi\u0107, Stipica. \u201eOrganizacija hrvatskih gradskih policija u Kraljevini Jugoslaviji 1929-1939.\u201c u: <em>Povijest redarstva na hrvatskom prostoru od najstarijih vremena do danas<\/em>. ur. \u010capo, Hrvoje; Karas, \u017deljko. Zagreb: Ministarstvo unutarnjih poslova Republike Hrvatske ; Policijska akademija &#8216;Prvi hrvatski redarstvenik&#8217;; Hrvatski institut za povijest, 2025., 167-184.<\/li><li>Grgi\u0107, Stipica. \u201eZakon o suzbijanju spolnih bolesti i kraj legalne prostitucije u Hrvatskoj\/Jugoslaviji 1934. godine\u201c. u: <em>Dru\u0161tva i bolesti: odgovori na zdravstvene krize u modernoj i suvremenoj povijesti<\/em>. ur. Peji\u0107, Luka. Osijek: Filozofski fakultet u Osijeku, 2025., 139-163.<\/li><li>Grgi\u0107, Stipica. \u201eIstra\u017eivanje u Diplomatskom arhivu Ministarstva spoljnih poslova Republike Srbije: mogu\u0107nosti rada na primjeru gradiva za Australiju\u201c. <em>Arhivski vjesnik<\/em>, 68\/1 (2025), 267-283.<\/li><li>Grgi\u0107, Stipica; Kardum Tomislav. <em>Ma\u010dek nam je vo\u0111a! Op\u0107inski izbori u Banovini Hrvatskoj.<\/em> Zagreb: Srednja Europa, 2023.<\/li><li>Tot, Dora; Grgi\u0107, Stipica. &#8220;The FLN 1961 football tour of Yugoslavia: mobilizing public support for the Algerian cause.&#8221; <em>Soccer &amp; Society<\/em> 24\/2 (2023), 235-244.<\/li><li>Grgi\u0107, Stipica. &#8220;Italy and Yugoslavia on the football pitch 1925-1939.&#8221; <em>Qualestoria: Rivista di storia contemporanea <\/em>49\/1 (2021), 207-224.<\/li><li>Grgi\u0107, Stipica. <em>Izme\u0111u re\u017eimske ideologije i potreba gra\u0111ana: Savska banovina 1929-1939<\/em>. Zagreb: Fakultet hrvatskih studija Sveu\u010dili\u0161ta u Zagrebu, 2020.<\/li><li>Grgi\u0107, Stipica. &#8220;The Kingdom of Diversity and Paternalism: The Kingdom of Serbs, Croats, and Slovenes\/Yugoslavia, 1918\u20131941.&#8221; in: <em>Interwar East Central Europe, 1918-1941: The Failure of Democracy-building, the Fate of Minorities<\/em>. ed. Ramet, Sabrina P. Abingdon, Oxon, New York: Routledge, 2020., 213-248.<\/li><\/ul>\t\t\t\t\t\t\t\t<\/div>\n\t\t\t\t<\/div>\n\t\t\t\t<\/div>\n\t\t<div class=\"elementor-element elementor-element-dd22859 e-con-full e-flex e-con e-child\" data-id=\"dd22859\" data-element_type=\"container\">\n\t\t<div class=\"elementor-element elementor-element-580f544 e-con-full e-flex e-con e-child\" data-id=\"580f544\" data-element_type=\"container\">\n\t\t\t\t<div class=\"elementor-element elementor-element-d5f3449 elementor-widget elementor-widget-search\" data-id=\"d5f3449\" data-element_type=\"widget\" data-settings=\"{&quot;submit_trigger&quot;:&quot;click_submit&quot;,&quot;pagination_type_options&quot;:&quot;none&quot;}\" data-widget_type=\"search.default\">\n\t\t\t\t<div class=\"elementor-widget-container\">\n\t\t\t\t\t\t\t<search class=\"e-search hidden\" role=\"search\">\n\t\t\t<form class=\"e-search-form\" action=\"https:\/\/www.hipzg.hr\/en\/\" method=\"get\">\n\n\t\t\t\t\n\t\t\t\t<label class=\"e-search-label\" for=\"search-d5f3449\">\n\t\t\t\t\t<span class=\"elementor-screen-only\">\n\t\t\t\t\t\tSearch\t\t\t\t\t<\/span>\n\t\t\t\t\t\t\t\t\t<\/label>\n\n\t\t\t\t<div class=\"e-search-input-wrapper\">\n\t\t\t\t\t<input id=\"search-d5f3449\" placeholder=\"Search...\" class=\"e-search-input\" type=\"search\" name=\"s\" value=\"\" autocomplete=\"off\" role=\"combobox\" aria-autocomplete=\"list\" aria-expanded=\"false\" aria-controls=\"results-d5f3449\" aria-haspopup=\"listbox\">\n\t\t\t\t\t<svg aria-hidden=\"true\" class=\"e-font-icon-svg e-fas-times\" viewBox=\"0 0 352 512\" xmlns=\"http:\/\/www.w3.org\/2000\/svg\"><path d=\"M242.72 256l100.07-100.07c12.28-12.28 12.28-32.19 0-44.48l-22.24-22.24c-12.28-12.28-32.19-12.28-44.48 0L176 189.28 75.93 89.21c-12.28-12.28-32.19-12.28-44.48 0L9.21 111.45c-12.28 12.28-12.28 32.19 0 44.48L109.28 256 9.21 356.07c-12.28 12.28-12.28 32.19 0 44.48l22.24 22.24c12.28 12.28 32.2 12.28 44.48 0L176 322.72l100.07 100.07c12.28 12.28 32.2 12.28 44.48 0l22.24-22.24c12.28-12.28 12.28-32.19 0-44.48L242.72 256z\"><\/path><\/svg>\t\t\t\t\t\t\t\t\t\t<output id=\"results-d5f3449\" class=\"e-search-results-container hide-loader\" aria-live=\"polite\" aria-atomic=\"true\" aria-label=\"Results for search\" tabindex=\"0\">\n\t\t\t\t\t\t<div class=\"e-search-results\"><\/div>\n\t\t\t\t\t\t\t\t\t\t\t<\/output>\n\t\t\t\t\t\t\t\t\t<\/div>\n\t\t\t\t\n\t\t\t\t\n\t\t\t\t<button class=\"e-search-submit  \" type=\"submit\" aria-label=\"Search\">\n\t\t\t\t\t<i aria-hidden=\"true\" class=\"icon icon-search2\"><\/i>\n\t\t\t\t\t\t\t\t\t<\/button>\n\t\t\t\t<input type=\"hidden\" name=\"e_search_props\" value=\"d5f3449-15016\">\n\t\t\t<\/form>\n\t\t<\/search>\n\t\t\t\t\t\t<\/div>\n\t\t\t\t<\/div>\n\t\t\t\t<\/div>\n\t\t<div class=\"elementor-element elementor-element-e195695 e-con-full e-flex e-con e-child\" data-id=\"e195695\" data-element_type=\"container\">\n\t\t\t\t<div class=\"elementor-element elementor-element-f615dc9 elementor-widget elementor-widget-image\" data-id=\"f615dc9\" data-element_type=\"widget\" data-widget_type=\"image.default\">\n\t\t\t\t<div class=\"elementor-widget-container\">\n\t\t\t\t\t\t\t\t\t\t\t\t\t\t\t<img fetchpriority=\"high\" decoding=\"async\" width=\"400\" height=\"400\" src=\"https:\/\/www.hipzg.hr\/wp-content\/uploads\/2024\/12\/Stipica_Grgic.jpg\" class=\"attachment-large size-large wp-image-8662\" alt=\"\" srcset=\"https:\/\/www.hipzg.hr\/wp-content\/uploads\/2024\/12\/Stipica_Grgic.jpg 400w, https:\/\/www.hipzg.hr\/wp-content\/uploads\/2024\/12\/Stipica_Grgic-300x300.jpg 300w, https:\/\/www.hipzg.hr\/wp-content\/uploads\/2024\/12\/Stipica_Grgic-100x100.jpg 100w, https:\/\/www.hipzg.hr\/wp-content\/uploads\/2024\/12\/Stipica_Grgic-150x150.jpg 150w\" sizes=\"(max-width: 400px) 100vw, 400px\" \/>\t\t\t\t\t\t\t\t\t\t\t\t\t\t\t<\/div>\n\t\t\t\t<\/div>\n\t\t\t\t<div class=\"elementor-element elementor-element-ea35e91 elementor-widget elementor-widget-heading\" data-id=\"ea35e91\" data-element_type=\"widget\" data-widget_type=\"heading.default\">\n\t\t\t\t<div class=\"elementor-widget-container\">\n\t\t\t\t\t<h6 class=\"elementor-heading-title elementor-size-default\">dr. sc. Stipica Grgi\u0107<\/h6>\t\t\t\t<\/div>\n\t\t\t\t<\/div>\n\t\t\t\t<div class=\"elementor-element elementor-element-f349ebf elementor-widget elementor-widget-text-editor\" data-id=\"f349ebf\" data-element_type=\"widget\" data-widget_type=\"text-editor.default\">\n\t\t\t\t<div class=\"elementor-widget-container\">\n\t\t\t\t\t\t\t\t\t<p>znanstveni suradnik<br \/>Znanstveni odjel za modernu povijest<\/p>\t\t\t\t\t\t\t\t<\/div>\n\t\t\t\t<\/div>\n\t\t\t\t<div class=\"elementor-element elementor-element-96a515c elementor-icon-list--layout-traditional elementor-list-item-link-full_width elementor-widget elementor-widget-icon-list\" data-id=\"96a515c\" data-element_type=\"widget\" data-widget_type=\"icon-list.default\">\n\t\t\t\t<div class=\"elementor-widget-container\">\n\t\t\t\t\t\t\t<ul class=\"elementor-icon-list-items\">\n\t\t\t\t\t\t\t<li class=\"elementor-icon-list-item\">\n\t\t\t\t\t\t\t\t\t\t\t<span class=\"elementor-icon-list-icon\">\n\t\t\t\t\t\t\t<i aria-hidden=\"true\" class=\"icon icon-map-marker\"><\/i>\t\t\t\t\t\t<\/span>\n\t\t\t\t\t\t\t\t\t\t<span class=\"elementor-icon-list-text\">Opati\u010dka 10, 10000 Zagreb<\/span>\n\t\t\t\t\t\t\t\t\t<\/li>\n\t\t\t\t\t\t\t\t<li class=\"elementor-icon-list-item\">\n\t\t\t\t\t\t\t\t\t\t\t<span class=\"elementor-icon-list-icon\">\n\t\t\t\t\t\t\t<i aria-hidden=\"true\" class=\"icon icon-phone-handset\"><\/i>\t\t\t\t\t\t<\/span>\n\t\t\t\t\t\t\t\t\t\t<span class=\"elementor-icon-list-text\">+385 1 4851 721<\/span>\n\t\t\t\t\t\t\t\t\t<\/li>\n\t\t\t\t\t\t\t\t<li class=\"elementor-icon-list-item\">\n\t\t\t\t\t\t\t\t\t\t\t<span class=\"elementor-icon-list-icon\">\n\t\t\t\t\t\t\t<i aria-hidden=\"true\" class=\"icon icon-email\"><\/i>\t\t\t\t\t\t<\/span>\n\t\t\t\t\t\t\t\t\t\t<span class=\"elementor-icon-list-text\">grgic.stipica@gmail.com<\/span>\n\t\t\t\t\t\t\t\t\t<\/li>\n\t\t\t\t\t\t\t\t<li class=\"elementor-icon-list-item\">\n\t\t\t\t\t\t\t\t\t\t<span class=\"elementor-icon-list-text\"><span class=\"label\">MBZ:<\/span> 306364<\/span>\n\t\t\t\t\t\t\t\t\t<\/li>\n\t\t\t\t\t\t\t\t<li class=\"elementor-icon-list-item\">\n\t\t\t\t\t\t\t\t\t\t<span class=\"elementor-icon-list-text\"><span class=\"label\">CroRIS ID:<\/span> 27542<\/span>\n\t\t\t\t\t\t\t\t\t<\/li>\n\t\t\t\t\t\t<\/ul>\n\t\t\t\t\t\t<\/div>\n\t\t\t\t<\/div>\n\t\t\t\t<div class=\"elementor-element elementor-element-dabec99 elementor-icon-list--layout-traditional elementor-list-item-link-full_width elementor-widget elementor-widget-icon-list\" data-id=\"dabec99\" data-element_type=\"widget\" data-widget_type=\"icon-list.default\">\n\t\t\t\t<div class=\"elementor-widget-container\">\n\t\t\t\t\t\t\t<ul class=\"elementor-icon-list-items\">\n\t\t\t\t\t\t\t<li class=\"elementor-icon-list-item\">\n\t\t\t\t\t\t\t\t\t\t\t<a href=\"https:\/\/orcid.org\/0000-0001-6276-4362\" target=\"_blank\">\n\n\t\t\t\t\t\t\t\t\t\t\t<span class=\"elementor-icon-list-text\"><span class=\"label\">ORCID:<\/span> 0000-0001-6276-4362<\/span>\n\t\t\t\t\t\t\t\t\t\t\t<\/a>\n\t\t\t\t\t\t\t\t\t<\/li>\n\t\t\t\t\t\t<\/ul>\n\t\t\t\t\t\t<\/div>\n\t\t\t\t<\/div>\n\t\t\t\t<\/div>\n\t\t\t\t<\/div>\n\t\t\t\t\t<\/div>\n\t\t\t\t<\/div>\n\t\t\t\t<\/div>\n\t\t","protected":false},"excerpt":{"rendered":"<p>Stipica Grgi\u0107 ISTRA\u017dIVA\u010cKI INTERESI I RADNO ISKUSTVO Politi\u010dka, dru\u0161tvena i svakodnevna povijest Hrvatske i Europe u prvoj polovini 20. stolje\u0107a. Povijest sporta\/nogometa u 20. stolje\u0107u. 03\/2021. \u2013 Trenutno: Znanstveni suradnik na Odjelu za modernu povijest Hrvatskog instituta za povijest u Zagrebu 06\/2018. \u2013 02\/2021.: docent na Odjelu za povijest Fakulteta hrvatskih studija Sveu\u010dili\u0161ta u Zagrebu [&hellip;]<\/p>\n","protected":false},"author":6,"featured_media":0,"parent":0,"menu_order":0,"comment_status":"closed","ping_status":"closed","template":"elementor_header_footer","meta":{"iawp_total_views":11,"footnotes":""},"class_list":["post-15016","page","type-page","status-publish","hentry"],"_links":{"self":[{"href":"https:\/\/www.hipzg.hr\/en\/wp-json\/wp\/v2\/pages\/15016","targetHints":{"allow":["GET"]}}],"collection":[{"href":"https:\/\/www.hipzg.hr\/en\/wp-json\/wp\/v2\/pages"}],"about":[{"href":"https:\/\/www.hipzg.hr\/en\/wp-json\/wp\/v2\/types\/page"}],"author":[{"embeddable":true,"href":"https:\/\/www.hipzg.hr\/en\/wp-json\/wp\/v2\/users\/6"}],"replies":[{"embeddable":true,"href":"https:\/\/www.hipzg.hr\/en\/wp-json\/wp\/v2\/comments?post=15016"}],"version-history":[{"count":10,"href":"https:\/\/www.hipzg.hr\/en\/wp-json\/wp\/v2\/pages\/15016\/revisions"}],"predecessor-version":[{"id":15186,"href":"https:\/\/www.hipzg.hr\/en\/wp-json\/wp\/v2\/pages\/15016\/revisions\/15186"}],"wp:attachment":[{"href":"https:\/\/www.hipzg.hr\/en\/wp-json\/wp\/v2\/media?parent=15016"}],"curies":[{"name":"wp","href":"https:\/\/api.w.org\/{rel}","templated":true}]}}