{"id":14941,"date":"2026-03-13T10:24:52","date_gmt":"2026-03-13T09:24:52","guid":{"rendered":"https:\/\/www.hipzg.hr\/?page_id=14941"},"modified":"2026-03-17T15:07:26","modified_gmt":"2026-03-17T14:07:26","slug":"jasna-turkalj","status":"publish","type":"page","link":"https:\/\/www.hipzg.hr\/en\/jasna-turkalj\/","title":{"rendered":"Jasna Turkalj"},"content":{"rendered":"\t\t<div data-elementor-type=\"wp-page\" data-elementor-id=\"14941\" class=\"elementor elementor-14941\" data-elementor-post-type=\"page\">\n\t\t\t\t<div class=\"elementor-element elementor-element-4adf38b e-flex e-con-boxed e-con e-parent\" data-id=\"4adf38b\" data-element_type=\"container\">\n\t\t\t\t\t<div class=\"e-con-inner\">\n\t\t<div class=\"elementor-element elementor-element-60789e3 e-con-full e-flex e-con e-child\" data-id=\"60789e3\" data-element_type=\"container\">\n\t\t\t\t<div class=\"elementor-element elementor-element-cdbc1eb elementor-widget elementor-widget-heading\" data-id=\"cdbc1eb\" data-element_type=\"widget\" data-widget_type=\"heading.default\">\n\t\t\t\t<div class=\"elementor-widget-container\">\n\t\t\t\t\t<h2 class=\"elementor-heading-title elementor-size-default\">Jasna Turkalj<\/h2>\t\t\t\t<\/div>\n\t\t\t\t<\/div>\n\t\t\t\t<div class=\"elementor-element elementor-element-540c1c3 elementor-widget elementor-widget-spacer\" data-id=\"540c1c3\" data-element_type=\"widget\" data-widget_type=\"spacer.default\">\n\t\t\t\t<div class=\"elementor-widget-container\">\n\t\t\t\t\t\t\t<div class=\"elementor-spacer\">\n\t\t\t<div class=\"elementor-spacer-inner\"><\/div>\n\t\t<\/div>\n\t\t\t\t\t\t<\/div>\n\t\t\t\t<\/div>\n\t\t\t\t<div class=\"elementor-element elementor-element-d2be703 elementor-widget elementor-widget-heading\" data-id=\"d2be703\" data-element_type=\"widget\" data-widget_type=\"heading.default\">\n\t\t\t\t<div class=\"elementor-widget-container\">\n\t\t\t\t\t<h5 class=\"elementor-heading-title elementor-size-default\">ISTRA\u017dIVA\u010cKI INTERESI I RADNO ISKUSTVO<\/h5>\t\t\t\t<\/div>\n\t\t\t\t<\/div>\n\t\t\t\t<div class=\"elementor-element elementor-element-6aabc1c elementor-widget elementor-widget-text-editor\" data-id=\"6aabc1c\" data-element_type=\"widget\" data-widget_type=\"text-editor.default\">\n\t\t\t\t<div class=\"elementor-widget-container\">\n\t\t\t\t\t\t\t\t\t<p>Dr. sc. Jasna Turkalj je znanstvena savjetnica na Hrvatskom institutu za povijest u Zagrebu. U sredi\u0161tu njezina znanstvenoga rada je politi\u010dka, dru\u0161tvena i kulturna povijest banske Hrvatske u drugoj polovici 19. stolje\u0107a i po\u010detkom 20. stolje\u0107a s te\u017ei\u0161tem na istra\u017eivanju politi\u010dkog djelovanja Stranke prava te organizacije poslovanja javnih institucija, prvenstveno Zemaljske vlade i Hrvatskog sabora, u razdoblju od 1868. do 1914. godine.<\/p><p>Na Hrvatskom institutu za povijest zaposlena je kao znanstvena novakinja 1995. Godine 2005. izabrana je u zvanje i na radno mjesto znanstvene suradnice, a 2010. u zvanje i na radno mjesto vi\u0161e znanstvene suradnice. Od 2005. do po\u010detka 2011. bila je predsjednica Znanstvenog vije\u0107a Hrvatskog instituta uza povijest. Od 2011. do 2018. bila je ravnateljica Hrvatskog instituta za povijest, a od 2019. do 2022. pomo\u0107nica ravnatelja. Na radno mjesto znanstvene savjetnice izabrana je 2023. godine.<\/p><p>Od\u00a0 2008. do 2010. predavala je na poslijediplomskom doktorskom studiju povijesti na Hrvatskim studijima Sveu\u010dili\u0161ta u Zagrebu. Godine 2010. izabrana je u naslovno zvanje izvanredne profesorice na Studijskom odjelu povijesti Hrvatskog katoli\u010dkog sveu\u010dili\u0161ta, a od 2010. do 2020. sudjelovala je u izvo\u0111enju nastave na Hrvatskom katoli\u010dkom sveu\u010dili\u0161tu na preddiplomskom studiju povijesti. Od 2018. mentorica je na poslijediplomskom sveu\u010dili\u0161nom (doktorskom) studiju Povijest na Hrvatskom katoli\u010dkom sveu\u010dili\u0161tu.<\/p><p>Od 2002. do 2008. bila je urednica \u010dasopisa <em>Povijesni prilozi<\/em>; od 2012. do 2015. \u010dlanica redni\u0161tva \u010dasopisa <em>Prilozi<\/em> (Sarajevo, BiH); od 2015. do 2022. \u010dlanica uredni\u0161tva \u010dasopisa <em>Hercegovina <\/em>(Mostar, BiH).<\/p><p>Predsjednica Dru\u0161tva za hrvatsku povjesnicu bila je od 2002. do 2006., a od 2007. do 2026. \u010dlanica je Upravnog odbora Dru\u0161tva za hrvatsku povjesnicu. \u010clanica Dr\u017eavnog povjerenstva za provedbu natjecanja iz povijesti bila je od 2006.-2013. i 2015.-2020. god. te \u010dlanica Stru\u010dne radne skupine (2010.\/2011.) za izradu ispitnih materijala (testova) iz povijesti na dr\u017eavnoj maturi pri Nacionalnom centru za vanjsko vrednovanje obrazovanja.<\/p>\t\t\t\t\t\t\t\t<\/div>\n\t\t\t\t<\/div>\n\t\t\t\t<div class=\"elementor-element elementor-element-804a7c2 elementor-widget elementor-widget-heading\" data-id=\"804a7c2\" data-element_type=\"widget\" data-widget_type=\"heading.default\">\n\t\t\t\t<div class=\"elementor-widget-container\">\n\t\t\t\t\t<h5 class=\"elementor-heading-title elementor-size-default\">OBRAZOVANJE<\/h5>\t\t\t\t<\/div>\n\t\t\t\t<\/div>\n\t\t\t\t<div class=\"elementor-element elementor-element-137a345 elementor-widget elementor-widget-text-editor\" data-id=\"137a345\" data-element_type=\"widget\" data-widget_type=\"text-editor.default\">\n\t\t\t\t<div class=\"elementor-widget-container\">\n\t\t\t\t\t\t\t\t\t<ul><li>Diplomirana povjesni\u010darka i arheologinja, Filozofski fakultet Sveu\u010dili\u0161ta u Zagrebu (1989.).<\/li><li>Magisterij znanosti, podru\u010dje humanisti\u010dkih znanosti, znanstveno polje povijest, Filozofski fakultet Sveu\u010dili\u0161ta u Zagrebu (1998.).<\/li><li>Doktorat znanosti, podru\u010dje humanisti\u010dkih znanosti, znanstveno polje povijest, Filozofski fakultet Sveu\u010dili\u0161ta u Zagrebu (2002.).<\/li><\/ul>\t\t\t\t\t\t\t\t<\/div>\n\t\t\t\t<\/div>\n\t\t\t\t<div class=\"elementor-element elementor-element-946d4d8 elementor-widget elementor-widget-heading\" data-id=\"946d4d8\" data-element_type=\"widget\" data-widget_type=\"heading.default\">\n\t\t\t\t<div class=\"elementor-widget-container\">\n\t\t\t\t\t<h5 class=\"elementor-heading-title elementor-size-default\">PROJEKTI<\/h5>\t\t\t\t<\/div>\n\t\t\t\t<\/div>\n\t\t\t\t<div class=\"elementor-element elementor-element-05bdef4 elementor-widget elementor-widget-text-editor\" data-id=\"05bdef4\" data-element_type=\"widget\" data-widget_type=\"text-editor.default\">\n\t\t\t\t<div class=\"elementor-widget-container\">\n\t\t\t\t\t\t\t\t\t<ul><li>Hrvatska i Europa: institucije i pojedinci u razvoju modernoga dru\u0161tva i dr\u017eave (HEIP), Hrvatski institut za povijest, suradnica (od 2024.), financiranje: NextGenerationEU.<\/li><li>Europski korijeni moderne Hrvatske: transfer ideja na politi\u010dkom i kulturnom polju u 18. i 19. stolje\u0107u (EuKor), Hrvatski institut za povijest, suradnica (2018.-2023.), financiranje: HRZZ.<\/li><li>Asymmetric Balkans, jednogodi\u0161nji me\u0111unarodni bilateralni projekt, Hrvatski institut za povijest i Katedra za istra\u017eivanje konflikta i mira, Humanisti\u010dki fakultet Sveu\u010dili\u0161ta u Szczecinu (Poljska), voditeljica (2013.).<\/li><li>Katoli\u010dka crkva u susretu s ideologijama i politi\u010dkim programima, Hrvatski institut za povijest, voditeljica nakon odlaska dotada\u0161njeg voditelja u mirovinu ( 2013.), zProjekt.<\/li><li>Politi\u010dki \u017eivot u hrvatskom dru\u0161tvu od 1840.-ih do 1940.-ih godina, Hrvatski institut za povijest, suradnica (2007.-2013.), zProjekt.<\/li><li>Politi\u010dki \u017eivot u hrvatskom dru\u0161tvu od druge polovice 19. stolje\u0107a do po\u010detka 20. stolje\u0107a, Hrvatski institut za povijest, suradnica (2002.-2006.), zProjekt.<\/li><li>Povijest politi\u010dke misli i politi\u010dkih stranaka u Hrvata od 18. do 20. stolje\u0107a, Hrvatski institut za povijest, suradnica (1995.-2001.).<\/li><\/ul>\t\t\t\t\t\t\t\t<\/div>\n\t\t\t\t<\/div>\n\t\t\t\t<div class=\"elementor-element elementor-element-1520d1c elementor-widget elementor-widget-text-editor\" data-id=\"1520d1c\" data-element_type=\"widget\" data-widget_type=\"text-editor.default\">\n\t\t\t\t<div class=\"elementor-widget-container\">\n\t\t\t\t\t\t\t\t\t<h5 class=\"inline-h5\">PUBLIKACIJE<\/h5><p>(potpuna bibliografija radova dostupna na: <a href=\"https:\/\/www.croris.hr\/crosbi\/searchByContext\/2\/4792\" target=\"_blank\" rel=\"noopener\">CroRIS<\/a>)<\/p><p><strong>Autorske knjige:<\/strong><\/p><ul><li><em>Prava\u0161ki pokret 1878.-1887.<\/em>, Zagreb: Hrvatski institut za povijest, 2009.<\/li><li>Turkalj Jasna, \u0160voger Vlasta, <em>&#8220;Zdrav temelj za razvitak parlamentarnog \u017eivota&#8221;? Poslovnici Hrvatskog sabora (1861.-1918.)<\/em>. Zagreb: Hrvatski institut za povijest, 2022. (E-knjiga)<\/li><\/ul>\t\t\t\t\t\t\t\t<\/div>\n\t\t\t\t<\/div>\n\t\t\t\t<div class=\"elementor-element elementor-element-f7f74ab elementor-widget elementor-widget-text-editor\" data-id=\"f7f74ab\" data-element_type=\"widget\" data-widget_type=\"text-editor.default\">\n\t\t\t\t<div class=\"elementor-widget-container\">\n\t\t\t\t\t\t\t\t\t<p><strong>Uredni\u010dke knjige:<\/strong><\/p><ul><li><em>Prava\u0161ka misao i politika<\/em>. Zbornik radova, ur. Zlatko Matijevi\u0107, Stjepan Matkovi\u0107, Jasna Turkalj; Zagreb: Hrvatski institut za povijest, 2007.<\/li><li><em>A horv\u00e1t-magyar egy\u00fctt\u00e9l\u00e9s fordul\u00f3pontjai: Int\u00e9zm\u00e9nyek, t\u00e1rsadalom, gazdas\u00e1g, kult\u00fara\/ Prekretnice u su\u017eivotu Hrvata i Ma\u0111ara: Ustanove, dru\u0161tvo, gospodarstvo i kultura<\/em>, F\u0151szerkeszt\u0151k\/gl. ur.: Fodor P\u00e1l, Sokcsevits D\u00e9nes; Szerkeszt\u0151k\/ur.: Jasna Turkalj, Damir Karbi\u0107; MTA B\u00f6lcs\u00e9szettudom\u00e1nyi Kutat\u00f3k\u00f6zpont T\u00f6rt\u00e9nettudom\u00e1nyi Int\u00e9zet, Horv\u00e1t T\u00f6rt\u00e9nettudom\u00e1nyi Int\u00e9zet\/Institut za povijesne znanosti Istra\u017eiva\u010dkog centra za humanisti\u010dke znanosti Ma\u0111arske akademije znanosti, Hrvatski institut za povijest, Budapest\/Budimpe\u0161ta 2015.<\/li><li><em>Temelji moderne Hrvatske. Hrvatske zemlje u &#8220;dugom&#8221; 19. stolje\u0107u<\/em>., ur. Vlasta \u0160voger, Jasna Turkalj, Matica hrvatska, 2016.<\/li><\/ul>\t\t\t\t\t\t\t\t<\/div>\n\t\t\t\t<\/div>\n\t\t\t\t<\/div>\n\t\t<div class=\"elementor-element elementor-element-dd22859 e-con-full e-flex e-con e-child\" data-id=\"dd22859\" data-element_type=\"container\">\n\t\t<div class=\"elementor-element elementor-element-580f544 e-con-full e-flex e-con e-child\" data-id=\"580f544\" data-element_type=\"container\">\n\t\t\t\t<div class=\"elementor-element elementor-element-d5f3449 elementor-widget elementor-widget-search\" data-id=\"d5f3449\" data-element_type=\"widget\" data-settings=\"{&quot;submit_trigger&quot;:&quot;click_submit&quot;,&quot;pagination_type_options&quot;:&quot;none&quot;}\" data-widget_type=\"search.default\">\n\t\t\t\t<div class=\"elementor-widget-container\">\n\t\t\t\t\t\t\t<search class=\"e-search hidden\" role=\"search\">\n\t\t\t<form class=\"e-search-form\" action=\"https:\/\/www.hipzg.hr\/en\/\" method=\"get\">\n\n\t\t\t\t\n\t\t\t\t<label class=\"e-search-label\" for=\"search-d5f3449\">\n\t\t\t\t\t<span class=\"elementor-screen-only\">\n\t\t\t\t\t\tSearch\t\t\t\t\t<\/span>\n\t\t\t\t\t\t\t\t\t<\/label>\n\n\t\t\t\t<div class=\"e-search-input-wrapper\">\n\t\t\t\t\t<input id=\"search-d5f3449\" placeholder=\"Search...\" class=\"e-search-input\" type=\"search\" name=\"s\" value=\"\" autocomplete=\"off\" role=\"combobox\" aria-autocomplete=\"list\" aria-expanded=\"false\" aria-controls=\"results-d5f3449\" aria-haspopup=\"listbox\">\n\t\t\t\t\t<svg aria-hidden=\"true\" class=\"e-font-icon-svg e-fas-times\" viewBox=\"0 0 352 512\" xmlns=\"http:\/\/www.w3.org\/2000\/svg\"><path d=\"M242.72 256l100.07-100.07c12.28-12.28 12.28-32.19 0-44.48l-22.24-22.24c-12.28-12.28-32.19-12.28-44.48 0L176 189.28 75.93 89.21c-12.28-12.28-32.19-12.28-44.48 0L9.21 111.45c-12.28 12.28-12.28 32.19 0 44.48L109.28 256 9.21 356.07c-12.28 12.28-12.28 32.19 0 44.48l22.24 22.24c12.28 12.28 32.2 12.28 44.48 0L176 322.72l100.07 100.07c12.28 12.28 32.2 12.28 44.48 0l22.24-22.24c12.28-12.28 12.28-32.19 0-44.48L242.72 256z\"><\/path><\/svg>\t\t\t\t\t\t\t\t\t\t<output id=\"results-d5f3449\" class=\"e-search-results-container hide-loader\" aria-live=\"polite\" aria-atomic=\"true\" aria-label=\"Results for search\" tabindex=\"0\">\n\t\t\t\t\t\t<div class=\"e-search-results\"><\/div>\n\t\t\t\t\t\t\t\t\t\t\t<\/output>\n\t\t\t\t\t\t\t\t\t<\/div>\n\t\t\t\t\n\t\t\t\t\n\t\t\t\t<button class=\"e-search-submit  \" type=\"submit\" aria-label=\"Search\">\n\t\t\t\t\t<i aria-hidden=\"true\" class=\"icon icon-search2\"><\/i>\n\t\t\t\t\t\t\t\t\t<\/button>\n\t\t\t\t<input type=\"hidden\" name=\"e_search_props\" value=\"d5f3449-14941\">\n\t\t\t<\/form>\n\t\t<\/search>\n\t\t\t\t\t\t<\/div>\n\t\t\t\t<\/div>\n\t\t\t\t<\/div>\n\t\t<div class=\"elementor-element elementor-element-e195695 e-con-full e-flex e-con e-child\" data-id=\"e195695\" data-element_type=\"container\">\n\t\t\t\t<div class=\"elementor-element elementor-element-f615dc9 elementor-widget elementor-widget-image\" data-id=\"f615dc9\" data-element_type=\"widget\" data-widget_type=\"image.default\">\n\t\t\t\t<div class=\"elementor-widget-container\">\n\t\t\t\t\t\t\t\t\t\t\t\t\t\t\t<img fetchpriority=\"high\" decoding=\"async\" width=\"768\" height=\"1024\" src=\"https:\/\/www.hipzg.hr\/wp-content\/uploads\/2024\/12\/Jasna_Turkalj-768x1024.jpg\" class=\"attachment-large size-large wp-image-8413\" alt=\"\" srcset=\"https:\/\/www.hipzg.hr\/wp-content\/uploads\/2024\/12\/Jasna_Turkalj-768x1024.jpg 768w, https:\/\/www.hipzg.hr\/wp-content\/uploads\/2024\/12\/Jasna_Turkalj-600x800.jpg 600w, https:\/\/www.hipzg.hr\/wp-content\/uploads\/2024\/12\/Jasna_Turkalj-225x300.jpg 225w, https:\/\/www.hipzg.hr\/wp-content\/uploads\/2024\/12\/Jasna_Turkalj-1152x1536.jpg 1152w, https:\/\/www.hipzg.hr\/wp-content\/uploads\/2024\/12\/Jasna_Turkalj.jpg 1536w\" sizes=\"(max-width: 768px) 100vw, 768px\" \/>\t\t\t\t\t\t\t\t\t\t\t\t\t\t\t<\/div>\n\t\t\t\t<\/div>\n\t\t\t\t<div class=\"elementor-element elementor-element-ea35e91 elementor-widget elementor-widget-heading\" data-id=\"ea35e91\" data-element_type=\"widget\" data-widget_type=\"heading.default\">\n\t\t\t\t<div class=\"elementor-widget-container\">\n\t\t\t\t\t<h6 class=\"elementor-heading-title elementor-size-default\">dr. sc. Jasna Turkalj<\/h6>\t\t\t\t<\/div>\n\t\t\t\t<\/div>\n\t\t\t\t<div class=\"elementor-element elementor-element-f349ebf elementor-widget elementor-widget-text-editor\" data-id=\"f349ebf\" data-element_type=\"widget\" data-widget_type=\"text-editor.default\">\n\t\t\t\t<div class=\"elementor-widget-container\">\n\t\t\t\t\t\t\t\t\t<p>znanstvena savjetnica<br \/>Znanstveni odjel za modernu povijest<\/p>\t\t\t\t\t\t\t\t<\/div>\n\t\t\t\t<\/div>\n\t\t\t\t<div class=\"elementor-element elementor-element-96a515c elementor-icon-list--layout-traditional elementor-list-item-link-full_width elementor-widget elementor-widget-icon-list\" data-id=\"96a515c\" data-element_type=\"widget\" data-widget_type=\"icon-list.default\">\n\t\t\t\t<div class=\"elementor-widget-container\">\n\t\t\t\t\t\t\t<ul class=\"elementor-icon-list-items\">\n\t\t\t\t\t\t\t<li class=\"elementor-icon-list-item\">\n\t\t\t\t\t\t\t\t\t\t\t<span class=\"elementor-icon-list-icon\">\n\t\t\t\t\t\t\t<i aria-hidden=\"true\" class=\"icon icon-map-marker\"><\/i>\t\t\t\t\t\t<\/span>\n\t\t\t\t\t\t\t\t\t\t<span class=\"elementor-icon-list-text\">Opati\u010dka 10, 10000 Zagreb<\/span>\n\t\t\t\t\t\t\t\t\t<\/li>\n\t\t\t\t\t\t\t\t<li class=\"elementor-icon-list-item\">\n\t\t\t\t\t\t\t\t\t\t\t<span class=\"elementor-icon-list-icon\">\n\t\t\t\t\t\t\t<i aria-hidden=\"true\" class=\"icon icon-phone-handset\"><\/i>\t\t\t\t\t\t<\/span>\n\t\t\t\t\t\t\t\t\t\t<span class=\"elementor-icon-list-text\">+385 1 4851 721<\/span>\n\t\t\t\t\t\t\t\t\t<\/li>\n\t\t\t\t\t\t\t\t<li class=\"elementor-icon-list-item\">\n\t\t\t\t\t\t\t\t\t\t\t<span class=\"elementor-icon-list-icon\">\n\t\t\t\t\t\t\t<i aria-hidden=\"true\" class=\"icon icon-email\"><\/i>\t\t\t\t\t\t<\/span>\n\t\t\t\t\t\t\t\t\t\t<span class=\"elementor-icon-list-text\">jturkalj@isp.hr<\/span>\n\t\t\t\t\t\t\t\t\t<\/li>\n\t\t\t\t\t\t\t\t<li class=\"elementor-icon-list-item\">\n\t\t\t\t\t\t\t\t\t\t<span class=\"elementor-icon-list-text\"><span class=\"label\">MBZ:<\/span> 225592<\/span>\n\t\t\t\t\t\t\t\t\t<\/li>\n\t\t\t\t\t\t\t\t<li class=\"elementor-icon-list-item\">\n\t\t\t\t\t\t\t\t\t\t<span class=\"elementor-icon-list-text\"><span class=\"label\">CroRIS ID:<\/span> 4792<\/span>\n\t\t\t\t\t\t\t\t\t<\/li>\n\t\t\t\t\t\t<\/ul>\n\t\t\t\t\t\t<\/div>\n\t\t\t\t<\/div>\n\t\t\t\t<div class=\"elementor-element elementor-element-dabec99 elementor-icon-list--layout-traditional elementor-list-item-link-full_width elementor-widget elementor-widget-icon-list\" data-id=\"dabec99\" data-element_type=\"widget\" data-widget_type=\"icon-list.default\">\n\t\t\t\t<div class=\"elementor-widget-container\">\n\t\t\t\t\t\t\t<ul class=\"elementor-icon-list-items\">\n\t\t\t\t\t\t\t<li class=\"elementor-icon-list-item\">\n\t\t\t\t\t\t\t\t\t\t\t<a href=\"https:\/\/orcid.org\/0009-0003-7189-964X\" target=\"_blank\">\n\n\t\t\t\t\t\t\t\t\t\t\t<span class=\"elementor-icon-list-text\"><span class=\"label\">ORCID:<\/span> 0009-0003-7189-964X<\/span>\n\t\t\t\t\t\t\t\t\t\t\t<\/a>\n\t\t\t\t\t\t\t\t\t<\/li>\n\t\t\t\t\t\t<\/ul>\n\t\t\t\t\t\t<\/div>\n\t\t\t\t<\/div>\n\t\t\t\t<\/div>\n\t\t\t\t<\/div>\n\t\t\t\t\t<\/div>\n\t\t\t\t<\/div>\n\t\t\t\t<\/div>\n\t\t","protected":false},"excerpt":{"rendered":"<p>Jasna Turkalj ISTRA\u017dIVA\u010cKI INTERESI I RADNO ISKUSTVO Dr. sc. Jasna Turkalj je znanstvena savjetnica na Hrvatskom institutu za povijest u Zagrebu. U sredi\u0161tu njezina znanstvenoga rada je politi\u010dka, dru\u0161tvena i kulturna povijest banske Hrvatske u drugoj polovici 19. stolje\u0107a i po\u010detkom 20. stolje\u0107a s te\u017ei\u0161tem na istra\u017eivanju politi\u010dkog djelovanja Stranke prava te organizacije poslovanja javnih [&hellip;]<\/p>\n","protected":false},"author":6,"featured_media":0,"parent":0,"menu_order":0,"comment_status":"closed","ping_status":"closed","template":"elementor_header_footer","meta":{"iawp_total_views":16,"footnotes":""},"class_list":["post-14941","page","type-page","status-publish","hentry"],"_links":{"self":[{"href":"https:\/\/www.hipzg.hr\/en\/wp-json\/wp\/v2\/pages\/14941","targetHints":{"allow":["GET"]}}],"collection":[{"href":"https:\/\/www.hipzg.hr\/en\/wp-json\/wp\/v2\/pages"}],"about":[{"href":"https:\/\/www.hipzg.hr\/en\/wp-json\/wp\/v2\/types\/page"}],"author":[{"embeddable":true,"href":"https:\/\/www.hipzg.hr\/en\/wp-json\/wp\/v2\/users\/6"}],"replies":[{"embeddable":true,"href":"https:\/\/www.hipzg.hr\/en\/wp-json\/wp\/v2\/comments?post=14941"}],"version-history":[{"count":10,"href":"https:\/\/www.hipzg.hr\/en\/wp-json\/wp\/v2\/pages\/14941\/revisions"}],"predecessor-version":[{"id":15171,"href":"https:\/\/www.hipzg.hr\/en\/wp-json\/wp\/v2\/pages\/14941\/revisions\/15171"}],"wp:attachment":[{"href":"https:\/\/www.hipzg.hr\/en\/wp-json\/wp\/v2\/media?parent=14941"}],"curies":[{"name":"wp","href":"https:\/\/api.w.org\/{rel}","templated":true}]}}