{"id":14929,"date":"2026-03-13T10:11:35","date_gmt":"2026-03-13T09:11:35","guid":{"rendered":"https:\/\/www.hipzg.hr\/?page_id=14929"},"modified":"2026-03-17T15:07:56","modified_gmt":"2026-03-17T14:07:56","slug":"martina-grahek-ravancic","status":"publish","type":"page","link":"https:\/\/www.hipzg.hr\/en\/martina-grahek-ravancic\/","title":{"rendered":"Martina Grahek Ravan\u010di\u0107"},"content":{"rendered":"\t\t<div data-elementor-type=\"wp-page\" data-elementor-id=\"14929\" class=\"elementor elementor-14929\" data-elementor-post-type=\"page\">\n\t\t\t\t<div class=\"elementor-element elementor-element-4adf38b e-flex e-con-boxed e-con e-parent\" data-id=\"4adf38b\" data-element_type=\"container\">\n\t\t\t\t\t<div class=\"e-con-inner\">\n\t\t<div class=\"elementor-element elementor-element-60789e3 e-con-full e-flex e-con e-child\" data-id=\"60789e3\" data-element_type=\"container\">\n\t\t\t\t<div class=\"elementor-element elementor-element-cdbc1eb elementor-widget elementor-widget-heading\" data-id=\"cdbc1eb\" data-element_type=\"widget\" data-widget_type=\"heading.default\">\n\t\t\t\t<div class=\"elementor-widget-container\">\n\t\t\t\t\t<h2 class=\"elementor-heading-title elementor-size-default\">Martina Grahek Ravan\u010di\u0107<\/h2>\t\t\t\t<\/div>\n\t\t\t\t<\/div>\n\t\t\t\t<div class=\"elementor-element elementor-element-540c1c3 elementor-widget elementor-widget-spacer\" data-id=\"540c1c3\" data-element_type=\"widget\" data-widget_type=\"spacer.default\">\n\t\t\t\t<div class=\"elementor-widget-container\">\n\t\t\t\t\t\t\t<div class=\"elementor-spacer\">\n\t\t\t<div class=\"elementor-spacer-inner\"><\/div>\n\t\t<\/div>\n\t\t\t\t\t\t<\/div>\n\t\t\t\t<\/div>\n\t\t\t\t<div class=\"elementor-element elementor-element-d2be703 elementor-widget elementor-widget-heading\" data-id=\"d2be703\" data-element_type=\"widget\" data-widget_type=\"heading.default\">\n\t\t\t\t<div class=\"elementor-widget-container\">\n\t\t\t\t\t<h5 class=\"elementor-heading-title elementor-size-default\">ISTRA\u017dIVA\u010cKI INTERESI I RADNO ISKUSTVO<\/h5>\t\t\t\t<\/div>\n\t\t\t\t<\/div>\n\t\t\t\t<div class=\"elementor-element elementor-element-6aabc1c elementor-widget elementor-widget-text-editor\" data-id=\"6aabc1c\" data-element_type=\"widget\" data-widget_type=\"text-editor.default\">\n\t\t\t\t<div class=\"elementor-widget-container\">\n\t\t\t\t\t\t\t\t\t<p>Martina Grahek Ravan\u010di\u0107 ro\u0111ena je 1978. u Rijeci. Osnovnu i srednju \u0161kolu zavr\u0161ila je u Zagrebu. Na Filozofskom fakultetu u Zagrebu zavr\u0161ila je studij povijesti. Od 2002. zaposlena je u Hrvatskom institutu za povijest. Na Odsjeku za povijest Filozofskog fakulteta u Zagrebu 2006. magistrirala je s temom Bleiburg i \u201ckri\u017eni put\u201d u historiografiji, publicistici i memoarskoj literaturi, a 2011. doktorirala s temom Rad Zemaljske komisije za utvr\u0111ivanje zlo\u010dina okupatora i njihovih pomaga\u010da na podru\u010dju Zagreba u razdoblju od 1944. do 1947. godine. Iste godine izabrana je u znanstveno zvanje znanstvene suradnice. U zvanje vi\u0161e znanstvene suradnice izabrana je 2016. godine, a u zvanje znanstvene savjetnice 2022. godine. \u010clanica je uredni\u0161tva \u010casopisa za suvremenu povijest. Suradnica je na izdanjima Leksikografskog zavoda Miroslav Krle\u017ea i Matice hrvatske. Sudjelovala je na vi\u0161e znanstvenih skupova i stru\u010dnih predavanja te objavila tri autorske knjige, jednu uredni\u010dku knjigu te vi\u0161e znanstvenih i stru\u010dnih radova.<\/p>\t\t\t\t\t\t\t\t<\/div>\n\t\t\t\t<\/div>\n\t\t\t\t<div class=\"elementor-element elementor-element-804a7c2 elementor-widget elementor-widget-heading\" data-id=\"804a7c2\" data-element_type=\"widget\" data-widget_type=\"heading.default\">\n\t\t\t\t<div class=\"elementor-widget-container\">\n\t\t\t\t\t<h5 class=\"elementor-heading-title elementor-size-default\">OBRAZOVANJE<\/h5>\t\t\t\t<\/div>\n\t\t\t\t<\/div>\n\t\t\t\t<div class=\"elementor-element elementor-element-137a345 elementor-widget elementor-widget-text-editor\" data-id=\"137a345\" data-element_type=\"widget\" data-widget_type=\"text-editor.default\">\n\t\t\t\t<div class=\"elementor-widget-container\">\n\t\t\t\t\t\t\t\t\t<ul><li>2011. doktorat znanosti iz povijesti na Filozofskom fakultetu Sveu\u010dili\u0161ta u Zagrebu<\/li><li>2006. magisterij znanosti iz povijesti na Filozofskom fakultetu Sveu\u010dili\u0161ta u Zagrebu<\/li><li>2001. diplomirala jednopredmetnu povijest na Filozofskom fakultetu Sveu\u010dili\u0161ta u Zagrebu<\/li><\/ul>\t\t\t\t\t\t\t\t<\/div>\n\t\t\t\t<\/div>\n\t\t\t\t<div class=\"elementor-element elementor-element-946d4d8 elementor-widget elementor-widget-heading\" data-id=\"946d4d8\" data-element_type=\"widget\" data-widget_type=\"heading.default\">\n\t\t\t\t<div class=\"elementor-widget-container\">\n\t\t\t\t\t<h5 class=\"elementor-heading-title elementor-size-default\">PROJEKTI<\/h5>\t\t\t\t<\/div>\n\t\t\t\t<\/div>\n\t\t\t\t<div class=\"elementor-element elementor-element-05bdef4 elementor-widget elementor-widget-text-editor\" data-id=\"05bdef4\" data-element_type=\"widget\" data-widget_type=\"text-editor.default\">\n\t\t\t\t<div class=\"elementor-widget-container\">\n\t\t\t\t\t\t\t\t\t<ul><li>Znanstveni projekt Ljudski gubici Hrvatske u Drugom svjetskom ratu i pora\u0107u\u00a0 (0019043, 019-0190609-0584), MZOS, 2003.-2013. Voditelj: dr. sc. Vladimir Gajger.<\/li><li>Bilateralni projekt Izme\u0111u ujedinjenja i razlaza: Hrvatsko-srpski odnosi u kontekstu dru\u0161tvenog razvoja dviju Jugoslavija (1918.-1991.), MZOS, 2017.-2019. Voditelji: dr. sc. Mario Jareb i dr. sc. Bojan Dimitrijevi\u0107.<\/li><li>Bilateralni projekt Institucije jugoslavenske dr\u017eave kao ogledalo hrvatsko-srpskih odnosa 1918.-1991., MZOS, 2019.-2022. Voditelji: dr. sc. Hrvoje \u010capo i dr. sc. Bojan Dimitrijevi\u0107.<\/li><li>Znanstveni projekt Rat, \u017ertve, nasilje i granice slobode u hrvatskoj povijesti 20. stolje\u0107a \u2013 WarVic (IP-2019-04-6673), HRZZ, 2019.-2023. Voditelj: dr. sc. Vladimir Gajger.<\/li><li>CroFacta &#8211; uspostava provjere medijskih \u010dinjenica, 2023.-2025., NextGenerationEU. Voditelj: Ankica \u0160unji\u0107 Matkovi\u0107 (LZMK); HIP koordinator: dr. sc. Josip Mihaljevi\u0107<\/li><li>The Encyclopedia of Yugoslavia: Between Yugoslav and Sub-Yugoslav Nation-Building(s) (1955-90), Department of Slavic and Hungarian Studies (Humboldt-Universit\u00e4t, Berlin) 2023.-2026. Voditelj: dr. sc. Dino Mujad\u017eevi\u0107<\/li><\/ul>\t\t\t\t\t\t\t\t<\/div>\n\t\t\t\t<\/div>\n\t\t\t\t<div class=\"elementor-element elementor-element-b47dd8b elementor-widget elementor-widget-text-editor\" data-id=\"b47dd8b\" data-element_type=\"widget\" data-widget_type=\"text-editor.default\">\n\t\t\t\t<div class=\"elementor-widget-container\">\n\t\t\t\t\t\t\t\t\t<h5 class=\"inline-h5\">PUBLIKACIJE<\/h5><p>(potpuna bibliografija radova dostupna na: <a href=\"https:\/\/www.croris.hr\/crosbi\/searchByContext\/2\/2803\" target=\"_blank\" rel=\"noopener\">CroRIS<\/a>)<\/p><p><strong>Autorske knjige:<\/strong><\/p><ul><li>Grahek Ravan\u010di\u0107, Martina, <em>Bleiburg i kri\u017eni put 1945. Historiografija, publicistika i memoarska literatura<\/em>. Zagreb: Hrvatski institut za povijest, 2009.<\/li><li>Grahek Ravan\u010di\u0107, Martina, <em>Narod \u0107e im suditi. Zemaljska komisija za utvr\u0111ivanje zlo\u010dina okupatora i njihovih pomaga\u010da za Zagreb 1944.-1947.<\/em> Zagreb: Hrvatski institut za povijest, 2013.<\/li><li>Grahek Ravan\u010di\u0107, Martina, <em>Bleiburg i kri\u017eni put 1945. Historiografija, publicistika i memoarska literatura<\/em>. 2. izmijenjeno i nadopunjeno izdanje. Zagreb: Hrvatski institut za povijest, 2015.<\/li><li>Grahek Ravan\u010di\u0107, Martina, <em>U ime naroda. Djelovanje sudova za za\u0161titu nacionalne \u010dasti Hrvata i Srba u Hrvatskoj 1945. godine<\/em>. Zagreb: Hrvatski institut za povijest, 2023.<\/li><\/ul>\t\t\t\t\t\t\t\t<\/div>\n\t\t\t\t<\/div>\n\t\t\t\t<div class=\"elementor-element elementor-element-1cda722 elementor-widget elementor-widget-text-editor\" data-id=\"1cda722\" data-element_type=\"widget\" data-widget_type=\"text-editor.default\">\n\t\t\t\t<div class=\"elementor-widget-container\">\n\t\t\t\t\t\t\t\t\t<p><strong>Uredni\u010dke knjige:<\/strong><\/p><ul><li><em>Logori, zatvori i prisilni rad u Hrvatskoj\/Jugoslaviji 1941.-1945., 1945.-1951.<\/em> \/ Geiger, Vladimir; Grahek Ravan\u010di\u0107, Martina; Karaka\u0161 Obradov, Marica (ur.). Zagreb: Hrvatski institut za povijest, 2010.<\/li><\/ul>\t\t\t\t\t\t\t\t<\/div>\n\t\t\t\t<\/div>\n\t\t\t\t<\/div>\n\t\t<div class=\"elementor-element elementor-element-dd22859 e-con-full e-flex e-con e-child\" data-id=\"dd22859\" data-element_type=\"container\">\n\t\t<div class=\"elementor-element elementor-element-580f544 e-con-full e-flex e-con e-child\" data-id=\"580f544\" data-element_type=\"container\">\n\t\t\t\t<div class=\"elementor-element elementor-element-d5f3449 elementor-widget elementor-widget-search\" data-id=\"d5f3449\" data-element_type=\"widget\" data-settings=\"{&quot;submit_trigger&quot;:&quot;click_submit&quot;,&quot;pagination_type_options&quot;:&quot;none&quot;}\" data-widget_type=\"search.default\">\n\t\t\t\t<div class=\"elementor-widget-container\">\n\t\t\t\t\t\t\t<search class=\"e-search hidden\" role=\"search\">\n\t\t\t<form class=\"e-search-form\" action=\"https:\/\/www.hipzg.hr\/en\/\" method=\"get\">\n\n\t\t\t\t\n\t\t\t\t<label class=\"e-search-label\" for=\"search-d5f3449\">\n\t\t\t\t\t<span class=\"elementor-screen-only\">\n\t\t\t\t\t\tSearch\t\t\t\t\t<\/span>\n\t\t\t\t\t\t\t\t\t<\/label>\n\n\t\t\t\t<div class=\"e-search-input-wrapper\">\n\t\t\t\t\t<input id=\"search-d5f3449\" placeholder=\"Search...\" class=\"e-search-input\" type=\"search\" name=\"s\" value=\"\" autocomplete=\"off\" role=\"combobox\" aria-autocomplete=\"list\" aria-expanded=\"false\" aria-controls=\"results-d5f3449\" aria-haspopup=\"listbox\">\n\t\t\t\t\t<svg aria-hidden=\"true\" class=\"e-font-icon-svg e-fas-times\" viewBox=\"0 0 352 512\" xmlns=\"http:\/\/www.w3.org\/2000\/svg\"><path d=\"M242.72 256l100.07-100.07c12.28-12.28 12.28-32.19 0-44.48l-22.24-22.24c-12.28-12.28-32.19-12.28-44.48 0L176 189.28 75.93 89.21c-12.28-12.28-32.19-12.28-44.48 0L9.21 111.45c-12.28 12.28-12.28 32.19 0 44.48L109.28 256 9.21 356.07c-12.28 12.28-12.28 32.19 0 44.48l22.24 22.24c12.28 12.28 32.2 12.28 44.48 0L176 322.72l100.07 100.07c12.28 12.28 32.2 12.28 44.48 0l22.24-22.24c12.28-12.28 12.28-32.19 0-44.48L242.72 256z\"><\/path><\/svg>\t\t\t\t\t\t\t\t\t\t<output id=\"results-d5f3449\" class=\"e-search-results-container hide-loader\" aria-live=\"polite\" aria-atomic=\"true\" aria-label=\"Results for search\" tabindex=\"0\">\n\t\t\t\t\t\t<div class=\"e-search-results\"><\/div>\n\t\t\t\t\t\t\t\t\t\t\t<\/output>\n\t\t\t\t\t\t\t\t\t<\/div>\n\t\t\t\t\n\t\t\t\t\n\t\t\t\t<button class=\"e-search-submit  \" type=\"submit\" aria-label=\"Search\">\n\t\t\t\t\t<i aria-hidden=\"true\" class=\"icon icon-search2\"><\/i>\n\t\t\t\t\t\t\t\t\t<\/button>\n\t\t\t\t<input type=\"hidden\" name=\"e_search_props\" value=\"d5f3449-14929\">\n\t\t\t<\/form>\n\t\t<\/search>\n\t\t\t\t\t\t<\/div>\n\t\t\t\t<\/div>\n\t\t\t\t<\/div>\n\t\t<div class=\"elementor-element elementor-element-e195695 e-con-full e-flex e-con e-child\" data-id=\"e195695\" data-element_type=\"container\">\n\t\t\t\t<div class=\"elementor-element elementor-element-f615dc9 elementor-widget elementor-widget-image\" data-id=\"f615dc9\" data-element_type=\"widget\" data-widget_type=\"image.default\">\n\t\t\t\t<div class=\"elementor-widget-container\">\n\t\t\t\t\t\t\t\t\t\t\t\t\t\t\t<img fetchpriority=\"high\" decoding=\"async\" width=\"251\" height=\"217\" src=\"https:\/\/www.hipzg.hr\/wp-content\/uploads\/2024\/11\/Martina_Grahek_Ravancic.png\" class=\"attachment-large size-large wp-image-7599\" alt=\"\" \/>\t\t\t\t\t\t\t\t\t\t\t\t\t\t\t<\/div>\n\t\t\t\t<\/div>\n\t\t\t\t<div class=\"elementor-element elementor-element-ea35e91 elementor-widget elementor-widget-heading\" data-id=\"ea35e91\" data-element_type=\"widget\" data-widget_type=\"heading.default\">\n\t\t\t\t<div class=\"elementor-widget-container\">\n\t\t\t\t\t<h6 class=\"elementor-heading-title elementor-size-default\">dr. sc. Martina Grahek Ravan\u010di\u0107<\/h6>\t\t\t\t<\/div>\n\t\t\t\t<\/div>\n\t\t\t\t<div class=\"elementor-element elementor-element-f349ebf elementor-widget elementor-widget-text-editor\" data-id=\"f349ebf\" data-element_type=\"widget\" data-widget_type=\"text-editor.default\">\n\t\t\t\t<div class=\"elementor-widget-container\">\n\t\t\t\t\t\t\t\t\t<p>vi\u0161a znanstvena suradnica<br \/>Znanstveni odjel za suvremenu povijest<\/p>\t\t\t\t\t\t\t\t<\/div>\n\t\t\t\t<\/div>\n\t\t\t\t<div class=\"elementor-element elementor-element-96a515c elementor-icon-list--layout-traditional elementor-list-item-link-full_width elementor-widget elementor-widget-icon-list\" data-id=\"96a515c\" data-element_type=\"widget\" data-widget_type=\"icon-list.default\">\n\t\t\t\t<div class=\"elementor-widget-container\">\n\t\t\t\t\t\t\t<ul class=\"elementor-icon-list-items\">\n\t\t\t\t\t\t\t<li class=\"elementor-icon-list-item\">\n\t\t\t\t\t\t\t\t\t\t\t<span class=\"elementor-icon-list-icon\">\n\t\t\t\t\t\t\t<i aria-hidden=\"true\" class=\"icon icon-map-marker\"><\/i>\t\t\t\t\t\t<\/span>\n\t\t\t\t\t\t\t\t\t\t<span class=\"elementor-icon-list-text\">Opati\u010dka 10, 10000 Zagreb<\/span>\n\t\t\t\t\t\t\t\t\t<\/li>\n\t\t\t\t\t\t\t\t<li class=\"elementor-icon-list-item\">\n\t\t\t\t\t\t\t\t\t\t\t<span class=\"elementor-icon-list-icon\">\n\t\t\t\t\t\t\t<i aria-hidden=\"true\" class=\"icon icon-phone-handset\"><\/i>\t\t\t\t\t\t<\/span>\n\t\t\t\t\t\t\t\t\t\t<span class=\"elementor-icon-list-text\">+385 1 4851 721<\/span>\n\t\t\t\t\t\t\t\t\t<\/li>\n\t\t\t\t\t\t\t\t<li class=\"elementor-icon-list-item\">\n\t\t\t\t\t\t\t\t\t\t\t<span class=\"elementor-icon-list-icon\">\n\t\t\t\t\t\t\t<i aria-hidden=\"true\" class=\"icon icon-email\"><\/i>\t\t\t\t\t\t<\/span>\n\t\t\t\t\t\t\t\t\t\t<span class=\"elementor-icon-list-text\">martina@isp.hr<\/span>\n\t\t\t\t\t\t\t\t\t<\/li>\n\t\t\t\t\t\t\t\t<li class=\"elementor-icon-list-item\">\n\t\t\t\t\t\t\t\t\t\t<span class=\"elementor-icon-list-text\"><span class=\"label\">MBZ:<\/span> 250531<\/span>\n\t\t\t\t\t\t\t\t\t<\/li>\n\t\t\t\t\t\t\t\t<li class=\"elementor-icon-list-item\">\n\t\t\t\t\t\t\t\t\t\t<span class=\"elementor-icon-list-text\"><span class=\"label\">CroRIS ID:<\/span> 2803<\/span>\n\t\t\t\t\t\t\t\t\t<\/li>\n\t\t\t\t\t\t<\/ul>\n\t\t\t\t\t\t<\/div>\n\t\t\t\t<\/div>\n\t\t\t\t<div class=\"elementor-element elementor-element-dabec99 elementor-icon-list--layout-traditional elementor-list-item-link-full_width elementor-widget elementor-widget-icon-list\" data-id=\"dabec99\" data-element_type=\"widget\" data-widget_type=\"icon-list.default\">\n\t\t\t\t<div class=\"elementor-widget-container\">\n\t\t\t\t\t\t\t<ul class=\"elementor-icon-list-items\">\n\t\t\t\t\t\t\t<li class=\"elementor-icon-list-item\">\n\t\t\t\t\t\t\t\t\t\t\t<a href=\"https:\/\/orcid.org\/0000-0001-5945-8671\" target=\"_blank\">\n\n\t\t\t\t\t\t\t\t\t\t\t<span class=\"elementor-icon-list-text\"><span class=\"label\">ORCID:<\/span> 0000-0001-5945-8671<\/span>\n\t\t\t\t\t\t\t\t\t\t\t<\/a>\n\t\t\t\t\t\t\t\t\t<\/li>\n\t\t\t\t\t\t<\/ul>\n\t\t\t\t\t\t<\/div>\n\t\t\t\t<\/div>\n\t\t\t\t<\/div>\n\t\t\t\t<\/div>\n\t\t\t\t\t<\/div>\n\t\t\t\t<\/div>\n\t\t\t\t<\/div>\n\t\t","protected":false},"excerpt":{"rendered":"<p>Martina Grahek Ravan\u010di\u0107 ISTRA\u017dIVA\u010cKI INTERESI I RADNO ISKUSTVO Martina Grahek Ravan\u010di\u0107 ro\u0111ena je 1978. u Rijeci. Osnovnu i srednju \u0161kolu zavr\u0161ila je u Zagrebu. Na Filozofskom fakultetu u Zagrebu zavr\u0161ila je studij povijesti. Od 2002. zaposlena je u Hrvatskom institutu za povijest. Na Odsjeku za povijest Filozofskog fakulteta u Zagrebu 2006. magistrirala je s temom [&hellip;]<\/p>\n","protected":false},"author":6,"featured_media":0,"parent":0,"menu_order":0,"comment_status":"closed","ping_status":"closed","template":"elementor_header_footer","meta":{"iawp_total_views":47,"footnotes":""},"class_list":["post-14929","page","type-page","status-publish","hentry"],"_links":{"self":[{"href":"https:\/\/www.hipzg.hr\/en\/wp-json\/wp\/v2\/pages\/14929","targetHints":{"allow":["GET"]}}],"collection":[{"href":"https:\/\/www.hipzg.hr\/en\/wp-json\/wp\/v2\/pages"}],"about":[{"href":"https:\/\/www.hipzg.hr\/en\/wp-json\/wp\/v2\/types\/page"}],"author":[{"embeddable":true,"href":"https:\/\/www.hipzg.hr\/en\/wp-json\/wp\/v2\/users\/6"}],"replies":[{"embeddable":true,"href":"https:\/\/www.hipzg.hr\/en\/wp-json\/wp\/v2\/comments?post=14929"}],"version-history":[{"count":10,"href":"https:\/\/www.hipzg.hr\/en\/wp-json\/wp\/v2\/pages\/14929\/revisions"}],"predecessor-version":[{"id":15177,"href":"https:\/\/www.hipzg.hr\/en\/wp-json\/wp\/v2\/pages\/14929\/revisions\/15177"}],"wp:attachment":[{"href":"https:\/\/www.hipzg.hr\/en\/wp-json\/wp\/v2\/media?parent=14929"}],"curies":[{"name":"wp","href":"https:\/\/api.w.org\/{rel}","templated":true}]}}