{"id":14841,"date":"2026-03-09T15:07:39","date_gmt":"2026-03-09T14:07:39","guid":{"rendered":"https:\/\/www.hipzg.hr\/?page_id=14841"},"modified":"2026-03-17T15:09:51","modified_gmt":"2026-03-17T14:09:51","slug":"vlasta-svoger","status":"publish","type":"page","link":"https:\/\/www.hipzg.hr\/en\/vlasta-svoger\/","title":{"rendered":"Vlasta \u0160voger"},"content":{"rendered":"\t\t<div data-elementor-type=\"wp-page\" data-elementor-id=\"14841\" class=\"elementor elementor-14841\" data-elementor-post-type=\"page\">\n\t\t\t\t<div class=\"elementor-element elementor-element-4adf38b e-flex e-con-boxed e-con e-parent\" data-id=\"4adf38b\" data-element_type=\"container\">\n\t\t\t\t\t<div class=\"e-con-inner\">\n\t\t<div class=\"elementor-element elementor-element-60789e3 e-con-full e-flex e-con e-child\" data-id=\"60789e3\" data-element_type=\"container\">\n\t\t\t\t<div class=\"elementor-element elementor-element-cdbc1eb elementor-widget elementor-widget-heading\" data-id=\"cdbc1eb\" data-element_type=\"widget\" data-widget_type=\"heading.default\">\n\t\t\t\t<div class=\"elementor-widget-container\">\n\t\t\t\t\t<h2 class=\"elementor-heading-title elementor-size-default\">Vlasta \u0160voger<\/h2>\t\t\t\t<\/div>\n\t\t\t\t<\/div>\n\t\t\t\t<div class=\"elementor-element elementor-element-540c1c3 elementor-widget elementor-widget-spacer\" data-id=\"540c1c3\" data-element_type=\"widget\" data-widget_type=\"spacer.default\">\n\t\t\t\t<div class=\"elementor-widget-container\">\n\t\t\t\t\t\t\t<div class=\"elementor-spacer\">\n\t\t\t<div class=\"elementor-spacer-inner\"><\/div>\n\t\t<\/div>\n\t\t\t\t\t\t<\/div>\n\t\t\t\t<\/div>\n\t\t\t\t<div class=\"elementor-element elementor-element-d2be703 elementor-widget elementor-widget-heading\" data-id=\"d2be703\" data-element_type=\"widget\" data-widget_type=\"heading.default\">\n\t\t\t\t<div class=\"elementor-widget-container\">\n\t\t\t\t\t<h5 class=\"elementor-heading-title elementor-size-default\">ISTRA\u017dIVA\u010cKI INTERESI I RADNO ISKUSTVO<\/h5>\t\t\t\t<\/div>\n\t\t\t\t<\/div>\n\t\t\t\t<div class=\"elementor-element elementor-element-6aabc1c elementor-widget elementor-widget-text-editor\" data-id=\"6aabc1c\" data-element_type=\"widget\" data-widget_type=\"text-editor.default\">\n\t\t\t\t<div class=\"elementor-widget-container\">\n\t\t\t\t\t\t\t\t\t<p>Od 1. travnja 1995. zaposlena u Hrvatskom institutu za povijest. Prethodno radila u nekoliko osnovnih \u0161kola u Zagrebu.<\/p><p>Istra\u017eiva\u010dki interesi: hrvatska povijest u 19. stolje\u0107u, intelektualna povijest, povijest \u0161kolstva, povijest novinstva, transfer modernih (liberalnih) ideja iz europskih zemalja u Hrvatsku u 19. stolje\u0107u i izgradnja gra\u0111anskog dru\u0161tva.<\/p><p>Predsjednica Mati\u010dnog odbora za podru\u010dje humanisti\u010dkih znanosti &#8211; polja povijesti, povijesti umjetnosti, znanosti o umjetnosti, arheologije, etnologije i antropologije (od 2024.).<\/p><p>Pro\u010delnica Odjela za povijest 19. stolje\u0107a Hrvatskog instituta za povijest (2014.-2023.).<\/p><p>Predsjednica Eti\u010dkog povjerenstva Hrvatskog instituta za povijest (od 2012.)<\/p><p>\u010clanica uredni\u0161tva \u010dasopisa Povijesni prilozi i Croatica christiana periodica. Bila \u010dlanica uredni\u0161tva \u010casopisa za suvremenu povijest i Review of Croatian History.<\/p><p>Od 2000. do 2003. sudjelovala je u izvo\u0111enju nastave iz kolegija <em>Hrvatski narod u 19. stolje\u0107u<\/em> na Hrvatskim studijima Sveu\u010dili\u0161ta u Zagrebu, a od ak. god. 2010. do 2014. na istome fakultetu izvodila je nastavu iz kolegija <em>Povijest 19. st.<\/em><\/p>\t\t\t\t\t\t\t\t<\/div>\n\t\t\t\t<\/div>\n\t\t\t\t<div class=\"elementor-element elementor-element-804a7c2 elementor-widget elementor-widget-heading\" data-id=\"804a7c2\" data-element_type=\"widget\" data-widget_type=\"heading.default\">\n\t\t\t\t<div class=\"elementor-widget-container\">\n\t\t\t\t\t<h5 class=\"elementor-heading-title elementor-size-default\">OBRAZOVANJE<\/h5>\t\t\t\t<\/div>\n\t\t\t\t<\/div>\n\t\t\t\t<div class=\"elementor-element elementor-element-137a345 elementor-widget elementor-widget-text-editor\" data-id=\"137a345\" data-element_type=\"widget\" data-widget_type=\"text-editor.default\">\n\t\t\t\t<div class=\"elementor-widget-container\">\n\t\t\t\t\t\t\t\t\t<p>Osnovnu i srednju \u0161kolu zavr\u0161ila u Zagrebu. Na Filozofskom fakultetu Sveu\u010dili\u0161ta u Zagrebu diplomirala 1995. povijest i njema\u010dki jezik i knji\u017eevnost. Na istome fakultetu magistrirala 2000. godine i doktorirala 2004. godine.<\/p>\t\t\t\t\t\t\t\t<\/div>\n\t\t\t\t<\/div>\n\t\t\t\t<div class=\"elementor-element elementor-element-946d4d8 elementor-widget elementor-widget-heading\" data-id=\"946d4d8\" data-element_type=\"widget\" data-widget_type=\"heading.default\">\n\t\t\t\t<div class=\"elementor-widget-container\">\n\t\t\t\t\t<h5 class=\"elementor-heading-title elementor-size-default\">PROJEKTI<\/h5>\t\t\t\t<\/div>\n\t\t\t\t<\/div>\n\t\t\t\t<div class=\"elementor-element elementor-element-05bdef4 elementor-widget elementor-widget-text-editor\" data-id=\"05bdef4\" data-element_type=\"widget\" data-widget_type=\"text-editor.default\">\n\t\t\t\t<div class=\"elementor-widget-container\">\n\t\t\t\t\t\t\t\t\t<p>Sura\u0111ivala na nekoliko institutskih projekata koje je financiralo Ministarstvo znanosti i obrazovanja.<\/p><p>Suradnica na projektu <em>Od protomodernizacije do modernizacije \u0161kolstva u Hrvatskoj (18. i 19. stolje\u0107e)<\/em>, HRZZ, UIP-4919, voditeljice dr. sc. Ivane Horbec (2014.-2018.).<\/p><p>Sura\u0111ivala je na me\u0111unarodnim projektima <em>Kirchliche Elite-Bildung f\u00fcr Zentraleuropa. Das Priesterkolleg St. Augustin (\u201eFrintaneum\u201c) in Wien als Post-Graduate-Einrichtung und Netzwerkstatt der Donaumonarchie 1816-1918<\/em> \u00a0i <em>Bischofslexikon<\/em> <em>der<\/em> <em>Habsburgermonarchie<\/em><em> 1806 <\/em><em>bis<\/em><em> 1918<\/em> pod sredi\u0161njim vodstvom Instituta za crkvenu povijest Katoli\u010dko-teolo\u0161kog fakulteta Sveu\u010dili\u0161ta u Be\u010du i Sveu\u010dili\u0161ta Gregoriana u Rimu. Voditelj projekata je prof. dr. sc. Rupert Klieber s\u00a0 Katoli\u010dko-teolo\u0161kog fakulteta Sveu\u010dili\u0161ta u Be\u010du. Voditeljica hrvatske istra\u017eiva\u010dke skupine je dr. sc. Ivana Horbec.<\/p><p>Voditeljica projekta Europski korijeni moderne Hrvatske: transfer ideja na politi\u010dkom i kulturnom polju u 18. i 19. stolje\u0107u (EuKor), HRZZ, IP-2018-01-2539 (2018.-2023.).<\/p><p>Mentorica (komentor prof. dr. sc. Hrvoje Stan\u010di\u0107) doktoranda Zrinka Novosela u sklopu projekta DOK-2018-09-2672 (2019.-2023.)<\/p><p>Suradnica na projektu <em>Hrvatska i Europa: institucije i pojedinci u razvoju modernoga dru\u0161tva i dr\u017eave <\/em>(HEIP<strong>, <\/strong>380-01-02-23-41) koji financira Europska unija programom NextGenerationEU, voditelj dr. sc. Marino Manin (2024.-2027.).<\/p>\t\t\t\t\t\t\t\t<\/div>\n\t\t\t\t<\/div>\n\t\t\t\t<div class=\"elementor-element elementor-element-8cbcd71 elementor-widget elementor-widget-text-editor\" data-id=\"8cbcd71\" data-element_type=\"widget\" data-widget_type=\"text-editor.default\">\n\t\t\t\t<div class=\"elementor-widget-container\">\n\t\t\t\t\t\t\t\t\t<h5 class=\"inline-h5\">PUBLIKACIJE<\/h5><p>(potpuna bibliografija radova dostupna na: <a href=\"https:\/\/www.croris.hr\/osobe\/profil\/4818\" target=\"_blank\" rel=\"noopener\">CroRIS<\/a>)<\/p><p><strong>Autorske monografije:<\/strong><\/p><ul><li><em>S\u00fcdslawische Zeitung 1849.-1852. Organ nove epohe kod Ju\u017enih Slavena<\/em>, Zagreb: Hrvatski institut za povijest &#8211; Dom i svijet, 2002.<\/li><li><em>Zagreba\u010dko liberalno novinstvo 1848.-1852. i stvaranje moderne Hrvatske<\/em>, Zagreb: Hrvatski institut za povijest, 2007.<\/li><li><em>Ideali, strast i politika. \u017divot i djelo Andrije Torkvata Brli\u0107a<\/em>, Zagreb: Hrvatski institut za povijest \u2013 Podru\u017enica za povijest Slavonije, Srijema i Baranje, 2012.<\/li><li>(koautor Jasna Turkalj), <em>&#8220;Zdrav temelj za razvitak parlamentarnog \u017eivota&#8221;? Poslovnici Hrvatskog sabora (1861.-1918.)<\/em>, Zagreb: Hrvatski institut za povijest, 2022. \u2013 e-knjiga, dostupna na: https:\/\/eukor.isp.hr\/zdrav-temelj-za-razvitak-parlamentarnog-zivota-poslovnici-hrvatskog-sabora-1861-1918-2\/<\/li><\/ul>\t\t\t\t\t\t\t\t<\/div>\n\t\t\t\t<\/div>\n\t\t\t\t<div class=\"elementor-element elementor-element-50bf08c elementor-widget elementor-widget-text-editor\" data-id=\"50bf08c\" data-element_type=\"widget\" data-widget_type=\"text-editor.default\">\n\t\t\t\t<div class=\"elementor-widget-container\">\n\t\t\t\t\t\t\t\t\t<p><strong>Uredni\u010dke knjige:<\/strong><\/p><ul><li>Vlasta \u0160voger, Jasna Turkalj (ur.), <em>Temelji moderne Hrvatske. Hrvatske zemlje u \u201edugom\u201c 19. stolje\u0107u<\/em>, Zagreb: Matica hrvatska: 2016. (VI. knjiga edicije Povijest Hrvata)<\/li><li>Vlasta \u0160voger, D\u00e9nes Sokcsevits, Andr\u00e1s Cieger i Branko Ostajmer (ur.), <em>The 1868 Croatian-Hungarian Settlement: Origin and Reality<\/em>, Zagreb \u2013 Budapest: Croatian Institute of History, Zagreb; Research Centre for the Humanities, Institute of History, Budapest, 2021.<\/li><li>Gordan Ravan\u010di\u0107, Mislav Gregl, Ivana Horbec, Vlasta \u0160voger, Dinko \u017dupan (ur.), <em>Historiografija \/ povijest u suvremenom dru\u0161tvu. Zbornik radova s okruglog stola odr\u017eanog 11. i 12. listopada 2011. u Zagrebu<\/em>, Zagreb: Hrvatski institut za povijest, 2014.<\/li><li>Gostuju\u0107a urednica (suurednik \u017deljko Dugac) tematskog broja \u010dasopisa <em>Radovi Zavoda za hrvatsku povijest Filozofskoga fakulteta Sveu\u010dili\u0161ta u Zagrebu<\/em>, vol. 53, br. 3, 2021. Poseban broj: Proizvodnja i cirkulacija znanja \/ Special Issue: Production and Circulation of Knowledge.<\/li><li>Urednica tematskog bloka Transfer of Ideas, Knowledge, and Practice in the Political and Cultural Fields in Croatia in the 18th and 19th Centuries u \u010dasopisu <em>Review of Croatian History<\/em>, Vol. 19, No. 1, 2023.<\/li><\/ul>\t\t\t\t\t\t\t\t<\/div>\n\t\t\t\t<\/div>\n\t\t\t\t<div class=\"elementor-element elementor-element-2064c8c elementor-widget elementor-widget-text-editor\" data-id=\"2064c8c\" data-element_type=\"widget\" data-widget_type=\"text-editor.default\">\n\t\t\t\t<div class=\"elementor-widget-container\">\n\t\t\t\t\t\t\t\t\t<p><strong>Knjige gra\u0111e:<\/strong><\/p><ul><li>Mato Artukovi\u0107, Vlasta \u0160voger, Mica Orban Kljaji\u0107 (prir.), <em>Korespondencija Andrije Torkvata i Ignjata Brli\u0107a, knjiga prva: pisma 1846.-1856.<\/em>, Slavonski Brod: Hrvatski institut za povijest \u2013 Podru\u017enica za povijest Slavonije, Srijema i Baranje, 2015.<\/li><li>Mato Artukovi\u0107, Vlasta \u0160voger, Mica Orban Kljaji\u0107 (prir.), <em>Korespondencija Andrije Torkvata i Ignjata Brli\u0107a, Knjiga druga: pisma 1857.-1863.<\/em>, Slavonski Brod: Hrvatski institut za povijest \u2013 Podru\u017enica za povijest Slavonije, Srijema i Baranje, 2021.<\/li><li>Ivana Horbec, Maja Matasovi\u0107, Vlasta \u0160voger (prir.), <em>Od protomodernizacije do modernizacije hrvatskog \u0161kolstva, knj. I., Zakonodavni okvir<\/em>, Zagreb: Hrvatski institut za povijest, 2017. Elektronsko izdanje dostupno na: <a href=\"http:\/\/histedu.isp.hr\/grada-za-povijest-skolstva\/\" target=\"_blank\" rel=\"noopener\">http:\/\/histedu.isp.hr\/grada-za-povijest-skolstva\/<\/a>.<\/li><\/ul><p>\u00a0<\/p><p>Autorica je velikog broja znanstvenih radova objavljenih u doma\u0107im i inozemnim \u010dasopisima i zbornicima radova.<\/p>\t\t\t\t\t\t\t\t<\/div>\n\t\t\t\t<\/div>\n\t\t\t\t<\/div>\n\t\t<div class=\"elementor-element elementor-element-dd22859 e-con-full e-flex e-con e-child\" data-id=\"dd22859\" data-element_type=\"container\">\n\t\t<div class=\"elementor-element elementor-element-580f544 e-con-full e-flex e-con e-child\" data-id=\"580f544\" data-element_type=\"container\">\n\t\t\t\t<div class=\"elementor-element elementor-element-d5f3449 elementor-widget elementor-widget-search\" data-id=\"d5f3449\" data-element_type=\"widget\" data-settings=\"{&quot;submit_trigger&quot;:&quot;click_submit&quot;,&quot;pagination_type_options&quot;:&quot;none&quot;}\" data-widget_type=\"search.default\">\n\t\t\t\t<div class=\"elementor-widget-container\">\n\t\t\t\t\t\t\t<search class=\"e-search hidden\" role=\"search\">\n\t\t\t<form class=\"e-search-form\" action=\"https:\/\/www.hipzg.hr\/en\/\" method=\"get\">\n\n\t\t\t\t\n\t\t\t\t<label class=\"e-search-label\" for=\"search-d5f3449\">\n\t\t\t\t\t<span class=\"elementor-screen-only\">\n\t\t\t\t\t\tSearch\t\t\t\t\t<\/span>\n\t\t\t\t\t\t\t\t\t<\/label>\n\n\t\t\t\t<div class=\"e-search-input-wrapper\">\n\t\t\t\t\t<input id=\"search-d5f3449\" placeholder=\"Search...\" class=\"e-search-input\" type=\"search\" name=\"s\" value=\"\" autocomplete=\"off\" role=\"combobox\" aria-autocomplete=\"list\" aria-expanded=\"false\" aria-controls=\"results-d5f3449\" aria-haspopup=\"listbox\">\n\t\t\t\t\t<svg aria-hidden=\"true\" class=\"e-font-icon-svg e-fas-times\" viewBox=\"0 0 352 512\" xmlns=\"http:\/\/www.w3.org\/2000\/svg\"><path d=\"M242.72 256l100.07-100.07c12.28-12.28 12.28-32.19 0-44.48l-22.24-22.24c-12.28-12.28-32.19-12.28-44.48 0L176 189.28 75.93 89.21c-12.28-12.28-32.19-12.28-44.48 0L9.21 111.45c-12.28 12.28-12.28 32.19 0 44.48L109.28 256 9.21 356.07c-12.28 12.28-12.28 32.19 0 44.48l22.24 22.24c12.28 12.28 32.2 12.28 44.48 0L176 322.72l100.07 100.07c12.28 12.28 32.2 12.28 44.48 0l22.24-22.24c12.28-12.28 12.28-32.19 0-44.48L242.72 256z\"><\/path><\/svg>\t\t\t\t\t\t\t\t\t\t<output id=\"results-d5f3449\" class=\"e-search-results-container hide-loader\" aria-live=\"polite\" aria-atomic=\"true\" aria-label=\"Results for search\" tabindex=\"0\">\n\t\t\t\t\t\t<div class=\"e-search-results\"><\/div>\n\t\t\t\t\t\t\t\t\t\t\t<\/output>\n\t\t\t\t\t\t\t\t\t<\/div>\n\t\t\t\t\n\t\t\t\t\n\t\t\t\t<button class=\"e-search-submit  \" type=\"submit\" aria-label=\"Search\">\n\t\t\t\t\t<i aria-hidden=\"true\" class=\"icon icon-search2\"><\/i>\n\t\t\t\t\t\t\t\t\t<\/button>\n\t\t\t\t<input type=\"hidden\" name=\"e_search_props\" value=\"d5f3449-14841\">\n\t\t\t<\/form>\n\t\t<\/search>\n\t\t\t\t\t\t<\/div>\n\t\t\t\t<\/div>\n\t\t\t\t<\/div>\n\t\t<div class=\"elementor-element elementor-element-e195695 e-con-full e-flex e-con e-child\" data-id=\"e195695\" data-element_type=\"container\">\n\t\t\t\t<div class=\"elementor-element elementor-element-f615dc9 elementor-widget elementor-widget-image\" data-id=\"f615dc9\" data-element_type=\"widget\" data-widget_type=\"image.default\">\n\t\t\t\t<div class=\"elementor-widget-container\">\n\t\t\t\t\t\t\t\t\t\t\t\t\t\t\t<img fetchpriority=\"high\" decoding=\"async\" width=\"800\" height=\"799\" src=\"https:\/\/www.hipzg.hr\/wp-content\/uploads\/2024\/12\/Vlasta_Svoger.jpg\" class=\"attachment-large size-large wp-image-8744\" alt=\"\" srcset=\"https:\/\/www.hipzg.hr\/wp-content\/uploads\/2024\/12\/Vlasta_Svoger.jpg 943w, https:\/\/www.hipzg.hr\/wp-content\/uploads\/2024\/12\/Vlasta_Svoger-300x300.jpg 300w, https:\/\/www.hipzg.hr\/wp-content\/uploads\/2024\/12\/Vlasta_Svoger-100x100.jpg 100w, https:\/\/www.hipzg.hr\/wp-content\/uploads\/2024\/12\/Vlasta_Svoger-600x599.jpg 600w, https:\/\/www.hipzg.hr\/wp-content\/uploads\/2024\/12\/Vlasta_Svoger-150x150.jpg 150w, https:\/\/www.hipzg.hr\/wp-content\/uploads\/2024\/12\/Vlasta_Svoger-768x767.jpg 768w\" sizes=\"(max-width: 800px) 100vw, 800px\" \/>\t\t\t\t\t\t\t\t\t\t\t\t\t\t\t<\/div>\n\t\t\t\t<\/div>\n\t\t\t\t<div class=\"elementor-element elementor-element-ea35e91 elementor-widget elementor-widget-heading\" data-id=\"ea35e91\" data-element_type=\"widget\" data-widget_type=\"heading.default\">\n\t\t\t\t<div class=\"elementor-widget-container\">\n\t\t\t\t\t<h6 class=\"elementor-heading-title elementor-size-default\">dr. sc. Vlasta \u0160voger<\/h6>\t\t\t\t<\/div>\n\t\t\t\t<\/div>\n\t\t\t\t<div class=\"elementor-element elementor-element-f349ebf elementor-widget elementor-widget-text-editor\" data-id=\"f349ebf\" data-element_type=\"widget\" data-widget_type=\"text-editor.default\">\n\t\t\t\t<div class=\"elementor-widget-container\">\n\t\t\t\t\t\t\t\t\t<p>znanstvena savjetnica<br \/>Znanstveni odjel za modernu povijest<\/p>\t\t\t\t\t\t\t\t<\/div>\n\t\t\t\t<\/div>\n\t\t\t\t<div class=\"elementor-element elementor-element-96a515c elementor-icon-list--layout-traditional elementor-list-item-link-full_width elementor-widget elementor-widget-icon-list\" data-id=\"96a515c\" data-element_type=\"widget\" data-widget_type=\"icon-list.default\">\n\t\t\t\t<div class=\"elementor-widget-container\">\n\t\t\t\t\t\t\t<ul class=\"elementor-icon-list-items\">\n\t\t\t\t\t\t\t<li class=\"elementor-icon-list-item\">\n\t\t\t\t\t\t\t\t\t\t\t<span class=\"elementor-icon-list-icon\">\n\t\t\t\t\t\t\t<i aria-hidden=\"true\" class=\"icon icon-map-marker\"><\/i>\t\t\t\t\t\t<\/span>\n\t\t\t\t\t\t\t\t\t\t<span class=\"elementor-icon-list-text\">Opati\u010dka 10, 10000 Zagreb<\/span>\n\t\t\t\t\t\t\t\t\t<\/li>\n\t\t\t\t\t\t\t\t<li class=\"elementor-icon-list-item\">\n\t\t\t\t\t\t\t\t\t\t\t<span class=\"elementor-icon-list-icon\">\n\t\t\t\t\t\t\t<i aria-hidden=\"true\" class=\"icon icon-phone-handset\"><\/i>\t\t\t\t\t\t<\/span>\n\t\t\t\t\t\t\t\t\t\t<span class=\"elementor-icon-list-text\">+385 1 4851 721<\/span>\n\t\t\t\t\t\t\t\t\t<\/li>\n\t\t\t\t\t\t\t\t<li class=\"elementor-icon-list-item\">\n\t\t\t\t\t\t\t\t\t\t\t<span class=\"elementor-icon-list-icon\">\n\t\t\t\t\t\t\t<i aria-hidden=\"true\" class=\"icon icon-email\"><\/i>\t\t\t\t\t\t<\/span>\n\t\t\t\t\t\t\t\t\t\t<span class=\"elementor-icon-list-text\">vsvoger@isp.hr<\/span>\n\t\t\t\t\t\t\t\t\t<\/li>\n\t\t\t\t\t\t\t\t<li class=\"elementor-icon-list-item\">\n\t\t\t\t\t\t\t\t\t\t\t<span class=\"elementor-icon-list-icon\">\n\t\t\t\t\t\t\t<i aria-hidden=\"true\" class=\"icon icon-email\"><\/i>\t\t\t\t\t\t<\/span>\n\t\t\t\t\t\t\t\t\t\t<span class=\"elementor-icon-list-text\">vlasta.svoger2@gmail.com<\/span>\n\t\t\t\t\t\t\t\t\t<\/li>\n\t\t\t\t\t\t\t\t<li class=\"elementor-icon-list-item\">\n\t\t\t\t\t\t\t\t\t\t<span class=\"elementor-icon-list-text\"><span class=\"label\">MBZ:<\/span> 225750<\/span>\n\t\t\t\t\t\t\t\t\t<\/li>\n\t\t\t\t\t\t\t\t<li class=\"elementor-icon-list-item\">\n\t\t\t\t\t\t\t\t\t\t<span class=\"elementor-icon-list-text\"><span class=\"label\">CroRIS ID:<\/span> 4818<\/span>\n\t\t\t\t\t\t\t\t\t<\/li>\n\t\t\t\t\t\t<\/ul>\n\t\t\t\t\t\t<\/div>\n\t\t\t\t<\/div>\n\t\t\t\t<div class=\"elementor-element elementor-element-dabec99 elementor-icon-list--layout-traditional elementor-list-item-link-full_width elementor-widget elementor-widget-icon-list\" data-id=\"dabec99\" data-element_type=\"widget\" data-widget_type=\"icon-list.default\">\n\t\t\t\t<div class=\"elementor-widget-container\">\n\t\t\t\t\t\t\t<ul class=\"elementor-icon-list-items\">\n\t\t\t\t\t\t\t<li class=\"elementor-icon-list-item\">\n\t\t\t\t\t\t\t\t\t\t\t<a href=\"https:\/\/orcid.org\/0000-0002-5674-4784\" target=\"_blank\">\n\n\t\t\t\t\t\t\t\t\t\t\t<span class=\"elementor-icon-list-text\"><span class=\"label\">ORCID:<\/span> 0000-0002-5674-4784<\/span>\n\t\t\t\t\t\t\t\t\t\t\t<\/a>\n\t\t\t\t\t\t\t\t\t<\/li>\n\t\t\t\t\t\t<\/ul>\n\t\t\t\t\t\t<\/div>\n\t\t\t\t<\/div>\n\t\t\t\t<\/div>\n\t\t\t\t<\/div>\n\t\t\t\t\t<\/div>\n\t\t\t\t<\/div>\n\t\t\t\t<\/div>\n\t\t","protected":false},"excerpt":{"rendered":"<p>Vlasta \u0160voger ISTRA\u017dIVA\u010cKI INTERESI I RADNO ISKUSTVO Od 1. travnja 1995. zaposlena u Hrvatskom institutu za povijest. Prethodno radila u nekoliko osnovnih \u0161kola u Zagrebu. Istra\u017eiva\u010dki interesi: hrvatska povijest u 19. stolje\u0107u, intelektualna povijest, povijest \u0161kolstva, povijest novinstva, transfer modernih (liberalnih) ideja iz europskih zemalja u Hrvatsku u 19. stolje\u0107u i izgradnja gra\u0111anskog dru\u0161tva. Predsjednica [&hellip;]<\/p>\n","protected":false},"author":6,"featured_media":0,"parent":0,"menu_order":0,"comment_status":"closed","ping_status":"closed","template":"elementor_header_footer","meta":{"iawp_total_views":10,"footnotes":""},"class_list":["post-14841","page","type-page","status-publish","hentry"],"_links":{"self":[{"href":"https:\/\/www.hipzg.hr\/en\/wp-json\/wp\/v2\/pages\/14841","targetHints":{"allow":["GET"]}}],"collection":[{"href":"https:\/\/www.hipzg.hr\/en\/wp-json\/wp\/v2\/pages"}],"about":[{"href":"https:\/\/www.hipzg.hr\/en\/wp-json\/wp\/v2\/types\/page"}],"author":[{"embeddable":true,"href":"https:\/\/www.hipzg.hr\/en\/wp-json\/wp\/v2\/users\/6"}],"replies":[{"embeddable":true,"href":"https:\/\/www.hipzg.hr\/en\/wp-json\/wp\/v2\/comments?post=14841"}],"version-history":[{"count":19,"href":"https:\/\/www.hipzg.hr\/en\/wp-json\/wp\/v2\/pages\/14841\/revisions"}],"predecessor-version":[{"id":15183,"href":"https:\/\/www.hipzg.hr\/en\/wp-json\/wp\/v2\/pages\/14841\/revisions\/15183"}],"wp:attachment":[{"href":"https:\/\/www.hipzg.hr\/en\/wp-json\/wp\/v2\/media?parent=14841"}],"curies":[{"name":"wp","href":"https:\/\/api.w.org\/{rel}","templated":true}]}}