{"id":14823,"date":"2026-03-09T14:01:59","date_gmt":"2026-03-09T13:01:59","guid":{"rendered":"https:\/\/www.hipzg.hr\/?page_id=14823"},"modified":"2026-03-17T15:03:00","modified_gmt":"2026-03-17T14:03:00","slug":"gordan-ravancic","status":"publish","type":"page","link":"https:\/\/www.hipzg.hr\/en\/gordan-ravancic\/","title":{"rendered":"Gordan Ravan\u010di\u0107"},"content":{"rendered":"\t\t<div data-elementor-type=\"wp-page\" data-elementor-id=\"14823\" class=\"elementor elementor-14823\" data-elementor-post-type=\"page\">\n\t\t\t\t<div class=\"elementor-element elementor-element-4adf38b e-flex e-con-boxed e-con e-parent\" data-id=\"4adf38b\" data-element_type=\"container\">\n\t\t\t\t\t<div class=\"e-con-inner\">\n\t\t<div class=\"elementor-element elementor-element-60789e3 e-con-full e-flex e-con e-child\" data-id=\"60789e3\" data-element_type=\"container\">\n\t\t\t\t<div class=\"elementor-element elementor-element-cdbc1eb elementor-widget elementor-widget-heading\" data-id=\"cdbc1eb\" data-element_type=\"widget\" data-widget_type=\"heading.default\">\n\t\t\t\t<div class=\"elementor-widget-container\">\n\t\t\t\t\t<h2 class=\"elementor-heading-title elementor-size-default\">Gordan Ravan\u010di\u0107<\/h2>\t\t\t\t<\/div>\n\t\t\t\t<\/div>\n\t\t\t\t<div class=\"elementor-element elementor-element-540c1c3 elementor-widget elementor-widget-spacer\" data-id=\"540c1c3\" data-element_type=\"widget\" data-widget_type=\"spacer.default\">\n\t\t\t\t<div class=\"elementor-widget-container\">\n\t\t\t\t\t\t\t<div class=\"elementor-spacer\">\n\t\t\t<div class=\"elementor-spacer-inner\"><\/div>\n\t\t<\/div>\n\t\t\t\t\t\t<\/div>\n\t\t\t\t<\/div>\n\t\t\t\t<div class=\"elementor-element elementor-element-d2be703 elementor-widget elementor-widget-heading\" data-id=\"d2be703\" data-element_type=\"widget\" data-widget_type=\"heading.default\">\n\t\t\t\t<div class=\"elementor-widget-container\">\n\t\t\t\t\t<h5 class=\"elementor-heading-title elementor-size-default\">ISTRA\u017dIVA\u010cKI INTERESI I RADNO ISKUSTVO<\/h5>\t\t\t\t<\/div>\n\t\t\t\t<\/div>\n\t\t\t\t<div class=\"elementor-element elementor-element-6aabc1c elementor-widget elementor-widget-text-editor\" data-id=\"6aabc1c\" data-element_type=\"widget\" data-widget_type=\"text-editor.default\">\n\t\t\t\t<div class=\"elementor-widget-container\">\n\t\t\t\t\t\t\t\t\t<p>Dr. sc. Gordan Ravan\u010di\u0107 istra\u017eiva\u010d je srednjovjekovne povijesti na radnom mjestu vi\u0161eg znanstvenog suradnika. Trenutno (od 2023. godine) obna\u0161a i du\u017enost pomo\u0107nika ravnatelja Hrvatskog instituta za povijest. U svom znanstvenom radu bavi se temama srednjovjekovne povijesti dru\u0161tva, posebice dalmatinskih komuna, povijesti svakodnevice, povijesti epidemija. U fokusu njegovih radova ponajvi\u0161e su teme vezane uz prostor Dubrovnika i Dubrova\u010dke Republike te srednjovjekovnog Vinodola.<\/p><p>Od 1998. zaposlen je na Hrvatskom institutu za povijest. Od 2009. primljen je u stalni radni odnos na Odjelu za srednjovjekovnu povijest HIP-a na radnom mjestu znanstvenog suradnika, gdje je radio na projektima u okviru Odjela za srednjovjekovnu povijest. Od 2023. radi na Odjelu za povijesne izvore i digitalnu povijest. Od 2011. do 2019. godine radio je na radnom mjestu pomo\u0107nika ravnateljice Hrvatskog instituta za povijest i obna\u0161ao du\u017enost voditelja Odjela za srednjovjekovnu povijest. Od 2019. do kraja 2022. obna\u0161ao je du\u017enost ravnatelja Hrvatskog instituta za povijest.<\/p><p>Godine 2007. izabran je u znanstveno zvanje znanstvenog suradnika, a 2008. i u znanstveno-nastavno zvanje docenta. Godine 2011. izabran je u znanstveno zvanje vi\u0161eg znanstvenog suradnika, a 2014. u znanstveno-nastavno zvanje izvanrednog profesora. U studenom 2016. izabran je u znanstveno zvanje znanstvenog savjetnika<\/p><p>Od \u0161k. god. 1998.\/99. do 2013. honorarno je radio i na Hrvatskim studijima Sveu\u010dili\u0161ta u Zagrebu gdje je vodio seminare i radne grupe iz nacionalne povijesti srednjeg vijeka, te predavanja vezana uz uporabu ra\u010dunala u povijesnim istra\u017eivanjima. Od \u0161kolske godine 2010.\/11. do 2017. sura\u0111ivao je i na Hrvatskom katoli\u010dkom sveu\u010dili\u0161tu na tamo\u0161njem Odjelu za povijest gdje je predavao kolegij vezan za uporabu digitalnih tehnologija i Interneta u studiju povijesti.<\/p><p>U razdoblju 2003.-2009. bio je tajnik uredni\u0161tva \u010dasopisa <em>Povijesni prilozi<\/em>, a danas je \u010dlan Uredni\u0161tva tog \u010dasopisa; od 2005. \u010dlan me\u0111unarodnog uredni\u010dkog vije\u0107a \u010dasopisa <em>Ekonomska i ekohistorija<\/em>. Od 2012. do 2023. bio je \u010dlan me\u0111unarodnog savjeta uredni\u0161tva \u010dasopisa <em>Studia Slavica et Balcanica Petropolitana <\/em>(Sankt Peterburg, Rusija). Od 2016. godine \u010dlan je uredni\u0161tva \u010dasopisa <em>Vinodolski zbornik<\/em>. Od 2023. \u010dlan je uredni\u0161tva \u010dasopisa <em>Istorijski zapisi <\/em>(Podgorica, Crna Gora). Od 2009. \u010dlan je izvr\u0161nog odbora <em>Dru\u0161tva za hrvatsku ekonomsku i ekohistoriju<\/em>, a od jeseni 2011. i \u010dlan Predsjedni\u0161tva <em>Hrvatskog nacionalnog odbora za povijesnu znanost <\/em>(HNOPZ). Od 2019. godine predsjednik je Upravnog vije\u0107a Hrvatskog povijesnog muzeja. Od 2005. \u010dlan je Dr\u017eavnog povjerenstva za provedbu Natjecanja iz povijesti u osnovnim i srednjim \u0161kolama, a 2019. bio je \u010dlan radne skupine za doradu kurikuluma nastavnog predmeta povijest u osnovnim \u0161kolama i gimnazijama. Autor je nekoliko osnovno\u0161kolskih i srednjo\u0161koskih ud\u017ebenika povijesti.<\/p><p>Od jeseni 2017. zajedno s dr. sc. Josipom Mihaljevi\u0107em vodi radio emisiju Povijesne kontroverze koja se emitira utorkom i \u010detvrtkom na Hrvatskom radiju 3. program.<\/p>\t\t\t\t\t\t\t\t<\/div>\n\t\t\t\t<\/div>\n\t\t\t\t<div class=\"elementor-element elementor-element-804a7c2 elementor-widget elementor-widget-heading\" data-id=\"804a7c2\" data-element_type=\"widget\" data-widget_type=\"heading.default\">\n\t\t\t\t<div class=\"elementor-widget-container\">\n\t\t\t\t\t<h5 class=\"elementor-heading-title elementor-size-default\">OBRAZOVANJE<\/h5>\t\t\t\t<\/div>\n\t\t\t\t<\/div>\n\t\t\t\t<div class=\"elementor-element elementor-element-137a345 elementor-widget elementor-widget-text-editor\" data-id=\"137a345\" data-element_type=\"widget\" data-widget_type=\"text-editor.default\">\n\t\t\t\t<div class=\"elementor-widget-container\">\n\t\t\t\t\t\t\t\t\t<ul><li>1996. diplomirao jednopredmetnu povijest na Filozofskom fakultetu Sveu\u010dili\u0161ta u Zagrebu<\/li><li>1997. MA iz srednjovjekovnih studija na Central European University (Budimpe\u0161ta, Ma\u0111arska)<\/li><li>1999. magisterij povijesti na Filozofskom fakultetu Sveu\u010dili\u0161ta u Zagrebu<\/li><li>2006. doktorat povijesti na Filozofskom fakultetu Sveu\u010dili\u0161ta u Zagrebu<\/li><\/ul>\t\t\t\t\t\t\t\t<\/div>\n\t\t\t\t<\/div>\n\t\t\t\t<div class=\"elementor-element elementor-element-946d4d8 elementor-widget elementor-widget-heading\" data-id=\"946d4d8\" data-element_type=\"widget\" data-widget_type=\"heading.default\">\n\t\t\t\t<div class=\"elementor-widget-container\">\n\t\t\t\t\t<h5 class=\"elementor-heading-title elementor-size-default\">PROJEKTI<\/h5>\t\t\t\t<\/div>\n\t\t\t\t<\/div>\n\t\t\t\t<div class=\"elementor-element elementor-element-05bdef4 elementor-widget elementor-widget-text-editor\" data-id=\"05bdef4\" data-element_type=\"widget\" data-widget_type=\"text-editor.default\">\n\t\t\t\t<div class=\"elementor-widget-container\">\n\t\t\t\t\t\t\t\t\t<ul><li>2024. \u2013 Sanitarni kordon u Dalmaciji (18. i 19. stolje\u0107e) &#8211; SANITAD (voditeljica: dr. sc. Maja Katu\u0161i\u0107, institucijski projekt NextGenerationEU)<\/li><li>2024. \u2013 2025. CroFacta, LZMK-HIP-HMDCDR (voditeljica: Ankica \u0160unji\u0107 Matkovi\u0107, koordinator za HIP: dr. sc. Josip Mihaljevi\u0107, NextGenerationEU)<\/li><li>2019. \u2013 2024. Topografija vlasti: isto\u010dnojadranski gradovi u srednjovjekovnim prostorima vlasti\u2013TOPOS(IP-2019-04-2055)-(voditelj: dr. sc. Irena Benyovsky Latin, HRZZ)<\/li><li>2014. \u2013 2018. Digitalizacija Dnevnika i Stenografskih zapisnika Hrvatskog sabora (voditelj: dr. sc. Gordan Ravan\u010di\u0107, Ministarstvo kulture i Zaklada Adris)<\/li><li>2014. \u2013 2019. Gradovi hrvatskog srednjovjekovlja: Urbane elite i urbani prostor URBES(IP-2014-09-7235)-(voditeljica: dr. sc. Irena Benyovsky Latin,HRZZ)<\/li><li>2007. \u2013 2013. Grad hrvatskog srednjovjekovlja: Dru\u0161tvene strukture,topografija, urbani \u017eivot(voditeljica: dr. sc. Irena Benyovsky Latin, MZOS, z-projekt)<\/li><li>2002. \u2013 2006. Naselja i dru\u0161tveno-politi\u010dke zajednice srednjovjekovne Hrvatske(voditelj: dr. sc. Ante \u0160kegro, MZOS, z-projekt)<\/li><li>1998. \u2013 2001. Opis zemalja Kraljevine Hrvatske na vojnim kartama(voditelj: dr. sc. Mirko Valenti\u0107, MZOS, z-projekt)<\/li><\/ul>\t\t\t\t\t\t\t\t<\/div>\n\t\t\t\t<\/div>\n\t\t\t\t<div class=\"elementor-element elementor-element-d5102f9 elementor-widget elementor-widget-text-editor\" data-id=\"d5102f9\" data-element_type=\"widget\" data-widget_type=\"text-editor.default\">\n\t\t\t\t<div class=\"elementor-widget-container\">\n\t\t\t\t\t\t\t\t\t<h5 class=\"inline-h5\">PUBLIKACIJE<\/h5><p>(potpuna bibliografija radova dostupna na: <a href=\"https:\/\/www.croris.hr\/crosbi\/searchByContext\/2\/4812\" target=\"_blank\" rel=\"noopener\">CroRIS<\/a>)<\/p><p><strong>Autorske knjige:<\/strong><\/p><ul><li>Ravan\u010di\u0107, Gordan; Koncul, Antun, Lamenta de foris. Tu\u017ebe kaznenih djela u\u010dinjenih izvan Grada. Zagreb: Hrvatski institut za povijest, 2025.<\/li><li>Ravan\u010di\u0107, Gordan, Vrijeme umiranja &#8211; Crna smrt u Dubrovniku 1348.- 1349.. Zagreb: Hrvatski institut za povijest, 2010.<\/li><li>Ravan\u010di\u0107, Gordan. \u017divot u kr\u010dmama u srednjovjekovnom Dubrovniku. Zagreb: Hrvatski institut za povijest ; Dom i svijet, 2001.<\/li><\/ul>\t\t\t\t\t\t\t\t<\/div>\n\t\t\t\t<\/div>\n\t\t\t\t<div class=\"elementor-element elementor-element-8ec6fc0 elementor-widget elementor-widget-text-editor\" data-id=\"8ec6fc0\" data-element_type=\"widget\" data-widget_type=\"text-editor.default\">\n\t\t\t\t<div class=\"elementor-widget-container\">\n\t\t\t\t\t\t\t\t\t<p><strong>Uredni\u010dke knjige:<\/strong><\/p><ul><li>A history of the Croats : the nineteenth and twentieth centuries \/ Ravan\u010di\u0107, Gordan ; Bari\u0107, Nikica ; Radeli\u0107, Zdenko (ur.). Zagreb: Hrvatski institut za povijest, 2022<\/li><li>Potisnuta povijest. Zaboravljene teme hrvatske pro\u0161losti \/ Ravan\u010di\u0107, Gordan (ur.). Zagreb: Hrvatski institut za povijest, 2021<\/li><li>Sa\u010duvaj nas Bo\u017ee rata, kuge, gladi i velike tre\u0161nje \/ Ravan\u010di\u0107, Gordan (ur.). Zagreb: Hrvatski institut za povijest, 2018<\/li><li>Our Daily Crime. Collection of Studies \/ Ravan\u010di\u0107, Gordan (ur.). Zagreb: Hrvatski institut za povijest, 2014<\/li><li>Historiografija \/ povijest u suvremenom dru\u0161tvu. Zbornik radova s okruglog stola odr\u017eanog 11. i 12. listopada 2011. u Zagrebu \/ Ravan\u010di\u0107, Gordan ; Gregl, Mislav ; Horbec, Ivana et al. (ur.). Zagreb: Hrvatski institut za povijest, 2014<\/li><\/ul>\t\t\t\t\t\t\t\t<\/div>\n\t\t\t\t<\/div>\n\t\t\t\t<\/div>\n\t\t<div class=\"elementor-element elementor-element-dd22859 e-con-full e-flex e-con e-child\" data-id=\"dd22859\" data-element_type=\"container\">\n\t\t<div class=\"elementor-element elementor-element-580f544 e-con-full e-flex e-con e-child\" data-id=\"580f544\" data-element_type=\"container\">\n\t\t\t\t<div class=\"elementor-element elementor-element-d5f3449 elementor-widget elementor-widget-search\" data-id=\"d5f3449\" data-element_type=\"widget\" data-settings=\"{&quot;submit_trigger&quot;:&quot;click_submit&quot;,&quot;pagination_type_options&quot;:&quot;none&quot;}\" data-widget_type=\"search.default\">\n\t\t\t\t<div class=\"elementor-widget-container\">\n\t\t\t\t\t\t\t<search class=\"e-search hidden\" role=\"search\">\n\t\t\t<form class=\"e-search-form\" action=\"https:\/\/www.hipzg.hr\/en\/\" method=\"get\">\n\n\t\t\t\t\n\t\t\t\t<label class=\"e-search-label\" for=\"search-d5f3449\">\n\t\t\t\t\t<span class=\"elementor-screen-only\">\n\t\t\t\t\t\tSearch\t\t\t\t\t<\/span>\n\t\t\t\t\t\t\t\t\t<\/label>\n\n\t\t\t\t<div class=\"e-search-input-wrapper\">\n\t\t\t\t\t<input id=\"search-d5f3449\" placeholder=\"Search...\" class=\"e-search-input\" type=\"search\" name=\"s\" value=\"\" autocomplete=\"off\" role=\"combobox\" aria-autocomplete=\"list\" aria-expanded=\"false\" aria-controls=\"results-d5f3449\" aria-haspopup=\"listbox\">\n\t\t\t\t\t<svg aria-hidden=\"true\" class=\"e-font-icon-svg e-fas-times\" viewBox=\"0 0 352 512\" xmlns=\"http:\/\/www.w3.org\/2000\/svg\"><path d=\"M242.72 256l100.07-100.07c12.28-12.28 12.28-32.19 0-44.48l-22.24-22.24c-12.28-12.28-32.19-12.28-44.48 0L176 189.28 75.93 89.21c-12.28-12.28-32.19-12.28-44.48 0L9.21 111.45c-12.28 12.28-12.28 32.19 0 44.48L109.28 256 9.21 356.07c-12.28 12.28-12.28 32.19 0 44.48l22.24 22.24c12.28 12.28 32.2 12.28 44.48 0L176 322.72l100.07 100.07c12.28 12.28 32.2 12.28 44.48 0l22.24-22.24c12.28-12.28 12.28-32.19 0-44.48L242.72 256z\"><\/path><\/svg>\t\t\t\t\t\t\t\t\t\t<output id=\"results-d5f3449\" class=\"e-search-results-container hide-loader\" aria-live=\"polite\" aria-atomic=\"true\" aria-label=\"Results for search\" tabindex=\"0\">\n\t\t\t\t\t\t<div class=\"e-search-results\"><\/div>\n\t\t\t\t\t\t\t\t\t\t\t<\/output>\n\t\t\t\t\t\t\t\t\t<\/div>\n\t\t\t\t\n\t\t\t\t\n\t\t\t\t<button class=\"e-search-submit  \" type=\"submit\" aria-label=\"Search\">\n\t\t\t\t\t<i aria-hidden=\"true\" class=\"icon icon-search2\"><\/i>\n\t\t\t\t\t\t\t\t\t<\/button>\n\t\t\t\t<input type=\"hidden\" name=\"e_search_props\" value=\"d5f3449-14823\">\n\t\t\t<\/form>\n\t\t<\/search>\n\t\t\t\t\t\t<\/div>\n\t\t\t\t<\/div>\n\t\t\t\t<\/div>\n\t\t<div class=\"elementor-element elementor-element-e195695 e-con-full e-flex e-con e-child\" data-id=\"e195695\" data-element_type=\"container\">\n\t\t\t\t<div class=\"elementor-element elementor-element-f615dc9 elementor-widget elementor-widget-image\" data-id=\"f615dc9\" data-element_type=\"widget\" data-widget_type=\"image.default\">\n\t\t\t\t<div class=\"elementor-widget-container\">\n\t\t\t\t\t\t\t\t\t\t\t\t\t\t\t<img fetchpriority=\"high\" decoding=\"async\" width=\"630\" height=\"473\" src=\"https:\/\/www.hipzg.hr\/wp-content\/uploads\/2024\/11\/Gordan_Ravancic.jpg\" class=\"attachment-large size-large wp-image-7598\" alt=\"\" srcset=\"https:\/\/www.hipzg.hr\/wp-content\/uploads\/2024\/11\/Gordan_Ravancic.jpg 630w, https:\/\/www.hipzg.hr\/wp-content\/uploads\/2024\/11\/Gordan_Ravancic-600x450.jpg 600w, https:\/\/www.hipzg.hr\/wp-content\/uploads\/2024\/11\/Gordan_Ravancic-300x225.jpg 300w\" sizes=\"(max-width: 630px) 100vw, 630px\" \/>\t\t\t\t\t\t\t\t\t\t\t\t\t\t\t<\/div>\n\t\t\t\t<\/div>\n\t\t\t\t<div class=\"elementor-element elementor-element-ea35e91 elementor-widget elementor-widget-heading\" data-id=\"ea35e91\" data-element_type=\"widget\" data-widget_type=\"heading.default\">\n\t\t\t\t<div class=\"elementor-widget-container\">\n\t\t\t\t\t<h6 class=\"elementor-heading-title elementor-size-default\">dr. sc. Gordan Ravan\u010di\u0107<\/h6>\t\t\t\t<\/div>\n\t\t\t\t<\/div>\n\t\t\t\t<div class=\"elementor-element elementor-element-f349ebf elementor-widget elementor-widget-text-editor\" data-id=\"f349ebf\" data-element_type=\"widget\" data-widget_type=\"text-editor.default\">\n\t\t\t\t<div class=\"elementor-widget-container\">\n\t\t\t\t\t\t\t\t\t<p>pomo\u0107nik ravnatelja \/ vi\u0161i znanstveni suradnik<br \/><a href=\"https:\/\/www.hipzg.hr\/znanstveni-odjel-za-povijesne-izvore-i-digitalnu-povijest\/\">Znanstveni odjel za povijesne izvore i digitalnu povijest<\/a><\/p>\t\t\t\t\t\t\t\t<\/div>\n\t\t\t\t<\/div>\n\t\t\t\t<div class=\"elementor-element elementor-element-96a515c elementor-icon-list--layout-traditional elementor-list-item-link-full_width elementor-widget elementor-widget-icon-list\" data-id=\"96a515c\" data-element_type=\"widget\" data-widget_type=\"icon-list.default\">\n\t\t\t\t<div class=\"elementor-widget-container\">\n\t\t\t\t\t\t\t<ul class=\"elementor-icon-list-items\">\n\t\t\t\t\t\t\t<li class=\"elementor-icon-list-item\">\n\t\t\t\t\t\t\t\t\t\t\t<span class=\"elementor-icon-list-icon\">\n\t\t\t\t\t\t\t<i aria-hidden=\"true\" class=\"icon icon-map-marker\"><\/i>\t\t\t\t\t\t<\/span>\n\t\t\t\t\t\t\t\t\t\t<span class=\"elementor-icon-list-text\">Opati\u010dka 10, 10000 Zagreb<\/span>\n\t\t\t\t\t\t\t\t\t<\/li>\n\t\t\t\t\t\t\t\t<li class=\"elementor-icon-list-item\">\n\t\t\t\t\t\t\t\t\t\t\t<span class=\"elementor-icon-list-icon\">\n\t\t\t\t\t\t\t<i aria-hidden=\"true\" class=\"icon icon-phone-handset\"><\/i>\t\t\t\t\t\t<\/span>\n\t\t\t\t\t\t\t\t\t\t<span class=\"elementor-icon-list-text\">+385 1 4851 721<\/span>\n\t\t\t\t\t\t\t\t\t<\/li>\n\t\t\t\t\t\t\t\t<li class=\"elementor-icon-list-item\">\n\t\t\t\t\t\t\t\t\t\t\t<span class=\"elementor-icon-list-icon\">\n\t\t\t\t\t\t\t<i aria-hidden=\"true\" class=\"icon icon-email\"><\/i>\t\t\t\t\t\t<\/span>\n\t\t\t\t\t\t\t\t\t\t<span class=\"elementor-icon-list-text\">gordan.ravancic@hipzg.hr<\/span>\n\t\t\t\t\t\t\t\t\t<\/li>\n\t\t\t\t\t\t\t\t<li class=\"elementor-icon-list-item\">\n\t\t\t\t\t\t\t\t\t\t<span class=\"elementor-icon-list-text\"><span class=\"label\">MBZ:<\/span> 225713<\/span>\n\t\t\t\t\t\t\t\t\t<\/li>\n\t\t\t\t\t\t\t\t<li class=\"elementor-icon-list-item\">\n\t\t\t\t\t\t\t\t\t\t<span class=\"elementor-icon-list-text\"><span class=\"label\">CroRIS ID:<\/span> 4812<\/span>\n\t\t\t\t\t\t\t\t\t<\/li>\n\t\t\t\t\t\t<\/ul>\n\t\t\t\t\t\t<\/div>\n\t\t\t\t<\/div>\n\t\t\t\t<div class=\"elementor-element elementor-element-dabec99 elementor-icon-list--layout-traditional elementor-list-item-link-full_width elementor-widget elementor-widget-icon-list\" data-id=\"dabec99\" data-element_type=\"widget\" data-widget_type=\"icon-list.default\">\n\t\t\t\t<div class=\"elementor-widget-container\">\n\t\t\t\t\t\t\t<ul class=\"elementor-icon-list-items\">\n\t\t\t\t\t\t\t<li class=\"elementor-icon-list-item\">\n\t\t\t\t\t\t\t\t\t\t\t<a href=\"https:\/\/orcid.org\/0000-0002-0611-6069\" target=\"_blank\">\n\n\t\t\t\t\t\t\t\t\t\t\t<span class=\"elementor-icon-list-text\"><span class=\"label\">ORCID:<\/span> 0000-0002-0611-6069<\/span>\n\t\t\t\t\t\t\t\t\t\t\t<\/a>\n\t\t\t\t\t\t\t\t\t<\/li>\n\t\t\t\t\t\t<\/ul>\n\t\t\t\t\t\t<\/div>\n\t\t\t\t<\/div>\n\t\t\t\t<\/div>\n\t\t\t\t<\/div>\n\t\t\t\t\t<\/div>\n\t\t\t\t<\/div>\n\t\t\t\t<\/div>\n\t\t","protected":false},"excerpt":{"rendered":"<p>Gordan Ravan\u010di\u0107 ISTRA\u017dIVA\u010cKI INTERESI I RADNO ISKUSTVO Dr. sc. Gordan Ravan\u010di\u0107 istra\u017eiva\u010d je srednjovjekovne povijesti na radnom mjestu vi\u0161eg znanstvenog suradnika. Trenutno (od 2023. godine) obna\u0161a i du\u017enost pomo\u0107nika ravnatelja Hrvatskog instituta za povijest. U svom znanstvenom radu bavi se temama srednjovjekovne povijesti dru\u0161tva, posebice dalmatinskih komuna, povijesti svakodnevice, povijesti epidemija. U fokusu njegovih radova [&hellip;]<\/p>\n","protected":false},"author":6,"featured_media":0,"parent":0,"menu_order":0,"comment_status":"closed","ping_status":"closed","template":"elementor_header_footer","meta":{"iawp_total_views":28,"footnotes":""},"class_list":["post-14823","page","type-page","status-publish","hentry"],"_links":{"self":[{"href":"https:\/\/www.hipzg.hr\/en\/wp-json\/wp\/v2\/pages\/14823","targetHints":{"allow":["GET"]}}],"collection":[{"href":"https:\/\/www.hipzg.hr\/en\/wp-json\/wp\/v2\/pages"}],"about":[{"href":"https:\/\/www.hipzg.hr\/en\/wp-json\/wp\/v2\/types\/page"}],"author":[{"embeddable":true,"href":"https:\/\/www.hipzg.hr\/en\/wp-json\/wp\/v2\/users\/6"}],"replies":[{"embeddable":true,"href":"https:\/\/www.hipzg.hr\/en\/wp-json\/wp\/v2\/comments?post=14823"}],"version-history":[{"count":26,"href":"https:\/\/www.hipzg.hr\/en\/wp-json\/wp\/v2\/pages\/14823\/revisions"}],"predecessor-version":[{"id":15208,"href":"https:\/\/www.hipzg.hr\/en\/wp-json\/wp\/v2\/pages\/14823\/revisions\/15208"}],"wp:attachment":[{"href":"https:\/\/www.hipzg.hr\/en\/wp-json\/wp\/v2\/media?parent=14823"}],"curies":[{"name":"wp","href":"https:\/\/api.w.org\/{rel}","templated":true}]}}