{"id":14760,"date":"2026-03-09T13:13:17","date_gmt":"2026-03-09T12:13:17","guid":{"rendered":"https:\/\/www.hipzg.hr\/?page_id=14760"},"modified":"2026-03-17T15:02:41","modified_gmt":"2026-03-17T14:02:41","slug":"filip-novosel","status":"publish","type":"page","link":"https:\/\/www.hipzg.hr\/en\/filip-novosel\/","title":{"rendered":"Filip Novosel"},"content":{"rendered":"\t\t<div data-elementor-type=\"wp-page\" data-elementor-id=\"14760\" class=\"elementor elementor-14760\" data-elementor-post-type=\"page\">\n\t\t\t\t<div class=\"elementor-element elementor-element-4adf38b e-flex e-con-boxed e-con e-parent\" data-id=\"4adf38b\" data-element_type=\"container\">\n\t\t\t\t\t<div class=\"e-con-inner\">\n\t\t<div class=\"elementor-element elementor-element-60789e3 e-con-full e-flex e-con e-child\" data-id=\"60789e3\" data-element_type=\"container\">\n\t\t\t\t<div class=\"elementor-element elementor-element-cdbc1eb elementor-widget elementor-widget-heading\" data-id=\"cdbc1eb\" data-element_type=\"widget\" data-widget_type=\"heading.default\">\n\t\t\t\t<div class=\"elementor-widget-container\">\n\t\t\t\t\t<h2 class=\"elementor-heading-title elementor-size-default\">Filip Novosel<\/h2>\t\t\t\t<\/div>\n\t\t\t\t<\/div>\n\t\t\t\t<div class=\"elementor-element elementor-element-540c1c3 elementor-widget elementor-widget-spacer\" data-id=\"540c1c3\" data-element_type=\"widget\" data-widget_type=\"spacer.default\">\n\t\t\t\t<div class=\"elementor-widget-container\">\n\t\t\t\t\t\t\t<div class=\"elementor-spacer\">\n\t\t\t<div class=\"elementor-spacer-inner\"><\/div>\n\t\t<\/div>\n\t\t\t\t\t\t<\/div>\n\t\t\t\t<\/div>\n\t\t\t\t<div class=\"elementor-element elementor-element-d2be703 elementor-widget elementor-widget-heading\" data-id=\"d2be703\" data-element_type=\"widget\" data-widget_type=\"heading.default\">\n\t\t\t\t<div class=\"elementor-widget-container\">\n\t\t\t\t\t<h5 class=\"elementor-heading-title elementor-size-default\">ISTRA\u017dIVA\u010cKI INTERESI I RADNO ISKUSTVO<\/h5>\t\t\t\t<\/div>\n\t\t\t\t<\/div>\n\t\t\t\t<div class=\"elementor-element elementor-element-6aabc1c elementor-widget elementor-widget-text-editor\" data-id=\"6aabc1c\" data-element_type=\"widget\" data-widget_type=\"text-editor.default\">\n\t\t\t\t<div class=\"elementor-widget-container\">\n\t\t\t\t\t\t\t\t\t<p>Filip Novosel svoj je znanstveni interes usmjerio na dru\u0161tvenu, urbanu i vojnu povijest ranoga novog vijeka, prvenstveno na prostoru isto\u010dnoga Jadrana, s istra\u017eiva\u010dkim fokusom na izvornu gra\u0111u pohranjenu najprije u Dr\u017eavnom arhivu u Zadru i Archivio di Stato di Venezia. Njegov je dosada\u0161nji rad rezultirao objavljivanjem tridesetak znanstvenih i stru\u010dnih radova u raznim doma\u0107im i stranim serijskim publikacijama, zbornicima radova i knjigama, prire\u0111ivanjem zbirki gradiva u ediciji Monumenta spectiantia historiam Slavorum Meridionalium Hrvatske akademije znanosti i umjetnosti i jednom autorskom knjigom, kao i uredni\u010dkim anga\u017emanom u knjigama te u \u010dasopisu Historijski zbornik. Trenuta\u010dno je glavni urednik \u010dasopisa Review of Croatian History. Sudjelovao je na dvadesetak znanstvenih skupova u Hrvatskoj i inozemstvu, a povremeno odr\u017eava javna izlaganja i predavanja na fakultetima i drugim kulturnim i znanstvenim institucijama. Bio je suradnik na vi\u0161e znanstvenih projekata u Hrvatskoj i inozemstvu, a trenutno sura\u0111uje na na projektima Hrvatskoga instituta za povijest <em>Vlast to smo mi. Dru\u0161tvene mre\u017ee i upravlja\u010dke strukture u hrvatskom novom vijeku<\/em> te <em>Izvori za hrvatsku povijest \u2013 istra\u017eivanje, kriti\u010dko izdavanje i analiza<\/em> na Hrvatskoj akademiji znanosti i umjetnosti. Voditelj je projekta Aktiv srednjo\u0161kolskih nastavnika povijesti Grada Zagreba u suradnji Hrvatskoga instituta za povijest i Agencije za odgoj i obrazovanje te tajnik Istra\u017eiva\u010dke grupe za prou\u010davanje 18. stolje\u0107a u hrvatskim zemljama (IGOS). U svrhu popularizacije znanosti sudjelovao je u radijskim i televizijskim emisijama. Predsjednik je Radni\u010dkog vije\u0107a Hrvatskog instituta za povijest.<\/p>\t\t\t\t\t\t\t\t<\/div>\n\t\t\t\t<\/div>\n\t\t\t\t<div class=\"elementor-element elementor-element-804a7c2 elementor-widget elementor-widget-heading\" data-id=\"804a7c2\" data-element_type=\"widget\" data-widget_type=\"heading.default\">\n\t\t\t\t<div class=\"elementor-widget-container\">\n\t\t\t\t\t<h5 class=\"elementor-heading-title elementor-size-default\">OBRAZOVANJE<\/h5>\t\t\t\t<\/div>\n\t\t\t\t<\/div>\n\t\t\t\t<div class=\"elementor-element elementor-element-137a345 elementor-widget elementor-widget-text-editor\" data-id=\"137a345\" data-element_type=\"widget\" data-widget_type=\"text-editor.default\">\n\t\t\t\t<div class=\"elementor-widget-container\">\n\t\t\t\t\t\t\t\t\t<ul><li>2012. \u2013 2019.<\/li><\/ul><p>doktor znanosti, Poslijediplomski doktorski studij ranog novog vijek,a Filozofski fakultet Sveu\u010dili\u0161ta u Zagrebu<\/p><ul><li>2011. \u2013 2012.<\/li><\/ul><p>MA in Central European History, History Department, Central European University, Budimpe\u0161ta, Ma\u0111arska<\/p><ul><li>2003. \u2013 2010.<\/li><\/ul><p>profesor povijesti i kroatologije, Fakultet hrvatskih studija (Hrvatski studiji) Sveu\u010dili\u0161ta u Zagrebu<\/p>\t\t\t\t\t\t\t\t<\/div>\n\t\t\t\t<\/div>\n\t\t\t\t<div class=\"elementor-element elementor-element-946d4d8 elementor-widget elementor-widget-heading\" data-id=\"946d4d8\" data-element_type=\"widget\" data-widget_type=\"heading.default\">\n\t\t\t\t<div class=\"elementor-widget-container\">\n\t\t\t\t\t<h5 class=\"elementor-heading-title elementor-size-default\">PROJEKTI<\/h5>\t\t\t\t<\/div>\n\t\t\t\t<\/div>\n\t\t\t\t<div class=\"elementor-element elementor-element-05bdef4 elementor-widget elementor-widget-text-editor\" data-id=\"05bdef4\" data-element_type=\"widget\" data-widget_type=\"text-editor.default\">\n\t\t\t\t<div class=\"elementor-widget-container\">\n\t\t\t\t\t\t\t\t\t<p>TRENUTA\u010cNI<\/p><ul><li>2023. \u2013<br \/>Izvori za hrvatsku povijest &#8211; istra\u017eivanje, kriti\u010dko izdavanje i analiza, Hrvatska akademija znanosti i umjetnosti, voditelj dr. sc. Damir Karbi\u0107, Hrvatska zaklada za znanost<\/li><li>2024. \u2013<br \/>Vlast to smo mi. Dru\u0161tvene mre\u017ee i upravlja\u010dke strukture u hrvatskom novom vijeku, Hrvatski institut za povijest, voditelj dr. sc. Vedran Klau\u017eer, Europska unija<\/li><\/ul>\t\t\t\t\t\t\t\t<\/div>\n\t\t\t\t<\/div>\n\t\t\t\t<div class=\"elementor-element elementor-element-2c175c4 elementor-widget elementor-widget-text-editor\" data-id=\"2c175c4\" data-element_type=\"widget\" data-widget_type=\"text-editor.default\">\n\t\t\t\t<div class=\"elementor-widget-container\">\n\t\t\t\t\t\t\t\t\t<p>ZAVR\u0160ENI<\/p><ul><li>2025.<br \/>Giovanni Sebenico e la cultura dalmata in Veneto nel &#8216;600, Comune di San Stino di Livenza, Regione del Veneto (Direzione Relazioni internazionali, Unit\u00e0 Organizzativa Cooperazione internazionale), voditelj Dott. Luigi G. Berbenni<\/li><li>2019. \u2013 2023.<br \/>Problematske teme i gradivo za dru\u0161tvenu i vojnu povijest isto\u010dnoga Jadrana u ranom novom vijeku, voditeljica dr. sc. Lovorka \u010corali\u0107, Hrvatski institut za povijest, interni projekt<\/li><li>2015. \u2013 2019.<br \/>Vojni\u010dki \u017eivot i slike ratnika na hrvatskom pograni\u010dju od 16. stolje\u0107a do 1918., voditelj dr. sc. Alexander Buczynski, Hrvatski institut za povijest, Hrvatska zaklada za znanost<br \/>Izvori, pomagala i studije za hrvatsku povijest od srednjeg vijeka do kraja dugog 19. stolje\u0107a, Hrvatska akademija znanosti i umjetnosti, voditelj dr. sc. Damir Karbi\u0107, Hrvatska zaklada za znanost<\/li><li>2009 \u2013 2014<br \/>Hrvatski isto\u010dnojadranski prostor i Mleta\u010dka Republika u ranom novom vijeku, Hrvatski institut za povijest, voditelj: dr. sc. Lovorka \u010corali\u0107, Z-projekt; Ministarstvo znanosti, obrazovanja i \u0161porta Republike Hrvatske<\/li><\/ul>\t\t\t\t\t\t\t\t<\/div>\n\t\t\t\t<\/div>\n\t\t\t\t<div class=\"elementor-element elementor-element-3a7ec6a elementor-widget elementor-widget-heading\" data-id=\"3a7ec6a\" data-element_type=\"widget\" data-widget_type=\"heading.default\">\n\t\t\t\t<div class=\"elementor-widget-container\">\n\t\t\t\t\t<h5 class=\"elementor-heading-title elementor-size-default\">NAGRADE<\/h5>\t\t\t\t<\/div>\n\t\t\t\t<\/div>\n\t\t\t\t<div class=\"elementor-element elementor-element-f4a98ea elementor-widget elementor-widget-text-editor\" data-id=\"f4a98ea\" data-element_type=\"widget\" data-widget_type=\"text-editor.default\">\n\t\t\t\t<div class=\"elementor-widget-container\">\n\t\t\t\t\t\t\t\t\t<ul><li>2024.<br \/>nagrada \u201eTadija Smi\u010diklas\u201c za objavljivanje arhivskog gradiva, Hrvatski nacionalni odbor za povijesne znanosti i Dru\u0161tvo za hrvatsku povjesnicu; za objavljivanje monografije Gradivo za povijest isto\u010dnoga Jadrana u ranom novom vijeku, sv. IV \/ Fontes spectantes historiam Adriatici orientalis priscae aetatis recentioris, vol. IV: Spisi zadarskoga bilje\u017enika Franje Sorinija (1659. \u2013 1662.) \/ Acta notarii iadrensis Francisci Sorini (1659-1662), u: Monumenta spectantia historiam Slavorum Meridionalium, vol. 61, ur. Nella Lonza. Zagreb: Hrvatska akademija znanosti i umjetnosti, 2024. (zajedno s dr. sc. Lovorkom \u010corali\u0107)<\/li><li>2018.<br \/>Dr\u017eavna nagrada za znanost u kategoriji znanstvenih novaka, podru\u010dje humanisti\u010dkih znanosti<\/li><\/ul>\t\t\t\t\t\t\t\t<\/div>\n\t\t\t\t<\/div>\n\t\t\t\t<div class=\"elementor-element elementor-element-d5102f9 elementor-widget elementor-widget-text-editor\" data-id=\"d5102f9\" data-element_type=\"widget\" data-widget_type=\"text-editor.default\">\n\t\t\t\t<div class=\"elementor-widget-container\">\n\t\t\t\t\t\t\t\t\t<h5 class=\"inline-h5\">PUBLIKACIJE<\/h5><p>(potpuna bibliografija radova dostupna na: <a href=\"https:\/\/www.croris.hr\/crosbi\/searchByContext\/2\/31515\" target=\"_blank\" rel=\"noopener\">CroRIS<\/a>)<\/p><p><strong>Monografije<\/strong><br \/>Gradivo za povijest isto\u010dnoga Jadrana u ranom novom vijeku, sv. IV \/ Fontes spectantes historiam Adriatici orientalis priscae aetatis recentioris, vol. IV: Spisi zadarskoga bilje\u017enika Franje Sorinija (1659. \u2013 1662.) \/ Acta notarii iadrensis Francisci Sorini (1659-1662), u: Monumenta spectantia historiam Slavorum Meridionalium, vol. 61, ur. Nella Lonza. Zagreb: Hrvatska akademija znanosti i umjetnosti, 2024. (koautorica: Lovorka \u010corali\u0107)<br \/>Zapisnici plemi\u0107kog vije\u0107a op\u0107ine Skradin (1744. \u2013 1806.). \u0160ibenik: Dr\u017eavni arhiv u \u0160ibeniku, 2024.<br \/>\u017divot dalmatinskoga grada u 17. stolje\u0107u: dru\u0161tvo i svakodnevica Zadra u pozadini vojnih zbivanja za vrijeme Kandijskoga rata (1645. \u2013 1669.). Zagreb\u2013Zadar: Hrvatski institut za povijest\u2013Dr\u017eavni arhiv u Zadru, 2024.<\/p><p><strong>Znanstveni radovi u \u010dasopisima i zbornicima radova<\/strong><br \/>Privatna knji\u017enica zadarskog u\u010denjaka \u0160imuna Ljubavca i kultura \u010ditanja u jednom dalmatinskom gradu 17. stolje\u0107a, Povijesni prilozi, vol. 41, no. 62 (2022): 223-261.<br \/>Echoes of Central European Battlefields on the Eastern Adriatic Coast: the Thirty Years\u2019 War Veterans serving as capi da guerra under the Banner of St. Mark in Dalmatia during the War of Crete, Mediterranean Studies, vol. 31, no. 1 (2023): 72-94.<br \/>Surpassing language barriers in early modern Dalmatian urban space \u2013 public notaries in the city of Zadar in the mid-seventeenth century, in: Visible strangers. Early modern urban identities, social visibility, and the Mediterranean paradigm, ur. Viviana Filomena Tagliaferri. Manchester: Manchester University Press, 2025, 25-46.<br \/>Ripensare Giovanni Sebenico \u2013 una prospettiva croata, u: Giovanni Sebenico e la Cultura Dalmata in Veneto nel &#8216;600, ur. Luigi Giorgio Berbenni. San Stino di Livenza: Mazzanti Libri\u2013Meta Liber, 2025, 73-95.<br \/>Nova isprava o osnutku Archivio del Generalato u Zadru 1624. godine, Vjesnik dalmatinskih arhiva, vol. 6 (2025): 130-142.<\/p>\t\t\t\t\t\t\t\t<\/div>\n\t\t\t\t<\/div>\n\t\t\t\t<\/div>\n\t\t<div class=\"elementor-element elementor-element-dd22859 e-con-full e-flex e-con e-child\" data-id=\"dd22859\" data-element_type=\"container\">\n\t\t<div class=\"elementor-element elementor-element-580f544 e-con-full e-flex e-con e-child\" data-id=\"580f544\" data-element_type=\"container\">\n\t\t\t\t<div class=\"elementor-element elementor-element-d5f3449 elementor-widget elementor-widget-search\" data-id=\"d5f3449\" data-element_type=\"widget\" data-settings=\"{&quot;submit_trigger&quot;:&quot;click_submit&quot;,&quot;pagination_type_options&quot;:&quot;none&quot;}\" data-widget_type=\"search.default\">\n\t\t\t\t<div class=\"elementor-widget-container\">\n\t\t\t\t\t\t\t<search class=\"e-search hidden\" role=\"search\">\n\t\t\t<form class=\"e-search-form\" action=\"https:\/\/www.hipzg.hr\/en\/\" method=\"get\">\n\n\t\t\t\t\n\t\t\t\t<label class=\"e-search-label\" for=\"search-d5f3449\">\n\t\t\t\t\t<span class=\"elementor-screen-only\">\n\t\t\t\t\t\tSearch\t\t\t\t\t<\/span>\n\t\t\t\t\t\t\t\t\t<\/label>\n\n\t\t\t\t<div class=\"e-search-input-wrapper\">\n\t\t\t\t\t<input id=\"search-d5f3449\" placeholder=\"Search...\" class=\"e-search-input\" type=\"search\" name=\"s\" value=\"\" autocomplete=\"off\" role=\"combobox\" aria-autocomplete=\"list\" aria-expanded=\"false\" aria-controls=\"results-d5f3449\" aria-haspopup=\"listbox\">\n\t\t\t\t\t<svg aria-hidden=\"true\" class=\"e-font-icon-svg e-fas-times\" viewBox=\"0 0 352 512\" xmlns=\"http:\/\/www.w3.org\/2000\/svg\"><path d=\"M242.72 256l100.07-100.07c12.28-12.28 12.28-32.19 0-44.48l-22.24-22.24c-12.28-12.28-32.19-12.28-44.48 0L176 189.28 75.93 89.21c-12.28-12.28-32.19-12.28-44.48 0L9.21 111.45c-12.28 12.28-12.28 32.19 0 44.48L109.28 256 9.21 356.07c-12.28 12.28-12.28 32.19 0 44.48l22.24 22.24c12.28 12.28 32.2 12.28 44.48 0L176 322.72l100.07 100.07c12.28 12.28 32.2 12.28 44.48 0l22.24-22.24c12.28-12.28 12.28-32.19 0-44.48L242.72 256z\"><\/path><\/svg>\t\t\t\t\t\t\t\t\t\t<output id=\"results-d5f3449\" class=\"e-search-results-container hide-loader\" aria-live=\"polite\" aria-atomic=\"true\" aria-label=\"Results for search\" tabindex=\"0\">\n\t\t\t\t\t\t<div class=\"e-search-results\"><\/div>\n\t\t\t\t\t\t\t\t\t\t\t<\/output>\n\t\t\t\t\t\t\t\t\t<\/div>\n\t\t\t\t\n\t\t\t\t\n\t\t\t\t<button class=\"e-search-submit  \" type=\"submit\" aria-label=\"Search\">\n\t\t\t\t\t<i aria-hidden=\"true\" class=\"icon icon-search2\"><\/i>\n\t\t\t\t\t\t\t\t\t<\/button>\n\t\t\t\t<input type=\"hidden\" name=\"e_search_props\" value=\"d5f3449-14760\">\n\t\t\t<\/form>\n\t\t<\/search>\n\t\t\t\t\t\t<\/div>\n\t\t\t\t<\/div>\n\t\t\t\t<\/div>\n\t\t<div class=\"elementor-element elementor-element-e195695 e-con-full e-flex e-con e-child\" data-id=\"e195695\" data-element_type=\"container\">\n\t\t\t\t<div class=\"elementor-element elementor-element-f615dc9 elementor-widget elementor-widget-image\" data-id=\"f615dc9\" data-element_type=\"widget\" data-widget_type=\"image.default\">\n\t\t\t\t<div class=\"elementor-widget-container\">\n\t\t\t\t\t\t\t\t\t\t\t\t\t\t\t<img fetchpriority=\"high\" decoding=\"async\" width=\"800\" height=\"534\" src=\"https:\/\/www.hipzg.hr\/wp-content\/uploads\/2024\/11\/Novosel_Filip-1024x683.jpg\" class=\"attachment-large size-large wp-image-7351\" alt=\"\" srcset=\"https:\/\/www.hipzg.hr\/wp-content\/uploads\/2024\/11\/Novosel_Filip-1024x683.jpg 1024w, https:\/\/www.hipzg.hr\/wp-content\/uploads\/2024\/11\/Novosel_Filip-scaled-600x400.jpg 600w, https:\/\/www.hipzg.hr\/wp-content\/uploads\/2024\/11\/Novosel_Filip-300x200.jpg 300w, https:\/\/www.hipzg.hr\/wp-content\/uploads\/2024\/11\/Novosel_Filip-768x512.jpg 768w, https:\/\/www.hipzg.hr\/wp-content\/uploads\/2024\/11\/Novosel_Filip-1536x1024.jpg 1536w, https:\/\/www.hipzg.hr\/wp-content\/uploads\/2024\/11\/Novosel_Filip-2048x1365.jpg 2048w\" sizes=\"(max-width: 800px) 100vw, 800px\" \/>\t\t\t\t\t\t\t\t\t\t\t\t\t\t\t<\/div>\n\t\t\t\t<\/div>\n\t\t\t\t<div class=\"elementor-element elementor-element-ea35e91 elementor-widget elementor-widget-heading\" data-id=\"ea35e91\" data-element_type=\"widget\" data-widget_type=\"heading.default\">\n\t\t\t\t<div class=\"elementor-widget-container\">\n\t\t\t\t\t<h6 class=\"elementor-heading-title elementor-size-default\">dr. sc. Filip Novosel<\/h6>\t\t\t\t<\/div>\n\t\t\t\t<\/div>\n\t\t\t\t<div class=\"elementor-element elementor-element-f349ebf elementor-widget elementor-widget-text-editor\" data-id=\"f349ebf\" data-element_type=\"widget\" data-widget_type=\"text-editor.default\">\n\t\t\t\t<div class=\"elementor-widget-container\">\n\t\t\t\t\t\t\t\t\t<p>znanstveni suradnik<br \/>Znanstveni odjel za ranonovovjekovnu povijest<\/p>\t\t\t\t\t\t\t\t<\/div>\n\t\t\t\t<\/div>\n\t\t\t\t<div class=\"elementor-element elementor-element-96a515c elementor-icon-list--layout-traditional elementor-list-item-link-full_width elementor-widget elementor-widget-icon-list\" data-id=\"96a515c\" data-element_type=\"widget\" data-widget_type=\"icon-list.default\">\n\t\t\t\t<div class=\"elementor-widget-container\">\n\t\t\t\t\t\t\t<ul class=\"elementor-icon-list-items\">\n\t\t\t\t\t\t\t<li class=\"elementor-icon-list-item\">\n\t\t\t\t\t\t\t\t\t\t\t<span class=\"elementor-icon-list-icon\">\n\t\t\t\t\t\t\t<i aria-hidden=\"true\" class=\"icon icon-map-marker\"><\/i>\t\t\t\t\t\t<\/span>\n\t\t\t\t\t\t\t\t\t\t<span class=\"elementor-icon-list-text\">Opati\u010dka 10, 10000 Zagreb<\/span>\n\t\t\t\t\t\t\t\t\t<\/li>\n\t\t\t\t\t\t\t\t<li class=\"elementor-icon-list-item\">\n\t\t\t\t\t\t\t\t\t\t\t<span class=\"elementor-icon-list-icon\">\n\t\t\t\t\t\t\t<i aria-hidden=\"true\" class=\"icon icon-phone-handset\"><\/i>\t\t\t\t\t\t<\/span>\n\t\t\t\t\t\t\t\t\t\t<span class=\"elementor-icon-list-text\">+385 1 4851 721<\/span>\n\t\t\t\t\t\t\t\t\t<\/li>\n\t\t\t\t\t\t\t\t<li class=\"elementor-icon-list-item\">\n\t\t\t\t\t\t\t\t\t\t\t<span class=\"elementor-icon-list-icon\">\n\t\t\t\t\t\t\t<i aria-hidden=\"true\" class=\"icon icon-email\"><\/i>\t\t\t\t\t\t<\/span>\n\t\t\t\t\t\t\t\t\t\t<span class=\"elementor-icon-list-text\">fnovosel1@gmail.com<\/span>\n\t\t\t\t\t\t\t\t\t<\/li>\n\t\t\t\t\t\t\t\t<li class=\"elementor-icon-list-item\">\n\t\t\t\t\t\t\t\t\t\t<span class=\"elementor-icon-list-text\"><span class=\"label\">MBZ:<\/span> 339326<\/span>\n\t\t\t\t\t\t\t\t\t<\/li>\n\t\t\t\t\t\t\t\t<li class=\"elementor-icon-list-item\">\n\t\t\t\t\t\t\t\t\t\t<span class=\"elementor-icon-list-text\"><span class=\"label\">CroRIS ID:<\/span> 31515<\/span>\n\t\t\t\t\t\t\t\t\t<\/li>\n\t\t\t\t\t\t<\/ul>\n\t\t\t\t\t\t<\/div>\n\t\t\t\t<\/div>\n\t\t\t\t<div class=\"elementor-element elementor-element-dabec99 elementor-icon-list--layout-traditional elementor-list-item-link-full_width elementor-widget elementor-widget-icon-list\" data-id=\"dabec99\" data-element_type=\"widget\" data-widget_type=\"icon-list.default\">\n\t\t\t\t<div class=\"elementor-widget-container\">\n\t\t\t\t\t\t\t<ul class=\"elementor-icon-list-items\">\n\t\t\t\t\t\t\t<li class=\"elementor-icon-list-item\">\n\t\t\t\t\t\t\t\t\t\t\t<a href=\"https:\/\/orcid.org\/0000-0001-5808-4647\" target=\"_blank\">\n\n\t\t\t\t\t\t\t\t\t\t\t<span class=\"elementor-icon-list-text\"><span class=\"label\">ORCID:<\/span> 0000-0001-5808-4647<\/span>\n\t\t\t\t\t\t\t\t\t\t\t<\/a>\n\t\t\t\t\t\t\t\t\t<\/li>\n\t\t\t\t\t\t<\/ul>\n\t\t\t\t\t\t<\/div>\n\t\t\t\t<\/div>\n\t\t\t\t<\/div>\n\t\t\t\t<\/div>\n\t\t\t\t\t<\/div>\n\t\t\t\t<\/div>\n\t\t\t\t<\/div>\n\t\t","protected":false},"excerpt":{"rendered":"<p>Filip Novosel ISTRA\u017dIVA\u010cKI INTERESI I RADNO ISKUSTVO Filip Novosel svoj je znanstveni interes usmjerio na dru\u0161tvenu, urbanu i vojnu povijest ranoga novog vijeka, prvenstveno na prostoru isto\u010dnoga Jadrana, s istra\u017eiva\u010dkim fokusom na izvornu gra\u0111u pohranjenu najprije u Dr\u017eavnom arhivu u Zadru i Archivio di Stato di Venezia. Njegov je dosada\u0161nji rad rezultirao objavljivanjem tridesetak znanstvenih [&hellip;]<\/p>\n","protected":false},"author":6,"featured_media":0,"parent":0,"menu_order":0,"comment_status":"closed","ping_status":"closed","template":"elementor_header_footer","meta":{"iawp_total_views":30,"footnotes":""},"class_list":["post-14760","page","type-page","status-publish","hentry"],"_links":{"self":[{"href":"https:\/\/www.hipzg.hr\/en\/wp-json\/wp\/v2\/pages\/14760","targetHints":{"allow":["GET"]}}],"collection":[{"href":"https:\/\/www.hipzg.hr\/en\/wp-json\/wp\/v2\/pages"}],"about":[{"href":"https:\/\/www.hipzg.hr\/en\/wp-json\/wp\/v2\/types\/page"}],"author":[{"embeddable":true,"href":"https:\/\/www.hipzg.hr\/en\/wp-json\/wp\/v2\/users\/6"}],"replies":[{"embeddable":true,"href":"https:\/\/www.hipzg.hr\/en\/wp-json\/wp\/v2\/comments?post=14760"}],"version-history":[{"count":37,"href":"https:\/\/www.hipzg.hr\/en\/wp-json\/wp\/v2\/pages\/14760\/revisions"}],"predecessor-version":[{"id":15147,"href":"https:\/\/www.hipzg.hr\/en\/wp-json\/wp\/v2\/pages\/14760\/revisions\/15147"}],"wp:attachment":[{"href":"https:\/\/www.hipzg.hr\/en\/wp-json\/wp\/v2\/media?parent=14760"}],"curies":[{"name":"wp","href":"https:\/\/api.w.org\/{rel}","templated":true}]}}