{"id":14549,"date":"2026-03-02T08:27:08","date_gmt":"2026-03-02T07:27:08","guid":{"rendered":"https:\/\/www.hipzg.hr\/?page_id=14549"},"modified":"2026-03-17T15:07:42","modified_gmt":"2026-03-17T14:07:42","slug":"josip-mihaljevic","status":"publish","type":"page","link":"https:\/\/www.hipzg.hr\/en\/josip-mihaljevic\/","title":{"rendered":"Josip Mihaljevi\u0107"},"content":{"rendered":"\t\t<div data-elementor-type=\"wp-page\" data-elementor-id=\"14549\" class=\"elementor elementor-14549\" data-elementor-post-type=\"page\">\n\t\t\t\t<div class=\"elementor-element elementor-element-4adf38b e-flex e-con-boxed e-con e-parent\" data-id=\"4adf38b\" data-element_type=\"container\">\n\t\t\t\t\t<div class=\"e-con-inner\">\n\t\t<div class=\"elementor-element elementor-element-60789e3 e-con-full e-flex e-con e-child\" data-id=\"60789e3\" data-element_type=\"container\">\n\t\t\t\t<div class=\"elementor-element elementor-element-cdbc1eb elementor-widget elementor-widget-heading\" data-id=\"cdbc1eb\" data-element_type=\"widget\" data-widget_type=\"heading.default\">\n\t\t\t\t<div class=\"elementor-widget-container\">\n\t\t\t\t\t<h2 class=\"elementor-heading-title elementor-size-default\">Josip Mihaljevi\u0107<\/h2>\t\t\t\t<\/div>\n\t\t\t\t<\/div>\n\t\t\t\t<div class=\"elementor-element elementor-element-540c1c3 elementor-widget elementor-widget-spacer\" data-id=\"540c1c3\" data-element_type=\"widget\" data-widget_type=\"spacer.default\">\n\t\t\t\t<div class=\"elementor-widget-container\">\n\t\t\t\t\t\t\t<div class=\"elementor-spacer\">\n\t\t\t<div class=\"elementor-spacer-inner\"><\/div>\n\t\t<\/div>\n\t\t\t\t\t\t<\/div>\n\t\t\t\t<\/div>\n\t\t\t\t<div class=\"elementor-element elementor-element-d2be703 elementor-widget elementor-widget-heading\" data-id=\"d2be703\" data-element_type=\"widget\" data-widget_type=\"heading.default\">\n\t\t\t\t<div class=\"elementor-widget-container\">\n\t\t\t\t\t<h5 class=\"elementor-heading-title elementor-size-default\">ISTRA\u017dIVA\u010cKI INTERESI I RADNO ISKUSTVO<\/h5>\t\t\t\t<\/div>\n\t\t\t\t<\/div>\n\t\t\t\t<div class=\"elementor-element elementor-element-6aabc1c elementor-widget elementor-widget-text-editor\" data-id=\"6aabc1c\" data-element_type=\"widget\" data-widget_type=\"text-editor.default\">\n\t\t\t\t<div class=\"elementor-widget-container\">\n\t\t\t\t\t\t\t\t\t<p>Dr. sc. Josip Mihaljevi\u0107 vi\u0161i je znanstveni suradnik i pomo\u0107nik ravnatelja Hrvatskoga instituta za povijest u Zagrebu. U svojem znanstvenom radu bavi se suvremenom hrvatskom i jugoslavenskom povije\u0161\u0107u 20. stolje\u0107a, s posebnim naglaskom na polo\u017eaj pojedinca, politi\u010dku represiju i mehanizme komunisti\u010dke vlasti, djelovanje slu\u017ebi dr\u017eavne sigurnosti (UDBA\/SDS), politi\u010dke procese, disidentstvo i totalitarne sustave.<br \/>Od listopada 2008. do lipnja 2009. godine radio je kao vanjski suradnik (istra\u017eiva\u010d) u Hrvatskom dr\u017eavnom arhivu u Zagrebu, od lipnja 2009. zaposlen je na Hrvatskom institutu za povijest. Godine 2016. izabran je u zvanje znanstvenoga suradnika, a godine 2022. u zvanje vi\u0161eg znanstvenoga suradnika. Od 2010. do kraja 2016. bio je tajnik <em>\u010casopisa za suvremenu povijest<\/em>, u kojem je 2016. vr\u0161io i du\u017enost pomo\u0107nika glavnog urednika. \u010clan je uredni\u0161tva \u010detiri znanstvena \u010dasopisa: <em>Pilar: \u010dasopis za dru\u0161tvene i humanisti\u010dke studije, Me\u0111unarodne studije, Historijski zbornik<\/em> i \u010dasopisa <em>Hercegovina<\/em>. <br \/>Od 2015. do 2017. bio je vanjskim suradnikom Hrvatskih studija Sveu\u010dili\u0161ta u Zagrebu, a od 2015. predaje na Hrvatskom katoli\u010dkom sveu\u010dili\u0161tu u Zagrebu. Godine 2017. izabran je u nastavno zvanje docenta, a 2025. u zvanje izvanrednog profesora. <br \/>Od 2016. autor je i voditelj emisije \u201ePovijesne kontroverze\u201d na Tre\u0107em programu Hrvatskoga radija za koju je 2019. nagra\u0111en nagradom \u201eVjekoslav Klai\u0107\u201c za popularizaciju povijesti. <br \/>Dosad je izla\u017eu\u0107i sudjelovao na tridesetak me\u0111unarodnih i doma\u0107ih znanstvenih skupova. Objavio je vi\u0161e od 40 znanstvenih i stru\u010dnih radova u doma\u0107im i inozemnim \u010dasopisima, zbornicima i knjigama, preko 20 prikaza u znanstvenim \u010dasopisima, kreirao je vi\u0161e od 150 radijskih emisija posve\u0107enih povijesti i povijesnoj znanosti. Tako\u0111er je bio scenarist dokumentarne serije <em>Hrvatske radiotelevizije Hrvatsko prolje\u0107e 1971.<\/em> (2021.). Autor je knjige <em>Komunizam i \u010dovjek: odnos vlasti i pojedinca u Hrvatskoj od 1958. do 1972.<\/em> (Zagreb, 2016.) za koju je nagra\u0111en Dr\u017eavnom nagradom za znanost za znanstvene novake te nagradom Dru\u0161tva sveu\u010dili\u0161nih nastavnika i drugih znanstvenika u Zagrebu. Druga autorska knjiga objavljena je 2022. i nosi naslov <em>Kako je operirala Udba? Operacija \u201eParomlin\u201c i sudbina Vinka Markovi\u0107a<\/em> (Zagreb &#8211; Vinkovci). <br \/>\u010clan je Dru\u0161tva za hrvatsku povjesnicu i Hrvatskog nacionalnog odbora za povijesne znanosti.<\/p>\t\t\t\t\t\t\t\t<\/div>\n\t\t\t\t<\/div>\n\t\t\t\t<div class=\"elementor-element elementor-element-804a7c2 elementor-widget elementor-widget-heading\" data-id=\"804a7c2\" data-element_type=\"widget\" data-widget_type=\"heading.default\">\n\t\t\t\t<div class=\"elementor-widget-container\">\n\t\t\t\t\t<h5 class=\"elementor-heading-title elementor-size-default\">OBRAZOVANJE<\/h5>\t\t\t\t<\/div>\n\t\t\t\t<\/div>\n\t\t\t\t<div class=\"elementor-element elementor-element-137a345 elementor-widget elementor-widget-text-editor\" data-id=\"137a345\" data-element_type=\"widget\" data-widget_type=\"text-editor.default\">\n\t\t\t\t<div class=\"elementor-widget-container\">\n\t\t\t\t\t\t\t\t\t<ul><li>Doktorat znanosti, Poslijdiplomski doktorski studij Moderne i suvremene hrvatske povijesti u europskom i svjetskom kontekstu, Filozofski fakultet Sveu\u010dili\u0161ta u Zagrebu (2015.).<\/li><li>Diplomirani povjesni\u010dar i profesor povijesti, Filozofski fakultet Sveu\u010dili\u0161ta u Zagrebu (2008.).<\/li><\/ul>\t\t\t\t\t\t\t\t<\/div>\n\t\t\t\t<\/div>\n\t\t\t\t<div class=\"elementor-element elementor-element-946d4d8 elementor-widget elementor-widget-heading\" data-id=\"946d4d8\" data-element_type=\"widget\" data-widget_type=\"heading.default\">\n\t\t\t\t<div class=\"elementor-widget-container\">\n\t\t\t\t\t<h5 class=\"elementor-heading-title elementor-size-default\">PROJEKTI<\/h5>\t\t\t\t<\/div>\n\t\t\t\t<\/div>\n\t\t\t\t<div class=\"elementor-element elementor-element-05bdef4 elementor-widget elementor-widget-text-editor\" data-id=\"05bdef4\" data-element_type=\"widget\" data-widget_type=\"text-editor.default\">\n\t\t\t\t<div class=\"elementor-widget-container\">\n\t\t\t\t\t\t\t\t\t<ul><li><em>Komparativna analiza razvoja institucionalnog okvira iseljeni\u010dke politike \u2013 Hrvatska i Slovenija od 19. stolje\u0107a do dr\u017eavne samostalnosti<\/em>, Hrvatski institut za povijest, suradnik (2025. \u2013 2026.), financiranje: Vlada Republike Hrvatske i Vlada Republike Slovenije.<\/li><li><em>Politi\u010dko ozra\u010dje i represija u Hrvatskoj i Jugoslaviji od 1941. do 1995. godine &#8211; selektivna sje\u0107anja i interpretacije<\/em>, Hrvatski institut za povijest, suradnik (od 2024.), financiranje: NextGenerationEU.<\/li><li><em>Oblici (su)djelovanja mladih u Hrvatskoj<\/em>, Institut dru\u0161tvenih znanosti Ivo Pilar, vanjski suradnik (od 2024.), financiranje: NextGenerationEU.<\/li><li><em>CroFacta<\/em>, Leksikografski zavod Miroslav Krle\u017ea, koordinator za Hrvatski institut za povijest (2023. \u2013 2025.), financiranje: NextGenerationEU.<\/li><li><em>Istra\u017eivanje emocija u (re)konstrukciji identiteta dijaspore: Hrvati u Australiji i Novom Zelandu (1945.-1991.)<\/em>, Institut dru\u0161tvenih znanosti Ivo Pilar, vanjski suradnik (2021. \u2013 2026.), financiranje: HRZZ.<\/li><li><em>Gastarbajterska usmena povijest<\/em>, Hrvatski institut za povijest, voditelj (2021. &#8211; 2023.), financiranje: Hrvatski institut za povijest.<\/li><li><em>Cultural Opposition: Understanding the Cultural Heritage of Dissent in the Former Socialist Countries<\/em>, Hrvatski institut za povijest, zamjenik nacionalnog koordinatora (2016. &#8211; 2019.), financiranje: Obzor 2020.<\/li><li><em>Hrvatska u 20. stolje\u0107u: modernizacija u uvjetima pluralizma i monizma<\/em>, Hrvatski institut za povijest, suradnik (2014. \u2013 2018.), financiranje: HRZZ.<\/li><li><em>Gospodarsko-socijalni aspekti tranzicije Slovenije i Hrvatske 1985. &#8211; 1995. godine<\/em>, Hrvatski institut za povijest, suradnik (2014. -2015.), financiranje: Vlada Republike Hrvatske i Vlada Republike Slovenije.<\/li><li><em>Vlast i dru\u0161tvo: komunisti\u010dki sustav u Hrvatskoj 1945.-1990.<\/em>, Hrvatski institut za povijest, suradnik (2009. \u2013 2013.), financiranje: MZOS.<\/li><\/ul>\t\t\t\t\t\t\t\t<\/div>\n\t\t\t\t<\/div>\n\t\t\t\t<div class=\"elementor-element elementor-element-3a7ec6a elementor-widget elementor-widget-heading\" data-id=\"3a7ec6a\" data-element_type=\"widget\" data-widget_type=\"heading.default\">\n\t\t\t\t<div class=\"elementor-widget-container\">\n\t\t\t\t\t<h5 class=\"elementor-heading-title elementor-size-default\">NAGRADE<\/h5>\t\t\t\t<\/div>\n\t\t\t\t<\/div>\n\t\t\t\t<div class=\"elementor-element elementor-element-f4a98ea elementor-widget elementor-widget-text-editor\" data-id=\"f4a98ea\" data-element_type=\"widget\" data-widget_type=\"text-editor.default\">\n\t\t\t\t<div class=\"elementor-widget-container\">\n\t\t\t\t\t\t\t\t\t<ul><li>2019. Nagrada \u201eVjekoslav Klai\u0107\u201c za popularizaciju povijesti, Dru\u0161tvo za hrvatsku povjesnicu i Hrvatski nacionalni odbor za povijesne znanosti (za radijsku emisiju \u201ePovijesne kontroverze\u201c)<\/li><li>2017. Dr\u017eavna nagrada za znanost za znanstvene novake (za knjigu <em>Komunizam i \u010dovjek<\/em>)<\/li><li>2017. Nagrada Dru\u0161tva sveu\u010dili\u0161nih nastavnika i drugih znanstvenika u Zagrebu (za knjigu <em>Komunizam i \u010dovjek<\/em>)<\/li><li>2014. Nagrada \u201eDr. Tomislav Markus\u201d za novaka godine Hrvatskog instituta za povijest<\/li><\/ul>\t\t\t\t\t\t\t\t<\/div>\n\t\t\t\t<\/div>\n\t\t\t\t<div class=\"elementor-element elementor-element-d5102f9 elementor-widget elementor-widget-text-editor\" data-id=\"d5102f9\" data-element_type=\"widget\" data-widget_type=\"text-editor.default\">\n\t\t\t\t<div class=\"elementor-widget-container\">\n\t\t\t\t\t\t\t\t\t<h5 class=\"inline-h5\">PUBLIKACIJE<\/h5><p>(potpuna bibliografija radova dostupna na: <a href=\"https:\/\/www.croris.hr\/crosbi\/searchByContext\/2\/29318\" target=\"_blank\" rel=\"noopener\">CroRIS<\/a>)<\/p><p>Autorske knjige<\/p><ol><li><em>Komunizam i \u010dovjek: odnos vlasti i pojedinca u Hrvatskoj od 1958. do 1972.<\/em>. Zagreb: Hrvatski institut za povijest, 2016.<\/li><li><em>Kako je operirala Udba? Operacija \u201eParomlin\u201c i sudbina Vinka Markovi\u0107a<\/em>. Zagreb; Vinkovci: Hrvatski institut za povijest; Ogranak Matice hrvatske u Vinkovcima, 2022.<\/li><\/ol><p>Uredni\u010dke knjige<\/p><ol><li><em>Tu\u0111manov Arhiv. Korespondencija predsjednika Republike Hrvatske dr. Franje Tu\u0111mana od 1990. do 1999. godine<\/em>. Knjiga 6., <em>Godine mira: 1998. i 1999.<\/em> Zagreb: Hrvatska sveu\u010dili\u0161na naklada; Hrvatski institut za povijest, 2015.<\/li><li><em>Zabok: od plemi\u0107kog posjeda do modernog grada<\/em>. Zagreb: Hrvatski institut za povijest; Grad Zabok, 2023. (suurednik: Vedran Klau\u017eer)<\/li><\/ol>\t\t\t\t\t\t\t\t<\/div>\n\t\t\t\t<\/div>\n\t\t\t\t<\/div>\n\t\t<div class=\"elementor-element elementor-element-dd22859 e-con-full e-flex e-con e-child\" data-id=\"dd22859\" data-element_type=\"container\">\n\t\t<div class=\"elementor-element elementor-element-580f544 e-con-full e-flex e-con e-child\" data-id=\"580f544\" data-element_type=\"container\">\n\t\t\t\t<div class=\"elementor-element elementor-element-d5f3449 elementor-widget elementor-widget-search\" data-id=\"d5f3449\" data-element_type=\"widget\" data-settings=\"{&quot;submit_trigger&quot;:&quot;click_submit&quot;,&quot;pagination_type_options&quot;:&quot;none&quot;}\" data-widget_type=\"search.default\">\n\t\t\t\t<div class=\"elementor-widget-container\">\n\t\t\t\t\t\t\t<search class=\"e-search hidden\" role=\"search\">\n\t\t\t<form class=\"e-search-form\" action=\"https:\/\/www.hipzg.hr\/en\/\" method=\"get\">\n\n\t\t\t\t\n\t\t\t\t<label class=\"e-search-label\" for=\"search-d5f3449\">\n\t\t\t\t\t<span class=\"elementor-screen-only\">\n\t\t\t\t\t\tSearch\t\t\t\t\t<\/span>\n\t\t\t\t\t\t\t\t\t<\/label>\n\n\t\t\t\t<div class=\"e-search-input-wrapper\">\n\t\t\t\t\t<input id=\"search-d5f3449\" placeholder=\"Search...\" class=\"e-search-input\" type=\"search\" name=\"s\" value=\"\" autocomplete=\"off\" role=\"combobox\" aria-autocomplete=\"list\" aria-expanded=\"false\" aria-controls=\"results-d5f3449\" aria-haspopup=\"listbox\">\n\t\t\t\t\t<svg aria-hidden=\"true\" class=\"e-font-icon-svg e-fas-times\" viewBox=\"0 0 352 512\" xmlns=\"http:\/\/www.w3.org\/2000\/svg\"><path d=\"M242.72 256l100.07-100.07c12.28-12.28 12.28-32.19 0-44.48l-22.24-22.24c-12.28-12.28-32.19-12.28-44.48 0L176 189.28 75.93 89.21c-12.28-12.28-32.19-12.28-44.48 0L9.21 111.45c-12.28 12.28-12.28 32.19 0 44.48L109.28 256 9.21 356.07c-12.28 12.28-12.28 32.19 0 44.48l22.24 22.24c12.28 12.28 32.2 12.28 44.48 0L176 322.72l100.07 100.07c12.28 12.28 32.2 12.28 44.48 0l22.24-22.24c12.28-12.28 12.28-32.19 0-44.48L242.72 256z\"><\/path><\/svg>\t\t\t\t\t\t\t\t\t\t<output id=\"results-d5f3449\" class=\"e-search-results-container hide-loader\" aria-live=\"polite\" aria-atomic=\"true\" aria-label=\"Results for search\" tabindex=\"0\">\n\t\t\t\t\t\t<div class=\"e-search-results\"><\/div>\n\t\t\t\t\t\t\t\t\t\t\t<\/output>\n\t\t\t\t\t\t\t\t\t<\/div>\n\t\t\t\t\n\t\t\t\t\n\t\t\t\t<button class=\"e-search-submit  \" type=\"submit\" aria-label=\"Search\">\n\t\t\t\t\t<i aria-hidden=\"true\" class=\"icon icon-search2\"><\/i>\n\t\t\t\t\t\t\t\t\t<\/button>\n\t\t\t\t<input type=\"hidden\" name=\"e_search_props\" value=\"d5f3449-14549\">\n\t\t\t<\/form>\n\t\t<\/search>\n\t\t\t\t\t\t<\/div>\n\t\t\t\t<\/div>\n\t\t\t\t<\/div>\n\t\t<div class=\"elementor-element elementor-element-e195695 e-con-full e-flex e-con e-child\" data-id=\"e195695\" data-element_type=\"container\">\n\t\t\t\t<div class=\"elementor-element elementor-element-f615dc9 elementor-widget elementor-widget-image\" data-id=\"f615dc9\" data-element_type=\"widget\" data-widget_type=\"image.default\">\n\t\t\t\t<div class=\"elementor-widget-container\">\n\t\t\t\t\t\t\t\t\t\t\t\t\t\t\t<img fetchpriority=\"high\" decoding=\"async\" width=\"800\" height=\"534\" src=\"https:\/\/www.hipzg.hr\/wp-content\/uploads\/2026\/03\/Josip-Mihaljevic-1024x683.jpg\" class=\"attachment-large size-large wp-image-14895\" alt=\"\" srcset=\"https:\/\/www.hipzg.hr\/wp-content\/uploads\/2026\/03\/Josip-Mihaljevic-1024x683.jpg 1024w, https:\/\/www.hipzg.hr\/wp-content\/uploads\/2026\/03\/Josip-Mihaljevic-300x200.jpg 300w, https:\/\/www.hipzg.hr\/wp-content\/uploads\/2026\/03\/Josip-Mihaljevic-768x512.jpg 768w, https:\/\/www.hipzg.hr\/wp-content\/uploads\/2026\/03\/Josip-Mihaljevic-600x400.jpg 600w, https:\/\/www.hipzg.hr\/wp-content\/uploads\/2026\/03\/Josip-Mihaljevic.jpg 1200w\" sizes=\"(max-width: 800px) 100vw, 800px\" \/>\t\t\t\t\t\t\t\t\t\t\t\t\t\t\t<\/div>\n\t\t\t\t<\/div>\n\t\t\t\t<div class=\"elementor-element elementor-element-ea35e91 elementor-widget elementor-widget-heading\" data-id=\"ea35e91\" data-element_type=\"widget\" data-widget_type=\"heading.default\">\n\t\t\t\t<div class=\"elementor-widget-container\">\n\t\t\t\t\t<h6 class=\"elementor-heading-title elementor-size-default\">dr. sc. Josip Mihaljevi\u0107<\/h6>\t\t\t\t<\/div>\n\t\t\t\t<\/div>\n\t\t\t\t<div class=\"elementor-element elementor-element-f349ebf elementor-widget elementor-widget-text-editor\" data-id=\"f349ebf\" data-element_type=\"widget\" data-widget_type=\"text-editor.default\">\n\t\t\t\t<div class=\"elementor-widget-container\">\n\t\t\t\t\t\t\t\t\t<p>pomo\u0107nik ravnatelja &#8211; vi\u0161i znanstveni suradnik<br \/>Znanstveni odjel za suvremenu povijest<\/p>\t\t\t\t\t\t\t\t<\/div>\n\t\t\t\t<\/div>\n\t\t\t\t<div class=\"elementor-element elementor-element-96a515c elementor-icon-list--layout-traditional elementor-list-item-link-full_width elementor-widget elementor-widget-icon-list\" data-id=\"96a515c\" data-element_type=\"widget\" data-widget_type=\"icon-list.default\">\n\t\t\t\t<div class=\"elementor-widget-container\">\n\t\t\t\t\t\t\t<ul class=\"elementor-icon-list-items\">\n\t\t\t\t\t\t\t<li class=\"elementor-icon-list-item\">\n\t\t\t\t\t\t\t\t\t\t\t<span class=\"elementor-icon-list-icon\">\n\t\t\t\t\t\t\t<i aria-hidden=\"true\" class=\"icon icon-map-marker\"><\/i>\t\t\t\t\t\t<\/span>\n\t\t\t\t\t\t\t\t\t\t<span class=\"elementor-icon-list-text\">Opati\u010dka 10, 10000 Zagreb<\/span>\n\t\t\t\t\t\t\t\t\t<\/li>\n\t\t\t\t\t\t\t\t<li class=\"elementor-icon-list-item\">\n\t\t\t\t\t\t\t\t\t\t\t<span class=\"elementor-icon-list-icon\">\n\t\t\t\t\t\t\t<i aria-hidden=\"true\" class=\"icon icon-phone-handset\"><\/i>\t\t\t\t\t\t<\/span>\n\t\t\t\t\t\t\t\t\t\t<span class=\"elementor-icon-list-text\">+385 1 4851 721<\/span>\n\t\t\t\t\t\t\t\t\t<\/li>\n\t\t\t\t\t\t\t\t<li class=\"elementor-icon-list-item\">\n\t\t\t\t\t\t\t\t\t\t\t<span class=\"elementor-icon-list-icon\">\n\t\t\t\t\t\t\t<i aria-hidden=\"true\" class=\"icon icon-email\"><\/i>\t\t\t\t\t\t<\/span>\n\t\t\t\t\t\t\t\t\t\t<span class=\"elementor-icon-list-text\">josip@isp.hr<\/span>\n\t\t\t\t\t\t\t\t\t<\/li>\n\t\t\t\t\t\t\t\t<li class=\"elementor-icon-list-item\">\n\t\t\t\t\t\t\t\t\t\t<span class=\"elementor-icon-list-text\"><span class=\"label\">MBZ:<\/span> 317355<\/span>\n\t\t\t\t\t\t\t\t\t<\/li>\n\t\t\t\t\t\t\t\t<li class=\"elementor-icon-list-item\">\n\t\t\t\t\t\t\t\t\t\t<span class=\"elementor-icon-list-text\"><span class=\"label\">CroRIS ID:<\/span> 29318<\/span>\n\t\t\t\t\t\t\t\t\t<\/li>\n\t\t\t\t\t\t<\/ul>\n\t\t\t\t\t\t<\/div>\n\t\t\t\t<\/div>\n\t\t\t\t<div class=\"elementor-element elementor-element-bea474d elementor-icon-list--layout-traditional elementor-list-item-link-full_width elementor-widget elementor-widget-icon-list\" data-id=\"bea474d\" data-element_type=\"widget\" data-widget_type=\"icon-list.default\">\n\t\t\t\t<div class=\"elementor-widget-container\">\n\t\t\t\t\t\t\t<ul class=\"elementor-icon-list-items\">\n\t\t\t\t\t\t\t<li class=\"elementor-icon-list-item\">\n\t\t\t\t\t\t\t\t\t\t\t<a href=\"https:\/\/orcid.org\/0000-0002-4884-577X\" target=\"_blank\">\n\n\t\t\t\t\t\t\t\t\t\t\t<span class=\"elementor-icon-list-text\"><span class=\"label\">ORCID:<\/span> 0000-0002-4884-577X<\/span>\n\t\t\t\t\t\t\t\t\t\t\t<\/a>\n\t\t\t\t\t\t\t\t\t<\/li>\n\t\t\t\t\t\t<\/ul>\n\t\t\t\t\t\t<\/div>\n\t\t\t\t<\/div>\n\t\t\t\t<\/div>\n\t\t\t\t<\/div>\n\t\t\t\t\t<\/div>\n\t\t\t\t<\/div>\n\t\t\t\t<\/div>\n\t\t","protected":false},"excerpt":{"rendered":"<p>Josip Mihaljevi\u0107 ISTRA\u017dIVA\u010cKI INTERESI I RADNO ISKUSTVO Dr. sc. Josip Mihaljevi\u0107 vi\u0161i je znanstveni suradnik i pomo\u0107nik ravnatelja Hrvatskoga instituta za povijest u Zagrebu. U svojem znanstvenom radu bavi se suvremenom hrvatskom i jugoslavenskom povije\u0161\u0107u 20. stolje\u0107a, s posebnim naglaskom na polo\u017eaj pojedinca, politi\u010dku represiju i mehanizme komunisti\u010dke vlasti, djelovanje slu\u017ebi dr\u017eavne sigurnosti (UDBA\/SDS), politi\u010dke [&hellip;]<\/p>\n","protected":false},"author":6,"featured_media":0,"parent":0,"menu_order":0,"comment_status":"closed","ping_status":"closed","template":"elementor_header_footer","meta":{"iawp_total_views":75,"footnotes":""},"class_list":["post-14549","page","type-page","status-publish","hentry"],"_links":{"self":[{"href":"https:\/\/www.hipzg.hr\/en\/wp-json\/wp\/v2\/pages\/14549","targetHints":{"allow":["GET"]}}],"collection":[{"href":"https:\/\/www.hipzg.hr\/en\/wp-json\/wp\/v2\/pages"}],"about":[{"href":"https:\/\/www.hipzg.hr\/en\/wp-json\/wp\/v2\/types\/page"}],"author":[{"embeddable":true,"href":"https:\/\/www.hipzg.hr\/en\/wp-json\/wp\/v2\/users\/6"}],"replies":[{"embeddable":true,"href":"https:\/\/www.hipzg.hr\/en\/wp-json\/wp\/v2\/comments?post=14549"}],"version-history":[{"count":108,"href":"https:\/\/www.hipzg.hr\/en\/wp-json\/wp\/v2\/pages\/14549\/revisions"}],"predecessor-version":[{"id":15174,"href":"https:\/\/www.hipzg.hr\/en\/wp-json\/wp\/v2\/pages\/14549\/revisions\/15174"}],"wp:attachment":[{"href":"https:\/\/www.hipzg.hr\/en\/wp-json\/wp\/v2\/media?parent=14549"}],"curies":[{"name":"wp","href":"https:\/\/api.w.org\/{rel}","templated":true}]}}