{"id":12627,"date":"2025-04-02T11:40:05","date_gmt":"2025-04-02T10:40:05","guid":{"rendered":"https:\/\/www.hipzg.hr\/?page_id=12627"},"modified":"2025-04-02T11:43:03","modified_gmt":"2025-04-02T10:43:03","slug":"arhiva-biltena","status":"publish","type":"page","link":"https:\/\/www.hipzg.hr\/en\/arhiva-biltena\/","title":{"rendered":"Arhiva biltena"},"content":{"rendered":"\t\t<div data-elementor-type=\"wp-page\" data-elementor-id=\"12627\" class=\"elementor elementor-12627\" data-elementor-post-type=\"page\">\n\t\t\t\t<div class=\"elementor-element elementor-element-b8b8778 e-con-full e-flex e-con e-child\" data-id=\"b8b8778\" data-element_type=\"container\">\n\t\t\t\t<div class=\"elementor-element elementor-element-be31cac elementor-widget elementor-widget-heading\" data-id=\"be31cac\" data-element_type=\"widget\" data-widget_type=\"heading.default\">\n\t\t\t\t<div class=\"elementor-widget-container\">\n\t\t\t\t\t<h2 class=\"elementor-heading-title elementor-size-default\">Arhiva biltena<\/h2>\t\t\t\t<\/div>\n\t\t\t\t<\/div>\n\t\t\t\t<div class=\"elementor-element elementor-element-a02bb94 elementor-grid-3 elementor-grid-tablet-2 elementor-grid-mobile-1 elementor-posts--thumbnail-top elementor-posts--show-avatar elementor-card-shadow-yes elementor-posts__hover-gradient elementor-widget elementor-widget-posts\" data-id=\"a02bb94\" data-element_type=\"widget\" data-settings=\"{&quot;pagination_type&quot;:&quot;numbers&quot;,&quot;cards_columns&quot;:&quot;3&quot;,&quot;cards_columns_tablet&quot;:&quot;2&quot;,&quot;cards_columns_mobile&quot;:&quot;1&quot;,&quot;cards_row_gap&quot;:{&quot;unit&quot;:&quot;px&quot;,&quot;size&quot;:35,&quot;sizes&quot;:[]},&quot;cards_row_gap_tablet&quot;:{&quot;unit&quot;:&quot;px&quot;,&quot;size&quot;:&quot;&quot;,&quot;sizes&quot;:[]},&quot;cards_row_gap_mobile&quot;:{&quot;unit&quot;:&quot;px&quot;,&quot;size&quot;:&quot;&quot;,&quot;sizes&quot;:[]}}\" data-widget_type=\"posts.cards\">\n\t\t\t\t<div class=\"elementor-widget-container\">\n\t\t\t\t\t\t\t<div class=\"elementor-posts-container elementor-posts elementor-posts--skin-cards elementor-grid\">\n\t\t\t\t<article class=\"elementor-post elementor-grid-item post-13676 post type-post status-publish format-standard hentry category-arhiva-biltena\">\n\t\t\t<div class=\"elementor-post__card\">\n\t\t\t\t<div class=\"elementor-post__text\">\n\t\t\t\t<h3 class=\"elementor-post__title\">\n\t\t\t<a href=\"https:\/\/www.hipzg.hr\/en\/bilten-knjiznice-prosinac-2024-g-ozujak-2025-g\/\" >\n\t\t\t\tBilten Knji\u017enice (prosinac 2024. g. &#8211; o\u017eujak 2025. g.)\t\t\t<\/a>\n\t\t<\/h3>\n\t\t\t\t<div class=\"elementor-post__excerpt\">\n\t\t\t<p>Bilten Knji\u017enice (prosinac 2024. g. &#8211; o\u017eujak 2025. g.)<\/p>\n\t\t<\/div>\n\t\t\n\t\t<a class=\"elementor-post__read-more\" href=\"https:\/\/www.hipzg.hr\/en\/bilten-knjiznice-prosinac-2024-g-ozujak-2025-g\/\" aria-label=\"Read more about Bilten Knji\u017enice (prosinac 2024. g. &#8211; o\u017eujak 2025. g.)\" tabindex=\"-1\" >\n\t\t\tOp\u0161irnije \u00bb\t\t<\/a>\n\n\t\t\t\t<\/div>\n\t\t\t\t<div class=\"elementor-post__meta-data\">\n\t\t\t\t\t<span class=\"elementor-post-date\">\n\t\t\tNovember 6, 2025\t\t<\/span>\n\t\t\t\t<span class=\"elementor-post-avatar\">\n\t\t\tNo Comments\t\t<\/span>\n\t\t\t\t<\/div>\n\t\t\t\t\t<\/div>\n\t\t<\/article>\n\t\t\t\t<article class=\"elementor-post elementor-grid-item post-9309 post type-post status-publish format-standard hentry category-arhiva-biltena\">\n\t\t\t<div class=\"elementor-post__card\">\n\t\t\t\t<div class=\"elementor-post__text\">\n\t\t\t\t<h3 class=\"elementor-post__title\">\n\t\t\t<a href=\"https:\/\/www.hipzg.hr\/en\/bilten-prinova-knjiznice-hip-a-lipanj-kolovoz-2023-g\/\" >\n\t\t\t\tBilten prinova Knji\u017enice HIP-a (lipanj- kolovoz 2023. g.)\t\t\t<\/a>\n\t\t<\/h3>\n\t\t\t\t<div class=\"elementor-post__excerpt\">\n\t\t\t<p>Bilten prinova Knji\u017enice HIP-a (lipanj- kolovoz 2023. g.)<\/p>\n\t\t<\/div>\n\t\t\n\t\t<a class=\"elementor-post__read-more\" href=\"https:\/\/www.hipzg.hr\/en\/bilten-prinova-knjiznice-hip-a-lipanj-kolovoz-2023-g\/\" aria-label=\"Read more about Bilten prinova Knji\u017enice HIP-a (lipanj- kolovoz 2023. g.)\" tabindex=\"-1\" >\n\t\t\tOp\u0161irnije \u00bb\t\t<\/a>\n\n\t\t\t\t<\/div>\n\t\t\t\t<div class=\"elementor-post__meta-data\">\n\t\t\t\t\t<span class=\"elementor-post-date\">\n\t\t\tDecember 15, 2024\t\t<\/span>\n\t\t\t\t<span class=\"elementor-post-avatar\">\n\t\t\tNo Comments\t\t<\/span>\n\t\t\t\t<\/div>\n\t\t\t\t\t<\/div>\n\t\t<\/article>\n\t\t\t\t<article class=\"elementor-post elementor-grid-item post-6939 post type-post status-publish format-standard hentry category-arhiva-biltena\">\n\t\t\t<div class=\"elementor-post__card\">\n\t\t\t\t<div class=\"elementor-post__text\">\n\t\t\t\t<h3 class=\"elementor-post__title\">\n\t\t\t<a href=\"https:\/\/www.hipzg.hr\/en\/bilten-prinova-ozujak-kolovoz-2024\/\" >\n\t\t\t\tBilten prinova (o\u017eujak \u2013 kolovoz 2024.)\t\t\t<\/a>\n\t\t<\/h3>\n\t\t\t\t<div class=\"elementor-post__excerpt\">\n\t\t\t<p>BILTEN PRINOVA (O\u017dUJAK \u2013 KOLOVOZ 2024.)<\/p>\n\t\t<\/div>\n\t\t\n\t\t<a class=\"elementor-post__read-more\" href=\"https:\/\/www.hipzg.hr\/en\/bilten-prinova-ozujak-kolovoz-2024\/\" aria-label=\"Read more about Bilten prinova (o\u017eujak \u2013 kolovoz 2024.)\" tabindex=\"-1\" >\n\t\t\tOp\u0161irnije \u00bb\t\t<\/a>\n\n\t\t\t\t<\/div>\n\t\t\t\t<div class=\"elementor-post__meta-data\">\n\t\t\t\t\t<span class=\"elementor-post-date\">\n\t\t\tOctober 18, 2024\t\t<\/span>\n\t\t\t\t<span class=\"elementor-post-avatar\">\n\t\t\tNo Comments\t\t<\/span>\n\t\t\t\t<\/div>\n\t\t\t\t\t<\/div>\n\t\t<\/article>\n\t\t\t\t<article class=\"elementor-post elementor-grid-item post-6919 post type-post status-publish format-standard hentry category-arhiva-biltena\">\n\t\t\t<div class=\"elementor-post__card\">\n\t\t\t\t<div class=\"elementor-post__text\">\n\t\t\t\t<h3 class=\"elementor-post__title\">\n\t\t\t<a href=\"https:\/\/www.hipzg.hr\/en\/bilten-prinova-knjiznice-hip-a-prosinac-2023-veljaca-2024-g\/\" >\n\t\t\t\tBilten prinova Knji\u017enice HIP-a (prosinac 2023 \u2013 velja\u010da 2024. g.)\t\t\t<\/a>\n\t\t<\/h3>\n\t\t\t\t<div class=\"elementor-post__excerpt\">\n\t\t\t<p>Bilten prinova Knji\u017enice HIP-a (prosinac 2023 \u2013 velja\u010da 2024. g.) &nbsp;<\/p>\n\t\t<\/div>\n\t\t\n\t\t<a class=\"elementor-post__read-more\" href=\"https:\/\/www.hipzg.hr\/en\/bilten-prinova-knjiznice-hip-a-prosinac-2023-veljaca-2024-g\/\" aria-label=\"Read more about Bilten prinova Knji\u017enice HIP-a (prosinac 2023 \u2013 velja\u010da 2024. g.)\" tabindex=\"-1\" >\n\t\t\tOp\u0161irnije \u00bb\t\t<\/a>\n\n\t\t\t\t<\/div>\n\t\t\t\t<div class=\"elementor-post__meta-data\">\n\t\t\t\t\t<span class=\"elementor-post-date\">\n\t\t\tOctober 18, 2024\t\t<\/span>\n\t\t\t\t<span class=\"elementor-post-avatar\">\n\t\t\tNo Comments\t\t<\/span>\n\t\t\t\t<\/div>\n\t\t\t\t\t<\/div>\n\t\t<\/article>\n\t\t\t\t<article class=\"elementor-post elementor-grid-item post-6814 post type-post status-publish format-standard hentry category-arhiva-biltena\">\n\t\t\t<div class=\"elementor-post__card\">\n\t\t\t\t<div class=\"elementor-post__text\">\n\t\t\t\t<h3 class=\"elementor-post__title\">\n\t\t\t<a href=\"https:\/\/www.hipzg.hr\/en\/bilten-prinova-knjiznice-hip-a-ozujak-svibanj-2023-g\/\" >\n\t\t\t\tBilten prinova Knji\u017enice HIP-a (o\u017eujak \u2013 svibanj 2023. g.)\t\t\t<\/a>\n\t\t<\/h3>\n\t\t\t\t<div class=\"elementor-post__excerpt\">\n\t\t\t<p>Bilten prinova (o\u017eujak &#8211; svibanj 2023. g.) Iveti\u0107, Egidio Povijest Jadrana. &#8211; Zagreb : Srednja Europa, 2022. \u00a0Veliki rje\u010dnik hrvatskoga standardnog jezika. &#8211; Zagreb : \u0160kolska knjiga, 2015. Bari\u0161i\u0107, Pavo Ante Star\u010devi\u0107 : ideali sl\u2026<\/p>\n\t\t<\/div>\n\t\t\n\t\t<a class=\"elementor-post__read-more\" href=\"https:\/\/www.hipzg.hr\/en\/bilten-prinova-knjiznice-hip-a-ozujak-svibanj-2023-g\/\" aria-label=\"Read more about Bilten prinova Knji\u017enice HIP-a (o\u017eujak \u2013 svibanj 2023. g.)\" tabindex=\"-1\" >\n\t\t\tOp\u0161irnije \u00bb\t\t<\/a>\n\n\t\t\t\t<\/div>\n\t\t\t\t<div class=\"elementor-post__meta-data\">\n\t\t\t\t\t<span class=\"elementor-post-date\">\n\t\t\tJune 2, 2023\t\t<\/span>\n\t\t\t\t<span class=\"elementor-post-avatar\">\n\t\t\tNo Comments\t\t<\/span>\n\t\t\t\t<\/div>\n\t\t\t\t\t<\/div>\n\t\t<\/article>\n\t\t\t\t<article class=\"elementor-post elementor-grid-item post-6707 post type-post status-publish format-standard hentry category-arhiva-biltena\">\n\t\t\t<div class=\"elementor-post__card\">\n\t\t\t\t<div class=\"elementor-post__text\">\n\t\t\t\t<h3 class=\"elementor-post__title\">\n\t\t\t<a href=\"https:\/\/www.hipzg.hr\/en\/bilten-prinova-sijecanjveljaca-2023-g\/\" >\n\t\t\t\tBilten prinova (sije\u010danj\/velja\u010da 2023. g.)\t\t\t<\/a>\n\t\t<\/h3>\n\t\t\t\t<div class=\"elementor-post__excerpt\">\n\t\t\t\t\t<\/div>\n\t\t\n\t\t<a class=\"elementor-post__read-more\" href=\"https:\/\/www.hipzg.hr\/en\/bilten-prinova-sijecanjveljaca-2023-g\/\" aria-label=\"Read more about Bilten prinova (sije\u010danj\/velja\u010da 2023. g.)\" tabindex=\"-1\" >\n\t\t\tOp\u0161irnije \u00bb\t\t<\/a>\n\n\t\t\t\t<\/div>\n\t\t\t\t<div class=\"elementor-post__meta-data\">\n\t\t\t\t\t<span class=\"elementor-post-date\">\n\t\t\tMarch 1, 2023\t\t<\/span>\n\t\t\t\t<span class=\"elementor-post-avatar\">\n\t\t\tNo Comments\t\t<\/span>\n\t\t\t\t<\/div>\n\t\t\t\t\t<\/div>\n\t\t<\/article>\n\t\t\t\t<article class=\"elementor-post elementor-grid-item post-6703 post type-post status-publish format-standard hentry category-arhiva-biltena\">\n\t\t\t<div class=\"elementor-post__card\">\n\t\t\t\t<div class=\"elementor-post__text\">\n\t\t\t\t<h3 class=\"elementor-post__title\">\n\t\t\t<a href=\"https:\/\/www.hipzg.hr\/en\/bilten-prinova-knjiznice-hip-a-studeni-prosinac-2022\/\" >\n\t\t\t\tBilten prinova Knji\u017enice HIP-a (studeni &#8211; prosinac 2022.)\t\t\t<\/a>\n\t\t<\/h3>\n\t\t\t\t<div class=\"elementor-post__excerpt\">\n\t\t\t\t\t<\/div>\n\t\t\n\t\t<a class=\"elementor-post__read-more\" href=\"https:\/\/www.hipzg.hr\/en\/bilten-prinova-knjiznice-hip-a-studeni-prosinac-2022\/\" aria-label=\"Read more about Bilten prinova Knji\u017enice HIP-a (studeni &#8211; prosinac 2022.)\" tabindex=\"-1\" >\n\t\t\tOp\u0161irnije \u00bb\t\t<\/a>\n\n\t\t\t\t<\/div>\n\t\t\t\t<div class=\"elementor-post__meta-data\">\n\t\t\t\t\t<span class=\"elementor-post-date\">\n\t\t\tDecember 20, 2022\t\t<\/span>\n\t\t\t\t<span class=\"elementor-post-avatar\">\n\t\t\tNo Comments\t\t<\/span>\n\t\t\t\t<\/div>\n\t\t\t\t\t<\/div>\n\t\t<\/article>\n\t\t\t\t<article class=\"elementor-post elementor-grid-item post-6693 post type-post status-publish format-standard hentry category-arhiva-biltena\">\n\t\t\t<div class=\"elementor-post__card\">\n\t\t\t\t<div class=\"elementor-post__text\">\n\t\t\t\t<h3 class=\"elementor-post__title\">\n\t\t\t<a href=\"https:\/\/www.hipzg.hr\/en\/bilten-prinova-knjiznice-hip-a-svibanj-kolovoz-2022\/\" >\n\t\t\t\tBilten prinova Knji\u017enice HIP-a (svibanj &#8211; kolovoz 2022.)\t\t\t<\/a>\n\t\t<\/h3>\n\t\t\t\t<div class=\"elementor-post__excerpt\">\n\t\t\t\t\t<\/div>\n\t\t\n\t\t<a class=\"elementor-post__read-more\" href=\"https:\/\/www.hipzg.hr\/en\/bilten-prinova-knjiznice-hip-a-svibanj-kolovoz-2022\/\" aria-label=\"Read more about Bilten prinova Knji\u017enice HIP-a (svibanj &#8211; kolovoz 2022.)\" tabindex=\"-1\" >\n\t\t\tOp\u0161irnije \u00bb\t\t<\/a>\n\n\t\t\t\t<\/div>\n\t\t\t\t<div class=\"elementor-post__meta-data\">\n\t\t\t\t\t<span class=\"elementor-post-date\">\n\t\t\tAugust 26, 2022\t\t<\/span>\n\t\t\t\t<span class=\"elementor-post-avatar\">\n\t\t\tNo Comments\t\t<\/span>\n\t\t\t\t<\/div>\n\t\t\t\t\t<\/div>\n\t\t<\/article>\n\t\t\t\t<article class=\"elementor-post elementor-grid-item post-6672 post type-post status-publish format-standard hentry category-arhiva-biltena\">\n\t\t\t<div class=\"elementor-post__card\">\n\t\t\t\t<div class=\"elementor-post__text\">\n\t\t\t\t<h3 class=\"elementor-post__title\">\n\t\t\t<a href=\"https:\/\/www.hipzg.hr\/en\/bilten-prinova-knjiznice-hip-a\/\" >\n\t\t\t\tBilten prinova Knji\u017enice HIP-a (o\u017eujak-travanj 2022.)\t\t\t<\/a>\n\t\t<\/h3>\n\t\t\t\t<div class=\"elementor-post__excerpt\">\n\t\t\t\t\t<\/div>\n\t\t\n\t\t<a class=\"elementor-post__read-more\" href=\"https:\/\/www.hipzg.hr\/en\/bilten-prinova-knjiznice-hip-a\/\" aria-label=\"Read more about Bilten prinova Knji\u017enice HIP-a (o\u017eujak-travanj 2022.)\" tabindex=\"-1\" >\n\t\t\tOp\u0161irnije \u00bb\t\t<\/a>\n\n\t\t\t\t<\/div>\n\t\t\t\t<div class=\"elementor-post__meta-data\">\n\t\t\t\t\t<span class=\"elementor-post-date\">\n\t\t\tMay 14, 2022\t\t<\/span>\n\t\t\t\t<span class=\"elementor-post-avatar\">\n\t\t\tNo Comments\t\t<\/span>\n\t\t\t\t<\/div>\n\t\t\t\t\t<\/div>\n\t\t<\/article>\n\t\t\t\t<article class=\"elementor-post elementor-grid-item post-5934 post type-post status-publish format-video has-post-thumbnail hentry category-arhiva-biltena post_format-post-format-video\">\n\t\t\t<div class=\"elementor-post__card\">\n\t\t\t\t<a class=\"elementor-post__thumbnail__link\" href=\"https:\/\/www.hipzg.hr\/en\/bilten-prinova-knjiznice-hip-a-sijecanj-veljaca-2022\/\" tabindex=\"-1\" ><div class=\"elementor-post__thumbnail\"><img decoding=\"async\" width=\"300\" height=\"164\" src=\"https:\/\/www.hipzg.hr\/wp-content\/uploads\/2022\/03\/bilten-300x164.jpg\" class=\"attachment-medium size-medium wp-image-5936\" alt=\"\" srcset=\"https:\/\/www.hipzg.hr\/wp-content\/uploads\/2022\/03\/bilten-300x164.jpg 300w, https:\/\/www.hipzg.hr\/wp-content\/uploads\/2022\/03\/bilten-600x329.jpg 600w, https:\/\/www.hipzg.hr\/wp-content\/uploads\/2022\/03\/bilten-768x421.jpg 768w, https:\/\/www.hipzg.hr\/wp-content\/uploads\/2022\/03\/bilten.jpg 953w\" sizes=\"(max-width: 300px) 100vw, 300px\" \/><\/div><\/a>\n\t\t\t\t<div class=\"elementor-post__avatar\">\n\t\t\t<img alt='hip' src='https:\/\/secure.gravatar.com\/avatar\/103777fe4aed6c4af7867776be520ec58019e058cd093b47c50ae609f58caab4?s=128&#038;d=mm&#038;r=g' srcset='https:\/\/secure.gravatar.com\/avatar\/103777fe4aed6c4af7867776be520ec58019e058cd093b47c50ae609f58caab4?s=256&#038;d=mm&#038;r=g 2x' class='avatar avatar-128 photo' height='128' width='128' \/>\t\t<\/div>\n\t\t\t\t<div class=\"elementor-post__text\">\n\t\t\t\t<h3 class=\"elementor-post__title\">\n\t\t\t<a href=\"https:\/\/www.hipzg.hr\/en\/bilten-prinova-knjiznice-hip-a-sijecanj-veljaca-2022\/\" >\n\t\t\t\tBilten prinova Knji\u017enice HIP-a (sije\u010danj \u2013 velja\u010da 2022.)\t\t\t<\/a>\n\t\t<\/h3>\n\t\t\t\t<div class=\"elementor-post__excerpt\">\n\t\t\t\t\t<\/div>\n\t\t\n\t\t<a class=\"elementor-post__read-more\" href=\"https:\/\/www.hipzg.hr\/en\/bilten-prinova-knjiznice-hip-a-sijecanj-veljaca-2022\/\" aria-label=\"Read more about Bilten prinova Knji\u017enice HIP-a (sije\u010danj \u2013 velja\u010da 2022.)\" tabindex=\"-1\" >\n\t\t\tOp\u0161irnije \u00bb\t\t<\/a>\n\n\t\t\t\t<\/div>\n\t\t\t\t<div class=\"elementor-post__meta-data\">\n\t\t\t\t\t<span class=\"elementor-post-date\">\n\t\t\tMarch 21, 2022\t\t<\/span>\n\t\t\t\t<span class=\"elementor-post-avatar\">\n\t\t\tNo Comments\t\t<\/span>\n\t\t\t\t<\/div>\n\t\t\t\t\t<\/div>\n\t\t<\/article>\n\t\t\t\t<article class=\"elementor-post elementor-grid-item post-6035 post type-post status-publish format-standard hentry category-arhiva-biltena\">\n\t\t\t<div class=\"elementor-post__card\">\n\t\t\t\t<div class=\"elementor-post__text\">\n\t\t\t\t<h3 class=\"elementor-post__title\">\n\t\t\t<a href=\"https:\/\/www.hipzg.hr\/en\/bilten-prinova-knjiznice-hip-a-sijecanj-veljaca-2022-2\/\" >\n\t\t\t\tBilten prinova Knji\u017enice HIP-a (sije\u010danj &#8211; velja\u010da 2022.)\t\t\t<\/a>\n\t\t<\/h3>\n\t\t\t\t<div class=\"elementor-post__excerpt\">\n\t\t\t\t\t<\/div>\n\t\t\n\t\t<a class=\"elementor-post__read-more\" href=\"https:\/\/www.hipzg.hr\/en\/bilten-prinova-knjiznice-hip-a-sijecanj-veljaca-2022-2\/\" aria-label=\"Read more about Bilten prinova Knji\u017enice HIP-a (sije\u010danj &#8211; velja\u010da 2022.)\" tabindex=\"-1\" >\n\t\t\tOp\u0161irnije \u00bb\t\t<\/a>\n\n\t\t\t\t<\/div>\n\t\t\t\t<div class=\"elementor-post__meta-data\">\n\t\t\t\t\t<span class=\"elementor-post-date\">\n\t\t\tMarch 9, 2022\t\t<\/span>\n\t\t\t\t<span class=\"elementor-post-avatar\">\n\t\t\tNo Comments\t\t<\/span>\n\t\t\t\t<\/div>\n\t\t\t\t\t<\/div>\n\t\t<\/article>\n\t\t\t\t<article class=\"elementor-post elementor-grid-item post-6001 post type-post status-publish format-standard hentry category-arhiva-biltena\">\n\t\t\t<div class=\"elementor-post__card\">\n\t\t\t\t<div class=\"elementor-post__text\">\n\t\t\t\t<h3 class=\"elementor-post__title\">\n\t\t\t<a href=\"https:\/\/www.hipzg.hr\/en\/bilten-prinova-sijecan-svibanj-2021-knjiznice-hrvatskog-instituta-za-povijest\/\" >\n\t\t\t\tBilten prinova (sije\u010danj &#8211; svibanj 2021.)\t\t\t<\/a>\n\t\t<\/h3>\n\t\t\t\t<div class=\"elementor-post__excerpt\">\n\t\t\t\t\t<\/div>\n\t\t\n\t\t<a class=\"elementor-post__read-more\" href=\"https:\/\/www.hipzg.hr\/en\/bilten-prinova-sijecan-svibanj-2021-knjiznice-hrvatskog-instituta-za-povijest\/\" aria-label=\"Read more about Bilten prinova (sije\u010danj &#8211; svibanj 2021.)\" tabindex=\"-1\" >\n\t\t\tOp\u0161irnije \u00bb\t\t<\/a>\n\n\t\t\t\t<\/div>\n\t\t\t\t<div class=\"elementor-post__meta-data\">\n\t\t\t\t\t<span class=\"elementor-post-date\">\n\t\t\tMay 13, 2021\t\t<\/span>\n\t\t\t\t<span class=\"elementor-post-avatar\">\n\t\t\tNo Comments\t\t<\/span>\n\t\t\t\t<\/div>\n\t\t\t\t\t<\/div>\n\t\t<\/article>\n\t\t\t\t<\/div>\n\t\t\n\t\t\t\t<div class=\"e-load-more-anchor\" data-page=\"1\" data-max-page=\"2\" data-next-page=\"https:\/\/www.hipzg.hr\/en\/wp-json\/wp\/v2\/pages\/12627\/page\/2\/\"><\/div>\n\t\t\t\t<nav class=\"elementor-pagination\" aria-label=\"Pagination\">\n\t\t\t<span aria-current=\"page\" class=\"page-numbers current\"><span class=\"elementor-screen-only\">Page<\/span>1<\/span>\n<a class=\"page-numbers\" href=\"https:\/\/www.hipzg.hr\/en\/wp-json\/wp\/v2\/pages\/12627\/page\/2\/\"><span class=\"elementor-screen-only\">Page<\/span>2<\/a>\t\t<\/nav>\n\t\t\t\t\t\t<\/div>\n\t\t\t\t<\/div>\n\t\t\t\t<\/div>\n\t\t\t\t<\/div>\n\t\t","protected":false},"excerpt":{"rendered":"<p>Arhiva biltena<\/p>\n","protected":false},"author":6,"featured_media":0,"parent":0,"menu_order":0,"comment_status":"closed","ping_status":"closed","template":"","meta":{"iawp_total_views":3,"footnotes":""},"class_list":["post-12627","page","type-page","status-publish","hentry"],"_links":{"self":[{"href":"https:\/\/www.hipzg.hr\/en\/wp-json\/wp\/v2\/pages\/12627","targetHints":{"allow":["GET"]}}],"collection":[{"href":"https:\/\/www.hipzg.hr\/en\/wp-json\/wp\/v2\/pages"}],"about":[{"href":"https:\/\/www.hipzg.hr\/en\/wp-json\/wp\/v2\/types\/page"}],"author":[{"embeddable":true,"href":"https:\/\/www.hipzg.hr\/en\/wp-json\/wp\/v2\/users\/6"}],"replies":[{"embeddable":true,"href":"https:\/\/www.hipzg.hr\/en\/wp-json\/wp\/v2\/comments?post=12627"}],"version-history":[{"count":3,"href":"https:\/\/www.hipzg.hr\/en\/wp-json\/wp\/v2\/pages\/12627\/revisions"}],"predecessor-version":[{"id":12630,"href":"https:\/\/www.hipzg.hr\/en\/wp-json\/wp\/v2\/pages\/12627\/revisions\/12630"}],"wp:attachment":[{"href":"https:\/\/www.hipzg.hr\/en\/wp-json\/wp\/v2\/media?parent=12627"}],"curies":[{"name":"wp","href":"https:\/\/api.w.org\/{rel}","templated":true}]}}