{"id":12533,"date":"2025-03-28T12:08:19","date_gmt":"2025-03-28T11:08:19","guid":{"rendered":"https:\/\/www.hipzg.hr\/?page_id=12533"},"modified":"2025-03-28T13:00:46","modified_gmt":"2025-03-28T12:00:46","slug":"izjava-o-privatnosti","status":"publish","type":"page","link":"https:\/\/www.hipzg.hr\/en\/izjava-o-privatnosti\/","title":{"rendered":"Izjava o privatnosti"},"content":{"rendered":"\t\t<div data-elementor-type=\"wp-page\" data-elementor-id=\"12533\" class=\"elementor elementor-12533\" data-elementor-post-type=\"page\">\n\t\t\t\t<div class=\"elementor-element elementor-element-c4ec5d7 e-con-full e-flex e-con e-child\" data-id=\"c4ec5d7\" data-element_type=\"container\">\n\t\t\t\t<div class=\"elementor-element elementor-element-0396b89 elementor-widget elementor-widget-heading\" data-id=\"0396b89\" data-element_type=\"widget\" data-widget_type=\"heading.default\">\n\t\t\t\t<div class=\"elementor-widget-container\">\n\t\t\t\t\t<h3 class=\"elementor-heading-title elementor-size-default\">Izjava o privatnosti<\/h3>\t\t\t\t<\/div>\n\t\t\t\t<\/div>\n\t\t\t\t<div class=\"elementor-element elementor-element-7e5f3b7 elementor-widget elementor-widget-text-editor\" data-id=\"7e5f3b7\" data-element_type=\"widget\" data-widget_type=\"text-editor.default\">\n\t\t\t\t<div class=\"elementor-widget-container\">\n\t\t\t\t\t\t\t\t\t<p>Hrvatski institut za povijest (u daljnjem tekstu: &#8220;Institut&#8221;) posve\u0107en je za\u0161titi osobnih podataka svojih korisnika i posjetitelja web stranice. Ova izjava o privatnosti opisuje koje podatke prikupljamo, kako ih koristimo, s kim ih dijelimo i koja su prava korisnika u vezi s njihovim osobnim podacima.<br \/>Kori\u0161tenjem ove web stranice i na\u0161ih usluga, potvr\u0111ujete da ste pro\u010ditali i razumjeli ovu izjavu te se sla\u017eete s na\u010dinom obrade podataka kako je ovdje opisano.<\/p>\t\t\t\t\t\t\t\t<\/div>\n\t\t\t\t<\/div>\n\t\t\t\t<div class=\"elementor-element elementor-element-316bd89 elementor-widget-divider--view-line elementor-widget elementor-widget-divider\" data-id=\"316bd89\" data-element_type=\"widget\" data-widget_type=\"divider.default\">\n\t\t\t\t<div class=\"elementor-widget-container\">\n\t\t\t\t\t\t\t<div class=\"elementor-divider\">\n\t\t\t<span class=\"elementor-divider-separator\">\n\t\t\t\t\t\t<\/span>\n\t\t<\/div>\n\t\t\t\t\t\t<\/div>\n\t\t\t\t<\/div>\n\t\t\t\t<div class=\"elementor-element elementor-element-08d9788 elementor-widget elementor-widget-text-editor\" data-id=\"08d9788\" data-element_type=\"widget\" data-widget_type=\"text-editor.default\">\n\t\t\t\t<div class=\"elementor-widget-container\">\n\t\t\t\t\t\t\t\t\t<h5>Prikupljanje osobnih podataka<\/h5><p>Institut mo\u017ee prikupljati osobne podatke korisnika na nekoliko na\u010dina:<\/p><ul><li>Prilikom registracije korisni\u010dkog ra\u010duna (ime, prezime, e-mail, telefonski broj, adresa)<\/li><li>Prilikom kupnje proizvoda u na\u0161em webshopu (ime, prezime, adresa za dostavu, podaci o pla\u0107anju)<\/li><li>Prilikom kontaktiranja podr\u0161ke (e-mail, telefonski broj, sadr\u017eaj upita)<\/li><li>Automatski putem kola\u010di\u0107a i sli\u010dnih tehnologija (IP adresa, vrsta ure\u0111aja, pregledane stranice \u2013 detalji dostupni u <a href=\"https:\/\/www.hipzg.hr\/politika-kolacica-eu\/\">Politici kola\u010di\u0107a<\/a>)<\/li><\/ul><p style=\"margin-top: 10px;\">Svi prikupljeni podaci koriste se isklju\u010divo u svrhu pru\u017eanja usluga korisnicima, pobolj\u0161anja korisni\u010dkog iskustva te osiguranja sigurnosti transakcija.<\/p>\t\t\t\t\t\t\t\t<\/div>\n\t\t\t\t<\/div>\n\t\t\t\t<div class=\"elementor-element elementor-element-e61bd55 elementor-widget-divider--view-line elementor-widget elementor-widget-divider\" data-id=\"e61bd55\" data-element_type=\"widget\" data-widget_type=\"divider.default\">\n\t\t\t\t<div class=\"elementor-widget-container\">\n\t\t\t\t\t\t\t<div class=\"elementor-divider\">\n\t\t\t<span class=\"elementor-divider-separator\">\n\t\t\t\t\t\t<\/span>\n\t\t<\/div>\n\t\t\t\t\t\t<\/div>\n\t\t\t\t<\/div>\n\t\t\t\t<div class=\"elementor-element elementor-element-1e0323c elementor-widget elementor-widget-text-editor\" data-id=\"1e0323c\" data-element_type=\"widget\" data-widget_type=\"text-editor.default\">\n\t\t\t\t<div class=\"elementor-widget-container\">\n\t\t\t\t\t\t\t\t\t<h5>Svrha obrade podataka<\/h5><p>Prikupljene podatke koristimo u sljede\u0107e svrhe:<\/p><ul><li>Obrada i dostava narud\u017ebi putem webshopa<\/li><li>Osiguranje sigurnog pla\u0107anja preko sustava Teya<\/li><li>Slanje informacija o statusu narud\u017ebi i isporuci<\/li><li>Pru\u017eanje korisni\u010dke podr\u0161ke<\/li><li>Unaprje\u0111enje na\u0161ih proizvoda i usluga<\/li><li>Slanje promotivnih ponuda (samo uz izri\u010dit pristanak korisnika)<\/li><li>Prilagodba sadr\u017eaja web stranice prema interesima korisnika<\/li><\/ul>\t\t\t\t\t\t\t\t<\/div>\n\t\t\t\t<\/div>\n\t\t\t\t<div class=\"elementor-element elementor-element-903caa6 elementor-widget-divider--view-line elementor-widget elementor-widget-divider\" data-id=\"903caa6\" data-element_type=\"widget\" data-widget_type=\"divider.default\">\n\t\t\t\t<div class=\"elementor-widget-container\">\n\t\t\t\t\t\t\t<div class=\"elementor-divider\">\n\t\t\t<span class=\"elementor-divider-separator\">\n\t\t\t\t\t\t<\/span>\n\t\t<\/div>\n\t\t\t\t\t\t<\/div>\n\t\t\t\t<\/div>\n\t\t\t\t<div class=\"elementor-element elementor-element-c2af488 elementor-widget elementor-widget-text-editor\" data-id=\"c2af488\" data-element_type=\"widget\" data-widget_type=\"text-editor.default\">\n\t\t\t\t<div class=\"elementor-widget-container\">\n\t\t\t\t\t\t\t\t\t<h5>Dijeljenje osobnih podataka<\/h5>\nInstitut ne prodaje, ne iznajmljuje i ne ustupa osobne podatke korisnika tre\u0107im stranama, osim u sljede\u0107im slu\u010dajevima:\n<ul>\n \t<li>Pru\u017eatelji usluga pla\u0107anja \u2013 podaci se dijele s partnerima poput Teya, isklju\u010divo radi sigurne obrade pla\u0107anja<\/li>\n \t<li>Dostavne slu\u017ebe \u2013 podaci potrebni za dostavu proizvoda (ime, prezime, adresa) dijele se s kurirskim slu\u017ebama<\/li>\n \t<li>Zakonske obveze \u2013 u slu\u010daju pravnih zahtjeva ili obveza prema zakonima i nadle\u017enim tijelima<\/li>\n \t<li>Analiti\u010dki i marketin\u0161ki partneri \u2013 u svrhu pobolj\u0161anja usluga i korisni\u010dkog iskustva (anonimni podaci)<\/li>\n<\/ul>\n<p style=\"margin-top: 10px;\">Sve tre\u0107e strane s kojima dijelimo podatke obvezne su po\u0161tivati visoke standarde za\u0161tite privatnosti i sigurnosti.<\/p>\t\t\t\t\t\t\t\t<\/div>\n\t\t\t\t<\/div>\n\t\t\t\t<div class=\"elementor-element elementor-element-fb64e24 elementor-widget-divider--view-line elementor-widget elementor-widget-divider\" data-id=\"fb64e24\" data-element_type=\"widget\" data-widget_type=\"divider.default\">\n\t\t\t\t<div class=\"elementor-widget-container\">\n\t\t\t\t\t\t\t<div class=\"elementor-divider\">\n\t\t\t<span class=\"elementor-divider-separator\">\n\t\t\t\t\t\t<\/span>\n\t\t<\/div>\n\t\t\t\t\t\t<\/div>\n\t\t\t\t<\/div>\n\t\t\t\t<div class=\"elementor-element elementor-element-573ac3b elementor-widget elementor-widget-text-editor\" data-id=\"573ac3b\" data-element_type=\"widget\" data-widget_type=\"text-editor.default\">\n\t\t\t\t<div class=\"elementor-widget-container\">\n\t\t\t\t\t\t\t\t\t<h5>Za\u0161tita podataka<\/h5>\nInstitut koristi tehni\u010dke i organizacijske mjere za\u0161tite podataka, uklju\u010duju\u0107i:\n<ul>\n \t<li>Enkripciju podataka tijekom prijenosa<\/li>\n \t<li>Ograni\u010den pristup podacima samo ovla\u0161tenim osobama<\/li>\n \t<li>Redovito a\u017euriranje sigurnosnih protokola<\/li>\n \t<li>Kori\u0161tenje sigurnih sustava za naplatu (Teya)<\/li>\n<\/ul>\n<p style=\"margin-top: 10px;\">Sve tre\u0107e strane s kojima dijelimo podatke obvezne su po\u0161tivati visoke standarde za\u0161tite privatnosti i sigurnosti.<\/p>\t\t\t\t\t\t\t\t<\/div>\n\t\t\t\t<\/div>\n\t\t\t\t<div class=\"elementor-element elementor-element-370e3ab elementor-widget-divider--view-line elementor-widget elementor-widget-divider\" data-id=\"370e3ab\" data-element_type=\"widget\" data-widget_type=\"divider.default\">\n\t\t\t\t<div class=\"elementor-widget-container\">\n\t\t\t\t\t\t\t<div class=\"elementor-divider\">\n\t\t\t<span class=\"elementor-divider-separator\">\n\t\t\t\t\t\t<\/span>\n\t\t<\/div>\n\t\t\t\t\t\t<\/div>\n\t\t\t\t<\/div>\n\t\t\t\t<div class=\"elementor-element elementor-element-1a41f9e elementor-widget elementor-widget-text-editor\" data-id=\"1a41f9e\" data-element_type=\"widget\" data-widget_type=\"text-editor.default\">\n\t\t\t\t<div class=\"elementor-widget-container\">\n\t\t\t\t\t\t\t\t\t<h5>Prava korisnika<\/h5>\nKorisnici imaju sljede\u0107a prava u vezi s njihovim osobnim podacima:\n<ul>\n \t<li>Pravo na pristup \u2013 uvid u prikupljene podatke<\/li>\n \t<li>Pravo na ispravak \u2013 ispravak neto\u010dnih ili nepotpunih podataka<\/li>\n \t<li>Pravo na brisanje \u2013 zahtjev za brisanjem osobnih podataka<\/li>\n \t<li>Pravo na prigovor \u2013 mogu\u0107nost prigovora na obradu podataka u odre\u0111enim situacijama<\/li>\n \t<li>Pravo na prijenos podataka \u2013 zahtjev za prijenos podataka drugom pru\u017eatelju usluga<\/li>\n<\/ul>\n<p style=\"margin-top: 10px;\">Za ostvarivanje svojih prava, korisnici nas mogu kontaktirati putem e-maila: info@hipzg.hr<\/p>\t\t\t\t\t\t\t\t<\/div>\n\t\t\t\t<\/div>\n\t\t\t\t<div class=\"elementor-element elementor-element-54ff83d elementor-widget-divider--view-line elementor-widget elementor-widget-divider\" data-id=\"54ff83d\" data-element_type=\"widget\" data-widget_type=\"divider.default\">\n\t\t\t\t<div class=\"elementor-widget-container\">\n\t\t\t\t\t\t\t<div class=\"elementor-divider\">\n\t\t\t<span class=\"elementor-divider-separator\">\n\t\t\t\t\t\t<\/span>\n\t\t<\/div>\n\t\t\t\t\t\t<\/div>\n\t\t\t\t<\/div>\n\t\t\t\t<div class=\"elementor-element elementor-element-f3eb9bd elementor-widget elementor-widget-text-editor\" data-id=\"f3eb9bd\" data-element_type=\"widget\" data-widget_type=\"text-editor.default\">\n\t\t\t\t<div class=\"elementor-widget-container\">\n\t\t\t\t\t\t\t\t\t<h5>Kola\u010di\u0107i i pra\u0107enje<\/h5><p>Za informacije o kola\u010di\u0107ima i njihovoj upotrebi, molimo posjetite na\u0161u <a href=\"https:\/\/www.hipzg.hr\/politika-kolacica-eu\/\">Politiku kola\u010di\u0107a<\/a>.<\/p>\t\t\t\t\t\t\t\t<\/div>\n\t\t\t\t<\/div>\n\t\t\t\t<div class=\"elementor-element elementor-element-e74fcd3 elementor-widget-divider--view-line elementor-widget elementor-widget-divider\" data-id=\"e74fcd3\" data-element_type=\"widget\" data-widget_type=\"divider.default\">\n\t\t\t\t<div class=\"elementor-widget-container\">\n\t\t\t\t\t\t\t<div class=\"elementor-divider\">\n\t\t\t<span class=\"elementor-divider-separator\">\n\t\t\t\t\t\t<\/span>\n\t\t<\/div>\n\t\t\t\t\t\t<\/div>\n\t\t\t\t<\/div>\n\t\t\t\t<div class=\"elementor-element elementor-element-10ed8d5 elementor-widget elementor-widget-text-editor\" data-id=\"10ed8d5\" data-element_type=\"widget\" data-widget_type=\"text-editor.default\">\n\t\t\t\t<div class=\"elementor-widget-container\">\n\t\t\t\t\t\t\t\t\t<h5>Kontakt informacije<\/h5><p>Za sva pitanja o za\u0161titi privatnosti i obradi podataka, korisnici nas mogu kontaktirati putem:<\/p><ul><li>E-maila: info@hipzg.hr<\/li><li>Adrese: Hrvatski institut za povijest, Opati\u010dka 10, 10000 Zagreb<\/li><li>Telefona: +385 (01) 4851-721<\/li><\/ul><p style=\"margin-top: 10px;\">Ova Izjava o privatnosti stupa na snagu odmah nakon objave na Internetskoj stranici Hrvatskog instituta za povijest. Zadr\u017eavamo pravo izmjena u svrhu uskla\u0111ivanja s va\u017ee\u0107im propisima i poslovnim potrebama.<\/p>\t\t\t\t\t\t\t\t<\/div>\n\t\t\t\t<\/div>\n\t\t\t\t<\/div>\n\t\t\t\t<\/div>\n\t\t","protected":false},"excerpt":{"rendered":"<p>Izjava o privatnosti Hrvatski institut za povijest (u daljnjem tekstu: &#8220;Institut&#8221;) posve\u0107en je za\u0161titi osobnih podataka svojih korisnika i posjetitelja web stranice. Ova izjava o privatnosti opisuje koje podatke prikupljamo, kako ih koristimo, s kim ih dijelimo i koja su prava korisnika u vezi s njihovim osobnim podacima.Kori\u0161tenjem ove web stranice i na\u0161ih usluga, potvr\u0111ujete [&hellip;]<\/p>\n","protected":false},"author":6,"featured_media":0,"parent":0,"menu_order":0,"comment_status":"closed","ping_status":"closed","template":"","meta":{"iawp_total_views":7,"footnotes":""},"class_list":["post-12533","page","type-page","status-publish","hentry"],"_links":{"self":[{"href":"https:\/\/www.hipzg.hr\/en\/wp-json\/wp\/v2\/pages\/12533","targetHints":{"allow":["GET"]}}],"collection":[{"href":"https:\/\/www.hipzg.hr\/en\/wp-json\/wp\/v2\/pages"}],"about":[{"href":"https:\/\/www.hipzg.hr\/en\/wp-json\/wp\/v2\/types\/page"}],"author":[{"embeddable":true,"href":"https:\/\/www.hipzg.hr\/en\/wp-json\/wp\/v2\/users\/6"}],"replies":[{"embeddable":true,"href":"https:\/\/www.hipzg.hr\/en\/wp-json\/wp\/v2\/comments?post=12533"}],"version-history":[{"count":24,"href":"https:\/\/www.hipzg.hr\/en\/wp-json\/wp\/v2\/pages\/12533\/revisions"}],"predecessor-version":[{"id":12565,"href":"https:\/\/www.hipzg.hr\/en\/wp-json\/wp\/v2\/pages\/12533\/revisions\/12565"}],"wp:attachment":[{"href":"https:\/\/www.hipzg.hr\/en\/wp-json\/wp\/v2\/media?parent=12533"}],"curies":[{"name":"wp","href":"https:\/\/api.w.org\/{rel}","templated":true}]}}