{"id":12107,"date":"2024-10-08T10:32:18","date_gmt":"2024-10-08T08:32:18","guid":{"rendered":"https:\/\/www.hipzg.hr\/institutes-expert-service\/"},"modified":"2026-02-23T11:46:08","modified_gmt":"2026-02-23T10:46:08","slug":"the-institutes-professional-services","status":"publish","type":"page","link":"https:\/\/www.hipzg.hr\/en\/the-institutes-professional-services\/","title":{"rendered":"The Institute&#8217;s Professional Services"},"content":{"rendered":"\t\t<div data-elementor-type=\"wp-page\" data-elementor-id=\"12107\" class=\"elementor elementor-12107 elementor-417\" data-elementor-post-type=\"page\">\n\t\t\t\t<div class=\"elementor-element elementor-element-5a4f8d4 e-con-full e-flex e-con e-child\" data-id=\"5a4f8d4\" data-element_type=\"container\">\n\t\t\t\t<div class=\"elementor-element elementor-element-601ec8c elementor-widget elementor-widget-heading\" data-id=\"601ec8c\" data-element_type=\"widget\" data-widget_type=\"heading.default\">\n\t\t\t\t<div class=\"elementor-widget-container\">\n\t\t\t\t\t<h3 class=\"elementor-heading-title elementor-size-default\">The Institute's Professional Services<\/h3>\t\t\t\t<\/div>\n\t\t\t\t<\/div>\n\t\t\t\t<div class=\"elementor-element elementor-element-8f8ec76 elementor-widget elementor-widget-text-editor\" data-id=\"8f8ec76\" data-element_type=\"widget\" data-widget_type=\"text-editor.default\">\n\t\t\t\t<div class=\"elementor-widget-container\">\n\t\t\t\t\t\t\t\t\t<p>The Institute&#8217;s Professional Service performs professional, legal, financial-accounting, statistical, personnel, administrative, computer-IT, documentation, and technical and support tasks for the needs of the Institute.<\/p><p>The Institute&#8217;s professional service has its branches in <a href=\"https:\/\/www.hipzg.hr\/en\/expert-service-zagreb\/\" rel=\"noopener\">the headquarters<\/a> (Opati\u010dka 10, Zagreb) and <a href=\"https:\/\/www.hipzg.hr\/en\/professional-service-slavonski-brod\/\" rel=\"noopener\">the Branch<\/a> (Ante Star\u010devi\u0107a 8, Slavonski Brod)<\/p>\t\t\t\t\t\t\t\t<\/div>\n\t\t\t\t<\/div>\n\t\t\t\t<\/div>\n\t\t\t\t<\/div>\n\t\t","protected":false},"excerpt":{"rendered":"<p>The Institute&#8217;s Professional Services The Institute&#8217;s Professional Service performs professional, legal, financial-accounting, statistical, personnel, administrative, computer-IT, documentation, and technical and support tasks for the needs of the Institute. The Institute&#8217;s professional service has its branches in the headquarters (Opati\u010dka 10, Zagreb) and the Branch (Ante Star\u010devi\u0107a 8, Slavonski Brod)<\/p>\n","protected":false},"author":1,"featured_media":0,"parent":0,"menu_order":0,"comment_status":"closed","ping_status":"closed","template":"","meta":{"iawp_total_views":3,"footnotes":""},"class_list":["post-12107","page","type-page","status-publish","hentry"],"_links":{"self":[{"href":"https:\/\/www.hipzg.hr\/en\/wp-json\/wp\/v2\/pages\/12107","targetHints":{"allow":["GET"]}}],"collection":[{"href":"https:\/\/www.hipzg.hr\/en\/wp-json\/wp\/v2\/pages"}],"about":[{"href":"https:\/\/www.hipzg.hr\/en\/wp-json\/wp\/v2\/types\/page"}],"author":[{"embeddable":true,"href":"https:\/\/www.hipzg.hr\/en\/wp-json\/wp\/v2\/users\/1"}],"replies":[{"embeddable":true,"href":"https:\/\/www.hipzg.hr\/en\/wp-json\/wp\/v2\/comments?post=12107"}],"version-history":[{"count":6,"href":"https:\/\/www.hipzg.hr\/en\/wp-json\/wp\/v2\/pages\/12107\/revisions"}],"predecessor-version":[{"id":14398,"href":"https:\/\/www.hipzg.hr\/en\/wp-json\/wp\/v2\/pages\/12107\/revisions\/14398"}],"wp:attachment":[{"href":"https:\/\/www.hipzg.hr\/en\/wp-json\/wp\/v2\/media?parent=12107"}],"curies":[{"name":"wp","href":"https:\/\/api.w.org\/{rel}","templated":true}]}}