{"id":12099,"date":"2024-10-30T13:04:57","date_gmt":"2024-10-30T12:04:57","guid":{"rendered":"https:\/\/www.hipzg.hr\/competitions\/"},"modified":"2026-02-23T12:55:14","modified_gmt":"2026-02-23T11:55:14","slug":"career-opportunities","status":"publish","type":"page","link":"https:\/\/www.hipzg.hr\/en\/career-opportunities\/","title":{"rendered":"Career Opportunities"},"content":{"rendered":"\t\t<div data-elementor-type=\"wp-page\" data-elementor-id=\"12099\" class=\"elementor elementor-12099 elementor-7111\" data-elementor-post-type=\"page\">\n\t\t\t\t<div class=\"elementor-element elementor-element-d34ca72 e-flex e-con-boxed e-con e-parent\" data-id=\"d34ca72\" data-element_type=\"container\">\n\t\t\t\t\t<div class=\"e-con-inner\">\n\t\t<div class=\"elementor-element elementor-element-0eb869a e-con-full e-flex e-con e-child\" data-id=\"0eb869a\" data-element_type=\"container\">\n\t\t\t\t<div class=\"elementor-element elementor-element-4a7bb12 elementor-widget elementor-widget-heading\" data-id=\"4a7bb12\" data-element_type=\"widget\" data-widget_type=\"heading.default\">\n\t\t\t\t<div class=\"elementor-widget-container\">\n\t\t\t\t\t<h2 class=\"elementor-heading-title elementor-size-default\">Career Opportunities<\/h2>\t\t\t\t<\/div>\n\t\t\t\t<\/div>\n\t\t\t\t<div class=\"elementor-element elementor-element-64e6464 elementor-grid-3 elementor-grid-tablet-2 elementor-grid-mobile-1 elementor-posts--thumbnail-top elementor-posts--show-avatar elementor-card-shadow-yes elementor-posts__hover-gradient elementor-widget elementor-widget-posts\" data-id=\"64e6464\" data-element_type=\"widget\" data-settings=\"{&quot;pagination_type&quot;:&quot;numbers&quot;,&quot;cards_columns&quot;:&quot;3&quot;,&quot;cards_columns_tablet&quot;:&quot;2&quot;,&quot;cards_columns_mobile&quot;:&quot;1&quot;,&quot;cards_row_gap&quot;:{&quot;unit&quot;:&quot;px&quot;,&quot;size&quot;:35,&quot;sizes&quot;:[]},&quot;cards_row_gap_tablet&quot;:{&quot;unit&quot;:&quot;px&quot;,&quot;size&quot;:&quot;&quot;,&quot;sizes&quot;:[]},&quot;cards_row_gap_mobile&quot;:{&quot;unit&quot;:&quot;px&quot;,&quot;size&quot;:&quot;&quot;,&quot;sizes&quot;:[]}}\" data-widget_type=\"posts.cards\">\n\t\t\t\t<div class=\"elementor-widget-container\">\n\t\t\t\t\t\t\t<div class=\"elementor-posts-container elementor-posts elementor-posts--skin-cards elementor-grid\">\n\t\t\t\t<article class=\"elementor-post elementor-grid-item post-15544 post type-post status-publish format-standard hentry category-aktualnosti category-najave-i-dogadanja\">\n\t\t\t<div class=\"elementor-post__card\">\n\t\t\t\t<div class=\"elementor-post__text\">\n\t\t\t\t<h3 class=\"elementor-post__title\">\n\t\t\t<a href=\"https:\/\/www.hipzg.hr\/en\/trinaesti-festival-povijesti-kliofest-5-8-svibnja-2026\/\" >\n\t\t\t\tTrinaesti Festival povijesti &#8211; Kliofest 5\u20138. svibnja 2026.\t\t\t<\/a>\n\t\t<\/h3>\n\t\t\t\t<div class=\"elementor-post__excerpt\">\n\t\t\t<p>Mjesta odr\u017eavanja programskih aktivnosti u Zagrebu: Nacionalna i sveu\u010dili\u0161na knji\u017enica, Hrvatske bratske zajednice 4 \/ Filozofski fakultet, Lu\u010di\u0107eva 3 \/ Knji\u017enica Fakulteta hrvatskih studija, Borongajska 83d \/ Knji\u017enica i \u010ditaonica Bogdana Ogrizovi\u0107a, Preradovi\u0107eva 5 \/<\/p>\n\t\t<\/div>\n\t\t\n\t\t<a class=\"elementor-post__read-more\" href=\"https:\/\/www.hipzg.hr\/en\/trinaesti-festival-povijesti-kliofest-5-8-svibnja-2026\/\" aria-label=\"Read more about Trinaesti Festival povijesti &#8211; Kliofest 5\u20138. svibnja 2026.\" tabindex=\"-1\" >\n\t\t\tMore \u00bb\t\t<\/a>\n\n\t\t\t\t<\/div>\n\t\t\t\t<div class=\"elementor-post__meta-data\">\n\t\t\t\t\t<span class=\"elementor-post-date\">\n\t\t\tApril 28, 2026\t\t<\/span>\n\t\t\t\t<span class=\"elementor-post-avatar\">\n\t\t\tNo Comments\t\t<\/span>\n\t\t\t\t<\/div>\n\t\t\t\t\t<\/div>\n\t\t<\/article>\n\t\t\t\t<article class=\"elementor-post elementor-grid-item post-15479 post type-post status-publish format-standard hentry category-announcements-and-events category-current-events\">\n\t\t\t<div class=\"elementor-post__card\">\n\t\t\t\t<div class=\"elementor-post__text\">\n\t\t\t\t<h3 class=\"elementor-post__title\">\n\t\t\t<a href=\"https:\/\/www.hipzg.hr\/en\/15479\/\" >\n\t\t\t\tState Science Awards for 2024\t\t\t<\/a>\n\t\t<\/h3>\n\t\t\t\t<div class=\"elementor-post__excerpt\">\n\t\t\t<p>We are proud and happy to announce that the Committee for the Award of State Science Awards, at its session held on April 16, 2026, adopted the Decision on the Award of State Science Awards<\/p>\n\t\t<\/div>\n\t\t\n\t\t<a class=\"elementor-post__read-more\" href=\"https:\/\/www.hipzg.hr\/en\/15479\/\" aria-label=\"Read more about State Science Awards for 2024\" tabindex=\"-1\" >\n\t\t\tMore \u00bb\t\t<\/a>\n\n\t\t\t\t<\/div>\n\t\t\t\t<div class=\"elementor-post__meta-data\">\n\t\t\t\t\t<span class=\"elementor-post-date\">\n\t\t\tApril 20, 2026\t\t<\/span>\n\t\t\t\t<span class=\"elementor-post-avatar\">\n\t\t\tNo Comments\t\t<\/span>\n\t\t\t\t<\/div>\n\t\t\t\t\t<\/div>\n\t\t<\/article>\n\t\t\t\t<article class=\"elementor-post elementor-grid-item post-15477 post type-post status-publish format-standard hentry category-announcements-and-events category-current-events category-research-results\">\n\t\t\t<div class=\"elementor-post__card\">\n\t\t\t\t<div class=\"elementor-post__text\">\n\t\t\t\t<h3 class=\"elementor-post__title\">\n\t\t\t<a href=\"https:\/\/www.hipzg.hr\/en\/new-project-of-the-croatian-institute-of-history\/\" >\n\t\t\t\tNew project of the Croatian Institute of History\t\t\t<\/a>\n\t\t<\/h3>\n\t\t\t\t<div class=\"elementor-post__excerpt\">\n\t\t\t<p>At the regular session of the Government of the Republic of Croatia, on 16 April 2026, a Conclusion was adopted launching the scientific project \u201cVictims of Wars and State\/Political Violence in Croatian History of the<\/p>\n\t\t<\/div>\n\t\t\n\t\t<a class=\"elementor-post__read-more\" href=\"https:\/\/www.hipzg.hr\/en\/new-project-of-the-croatian-institute-of-history\/\" aria-label=\"Read more about New project of the Croatian Institute of History\" tabindex=\"-1\" >\n\t\t\tMore \u00bb\t\t<\/a>\n\n\t\t\t\t<\/div>\n\t\t\t\t<div class=\"elementor-post__meta-data\">\n\t\t\t\t\t<span class=\"elementor-post-date\">\n\t\t\tApril 16, 2026\t\t<\/span>\n\t\t\t\t<span class=\"elementor-post-avatar\">\n\t\t\tNo Comments\t\t<\/span>\n\t\t\t\t<\/div>\n\t\t\t\t\t<\/div>\n\t\t<\/article>\n\t\t\t\t<article class=\"elementor-post elementor-grid-item post-15428 post type-post status-publish format-standard hentry category-aktualnosti category-natjecaji\">\n\t\t\t<div class=\"elementor-post__card\">\n\t\t\t\t<div class=\"elementor-post__text\">\n\t\t\t\t<h3 class=\"elementor-post__title\">\n\t\t\t<a href=\"https:\/\/www.hipzg.hr\/en\/15428\/\" >\n\t\t\t\tNATJE\u010cAJ za izbor na znanstveno radno mjesto znanstveni suradnik u Znanstvenom odjelu za ranonovovjekovnu povijest &#8211; 1 izvr\u0161itelj\/izvr\u0161iteljica\t\t\t<\/a>\n\t\t<\/h3>\n\t\t\t\t<div class=\"elementor-post__excerpt\">\n\t\t\t<p>HRVATSKI INSTITUT ZA POVIJEST Opati\u010dka 10, 10 000 Zagreb E-mail: institut@isp.hr Tel:01\/4851-720, Fax:01\/4851-725 \u00a0 Na temelju Programskog ugovora kojim se utvr\u0111uje vi\u0161egodi\u0161nje financiranje osnovne, razvojne i izvedbene prora\u010dunske komponente Hrvatskog instituta za povijest (Klasa: 402-08\/23-40\/01;<\/p>\n\t\t<\/div>\n\t\t\n\t\t<a class=\"elementor-post__read-more\" href=\"https:\/\/www.hipzg.hr\/en\/15428\/\" aria-label=\"Read more about NATJE\u010cAJ za izbor na znanstveno radno mjesto znanstveni suradnik u Znanstvenom odjelu za ranonovovjekovnu povijest &#8211; 1 izvr\u0161itelj\/izvr\u0161iteljica\" tabindex=\"-1\" >\n\t\t\tMore \u00bb\t\t<\/a>\n\n\t\t\t\t<\/div>\n\t\t\t\t<div class=\"elementor-post__meta-data\">\n\t\t\t\t\t<span class=\"elementor-post-date\">\n\t\t\tApril 13, 2026\t\t<\/span>\n\t\t\t\t<span class=\"elementor-post-avatar\">\n\t\t\tNo Comments\t\t<\/span>\n\t\t\t\t<\/div>\n\t\t\t\t\t<\/div>\n\t\t<\/article>\n\t\t\t\t<article class=\"elementor-post elementor-grid-item post-15415 post type-post status-publish format-standard hentry category-announcements-and-events category-current-events\">\n\t\t\t<div class=\"elementor-post__card\">\n\t\t\t\t<div class=\"elementor-post__text\">\n\t\t\t\t<h3 class=\"elementor-post__title\">\n\t\t\t<a href=\"https:\/\/www.hipzg.hr\/en\/call-for-papers-for-the-international-conference-the-limits-of-unfreedom-the-zadar-circle-1966-intellectual-opposition-in-an-authoritarian-society\/\" >\n\t\t\t\tCall for Papers for the international conference: \u201cThe Limits of (Un)Freedom: The Zadar Circle 1966. Intellectual Opposition in an Authoritarian Society\u201d  October 22-23, 2026\t\t\t<\/a>\n\t\t<\/h3>\n\t\t\t\t<div class=\"elementor-post__excerpt\">\n\t\t\t<p>Call for Papers for the international conference: \u201cThe Limits of (Un)Freedom: The Zadar Circle 1966. Intellectual Opposition in an Authoritarian Society\u201d &nbsp; On the sixtieth anniversary of the attempted founding of the journal Slobodan glas<\/p>\n\t\t<\/div>\n\t\t\n\t\t<a class=\"elementor-post__read-more\" href=\"https:\/\/www.hipzg.hr\/en\/call-for-papers-for-the-international-conference-the-limits-of-unfreedom-the-zadar-circle-1966-intellectual-opposition-in-an-authoritarian-society\/\" aria-label=\"Read more about Call for Papers for the international conference: \u201cThe Limits of (Un)Freedom: The Zadar Circle 1966. Intellectual Opposition in an Authoritarian Society\u201d  October 22-23, 2026\" tabindex=\"-1\" >\n\t\t\tMore \u00bb\t\t<\/a>\n\n\t\t\t\t<\/div>\n\t\t\t\t<div class=\"elementor-post__meta-data\">\n\t\t\t\t\t<span class=\"elementor-post-date\">\n\t\t\tApril 9, 2026\t\t<\/span>\n\t\t\t\t<span class=\"elementor-post-avatar\">\n\t\t\tNo Comments\t\t<\/span>\n\t\t\t\t<\/div>\n\t\t\t\t\t<\/div>\n\t\t<\/article>\n\t\t\t\t<article class=\"elementor-post elementor-grid-item post-15357 post type-post status-publish format-standard hentry category-aktualnosti category-natjecaji\">\n\t\t\t<div class=\"elementor-post__card\">\n\t\t\t\t<div class=\"elementor-post__text\">\n\t\t\t\t<h3 class=\"elementor-post__title\">\n\t\t\t<a href=\"https:\/\/www.hipzg.hr\/en\/n-a-t-j-e-c-a-j-za-znanstveno-radno-mjesto-u-znanstvenom-odjelu-za-suvremenu-povijest-hrvatskog-instituta-za-povijest-1-izvrsitelj-izvrsiteljica\/\" >\n\t\t\t\tN A T J E \u010c A J za izbor na znanstveno radno mjesto u Znanstvenom odjelu za suvremenu povijest Hrvatskog instituta za povijest &#8211; 1 izvr\u0161itelj\/izvr\u0161iteljica.\t\t\t<\/a>\n\t\t<\/h3>\n\t\t\t\t<div class=\"elementor-post__excerpt\">\n\t\t\t<p>HRVATSKI INSTITUT ZA POVIJEST Opati\u010dka 10, 10 000 Zagreb E-mail: institut@isp.hr Tel:01\/4851-720, Fax:01\/4851-725 Na temelju Programskog ugovora kojim se utvr\u0111uje vi\u0161egodi\u0161nje financiranje osnovne, razvojne i izvedbene prora\u010dunske komponente Hrvatskog instituta za povijest (Klasa: 402-08\/23-40\/01; Urbroj:<\/p>\n\t\t<\/div>\n\t\t\n\t\t<a class=\"elementor-post__read-more\" href=\"https:\/\/www.hipzg.hr\/en\/n-a-t-j-e-c-a-j-za-znanstveno-radno-mjesto-u-znanstvenom-odjelu-za-suvremenu-povijest-hrvatskog-instituta-za-povijest-1-izvrsitelj-izvrsiteljica\/\" aria-label=\"Read more about N A T J E \u010c A J za izbor na znanstveno radno mjesto u Znanstvenom odjelu za suvremenu povijest Hrvatskog instituta za povijest &#8211; 1 izvr\u0161itelj\/izvr\u0161iteljica.\" tabindex=\"-1\" >\n\t\t\tMore \u00bb\t\t<\/a>\n\n\t\t\t\t<\/div>\n\t\t\t\t<div class=\"elementor-post__meta-data\">\n\t\t\t\t\t<span class=\"elementor-post-date\">\n\t\t\tApril 1, 2026\t\t<\/span>\n\t\t\t\t<span class=\"elementor-post-avatar\">\n\t\t\tNo Comments\t\t<\/span>\n\t\t\t\t<\/div>\n\t\t\t\t\t<\/div>\n\t\t<\/article>\n\t\t\t\t<article class=\"elementor-post elementor-grid-item post-15303 post type-post status-publish format-standard hentry category-aktualnosti category-knjige-i-casopisi category-najave-i-dogadanja\">\n\t\t\t<div class=\"elementor-post__card\">\n\t\t\t\t<div class=\"elementor-post__text\">\n\t\t\t\t<h3 class=\"elementor-post__title\">\n\t\t\t<a href=\"https:\/\/www.hipzg.hr\/en\/predstavljanje-nove-knjige-skripari-8-travnja-2026-u-hda\/\" >\n\t\t\t\tPredstavljanje nove knjige &#8220;\u0160kripari&#8221; &#8211; 8. travnja 2026. u HDA\t\t\t<\/a>\n\t\t<\/h3>\n\t\t\t\t<div class=\"elementor-post__excerpt\">\n\t\t\t<p>Predstavljanje knjige \u0160kripari Hrvatski pokret otpora u Bosni i Hercegovini\u00a0 od 1945. do 1951. odr\u017eat \u0107e se u\u00a0srijedu, 8. travnja\u00a02026. u Hrvatskom dr\u017eavnom arhivu, Trg Marka Maruli\u0107a 21, Zagreb, s po\u010detkom u 18 sati. O<\/p>\n\t\t<\/div>\n\t\t\n\t\t<a class=\"elementor-post__read-more\" href=\"https:\/\/www.hipzg.hr\/en\/predstavljanje-nove-knjige-skripari-8-travnja-2026-u-hda\/\" aria-label=\"Read more about Predstavljanje nove knjige &#8220;\u0160kripari&#8221; &#8211; 8. travnja 2026. u HDA\" tabindex=\"-1\" >\n\t\t\tMore \u00bb\t\t<\/a>\n\n\t\t\t\t<\/div>\n\t\t\t\t<div class=\"elementor-post__meta-data\">\n\t\t\t\t\t<span class=\"elementor-post-date\">\n\t\t\tMarch 27, 2026\t\t<\/span>\n\t\t\t\t<span class=\"elementor-post-avatar\">\n\t\t\tNo Comments\t\t<\/span>\n\t\t\t\t<\/div>\n\t\t\t\t\t<\/div>\n\t\t<\/article>\n\t\t\t\t<article class=\"elementor-post elementor-grid-item post-15276 post type-post status-publish format-standard hentry category-aktualnosti category-najave-i-dogadanja\">\n\t\t\t<div class=\"elementor-post__card\">\n\t\t\t\t<div class=\"elementor-post__text\">\n\t\t\t\t<h3 class=\"elementor-post__title\">\n\t\t\t<a href=\"https:\/\/www.hipzg.hr\/en\/23-03-2026-potpisan-ugovor-o-znanstveno-istrazivackoj-suradnji-projekt-temelji-hrvatske-samostalnosti\/\" >\n\t\t\t\t23.03.2026. POTPISAN UGOVOR O ZNANSTVENO-ISTRA\u017dIVA\u010cKOJ SURADNJI: PROJEKT \u201eTEMELJI HRVATSKE SAMOSTALNOSTI&#8221;\t\t\t<\/a>\n\t\t<\/h3>\n\t\t\t\t<div class=\"elementor-post__excerpt\">\n\t\t\t<p>Hrvatski institut za povijest, Sveu\u010dili\u0161te obrane i sigurnosti \u201eDr. Franjo Tu\u0111man&#8221;, Institut dru\u0161tvenih znanosti Ivo Pilar i Hrvatski dr\u017eavni arhiv\u00a0potpisali su 23. o\u017eujka 2026.\u00a0Ugovor o znanstveno-istra\u017eiva\u010dkoj suradnji s ciljem provedbe projekta \u201eTemelji hrvatske samostalnosti&#8221;. Tim<\/p>\n\t\t<\/div>\n\t\t\n\t\t<a class=\"elementor-post__read-more\" href=\"https:\/\/www.hipzg.hr\/en\/23-03-2026-potpisan-ugovor-o-znanstveno-istrazivackoj-suradnji-projekt-temelji-hrvatske-samostalnosti\/\" aria-label=\"Read more about 23.03.2026. POTPISAN UGOVOR O ZNANSTVENO-ISTRA\u017dIVA\u010cKOJ SURADNJI: PROJEKT \u201eTEMELJI HRVATSKE SAMOSTALNOSTI&#8221;\" tabindex=\"-1\" >\n\t\t\tMore \u00bb\t\t<\/a>\n\n\t\t\t\t<\/div>\n\t\t\t\t<div class=\"elementor-post__meta-data\">\n\t\t\t\t\t<span class=\"elementor-post-date\">\n\t\t\tMarch 24, 2026\t\t<\/span>\n\t\t\t\t<span class=\"elementor-post-avatar\">\n\t\t\tNo Comments\t\t<\/span>\n\t\t\t\t<\/div>\n\t\t\t\t\t<\/div>\n\t\t<\/article>\n\t\t\t\t<article class=\"elementor-post elementor-grid-item post-15272 post type-post status-publish format-standard hentry category-aktualnosti category-najave-i-dogadanja\">\n\t\t\t<div class=\"elementor-post__card\">\n\t\t\t\t<div class=\"elementor-post__text\">\n\t\t\t\t<h3 class=\"elementor-post__title\">\n\t\t\t<a href=\"https:\/\/www.hipzg.hr\/en\/14-03-2026-odrzano-predavanje-dr-sc-josipa-mihaljevica-u-wuppertalu-gastarbajteri-neispricana-povijest-jedne-generacije\/\" >\n\t\t\t\t14.03.2026. odr\u017eano predavanje dr. sc. Josipa Mihaljevi\u0107a u Wuppertalu: \u201eGastarbajteri: neispri\u010dana povijest jedne generacije\u201c\t\t\t<\/a>\n\t\t<\/h3>\n\t\t\t\t<div class=\"elementor-post__excerpt\">\n\t\t\t<p>U subotu, 14. o\u017eujka 2026., u Wuppertalu je odr\u017ean edukativno-informativni doga\u0111aj Quo vadis Croatia?, u organizaciji Hrvatske kulturne inicijative, u suradnji s Hrvatskim institutom za povijest i Generalnim konzulatom Republike Hrvatske u D\u00fcsseldorfu. Tom je<\/p>\n\t\t<\/div>\n\t\t\n\t\t<a class=\"elementor-post__read-more\" href=\"https:\/\/www.hipzg.hr\/en\/14-03-2026-odrzano-predavanje-dr-sc-josipa-mihaljevica-u-wuppertalu-gastarbajteri-neispricana-povijest-jedne-generacije\/\" aria-label=\"Read more about 14.03.2026. odr\u017eano predavanje dr. sc. Josipa Mihaljevi\u0107a u Wuppertalu: \u201eGastarbajteri: neispri\u010dana povijest jedne generacije\u201c\" tabindex=\"-1\" >\n\t\t\tMore \u00bb\t\t<\/a>\n\n\t\t\t\t<\/div>\n\t\t\t\t<div class=\"elementor-post__meta-data\">\n\t\t\t\t\t<span class=\"elementor-post-date\">\n\t\t\tMarch 24, 2026\t\t<\/span>\n\t\t\t\t<span class=\"elementor-post-avatar\">\n\t\t\tNo Comments\t\t<\/span>\n\t\t\t\t<\/div>\n\t\t\t\t\t<\/div>\n\t\t<\/article>\n\t\t\t\t<article class=\"elementor-post elementor-grid-item post-15101 post type-post status-publish format-standard hentry category-current-events\">\n\t\t\t<div class=\"elementor-post__card\">\n\t\t\t\t<div class=\"elementor-post__text\">\n\t\t\t\t<h3 class=\"elementor-post__title\">\n\t\t\t<a href=\"https:\/\/www.hipzg.hr\/en\/lovorka-coralic-phd-1968-2026-has-passed-away\/\" >\n\t\t\t\tLovorka \u010corali\u0107, PhD (1968.\u20132026.), has passed away\t\t\t<\/a>\n\t\t<\/h3>\n\t\t\t\t<div class=\"elementor-post__excerpt\">\n\t\t\t<p>To all colleagues and friends of the Institute, it is with great pain and disbelief that we share the sad news that on Saturday, March 14, 2026, our dear colleague, scientific advisor with tenure, PhD<\/p>\n\t\t<\/div>\n\t\t\n\t\t<a class=\"elementor-post__read-more\" href=\"https:\/\/www.hipzg.hr\/en\/lovorka-coralic-phd-1968-2026-has-passed-away\/\" aria-label=\"Read more about Lovorka \u010corali\u0107, PhD (1968.\u20132026.), has passed away\" tabindex=\"-1\" >\n\t\t\tMore \u00bb\t\t<\/a>\n\n\t\t\t\t<\/div>\n\t\t\t\t<div class=\"elementor-post__meta-data\">\n\t\t\t\t\t<span class=\"elementor-post-date\">\n\t\t\tMarch 16, 2026\t\t<\/span>\n\t\t\t\t<span class=\"elementor-post-avatar\">\n\t\t\tNo Comments\t\t<\/span>\n\t\t\t\t<\/div>\n\t\t\t\t\t<\/div>\n\t\t<\/article>\n\t\t\t\t<article class=\"elementor-post elementor-grid-item post-14531 post type-post status-publish format-standard hentry category-aktualnosti\">\n\t\t\t<div class=\"elementor-post__card\">\n\t\t\t\t<div class=\"elementor-post__text\">\n\t\t\t\t<h3 class=\"elementor-post__title\">\n\t\t\t<a href=\"https:\/\/www.hipzg.hr\/en\/u-hrvatskom-drzavnom-arhivu-potpisan-sporazum-o-suradnji-u-okviru-nacionalnog-ureda-ehri-hr\/\" >\n\t\t\t\tU Hrvatskom dr\u017eavnom arhivu potpisan Sporazum o suradnji u okviru Nacionalnog ureda EHRI-HR\t\t\t<\/a>\n\t\t<\/h3>\n\t\t\t\t<div class=\"elementor-post__excerpt\">\n\t\t\t<p>Sve\u010dano potpisivanje Sporazuma o suradnji partnerskih institucija u okviru Nacionalnog ureda EHRI-HR odr\u017eano je 10. velja\u010de 2026. godine u profesorskoj \u010ditaonici Hrvatskog dr\u017eavnog arhiva u Zagrebu. Rije\u010d je o va\u017enom iskoraku u ja\u010danju hrvatske sastavnice<\/p>\n\t\t<\/div>\n\t\t\n\t\t<a class=\"elementor-post__read-more\" href=\"https:\/\/www.hipzg.hr\/en\/u-hrvatskom-drzavnom-arhivu-potpisan-sporazum-o-suradnji-u-okviru-nacionalnog-ureda-ehri-hr\/\" aria-label=\"Read more about U Hrvatskom dr\u017eavnom arhivu potpisan Sporazum o suradnji u okviru Nacionalnog ureda EHRI-HR\" tabindex=\"-1\" >\n\t\t\tMore \u00bb\t\t<\/a>\n\n\t\t\t\t<\/div>\n\t\t\t\t<div class=\"elementor-post__meta-data\">\n\t\t\t\t\t<span class=\"elementor-post-date\">\n\t\t\tFebruary 28, 2026\t\t<\/span>\n\t\t\t\t<span class=\"elementor-post-avatar\">\n\t\t\tNo Comments\t\t<\/span>\n\t\t\t\t<\/div>\n\t\t\t\t\t<\/div>\n\t\t<\/article>\n\t\t\t\t<article class=\"elementor-post elementor-grid-item post-14321 post type-post status-publish format-standard hentry category-najave-i-dogadanja\">\n\t\t\t<div class=\"elementor-post__card\">\n\t\t\t\t<div class=\"elementor-post__text\">\n\t\t\t\t<h3 class=\"elementor-post__title\">\n\t\t\t<a href=\"https:\/\/www.hipzg.hr\/en\/24-2-2026-poziv-na-promociju-zbornika-radova-repression-and-human-losses-in-20th-century-croatia-urednika-nikice-barica\/\" >\n\t\t\t\t24.2.2026. u 14 sati POZIV na promociju Zbornika radova Repression and Human Losses in 20th Century Croatia, urednika Nikice Bari\u0107a\t\t\t<\/a>\n\t\t<\/h3>\n\t\t\t\t<div class=\"elementor-post__excerpt\">\n\t\t\t<p>&nbsp; Hrvatski institut za povijest i Tragovi pro\u0161losti d.o.o. pozivaju Vas na promociju Zbornika radova Repression and Human Losses in 20th Century Croatia, urednika Nikice Bari\u0107a. Promocija \u0107e se odr\u017eati 24. velja\u010de u 14 sati<\/p>\n\t\t<\/div>\n\t\t\n\t\t<a class=\"elementor-post__read-more\" href=\"https:\/\/www.hipzg.hr\/en\/24-2-2026-poziv-na-promociju-zbornika-radova-repression-and-human-losses-in-20th-century-croatia-urednika-nikice-barica\/\" aria-label=\"Read more about 24.2.2026. u 14 sati POZIV na promociju Zbornika radova Repression and Human Losses in 20th Century Croatia, urednika Nikice Bari\u0107a\" tabindex=\"-1\" >\n\t\t\tMore \u00bb\t\t<\/a>\n\n\t\t\t\t<\/div>\n\t\t\t\t<div class=\"elementor-post__meta-data\">\n\t\t\t\t\t<span class=\"elementor-post-date\">\n\t\t\tFebruary 18, 2026\t\t<\/span>\n\t\t\t\t<span class=\"elementor-post-avatar\">\n\t\t\tNo Comments\t\t<\/span>\n\t\t\t\t<\/div>\n\t\t\t\t\t<\/div>\n\t\t<\/article>\n\t\t\t\t<\/div>\n\t\t\n\t\t\t\t<div class=\"e-load-more-anchor\" data-page=\"1\" data-max-page=\"61\" data-next-page=\"https:\/\/www.hipzg.hr\/en\/wp-json\/wp\/v2\/pages\/12099\/page\/2\/\"><\/div>\n\t\t\t\t<nav class=\"elementor-pagination\" aria-label=\"Pagination\">\n\t\t\t<span aria-current=\"page\" class=\"page-numbers current\"><span class=\"elementor-screen-only\">Page<\/span>1<\/span>\n<a class=\"page-numbers\" href=\"https:\/\/www.hipzg.hr\/en\/wp-json\/wp\/v2\/pages\/12099\/page\/2\/\"><span class=\"elementor-screen-only\">Page<\/span>2<\/a>\n<a class=\"page-numbers\" href=\"https:\/\/www.hipzg.hr\/en\/wp-json\/wp\/v2\/pages\/12099\/page\/3\/\"><span class=\"elementor-screen-only\">Page<\/span>3<\/a>\n<a class=\"page-numbers\" href=\"https:\/\/www.hipzg.hr\/en\/wp-json\/wp\/v2\/pages\/12099\/page\/4\/\"><span class=\"elementor-screen-only\">Page<\/span>4<\/a>\n<a class=\"page-numbers\" href=\"https:\/\/www.hipzg.hr\/en\/wp-json\/wp\/v2\/pages\/12099\/page\/5\/\"><span class=\"elementor-screen-only\">Page<\/span>5<\/a>\t\t<\/nav>\n\t\t\t\t\t\t<\/div>\n\t\t\t\t<\/div>\n\t\t\t\t<\/div>\n\t\t\t\t\t<\/div>\n\t\t\t\t<\/div>\n\t\t\t\t<\/div>\n\t\t","protected":false},"excerpt":{"rendered":"<p>Career Opportunities<\/p>\n","protected":false},"author":6,"featured_media":0,"parent":0,"menu_order":0,"comment_status":"closed","ping_status":"closed","template":"","meta":{"iawp_total_views":11,"footnotes":""},"class_list":["post-12099","page","type-page","status-publish","hentry"],"_links":{"self":[{"href":"https:\/\/www.hipzg.hr\/en\/wp-json\/wp\/v2\/pages\/12099","targetHints":{"allow":["GET"]}}],"collection":[{"href":"https:\/\/www.hipzg.hr\/en\/wp-json\/wp\/v2\/pages"}],"about":[{"href":"https:\/\/www.hipzg.hr\/en\/wp-json\/wp\/v2\/types\/page"}],"author":[{"embeddable":true,"href":"https:\/\/www.hipzg.hr\/en\/wp-json\/wp\/v2\/users\/6"}],"replies":[{"embeddable":true,"href":"https:\/\/www.hipzg.hr\/en\/wp-json\/wp\/v2\/comments?post=12099"}],"version-history":[{"count":21,"href":"https:\/\/www.hipzg.hr\/en\/wp-json\/wp\/v2\/pages\/12099\/revisions"}],"predecessor-version":[{"id":14426,"href":"https:\/\/www.hipzg.hr\/en\/wp-json\/wp\/v2\/pages\/12099\/revisions\/14426"}],"wp:attachment":[{"href":"https:\/\/www.hipzg.hr\/en\/wp-json\/wp\/v2\/media?parent=12099"}],"curies":[{"name":"wp","href":"https:\/\/api.w.org\/{rel}","templated":true}]}}