{"id":12097,"date":"2024-10-31T10:18:56","date_gmt":"2024-10-31T09:18:56","guid":{"rendered":"https:\/\/www.hipzg.hr\/history-of-the-palace\/"},"modified":"2026-02-18T11:01:41","modified_gmt":"2026-02-18T10:01:41","slug":"history-of-the-palace","status":"publish","type":"page","link":"https:\/\/www.hipzg.hr\/en\/history-of-the-palace\/","title":{"rendered":"History of the Palace"},"content":{"rendered":"\t\t<div data-elementor-type=\"wp-page\" data-elementor-id=\"12097\" class=\"elementor elementor-12097 elementor-7143\" data-elementor-post-type=\"page\">\n\t\t\t\t<div class=\"elementor-element elementor-element-d36aef0 e-flex e-con-boxed e-con e-parent\" data-id=\"d36aef0\" data-element_type=\"container\">\n\t\t\t\t\t<div class=\"e-con-inner\">\n\t\t<div class=\"elementor-element elementor-element-82fe3d7 e-con-full e-flex e-con e-child\" data-id=\"82fe3d7\" data-element_type=\"container\">\n\t\t<div class=\"elementor-element elementor-element-228a12e e-con-full e-flex e-con e-child\" data-id=\"228a12e\" data-element_type=\"container\">\n\t\t<div class=\"elementor-element elementor-element-a39303c e-con-full e-flex e-con e-child\" data-id=\"a39303c\" data-element_type=\"container\">\n\t\t\t\t<div class=\"elementor-element elementor-element-21e499b elementor-widget elementor-widget-heading\" data-id=\"21e499b\" data-element_type=\"widget\" data-widget_type=\"heading.default\">\n\t\t\t\t<div class=\"elementor-widget-container\">\n\t\t\t\t\t<h3 class=\"elementor-heading-title elementor-size-default\">History of the Palace<\/h3>\t\t\t\t<\/div>\n\t\t\t\t<\/div>\n\t\t\t\t<div class=\"elementor-element elementor-element-565a63b elementor-widget elementor-widget-text-editor\" data-id=\"565a63b\" data-element_type=\"widget\" data-widget_type=\"text-editor.default\">\n\t\t\t\t<div class=\"elementor-widget-container\">\n\t\t\t\t\t\t\t\t\t<p><img fetchpriority=\"high\" decoding=\"async\" class=\"size-medium wp-image-7463 alignleft\" src=\"https:\/\/www.hipzg.hr\/wp-content\/uploads\/2024\/11\/inst_009-212x300.png\" alt=\"\" width=\"212\" height=\"300\" srcset=\"https:\/\/www.hipzg.hr\/wp-content\/uploads\/2024\/11\/inst_009-212x300.png 212w, https:\/\/www.hipzg.hr\/wp-content\/uploads\/2024\/11\/inst_009.png 306w\" sizes=\"(max-width: 212px) 100vw, 212px\" \/>The palace at Opati\u010dka 10 has spent most of its life and still does, housing various institutions. Only at the very beginning was it a nobleman&#8217;s residential house, and then a palace, but then it did not look nearly as it does today. Archival data show that after the great fire in 1706, there were four houses on the site of the present-day plot, of which only one was built. It is evident that this is a house built on the site of the present-day palace, according to the plans for a one-story house with a basement, with an L-shaped ground plan, which was located on the line of the medieval defensive wall. In 1810, Josip Vojkovi\u0107 (Vojkffy) bought land under the house, towards Duga (today&#8217;s Radi\u0107eva) Street, in order to arrange a garden. That was when the doors on the eastern facade of the building were opened for the first time, thus establishing communication with the city area outside the walls. In 1838, Vojkovi\u0107&#8217;s heiress Ana Paravi\u0107 began a complete adaptation and reconstruction of the existing house. Aleksandar Brdari\u0107 was hired for this job, and according to his designs a three-winged palace was built in 1840. The old tower that was located next to the house and remained without function was demolished, and the existing building was incorporated into the whole of the new palace. The construction of this palace also introduced some innovations into the usual external organization of the space: an inner courtyard was designed, which was separated from the street only by a fence, the main eastern facade was built in the form of a portico with Ionic columns (a first in Zagreb architecture), and the greenery on the slopes was arranged in the form of a park.            <\/p>\t\t\t\t\t\t\t\t<\/div>\n\t\t\t\t<\/div>\n\t\t\t\t<\/div>\n\t\t\t\t<div class=\"elementor-element elementor-element-8cc8c57 elementor-widget elementor-widget-toggle\" data-id=\"8cc8c57\" data-element_type=\"widget\" data-widget_type=\"toggle.default\">\n\t\t\t\t<div class=\"elementor-widget-container\">\n\t\t\t\t\t\t\t<div class=\"elementor-toggle\">\n\t\t\t\t\t\t\t<div class=\"elementor-toggle-item\">\n\t\t\t\t\t<div id=\"elementor-tab-title-1471\" class=\"elementor-tab-title\" data-tab=\"1\" role=\"button\" aria-controls=\"elementor-tab-content-1471\" aria-expanded=\"false\">\n\t\t\t\t\t\t\t\t\t\t\t\t<span class=\"elementor-toggle-icon elementor-toggle-icon-left\" aria-hidden=\"true\">\n\t\t\t\t\t\t\t\t\t\t\t\t\t\t\t<span class=\"elementor-toggle-icon-closed\"><svg class=\"e-font-icon-svg e-fas-caret-right\" viewBox=\"0 0 192 512\" xmlns=\"http:\/\/www.w3.org\/2000\/svg\"><path d=\"M0 384.662V127.338c0-17.818 21.543-26.741 34.142-14.142l128.662 128.662c7.81 7.81 7.81 20.474 0 28.284L34.142 398.804C21.543 411.404 0 402.48 0 384.662z\"><\/path><\/svg><\/span>\n\t\t\t\t\t\t\t\t<span class=\"elementor-toggle-icon-opened\"><svg class=\"elementor-toggle-icon-opened e-font-icon-svg e-fas-caret-up\" viewBox=\"0 0 320 512\" xmlns=\"http:\/\/www.w3.org\/2000\/svg\"><path d=\"M288.662 352H31.338c-17.818 0-26.741-21.543-14.142-34.142l128.662-128.662c7.81-7.81 20.474-7.81 28.284 0l128.662 128.662c12.6 12.599 3.676 34.142-14.142 34.142z\"><\/path><\/svg><\/span>\n\t\t\t\t\t\t\t\t\t\t\t\t\t<\/span>\n\t\t\t\t\t\t\t\t\t\t\t\t<a class=\"elementor-toggle-title\" tabindex=\"0\">Find out more<\/a>\n\t\t\t\t\t<\/div>\n\n\t\t\t\t\t<div id=\"elementor-tab-content-1471\" class=\"elementor-tab-content elementor-clearfix\" data-tab=\"1\" role=\"region\" aria-labelledby=\"elementor-tab-title-1471\"><p><span class=\"TextRun SCXW30012853 BCX0\" lang=\"HR-HR\" xml:lang=\"HR-HR\" data-contrast=\"auto\"><span class=\"NormalTextRun SCXW30012853 BCX0\">The palace is  <\/span><span class=\"NormalTextRun SCXW30012853 BCX0\">severely damaged in the earthquake that hit Zagreb in 1880 <\/span><span class=\"NormalTextRun SCXW30012853 BCX0\">, and the<\/span> <span class=\"NormalTextRun SCXW30012853 BCX0\">Vojkffy<\/span> <span class=\"NormalTextRun SCXW30012853 BCX0\">-Paravi\u0107 family moved out<\/span> <span class=\"NormalTextRun SCXW30012853 BCX0\">.<\/span> <span class=\"NormalTextRun SCXW30012853 BCX0\">When in 1882<\/span> <span class=\"NormalTextRun SCXW30012853 BCX0\">the Royal Croatian-Slavonian-Dalmatian Provincial Government<\/span> <span class=\"NormalTextRun SCXW30012853 BCX0\">sold its unprofitable property in Kutjevo, it used part of the money it received for it to buy a building at Opati\u010dka 10 and place the Department of Worship and Teaching there<\/span> <span class=\"NormalTextRun SCXW30012853 BCX0\">.<\/span> <span class=\"NormalTextRun SCXW30012853 BCX0\">Soon (1891) the Department was headed by<\/span> <\/span><a class=\"Hyperlink HyperlinkGateOff SCXW30012853 BCX0\" href=\"https:\/\/hbl.lzmk.hr\/clanak\/krsnjavi-iso\" target=\"_blank\" rel=\"noreferrer noopener\"><span class=\"TextRun Underlined UnderlinedGateOff SCXW30012853 BCX0\" lang=\"HR-HR\" xml:lang=\"HR-HR\" data-contrast=\"auto\"><span class=\"NormalTextRun SCXW30012853 BCX0\" data-ccp-charstyle=\"Hyperlink\">Iso<\/span> <span class=\"NormalTextRun SCXW30012853 BCX0\" data-ccp-charstyle=\"Hyperlink\">Kr\u0161njavi<\/span><\/span><\/a> <span class=\"TextRun SCXW30012853 BCX0\" lang=\"HR-HR\" data-contrast=\"auto\" xml:lang=\"HR-HR\"><span class=\"NormalTextRun SCXW30012853 BCX0\">and establishes the Construction Administration for the reconstruction of the building with<\/span><\/span> <a class=\"Hyperlink HyperlinkGateOff SCXW30012853 BCX0\" href=\"https:\/\/hbl.lzmk.hr\/clanak\/bolle-herman\" target=\"_blank\" rel=\"noreferrer noopener\"><span class=\"TextRun Underlined UnderlinedGateOff SCXW30012853 BCX0\" lang=\"HR-HR\" xml:lang=\"HR-HR\" data-contrast=\"auto\"><span class=\"NormalTextRun SCXW30012853 BCX0\" data-ccp-charstyle=\"Hyperlink\">Herman Boll\u00e9<\/span><\/span><\/a><span class=\"TextRun SCXW30012853 BCX0\" lang=\"HR-HR\" xml:lang=\"HR-HR\" data-contrast=\"auto\"><span class=\"NormalTextRun SCXW30012853 BCX0\">  as the leader. Thus began the complete reconstruction of the building, according to Kr\u0161njavi&#8217;s ideas and Boll\u00e9&#8217;s designs, which ended with the ceremonial opening in May 1895 with the performance of the hymn to Delphic Apollo (which had been found in Athens not long before, and it should be noted that this was the fourth performance in Europe).  <\/span><\/span><span class=\"EOP SCXW30012853 BCX0\" data-ccp-props=\"{\"335551550\":6,\"335551620\":6}\"> <\/span><\/p>\n<p><img decoding=\"async\" class=\"size-medium wp-image-7464 alignleft\" src=\"https:\/\/www.hipzg.hr\/wp-content\/uploads\/2024\/11\/inst_010-300x187.png\" alt=\"\" width=\"300\" height=\"187\" srcset=\"https:\/\/www.hipzg.hr\/wp-content\/uploads\/2024\/11\/inst_010-300x187.png 300w, https:\/\/www.hipzg.hr\/wp-content\/uploads\/2024\/11\/inst_010-600x374.png 600w, https:\/\/www.hipzg.hr\/wp-content\/uploads\/2024\/11\/inst_010.png 725w\" sizes=\"(max-width: 300px) 100vw, 300px\" \/><span class=\"TextRun SCXW108794163 BCX0\" lang=\"HR-HR\" xml:lang=\"HR-HR\" data-contrast=\"auto\"><span class=\"NormalTextRun SCXW108794163 BCX0\">First, the courtyard on the street side, facing today&#8217;s Opati\u010dka Street, was adapted: the high wall that blocked the view of the courtyard was replaced with an artistically crafted fence made of wrought iron and tin sheets, and the well was replaced with a fountain in which, according to<\/span> <span class=\"NormalTextRun SCXW108794163 BCX0\">Kr\u0161njavi&#8217;s<\/span> <span class=\"NormalTextRun SCXW108794163 BCX0\">ideas,<\/span> <span class=\"NormalTextRun SCXW108794163 BCX0\">Perseus&#8217;s statue<\/span> was to be placed.<span class=\"NormalTextRun SCXW108794163 BCX0\">  statue. Most of the changes, however, concerned the interior, which had to be adapted to the new function and made as representative as possible. The halls were renovated, the central hall was given a new wooden mirrored vault, the balcony on the eastern facade was removed, and communication between the floors was improved.    <\/span><span class=\"NormalTextRun SCXW108794163 BCX0\">The most important artists of the time were engaged in the work of decorating the palace.  <\/span><\/span><a class=\"Hyperlink HyperlinkGateOff SCXW108794163 BCX0\" href=\"https:\/\/hbl.lzmk.hr\/clanak\/cikos-sesija-bela\" target=\"_blank\" rel=\"noreferrer noopener\"><span class=\"TextRun Underlined UnderlinedGateOff SCXW108794163 BCX0\" lang=\"HR-HR\" xml:lang=\"HR-HR\" data-contrast=\"auto\"><span class=\"NormalTextRun SCXW108794163 BCX0\" data-ccp-charstyle=\"Hyperlink\">White<\/span> <span class=\"NormalTextRun SCXW108794163 BCX0\" data-ccp-charstyle=\"Hyperlink\">C<\/span> <span class=\"NormalTextRun SCXW108794163 BCX0\" data-ccp-charstyle=\"Hyperlink\">sikos<\/span> <span class=\"NormalTextRun SCXW108794163 BCX0\" data-ccp-charstyle=\"Hyperlink\">Se<\/span> <span class=\"NormalTextRun SCXW108794163 BCX0\" data-ccp-charstyle=\"Hyperlink\">s<\/span> <span class=\"NormalTextRun SCXW108794163 BCX0\" data-ccp-charstyle=\"Hyperlink\">sija<\/span><\/span><\/a><span class=\"TextRun SCXW108794163 BCX0\" lang=\"HR-HR\" xml:lang=\"HR-HR\" data-contrast=\"auto\"><span class=\"NormalTextRun SCXW108794163 BCX0\">,  <\/span><\/span><a class=\"Hyperlink HyperlinkGateOff SCXW108794163 BCX0\" href=\"https:\/\/enciklopedija.hr\/clanak\/medovic-mato-celestin\" target=\"_blank\" rel=\"noreferrer noopener\"><span class=\"TextRun Underlined UnderlinedGateOff SCXW108794163 BCX0\" lang=\"HR-HR\" xml:lang=\"HR-HR\" data-contrast=\"auto\"><span class=\"NormalTextRun SCXW108794163 BCX0\" data-ccp-charstyle=\"Hyperlink\">Celestin<\/span> <span class=\"NormalTextRun SCXW108794163 BCX0\" data-ccp-charstyle=\"Hyperlink\">Mato Medovic<\/span><\/span><\/a><span class=\"TextRun SCXW108794163 BCX0\" lang=\"HR-HR\" xml:lang=\"HR-HR\" data-contrast=\"auto\"><span class=\"NormalTextRun SCXW108794163 BCX0\">,  <\/span><\/span><a class=\"Hyperlink HyperlinkGateOff SCXW108794163 BCX0\" href=\"https:\/\/hbl.lzmk.hr\/clanak\/bukovac-vlaho\" target=\"_blank\" rel=\"noreferrer noopener\"><span class=\"TextRun Underlined UnderlinedGateOff SCXW108794163 BCX0\" lang=\"HR-HR\" xml:lang=\"HR-HR\" data-contrast=\"auto\"><span class=\"NormalTextRun SCXW108794163 BCX0\" data-ccp-charstyle=\"Hyperlink\">Vlaho Bukovac<\/span><\/span><\/a><span class=\"TextRun SCXW108794163 BCX0\" lang=\"HR-HR\" xml:lang=\"HR-HR\" data-contrast=\"auto\"><span class=\"NormalTextRun SCXW108794163 BCX0\">,  <\/span><\/span><a class=\"Hyperlink HyperlinkGateOff SCXW108794163 BCX0\" href=\"https:\/\/hbl.lzmk.hr\/clanak\/ivekovic-oton\" target=\"_blank\" rel=\"noreferrer noopener\"><span class=\"TextRun Underlined UnderlinedGateOff SCXW108794163 BCX0\" lang=\"HR-HR\" xml:lang=\"HR-HR\" data-contrast=\"auto\"><span class=\"NormalTextRun SCXW108794163 BCX0\" data-ccp-charstyle=\"Hyperlink\">Oton Ivekovic<\/span><\/span><\/a><span class=\"TextRun SCXW108794163 BCX0\" lang=\"HR-HR\" xml:lang=\"HR-HR\" data-contrast=\"auto\"><span class=\"NormalTextRun SCXW108794163 BCX0\">,  <\/span><\/span><a class=\"Hyperlink HyperlinkGateOff SCXW108794163 BCX0\" href=\"https:\/\/hbl.lzmk.hr\/clanak\/kovacevic-ferdo\" target=\"_blank\" rel=\"noreferrer noopener\"><span class=\"TextRun Underlined UnderlinedGateOff SCXW108794163 BCX0\" lang=\"HR-HR\" xml:lang=\"HR-HR\" data-contrast=\"auto\"><span class=\"NormalTextRun SCXW108794163 BCX0\" data-ccp-charstyle=\"Hyperlink\">Ferdo Kovacevic<\/span><\/span><\/a><span class=\"TextRun SCXW108794163 BCX0\" lang=\"HR-HR\" xml:lang=\"HR-HR\" data-contrast=\"auto\"><span class=\"NormalTextRun SCXW108794163 BCX0\">,  <\/span><\/span><a class=\"Hyperlink HyperlinkGateOff SCXW108794163 BCX0\" href=\"https:\/\/enciklopedija.hr\/clanak\/tisov-ivan\" target=\"_blank\" rel=\"noreferrer noopener\"><span class=\"TextRun Underlined UnderlinedGateOff SCXW108794163 BCX0\" lang=\"HR-HR\" xml:lang=\"HR-HR\" data-contrast=\"auto\"><span class=\"NormalTextRun SCXW108794163 BCX0\" data-ccp-charstyle=\"Hyperlink\">Ivan<\/span> <span class=\"NormalTextRun SCXW108794163 BCX0\" data-ccp-charstyle=\"Hyperlink\">Tisov<\/span><\/span><\/a><span class=\"TextRun SCXW108794163 BCX0\" lang=\"HR-HR\" xml:lang=\"HR-HR\" data-contrast=\"auto\"><span class=\"NormalTextRun SCXW108794163 BCX0\">,  <\/span><\/span><a class=\"Hyperlink HyperlinkGateOff SCXW108794163 BCX0\" href=\"https:\/\/hbl.lzmk.hr\/clanak\/franges-mihanovic-robert\" target=\"_blank\" rel=\"noreferrer noopener\"><span class=\"TextRun Underlined UnderlinedGateOff SCXW108794163 BCX0\" lang=\"HR-HR\" xml:lang=\"HR-HR\" data-contrast=\"auto\"><span class=\"NormalTextRun SCXW108794163 BCX0\" data-ccp-charstyle=\"Hyperlink\">Robert Frange\u0161<\/span><\/span><\/a><span class=\"TextRun SCXW108794163 BCX0\" lang=\"HR-HR\" xml:lang=\"HR-HR\" data-contrast=\"auto\"><span class=\"NormalTextRun SCXW108794163 BCX0\">  and  <\/span><\/span><a class=\"Hyperlink HyperlinkGateOff SCXW108794163 BCX0\" href=\"https:\/\/enciklopedija.hr\/clanak\/valdec-rudolf\" target=\"_blank\" rel=\"noreferrer noopener\"><span class=\"TextRun Underlined UnderlinedGateOff SCXW108794163 BCX0\" lang=\"HR-HR\" xml:lang=\"HR-HR\" data-contrast=\"auto\"><span class=\"NormalTextRun SCXW108794163 BCX0\" data-ccp-charstyle=\"Hyperlink\">Rudolf Valdec<\/span><\/span><\/a><span class=\"TextRun SCXW108794163 BCX0\" lang=\"HR-HR\" xml:lang=\"HR-HR\" data-contrast=\"auto\"><span class=\"NormalTextRun SCXW108794163 BCX0\">.<\/span> <span class=\"NormalTextRun SCXW108794163 BCX0\">By integrating architecture, sculpture and painting into a historicist synthesis, the building represents a true<\/span> <span class=\"NormalTextRun SCXW108794163 BCX0\">Gesamtkunstwerk<\/span><span class=\"NormalTextRun SCXW108794163 BCX0\">  19th century. With this project, Kr\u0161njavi marked both the peak and the end of historicism in Croatia. The next major intervention on the palace was the addition of the second floor in 1913\/14 and the expansion of the side wings. That was when the ceiling collapsed in       <\/span><span class=\"NormalTextRun SCXW108794163 BCX0\">Pompeian<\/span> <span class=\"NormalTextRun SCXW108794163 BCX0\">Hall and was repainted by<\/span> <span class=\"NormalTextRun SCXW108794163 BCX0\">Csikos&#8217;s<\/span> <span class=\"NormalTextRun SCXW108794163 BCX0\">students Marijana Belo\u0161evi\u0107 and Anka Martini\u0107.<\/span><span class=\"NormalTextRun SCXW108794163 BCX0\"> <\/span><\/span><\/p>\n<p><img decoding=\"async\" class=\"size-medium wp-image-7465 alignleft\" src=\"https:\/\/www.hipzg.hr\/wp-content\/uploads\/2024\/11\/inst_011-300x211.png\" alt=\"\" width=\"300\" height=\"211\" srcset=\"https:\/\/www.hipzg.hr\/wp-content\/uploads\/2024\/11\/inst_011-300x211.png 300w, https:\/\/www.hipzg.hr\/wp-content\/uploads\/2024\/11\/inst_011.png 541w\" sizes=\"(max-width: 300px) 100vw, 300px\" \/><span class=\"NormalTextRun SCXW137365483 BCX0\">In the new circumstances, after Croatia joined the new South Slavic state community, the former<\/span> <span class=\"NormalTextRun SCXW137365483 BCX0\">Department<\/span> <span class=\"NormalTextRun SCXW137365483 BCX0\">for Religious Worship and Education<\/span> <span class=\"NormalTextRun SCXW137365483 BCX0\">continued its activities<\/span> <span class=\"NormalTextRun SCXW137365483 BCX0\">.<\/span> <span class=\"NormalTextRun SCXW137365483 BCX0\">In November<\/span> <span class=\"NormalTextRun SCXW137365483 BCX0\">1919<\/span> <span class=\"NormalTextRun SCXW137365483 BCX0\">,<\/span> <span class=\"NormalTextRun SCXW137365483 BCX0\">the Department was<\/span> <span class=\"NormalTextRun SCXW137365483 BCX0\">renamed the Commission for Education and Religions.<\/span> <span class=\"NormalTextRun SCXW137365483 BCX0\">N<\/span><span class=\"NormalTextRun SCXW137365483 BCX0\">The name and territorial jurisdiction of this Department changed in the following years, but until the establishment of the Banovina of Croatia in 1939, it was only a branch office of the central ministry in Belgrade.   <\/span><span class=\"NormalTextRun SCXW137365483 BCX0\">With the establishment of<\/span> <span class=\"NormalTextRun SCXW137365483 BCX0\">the Banovina of Croatia<\/span> <span class=\"NormalTextRun SCXW137365483 BCX0\">,<\/span> the <span class=\"NormalTextRun SCXW137365483 BCX0\">The Department of Education, which took over the affairs of the former Belgrade Ministry in the area of \u200b\u200bthe new banovina. This department did not last long, because with the establishment of the Independent State of Croatia in 1941, the new government also established a corresponding ministry, which was initially called the Ministry of Education and was headed by Minister Mile Budak. It was later renamed the Ministry of Public Education, whose jurisdiction was extended to other fields (for example, propaganda). After the Ministry of Public Education, another public cultural institution found its place in the building &#8211; the Republic Conservation Institute, and immediately before the arrival of our Institute, the premises in the building were shared by the Archive for the History of the Workers&#8217; Movement and SUBNOR    <\/span><span class=\"NormalTextRun SCXW137365483 BCX0\">.<\/span><\/p>\n<p><img loading=\"lazy\" decoding=\"async\" class=\"size-medium wp-image-7466 alignleft\" src=\"https:\/\/www.hipzg.hr\/wp-content\/uploads\/2024\/11\/inst_012-300x190.png\" alt=\"\" width=\"300\" height=\"190\" srcset=\"https:\/\/www.hipzg.hr\/wp-content\/uploads\/2024\/11\/inst_012-300x190.png 300w, https:\/\/www.hipzg.hr\/wp-content\/uploads\/2024\/11\/inst_012-600x380.png 600w, https:\/\/www.hipzg.hr\/wp-content\/uploads\/2024\/11\/inst_012-768x487.png 768w, https:\/\/www.hipzg.hr\/wp-content\/uploads\/2024\/11\/inst_012.png 975w\" sizes=\"(max-width: 300px) 100vw, 300px\" \/><span class=\"TextRun SCXW153563616 BCX0\" lang=\"HR-HR\" xml:lang=\"HR-HR\" data-contrast=\"auto\"><span class=\"NormalTextRun SCXW153563616 BCX0\">In 1962, our Institute moved into Opati\u010dka 10 and has been operating in this building continuously ever since, just under different names ( <\/span><\/span><span class=\"TextRun Underlined UnderlinedGateOff SCXW153563616 BCX0\" lang=\"HR-HR\" xml:lang=\"HR-HR\" data-contrast=\"auto\"><span class=\"NormalTextRun SCXW153563616 BCX0\">see History of the Institute<\/span><\/span><span class=\"TextRun SCXW153563616 BCX0\" lang=\"HR-HR\" xml:lang=\"HR-HR\" data-contrast=\"auto\"><span class=\"NormalTextRun SCXW153563616 BCX0\">).  <\/span><span class=\"NormalTextRun SCXW153563616 BCX0\">AND<\/span><span class=\"NormalTextRun SCXW153563616 BCX0\">During the 1970s and 1980s, the institute often had to share the building with other users: with the editorial offices of several newspapers, the Center for Social Activities of the Croatian Socialist Youth Association, and the Self-Governing Science Interest Community of the Slovak Republic of Croatia. At the time of the Institute&#8217;s entry into these premises, the building required urgent adaptation. In the first years of his mandate, Tu\u0111man managed to secure considerable financial resources for the work of the Institute, so in the early 1960s, the most necessary installations were carried out, necessary for the functionality of the building (central heating, improvement of the low-voltage network, etc.). Tu\u0111man&#8217;s fall out of favor with the party leadership was also reflected in the difficult financing of the Institute. Due to financial and later war (un)opportunities, work on the thorough renovation of the building began only in 1996, during the time of director Mirko Valenti\u0107. After long-term and often painstaking restoration-conservation works, complete rehabilitation        <\/span><span class=\"NormalTextRun SCXW153563616 BCX0\">The building, under the expert guidance of the Croatian Restoration Institute team and based on a project by the Croatian Civil Engineering Institute, was finally completed in 1999. The landscaping of the garden and the opening of the entrance to Radi\u0107eva Street had to wait another ten years and were only recently completed (the work lasted from 2007 to 2009). All that remains is to wait for the perfect conditions to open the building to the general public so that the palace with its three beautiful halls and the gallery of paintings in them can become accessible to all interested parties.   <\/span><span class=\"NormalTextRun SCXW153563616 BCX0\">.<\/span><\/span><\/p>\n<p><span data-contrast=\"auto\">The palace is currently (as of 2022) undergoing a constructive and comprehensive renovation following the earthquakes that hit Zagreb in March and December 2020.<\/span><span data-ccp-props=\"{\"335551550\":6,\"335551620\":6}\"> <\/span><\/p>\n<p><span data-contrast=\"auto\">* The text about the history of the Palace is mostly taken from: Half a Century of the Past. Croatian Institute of History (1961-2011), edited by Zdenko Radeli\u0107 and Jasna Turkalj, (Zagreb: Croatian Institute of History, 2011), 187-189.  <\/span><span data-ccp-props=\"{\"335551550\":6,\"335551620\":6}\"> <\/span><\/p>\n<\/div>\n\t\t\t\t<\/div>\n\t\t\t\t\t\t\t\t<\/div>\n\t\t\t\t\t\t<\/div>\n\t\t\t\t<\/div>\n\t\t\t\t<\/div>\n\t\t\t\t<\/div>\n\t\t\t\t\t<\/div>\n\t\t\t\t<\/div>\n\t\t\t\t<\/div>\n\t\t","protected":false},"excerpt":{"rendered":"<p>History of the Palace The palace at Opati\u010dka 10 has spent most of its life and still does, housing various institutions. Only at the very beginning was it a nobleman&#8217;s residential house, and then a palace, but then it did not look nearly as it does today. Archival data show that after the great fire [&hellip;]<\/p>\n","protected":false},"author":6,"featured_media":0,"parent":0,"menu_order":0,"comment_status":"closed","ping_status":"closed","template":"","meta":{"iawp_total_views":18,"footnotes":""},"class_list":["post-12097","page","type-page","status-publish","hentry"],"_links":{"self":[{"href":"https:\/\/www.hipzg.hr\/en\/wp-json\/wp\/v2\/pages\/12097","targetHints":{"allow":["GET"]}}],"collection":[{"href":"https:\/\/www.hipzg.hr\/en\/wp-json\/wp\/v2\/pages"}],"about":[{"href":"https:\/\/www.hipzg.hr\/en\/wp-json\/wp\/v2\/types\/page"}],"author":[{"embeddable":true,"href":"https:\/\/www.hipzg.hr\/en\/wp-json\/wp\/v2\/users\/6"}],"replies":[{"embeddable":true,"href":"https:\/\/www.hipzg.hr\/en\/wp-json\/wp\/v2\/comments?post=12097"}],"version-history":[{"count":4,"href":"https:\/\/www.hipzg.hr\/en\/wp-json\/wp\/v2\/pages\/12097\/revisions"}],"predecessor-version":[{"id":14300,"href":"https:\/\/www.hipzg.hr\/en\/wp-json\/wp\/v2\/pages\/12097\/revisions\/14300"}],"wp:attachment":[{"href":"https:\/\/www.hipzg.hr\/en\/wp-json\/wp\/v2\/media?parent=12097"}],"curies":[{"name":"wp","href":"https:\/\/api.w.org\/{rel}","templated":true}]}}