{"id":12085,"date":"2024-10-31T11:25:43","date_gmt":"2024-10-31T10:25:43","guid":{"rendered":"https:\/\/www.hipzg.hr\/expert-service-zagreb\/"},"modified":"2026-02-23T13:08:56","modified_gmt":"2026-02-23T12:08:56","slug":"professional-service-zagreb","status":"publish","type":"page","link":"https:\/\/www.hipzg.hr\/en\/professional-service-zagreb\/","title":{"rendered":"Professional Service &#8211; Zagreb"},"content":{"rendered":"\t\t<div data-elementor-type=\"wp-page\" data-elementor-id=\"12085\" class=\"elementor elementor-12085 elementor-7191\" data-elementor-post-type=\"page\">\n\t\t\t\t<div class=\"elementor-element elementor-element-4a3c297 e-con-full e-flex e-con e-child\" data-id=\"4a3c297\" data-element_type=\"container\">\n\t\t\t\t<div class=\"elementor-element elementor-element-73fb862 elementor-widget elementor-widget-heading\" data-id=\"73fb862\" data-element_type=\"widget\" data-widget_type=\"heading.default\">\n\t\t\t\t<div class=\"elementor-widget-container\">\n\t\t\t\t\t<h3 class=\"elementor-heading-title elementor-size-default\">Professional Service - Zagreb<\/h3>\t\t\t\t<\/div>\n\t\t\t\t<\/div>\n\t\t\t\t<div class=\"elementor-element elementor-element-d26e53d elementor-widget elementor-widget-text-editor\" data-id=\"d26e53d\" data-element_type=\"widget\" data-widget_type=\"text-editor.default\">\n\t\t\t\t<div class=\"elementor-widget-container\">\n\t\t\t\t\t\t\t\t\t<p><img fetchpriority=\"high\" decoding=\"async\" class=\"alignnone wp-image-7445\" src=\"https:\/\/www.hipzg.hr\/wp-content\/uploads\/2024\/11\/inst_008-300x165.png\" alt=\"\" width=\"400\" height=\"219\" srcset=\"https:\/\/www.hipzg.hr\/wp-content\/uploads\/2024\/11\/inst_008-300x165.png 300w, https:\/\/www.hipzg.hr\/wp-content\/uploads\/2024\/11\/inst_008-600x329.png 600w, https:\/\/www.hipzg.hr\/wp-content\/uploads\/2024\/11\/inst_008.png 753w\" sizes=\"(max-width: 400px) 100vw, 400px\" \/><\/p><p>The work of the Professional Service is organized and supervised by the Secretary of the Institute upon the order and guidance of the Director. The Professional Service of the Institute is a central, general service that performs the following tasks:<\/p><ul><li>legal, administrative-legal, personnel and general affairs;<\/li><li>publishing, subscription and sale of publications;<\/li><li>keeps documentation in accordance with the provisions of the law on the protection of archival materials and archives;<\/li><li>keeps prescribed records;<\/li><li>all financial, accounting and statistical tasks as well as tasks of analysis of material and financial operations;<\/li><li>IT jobs, computer network and equipment maintenance jobs;<\/li><li>technical tasks, building maintenance and care tasks;<\/li><li>performs other tasks stipulated by the general act.<\/li><\/ul><p>The following organizational units have been established in the Institute&#8217;s Professional Service:<\/p><ul><li>Secretariat (Secretary of the Institute: Ivan Kre\u0161i\u0107, B.Sc.; coordinator of project work and organization of publishing)<p>Contact: <a href=\"mailto:tajnistvo@hipzg.hr\">tajnistvo@hipzg.hr<\/a><\/p><\/li><\/ul><ul><li>Admissions office  <\/li><\/ul><ul><li>Accounting (Head of Accounting: Matea Sokoli\u0107, B.A. in Economics; Head of Cashier: Tamara Pavi\u0107)<br> Contact: <a href=\"mailto:racunovodstvo@hipzg.hr\">racunovodstvo@hipzg.hr<\/a><\/li><\/ul><ul><li>Information Office (Head of Marketing and Public Relations: Kre\u0161imir Krznari\u0107, contact: <a href=\"mailto:kresimir.krznaric@hipzg.hr\">kresimir.krznaric@hipzg.hr<\/a> ; IT specialist: Petar Perku\u0161i\u0107, B.Sc.; IT officer: Tomislav Vuljani\u0107) <p>Contact: <a href=\"mailto:it_info@hipzg.hr\">IT_info@hipzg.hr<\/a><\/p><\/li><\/ul><ul><li>Office\/Maintenance Department (Head of Institute Warehouse and Maintenance: Igor Paleka, contact: skladiste@isp.hr; Economist: Zoran \u0110uri\u010di\u0107; Cleaners: Jasminka Gjano, Anka Koturi\u0107)<p>Contact: <a href=\"mailto:odrzavanje@hipzg.hr\">odrzavanje@hipzg.hr<\/a><\/p><\/li><\/ul>\t\t\t\t\t\t\t\t<\/div>\n\t\t\t\t<\/div>\n\t\t\t\t<\/div>\n\t\t\t\t<\/div>\n\t\t","protected":false},"excerpt":{"rendered":"<p>Professional Service &#8211; Zagreb The work of the Professional Service is organized and supervised by the Secretary of the Institute upon the order and guidance of the Director. The Professional Service of the Institute is a central, general service that performs the following tasks: legal, administrative-legal, personnel and general affairs; publishing, subscription and sale of [&hellip;]<\/p>\n","protected":false},"author":6,"featured_media":0,"parent":0,"menu_order":0,"comment_status":"closed","ping_status":"closed","template":"","meta":{"iawp_total_views":2,"footnotes":""},"class_list":["post-12085","page","type-page","status-publish","hentry"],"_links":{"self":[{"href":"https:\/\/www.hipzg.hr\/en\/wp-json\/wp\/v2\/pages\/12085","targetHints":{"allow":["GET"]}}],"collection":[{"href":"https:\/\/www.hipzg.hr\/en\/wp-json\/wp\/v2\/pages"}],"about":[{"href":"https:\/\/www.hipzg.hr\/en\/wp-json\/wp\/v2\/types\/page"}],"author":[{"embeddable":true,"href":"https:\/\/www.hipzg.hr\/en\/wp-json\/wp\/v2\/users\/6"}],"replies":[{"embeddable":true,"href":"https:\/\/www.hipzg.hr\/en\/wp-json\/wp\/v2\/comments?post=12085"}],"version-history":[{"count":5,"href":"https:\/\/www.hipzg.hr\/en\/wp-json\/wp\/v2\/pages\/12085\/revisions"}],"predecessor-version":[{"id":14441,"href":"https:\/\/www.hipzg.hr\/en\/wp-json\/wp\/v2\/pages\/12085\/revisions\/14441"}],"wp:attachment":[{"href":"https:\/\/www.hipzg.hr\/en\/wp-json\/wp\/v2\/media?parent=12085"}],"curies":[{"name":"wp","href":"https:\/\/api.w.org\/{rel}","templated":true}]}}