{"id":12080,"date":"2024-10-31T11:57:25","date_gmt":"2024-10-31T10:57:25","guid":{"rendered":"https:\/\/www.hipzg.hr\/library-zagreb\/"},"modified":"2025-03-24T14:37:41","modified_gmt":"2025-03-24T13:37:41","slug":"library-zagreb","status":"publish","type":"page","link":"https:\/\/www.hipzg.hr\/en\/library-zagreb\/","title":{"rendered":"Library &#8211; Zagreb"},"content":{"rendered":"\t\t<div data-elementor-type=\"wp-page\" data-elementor-id=\"12080\" class=\"elementor elementor-12080 elementor-7198\" data-elementor-post-type=\"page\">\n\t\t\t\t<div class=\"elementor-element elementor-element-8b9c768 e-con-full e-flex e-con e-child\" data-id=\"8b9c768\" data-element_type=\"container\">\n\t\t\t\t<div class=\"elementor-element elementor-element-b538039 elementor-widget elementor-widget-heading\" data-id=\"b538039\" data-element_type=\"widget\" data-widget_type=\"heading.default\">\n\t\t\t\t<div class=\"elementor-widget-container\">\n\t\t\t\t\t<h3 class=\"elementor-heading-title elementor-size-default\">Library - Zagreb<\/h3>\t\t\t\t<\/div>\n\t\t\t\t<\/div>\n\t\t\t\t<div class=\"elementor-element elementor-element-80d2797 elementor-widget elementor-widget-text-editor\" data-id=\"80d2797\" data-element_type=\"widget\" data-widget_type=\"text-editor.default\">\n\t\t\t\t<div class=\"elementor-widget-container\">\n\t\t\t\t\t\t\t\t\t<p><img fetchpriority=\"high\" decoding=\"async\" class=\"size-medium wp-image-8575 alignleft\" src=\"https:\/\/www.hipzg.hr\/wp-content\/uploads\/2024\/12\/knjiznica_01-300x225.jpg\" alt=\"\" width=\"300\" height=\"225\" srcset=\"https:\/\/www.hipzg.hr\/wp-content\/uploads\/2024\/12\/knjiznica_01-300x225.jpg 300w, https:\/\/www.hipzg.hr\/wp-content\/uploads\/2024\/12\/knjiznica_01-scaled-600x450.jpg 600w, https:\/\/www.hipzg.hr\/wp-content\/uploads\/2024\/12\/knjiznica_01-1024x768.jpg 1024w, https:\/\/www.hipzg.hr\/wp-content\/uploads\/2024\/12\/knjiznica_01-768x576.jpg 768w, https:\/\/www.hipzg.hr\/wp-content\/uploads\/2024\/12\/knjiznica_01-1536x1152.jpg 1536w, https:\/\/www.hipzg.hr\/wp-content\/uploads\/2024\/12\/knjiznica_01-2048x1536.jpg 2048w\" sizes=\"(max-width: 300px) 100vw, 300px\" \/><\/p><p><strong>The Library of the Croatian Institute of History<\/strong> was founded in 1962. <\/p><p>The library&#8217;s holdings cover the field of social sciences and humanities, with a special emphasis on recent history. Since the library was founded as the library of the then Institute for the History of the Croatian Workers&#8217; Movement, part of the holdings is closely related to that period. <\/p><p>Today, the library has about 80,000 volumes. The collection includes a book department and a magazine department. The library exchanges magazines published by the Institute (Journal of Contemporary History, Historical Contributions, Review of Croatian History) with similar institutions in the country and abroad.  <\/p><p>A significant part of the collection also includes the legacies of prominent scientists\/historians Dr. Jere Jareb and Dr. Bo\u017eidar Ivanu\u0161, as well as the legacy of the collection of books and magazines of deceased Institute employees Dr. Ivan Jeli\u0107 and Dr. Fikreta Buti\u0107-Jeli\u0107. A special treasure of the collection are numerous, now rare, brochures. <\/p><p>The library is a closed type and the collection is primarily intended for the Institute&#8217;s scientists. However, we are happy to accommodate other scientific staff when they ask us for a service. <\/p><p>Library hours are from 8:00 a.m. to 4:00 p.m.<\/p><p>The library&#8217;s holdings can be searched using the following online services:<\/p><p><a href=\"https:\/\/hip.eindigo.net\/?pr=l&amp;oby=rmr&amp;obyt=a&amp;filter=10076\" target=\"_blank\" rel=\"noopener\">Old Library catalog<\/a> (editions up to 2013)<\/p><p><a href=\"https:\/\/katalog.nsk.hr\/F\/?CON_LNG=ZAG&amp;func=find-e-0&amp;local_base=HIP_WEB\" target=\"_blank\" rel=\"noopener\">New Library Catalog<\/a> (Aleph)<\/p><p><strong>Library Manager:<\/strong> Darija Pancirov, professor\/librarian<\/p><p><strong>Librarian:<\/strong> Martina \u0160tivojevi\u0107, prof. <span style=\"color: var( --e-global-color-text ); font-family: var( --e-global-typography-text-font-family ), Sans-serif; font-weight: var( --e-global-typography-text-font-weight ); text-align: var(--text-align); font-size: 1rem;\">\/librarian<\/span><\/p><p>Contact: <a href=\"mailto:knjiznica@hipzg.hr\">knjiznica@hipzg.hr<\/a><\/p>\t\t\t\t\t\t\t\t<\/div>\n\t\t\t\t<\/div>\n\t\t\t\t<\/div>\n\t\t\t\t<\/div>\n\t\t","protected":false},"excerpt":{"rendered":"<p>Library &#8211; Zagreb The Library of the Croatian Institute of History was founded in 1962. The library&#8217;s holdings cover the field of social sciences and humanities, with a special emphasis on recent history. Since the library was founded as the library of the then Institute for the History of the Croatian Workers&#8217; Movement, part of [&hellip;]<\/p>\n","protected":false},"author":6,"featured_media":0,"parent":0,"menu_order":0,"comment_status":"closed","ping_status":"closed","template":"","meta":{"iawp_total_views":4,"footnotes":""},"class_list":["post-12080","page","type-page","status-publish","hentry"],"_links":{"self":[{"href":"https:\/\/www.hipzg.hr\/en\/wp-json\/wp\/v2\/pages\/12080","targetHints":{"allow":["GET"]}}],"collection":[{"href":"https:\/\/www.hipzg.hr\/en\/wp-json\/wp\/v2\/pages"}],"about":[{"href":"https:\/\/www.hipzg.hr\/en\/wp-json\/wp\/v2\/types\/page"}],"author":[{"embeddable":true,"href":"https:\/\/www.hipzg.hr\/en\/wp-json\/wp\/v2\/users\/6"}],"replies":[{"embeddable":true,"href":"https:\/\/www.hipzg.hr\/en\/wp-json\/wp\/v2\/comments?post=12080"}],"version-history":[{"count":1,"href":"https:\/\/www.hipzg.hr\/en\/wp-json\/wp\/v2\/pages\/12080\/revisions"}],"predecessor-version":[{"id":12082,"href":"https:\/\/www.hipzg.hr\/en\/wp-json\/wp\/v2\/pages\/12080\/revisions\/12082"}],"wp:attachment":[{"href":"https:\/\/www.hipzg.hr\/en\/wp-json\/wp\/v2\/media?parent=12080"}],"curies":[{"name":"wp","href":"https:\/\/api.w.org\/{rel}","templated":true}]}}