{"id":12021,"date":"2024-12-14T15:02:42","date_gmt":"2024-12-14T14:02:42","guid":{"rendered":"https:\/\/www.hipzg.hr\/awards\/"},"modified":"2025-03-24T14:37:21","modified_gmt":"2025-03-24T13:37:21","slug":"awards","status":"publish","type":"page","link":"https:\/\/www.hipzg.hr\/en\/awards\/","title":{"rendered":"Awards"},"content":{"rendered":"\t\t<div data-elementor-type=\"wp-page\" data-elementor-id=\"12021\" class=\"elementor elementor-12021 elementor-8928\" data-elementor-post-type=\"page\">\n\t\t\t\t<div class=\"elementor-element elementor-element-b6387be e-con-full e-flex e-con e-child\" data-id=\"b6387be\" data-element_type=\"container\">\n\t\t\t\t<div class=\"elementor-element elementor-element-c3d6f92 elementor-widget elementor-widget-heading\" data-id=\"c3d6f92\" data-element_type=\"widget\" data-widget_type=\"heading.default\">\n\t\t\t\t<div class=\"elementor-widget-container\">\n\t\t\t\t\t<h3 class=\"elementor-heading-title elementor-size-default\">Awards<\/h3>\t\t\t\t<\/div>\n\t\t\t\t<\/div>\n\t\t\t\t<div class=\"elementor-element elementor-element-2e73dab elementor-widget elementor-widget-text-editor\" data-id=\"2e73dab\" data-element_type=\"widget\" data-widget_type=\"text-editor.default\">\n\t\t\t\t<div class=\"elementor-widget-container\">\n\t\t\t\t\t\t\t\t\t<p>The research results and activities of the Institute are also recognized by the wider scientific community. Therefore, many of our employees have often been awarded by various institutions and associations that monitor scientific and research work within the field of humanities. The following is a list of some of the awarded employees of the Institute in the last 15 years.    <\/p><p><b>Annual Award of the Croatian Academy of Sciences and Arts<\/b> <\/p><ul><li>2019. Stjepan Matkovi\u0107   <\/li><\/ul><ul><li>2020. Miroslav Akmad\u017ea   <\/li><\/ul><p><b>State award for <b>science<\/b><\/b> <\/p><ul><li>2006. Stjepan Matkovic  <\/li><\/ul><ul><li>2006. Mario Kevo   <\/li><\/ul><ul><li>2007. Lovorka \u010corali\u0107   <\/li><\/ul><ul><li>2008. Zlatko Kudeli\u0107   <\/li><\/ul><ul><li>2009. Tamara Tvrtkovi\u0107   <\/li><\/ul><ul><li>2012. Zrinka Pe\u0161orda Vardi\u0107   <\/li><\/ul><ul><li>2016. Ivana Hrobec   <\/li><\/ul><ul><li>2016. Josip Mihaljevi\u0107   <\/li><\/ul><ul><li>2017. Ivica Lucic   <\/li><\/ul><ul><li>2018. Filip Novosel   <\/li><\/ul><ul><li>2019. Joseph Parat   <\/li><\/ul><ul><li>2020. Miroslav Akmadza  <\/li><\/ul><ul><li>2020 Dinko \u017dupan   <\/li><li>2023. Maja Katusic<\/li><\/ul><p><b>Annual Award of the Society of University Teachers and Other <b>Scientists<\/b><\/b> <\/p><ul><li>2011. Goran Mladineo   <\/li><\/ul><ul><li>2016. Josip Mihaljevi\u0107   <\/li><\/ul><p><b>Awards of the Croatian National Committee for Historical Sciences and the Society for Croatian <b>History<\/b><\/b> <\/p><ul><li>2015. Marica Karaka\u0161 (Mirjana Gross)\u200b   <\/li><\/ul><ul><li>2017. Davor Marijan (Mirjana Gross)\u200b   <\/li><\/ul><ul><li>2018. Robert Skenderovi\u0107 (Mirjana Gross)\u200b   <\/li><\/ul><ul><li>2019. Ivana Horbec (Mirjana Gross)   <\/li><\/ul><ul><li>2019. Josip Mihaljevi\u0107 (Vjekoslav Klai\u0107)\u200b   <\/li><\/ul><ul><li>2020. Zdenko Radeli\u0107 (Mirjana Gross)   <\/li><\/ul><ul><li>2020. COURAGE Project (Vjekoslav Klai\u0107)\u200b <\/li><li>2021. Zdenko Radeli\u0107 (Ivan Lu\u010di\u0107) <\/li><li>2022. Ana Rajkovi\u0107 Peji\u0107 (Vjekoslav Klai\u0107)   <\/li><li>2023. Tomislav Mati\u0107 (Vjekoslav Klai\u0107) <\/li><\/ul><p> <\/p><p><b>City <b>of Split<\/b> Award<\/b> <\/p><ul><li>2019. Stjepan Matkovi\u0107   <\/li><\/ul><p><b>Coat of arms of the city of Slavonski <b>Brod<\/b><\/b> <\/p><ul><li>2018. Robert Skenderovi\u0107   <\/li><\/ul><p><b>Emerik Pavi\u0107 Award (Institute for the Culture of Vojvodina Croats <b>)<\/b><\/b> <\/p><ul><li>2018. Robert Skenderovi\u0107   <\/li><\/ul><p><b>Plaque &#8220;Matija Petar Katan\u010di\u0107&#8221;<\/b> <b>(City of Valpovo)<\/b> <\/p><ul><li>2019. Dinko Zupan  <\/li><\/ul>\t\t\t\t\t\t\t\t<\/div>\n\t\t\t\t<\/div>\n\t\t\t\t<\/div>\n\t\t\t\t<\/div>\n\t\t","protected":false},"excerpt":{"rendered":"<p>Awards The research results and activities of the Institute are also recognized by the wider scientific community. Therefore, many of our employees have often been awarded by various institutions and associations that monitor scientific and research work within the field of humanities. The following is a list of some of the awarded employees of the [&hellip;]<\/p>\n","protected":false},"author":6,"featured_media":0,"parent":0,"menu_order":0,"comment_status":"closed","ping_status":"closed","template":"","meta":{"iawp_total_views":2,"footnotes":""},"class_list":["post-12021","page","type-page","status-publish","hentry"],"_links":{"self":[{"href":"https:\/\/www.hipzg.hr\/en\/wp-json\/wp\/v2\/pages\/12021","targetHints":{"allow":["GET"]}}],"collection":[{"href":"https:\/\/www.hipzg.hr\/en\/wp-json\/wp\/v2\/pages"}],"about":[{"href":"https:\/\/www.hipzg.hr\/en\/wp-json\/wp\/v2\/types\/page"}],"author":[{"embeddable":true,"href":"https:\/\/www.hipzg.hr\/en\/wp-json\/wp\/v2\/users\/6"}],"replies":[{"embeddable":true,"href":"https:\/\/www.hipzg.hr\/en\/wp-json\/wp\/v2\/comments?post=12021"}],"version-history":[{"count":1,"href":"https:\/\/www.hipzg.hr\/en\/wp-json\/wp\/v2\/pages\/12021\/revisions"}],"predecessor-version":[{"id":12022,"href":"https:\/\/www.hipzg.hr\/en\/wp-json\/wp\/v2\/pages\/12021\/revisions\/12022"}],"wp:attachment":[{"href":"https:\/\/www.hipzg.hr\/en\/wp-json\/wp\/v2\/media?parent=12021"}],"curies":[{"name":"wp","href":"https:\/\/api.w.org\/{rel}","templated":true}]}}