{"id":11999,"date":"2024-12-23T09:19:07","date_gmt":"2024-12-23T08:19:07","guid":{"rendered":"https:\/\/www.hipzg.hr\/former-nada-kisic-kolanovic\/"},"modified":"2025-03-24T14:37:15","modified_gmt":"2025-03-24T13:37:15","slug":"former-nada-kisic-kolanovic","status":"publish","type":"page","link":"https:\/\/www.hipzg.hr\/en\/former-nada-kisic-kolanovic\/","title":{"rendered":"Former &#8211; Nada Kisic Kolanovic"},"content":{"rendered":"\t\t<div data-elementor-type=\"wp-page\" data-elementor-id=\"11999\" class=\"elementor elementor-11999 elementor-9556\" data-elementor-post-type=\"page\">\n\t\t\t\t<div class=\"elementor-element elementor-element-fa5642e e-con-full e-flex e-con e-child\" data-id=\"fa5642e\" data-element_type=\"container\">\n\t\t\t\t<div class=\"elementor-element elementor-element-d34f2e7 elementor-widget elementor-widget-heading\" data-id=\"d34f2e7\" data-element_type=\"widget\" data-widget_type=\"heading.default\">\n\t\t\t\t<div class=\"elementor-widget-container\">\n\t\t\t\t\t<h3 class=\"elementor-heading-title elementor-size-default\">Nada Kisic-Kolanovic<\/h3>\t\t\t\t<\/div>\n\t\t\t\t<\/div>\n\t\t\t\t<div class=\"elementor-element elementor-element-03e46a5 elementor-widget elementor-widget-text-editor\" data-id=\"03e46a5\" data-element_type=\"widget\" data-widget_type=\"text-editor.default\">\n\t\t\t\t<div class=\"elementor-widget-container\">\n\t\t\t\t\t\t\t\t\t<p><img decoding=\"async\" class=\"size-full wp-image-9532 alignleft\" src=\"https:\/\/www.hipzg.hr\/wp-content\/uploads\/2024\/12\/Kisic_Kolanovic_Nada.gif\" alt=\"\" width=\"108\" height=\"119\"><\/p><p>Kisi\u0107-Kolanovi\u0107, Nada, Croatian historian (\u0160ibenik, 11. IX. 1949). She graduated (1972) and received her doctorate (1988) from the Faculty of Law in Zagreb. She is a scientific advisor and head of the Department of Contemporary History at the Croatian Institute of History in Zagreb, where she has worked since 1973. She deals with contemporary Croatian history during World War II (1941\u201345). She has researched the issues of the state and legal formation of communist government in Croatia, with a focus on the history of the National Anti-Fascist Council of the National Liberation of Croatia (Andrija Hebrang: Illusions and Sobering Up, 1996), and in her more recent research she has devoted herself to the political and diplomatic history of the Independent State of Croatia: Mladen Lorkovi\u0107: Minister Conspirator (1998), NDH and Italy (2001), Zagreb\u2013Sofia (2003), Muslims and Croatian Nationalism 1941\u20131945. (2009) et al.      <\/p>\t\t\t\t\t\t\t\t<\/div>\n\t\t\t\t<\/div>\n\t\t\t\t<\/div>\n\t\t\t\t<\/div>\n\t\t","protected":false},"excerpt":{"rendered":"<p>Nada Kisic-Kolanovic Kisi\u0107-Kolanovi\u0107, Nada, Croatian historian (\u0160ibenik, 11. IX. 1949). She graduated (1972) and received her doctorate (1988) from the Faculty of Law in Zagreb. She is a scientific advisor and head of the Department of Contemporary History at the Croatian Institute of History in Zagreb, where she has worked since 1973. She deals with [&hellip;]<\/p>\n","protected":false},"author":6,"featured_media":0,"parent":0,"menu_order":0,"comment_status":"closed","ping_status":"closed","template":"","meta":{"iawp_total_views":19,"footnotes":""},"class_list":["post-11999","page","type-page","status-publish","hentry"],"_links":{"self":[{"href":"https:\/\/www.hipzg.hr\/en\/wp-json\/wp\/v2\/pages\/11999","targetHints":{"allow":["GET"]}}],"collection":[{"href":"https:\/\/www.hipzg.hr\/en\/wp-json\/wp\/v2\/pages"}],"about":[{"href":"https:\/\/www.hipzg.hr\/en\/wp-json\/wp\/v2\/types\/page"}],"author":[{"embeddable":true,"href":"https:\/\/www.hipzg.hr\/en\/wp-json\/wp\/v2\/users\/6"}],"replies":[{"embeddable":true,"href":"https:\/\/www.hipzg.hr\/en\/wp-json\/wp\/v2\/comments?post=11999"}],"version-history":[{"count":1,"href":"https:\/\/www.hipzg.hr\/en\/wp-json\/wp\/v2\/pages\/11999\/revisions"}],"predecessor-version":[{"id":12000,"href":"https:\/\/www.hipzg.hr\/en\/wp-json\/wp\/v2\/pages\/11999\/revisions\/12000"}],"wp:attachment":[{"href":"https:\/\/www.hipzg.hr\/en\/wp-json\/wp\/v2\/media?parent=11999"}],"curies":[{"name":"wp","href":"https:\/\/api.w.org\/{rel}","templated":true}]}}