{"id":11892,"date":"2024-10-08T10:09:22","date_gmt":"2024-10-08T09:09:22","guid":{"rendered":"https:\/\/www.hipzg.hr\/about-us\/"},"modified":"2025-03-24T14:30:20","modified_gmt":"2025-03-24T13:30:20","slug":"about-us","status":"publish","type":"page","link":"https:\/\/www.hipzg.hr\/en\/about-us\/","title":{"rendered":"About us"},"content":{"rendered":"\t\t<div data-elementor-type=\"wp-page\" data-elementor-id=\"11892\" class=\"elementor elementor-11892 elementor-331\" data-elementor-post-type=\"page\">\n\t\t\t\t<div class=\"elementor-element elementor-element-87d12fd e-flex e-con-boxed e-con e-parent\" data-id=\"87d12fd\" data-element_type=\"container\">\n\t\t\t\t\t<div class=\"e-con-inner\">\n\t\t<div class=\"elementor-element elementor-element-fd6b859 e-con-full e-flex e-con e-child\" data-id=\"fd6b859\" data-element_type=\"container\">\n\t\t<div class=\"elementor-element elementor-element-e10faf0 e-con-full e-flex e-con e-child\" data-id=\"e10faf0\" data-element_type=\"container\">\n\t\t\t\t<div class=\"elementor-element elementor-element-0f9d846 elementor-widget elementor-widget-heading\" data-id=\"0f9d846\" data-element_type=\"widget\" data-widget_type=\"heading.default\">\n\t\t\t\t<div class=\"elementor-widget-container\">\n\t\t\t\t\t<h3 class=\"elementor-heading-title elementor-size-default\">Croatian Institute of History<\/h3>\t\t\t\t<\/div>\n\t\t\t\t<\/div>\n\t\t\t\t<div class=\"elementor-element elementor-element-8cb512c elementor-widget elementor-widget-text-editor\" data-id=\"8cb512c\" data-element_type=\"widget\" data-widget_type=\"text-editor.default\">\n\t\t\t\t<div class=\"elementor-widget-container\">\n\t\t\t\t\t\t\t\t\t<p><img fetchpriority=\"high\" decoding=\"async\" class=\"size-medium wp-image-422 alignleft\" src=\"https:\/\/www.hipzg.hr\/wp-content\/uploads\/2024\/10\/izp-300x185.jpg\" alt=\"\" width=\"300\" height=\"185\" srcset=\"https:\/\/www.hipzg.hr\/wp-content\/uploads\/2024\/10\/izp-300x185.jpg 300w, https:\/\/www.hipzg.hr\/wp-content\/uploads\/2024\/10\/izp-600x370.jpg 600w, https:\/\/www.hipzg.hr\/wp-content\/uploads\/2024\/10\/izp-1024x632.jpg 1024w, https:\/\/www.hipzg.hr\/wp-content\/uploads\/2024\/10\/izp-768x474.jpg 768w, https:\/\/www.hipzg.hr\/wp-content\/uploads\/2024\/10\/izp.jpg 1442w\" sizes=\"(max-width: 300px) 100vw, 300px\" \/><\/p><p>The Croatian Institute of History, including the Branch for the History of Slavonia, Srijem and Baranja in Slavonski Brod, is the largest public scientific institute in the scientific field of humanities in terms of the number of scientists and junior researchers, and the central public institute in the Republic of Croatia whose core activity is the scientific study of the history of the Croatian people and the peoples of Southeast and Central Europe.<\/p>\t\t\t\t\t\t\t\t<\/div>\n\t\t\t\t<\/div>\n\t\t\t\t<div class=\"elementor-element elementor-element-c8275e8 elementor-widget elementor-widget-text-editor\" data-id=\"c8275e8\" data-element_type=\"widget\" data-widget_type=\"text-editor.default\">\n\t\t\t\t<div class=\"elementor-widget-container\">\n\t\t\t\t\t\t\t\t\t<p>Since its founding in 1961. Under the name Institute for the History of the Workers&#8217; Movement, the Institute systematically expanded its areas of research, which is evident from the name change in 1990. at the Institute of Contemporary History and in 1996. at the Croatian Institute of History.  <\/p>\t\t\t\t\t\t\t\t<\/div>\n\t\t\t\t<\/div>\n\t\t\t\t<div class=\"elementor-element elementor-element-fb3d522 elementor-widget elementor-widget-gallery\" data-id=\"fb3d522\" data-element_type=\"widget\" data-settings=\"{&quot;columns&quot;:3,&quot;lazyload&quot;:&quot;yes&quot;,&quot;gallery_layout&quot;:&quot;grid&quot;,&quot;columns_tablet&quot;:2,&quot;columns_mobile&quot;:1,&quot;gap&quot;:{&quot;unit&quot;:&quot;px&quot;,&quot;size&quot;:10,&quot;sizes&quot;:[]},&quot;gap_tablet&quot;:{&quot;unit&quot;:&quot;px&quot;,&quot;size&quot;:10,&quot;sizes&quot;:[]},&quot;gap_mobile&quot;:{&quot;unit&quot;:&quot;px&quot;,&quot;size&quot;:10,&quot;sizes&quot;:[]},&quot;link_to&quot;:&quot;file&quot;,&quot;aspect_ratio&quot;:&quot;3:2&quot;,&quot;overlay_background&quot;:&quot;yes&quot;,&quot;content_hover_animation&quot;:&quot;fade-in&quot;}\" data-widget_type=\"gallery.default\">\n\t\t\t\t<div class=\"elementor-widget-container\">\n\t\t\t\t\t\t\t<div class=\"elementor-gallery__container\">\n\t\t\t\t\t\t\t<a class=\"e-gallery-item elementor-gallery-item elementor-animated-content\" href=\"https:\/\/www.hipzg.hr\/wp-content\/uploads\/2024\/11\/inst_003.png\" data-elementor-open-lightbox=\"yes\" data-elementor-lightbox-slideshow=\"fb3d522\" data-elementor-lightbox-title=\"inst_003\" data-e-action-hash=\"#elementor-action%3Aaction%3Dlightbox%26settings%3DeyJpZCI6NzM3NSwidXJsIjoiaHR0cHM6XC9cL3d3dy5oaXB6Zy5oclwvd3AtY29udGVudFwvdXBsb2Fkc1wvMjAyNFwvMTFcL2luc3RfMDAzLnBuZyIsInNsaWRlc2hvdyI6ImZiM2Q1MjIifQ%3D%3D\">\n\t\t\t\t\t<div class=\"e-gallery-image elementor-gallery-item__image\" data-thumbnail=\"https:\/\/www.hipzg.hr\/wp-content\/uploads\/2024\/11\/inst_003-300x246.png\" data-width=\"300\" data-height=\"246\" aria-label=\"\" role=\"img\" ><\/div>\n\t\t\t\t\t\t\t\t\t\t\t<div class=\"elementor-gallery-item__overlay\"><\/div>\n\t\t\t\t\t\t\t\t\t\t\t\t\t\t<\/a>\n\t\t\t\t\t\t\t<a class=\"e-gallery-item elementor-gallery-item elementor-animated-content\" href=\"https:\/\/www.hipzg.hr\/wp-content\/uploads\/2024\/10\/loggia-zlatna.jpeg\" data-elementor-open-lightbox=\"yes\" data-elementor-lightbox-slideshow=\"fb3d522\" data-elementor-lightbox-title=\"loggia-zlatna.jpeg\" data-e-action-hash=\"#elementor-action%3Aaction%3Dlightbox%26settings%3DeyJpZCI6NTA0LCJ1cmwiOiJodHRwczpcL1wvd3d3LmhpcHpnLmhyXC93cC1jb250ZW50XC91cGxvYWRzXC8yMDI0XC8xMFwvbG9nZ2lhLXpsYXRuYS5qcGVnIiwic2xpZGVzaG93IjoiZmIzZDUyMiJ9\">\n\t\t\t\t\t<div class=\"e-gallery-image elementor-gallery-item__image\" data-thumbnail=\"https:\/\/www.hipzg.hr\/wp-content\/uploads\/2024\/10\/loggia-zlatna.jpeg\" data-width=\"214\" data-height=\"236\" aria-label=\"\" role=\"img\" ><\/div>\n\t\t\t\t\t\t\t\t\t\t\t<div class=\"elementor-gallery-item__overlay\"><\/div>\n\t\t\t\t\t\t\t\t\t\t\t\t\t\t<\/a>\n\t\t\t\t\t\t\t<a class=\"e-gallery-item elementor-gallery-item elementor-animated-content\" href=\"https:\/\/www.hipzg.hr\/wp-content\/uploads\/2024\/10\/20200824_084518-1-scaled-1.jpg\" data-elementor-open-lightbox=\"yes\" data-elementor-lightbox-slideshow=\"fb3d522\" data-elementor-lightbox-title=\"20200824_084518-1-scaled.jpg\" data-e-action-hash=\"#elementor-action%3Aaction%3Dlightbox%26settings%3DeyJpZCI6NTAyLCJ1cmwiOiJodHRwczpcL1wvd3d3LmhpcHpnLmhyXC93cC1jb250ZW50XC91cGxvYWRzXC8yMDI0XC8xMFwvMjAyMDA4MjRfMDg0NTE4LTEtc2NhbGVkLTEuanBnIiwic2xpZGVzaG93IjoiZmIzZDUyMiJ9\">\n\t\t\t\t\t<div class=\"e-gallery-image elementor-gallery-item__image\" data-thumbnail=\"https:\/\/www.hipzg.hr\/wp-content\/uploads\/2024\/10\/20200824_084518-1-scaled-1-300x142.jpg\" data-width=\"300\" data-height=\"142\" aria-label=\"\" role=\"img\" ><\/div>\n\t\t\t\t\t\t\t\t\t\t\t<div class=\"elementor-gallery-item__overlay\"><\/div>\n\t\t\t\t\t\t\t\t\t\t\t\t\t\t<\/a>\n\t\t\t\t\t\t\t<a class=\"e-gallery-item elementor-gallery-item elementor-animated-content\" href=\"https:\/\/www.hipzg.hr\/wp-content\/uploads\/2024\/10\/zlatna-dvorana.jpg\" data-elementor-open-lightbox=\"yes\" data-elementor-lightbox-slideshow=\"fb3d522\" data-elementor-lightbox-title=\"zlatna-dvorana.jpg\" data-e-action-hash=\"#elementor-action%3Aaction%3Dlightbox%26settings%3DeyJpZCI6NTAxLCJ1cmwiOiJodHRwczpcL1wvd3d3LmhpcHpnLmhyXC93cC1jb250ZW50XC91cGxvYWRzXC8yMDI0XC8xMFwvemxhdG5hLWR2b3JhbmEuanBnIiwic2xpZGVzaG93IjoiZmIzZDUyMiJ9\">\n\t\t\t\t\t<div class=\"e-gallery-image elementor-gallery-item__image\" data-thumbnail=\"https:\/\/www.hipzg.hr\/wp-content\/uploads\/2024\/10\/zlatna-dvorana-300x200.jpg\" data-width=\"300\" data-height=\"200\" aria-label=\"\" role=\"img\" ><\/div>\n\t\t\t\t\t\t\t\t\t\t\t<div class=\"elementor-gallery-item__overlay\"><\/div>\n\t\t\t\t\t\t\t\t\t\t\t\t\t\t<\/a>\n\t\t\t\t\t\t\t<a class=\"e-gallery-item elementor-gallery-item elementor-animated-content\" href=\"https:\/\/www.hipzg.hr\/wp-content\/uploads\/2024\/10\/Zlatna_zidovi.jpg\" data-elementor-open-lightbox=\"yes\" data-elementor-lightbox-slideshow=\"fb3d522\" data-elementor-lightbox-title=\"Zlatna_zidovi.jpg\" data-e-action-hash=\"#elementor-action%3Aaction%3Dlightbox%26settings%3DeyJpZCI6NTAwLCJ1cmwiOiJodHRwczpcL1wvd3d3LmhpcHpnLmhyXC93cC1jb250ZW50XC91cGxvYWRzXC8yMDI0XC8xMFwvWmxhdG5hX3ppZG92aS5qcGciLCJzbGlkZXNob3ciOiJmYjNkNTIyIn0%3D\">\n\t\t\t\t\t<div class=\"e-gallery-image elementor-gallery-item__image\" data-thumbnail=\"https:\/\/www.hipzg.hr\/wp-content\/uploads\/2024\/10\/Zlatna_zidovi-232x300.jpg\" data-width=\"232\" data-height=\"300\" aria-label=\"\" role=\"img\" ><\/div>\n\t\t\t\t\t\t\t\t\t\t\t<div class=\"elementor-gallery-item__overlay\"><\/div>\n\t\t\t\t\t\t\t\t\t\t\t\t\t\t<\/a>\n\t\t\t\t\t\t\t<a class=\"e-gallery-item elementor-gallery-item elementor-animated-content\" href=\"https:\/\/www.hipzg.hr\/wp-content\/uploads\/2022\/07\/Upravno-vijece.jpg\" data-elementor-open-lightbox=\"yes\" data-elementor-lightbox-slideshow=\"fb3d522\" data-e-action-hash=\"#elementor-action%3Aaction%3Dlightbox%26settings%3DeyJpZCI6NjM1MCwidXJsIjoiaHR0cHM6XC9cL3d3dy5oaXB6Zy5oclwvd3AtY29udGVudFwvdXBsb2Fkc1wvMjAyMlwvMDdcL1VwcmF2bm8tdmlqZWNlLmpwZyIsInNsaWRlc2hvdyI6ImZiM2Q1MjIifQ%3D%3D\">\n\t\t\t\t\t<div class=\"e-gallery-image elementor-gallery-item__image\" data-thumbnail=\"https:\/\/www.hipzg.hr\/wp-content\/uploads\/2022\/07\/Upravno-vijece-300x199.jpg\" data-width=\"300\" data-height=\"199\" aria-label=\"\" role=\"img\" ><\/div>\n\t\t\t\t\t\t\t\t\t\t\t<div class=\"elementor-gallery-item__overlay\"><\/div>\n\t\t\t\t\t\t\t\t\t\t\t\t\t\t<\/a>\n\t\t\t\t\t<\/div>\n\t\t\t\t\t<\/div>\n\t\t\t\t<\/div>\n\t\t\t\t<div class=\"elementor-element elementor-element-2d2fb84 elementor-widget elementor-widget-video\" data-id=\"2d2fb84\" data-element_type=\"widget\" data-settings=\"{&quot;youtube_url&quot;:&quot;https:\\\/\\\/youtu.be\\\/kSGdVO2ktVQ&quot;,&quot;show_image_overlay&quot;:&quot;yes&quot;,&quot;image_overlay&quot;:{&quot;url&quot;:&quot;https:\\\/\\\/www.hipzg.hr\\\/wp-content\\\/uploads\\\/2024\\\/10\\\/izp.jpg&quot;,&quot;id&quot;:&quot;422&quot;,&quot;size&quot;:&quot;&quot;},&quot;lightbox&quot;:&quot;yes&quot;,&quot;video_type&quot;:&quot;youtube&quot;,&quot;controls&quot;:&quot;yes&quot;}\" data-widget_type=\"video.default\">\n\t\t\t\t<div class=\"elementor-widget-container\">\n\t\t\t\t\t\t\t<div class=\"elementor-wrapper elementor-open-lightbox\">\n\t\t\t\t\t\t\t<div class=\"elementor-custom-embed-image-overlay\" data-elementor-open-lightbox=\"yes\" data-elementor-lightbox=\"{&quot;type&quot;:&quot;video&quot;,&quot;videoType&quot;:&quot;youtube&quot;,&quot;url&quot;:&quot;https:\\\/\\\/www.youtube.com\\\/embed\\\/kSGdVO2ktVQ?feature=oembed&amp;start&amp;end&amp;wmode=opaque&amp;loop=0&amp;controls=1&amp;mute=0&amp;rel=0&amp;cc_load_policy=0&quot;,&quot;autoplay&quot;:&quot;&quot;,&quot;modalOptions&quot;:{&quot;id&quot;:&quot;elementor-lightbox-2d2fb84&quot;,&quot;entranceAnimation&quot;:&quot;&quot;,&quot;entranceAnimation_tablet&quot;:&quot;&quot;,&quot;entranceAnimation_mobile&quot;:&quot;&quot;,&quot;videoAspectRatio&quot;:&quot;169&quot;}}\" data-e-action-hash=\"#elementor-action%3Aaction%3Dlightbox%26settings%3DeyJ0eXBlIjoidmlkZW8iLCJ2aWRlb1R5cGUiOiJ5b3V0dWJlIiwidXJsIjoiaHR0cHM6XC9cL3d3dy55b3V0dWJlLmNvbVwvZW1iZWRcL2tTR2RWTzJrdFZRP2ZlYXR1cmU9b2VtYmVkJnN0YXJ0JmVuZCZ3bW9kZT1vcGFxdWUmbG9vcD0wJmNvbnRyb2xzPTEmbXV0ZT0wJnJlbD0wJmNjX2xvYWRfcG9saWN5PTAiLCJhdXRvcGxheSI6IiIsIm1vZGFsT3B0aW9ucyI6eyJpZCI6ImVsZW1lbnRvci1saWdodGJveC0yZDJmYjg0IiwiZW50cmFuY2VBbmltYXRpb24iOiIiLCJlbnRyYW5jZUFuaW1hdGlvbl90YWJsZXQiOiIiLCJlbnRyYW5jZUFuaW1hdGlvbl9tb2JpbGUiOiIiLCJ2aWRlb0FzcGVjdFJhdGlvIjoiMTY5In19\">\n\t\t\t\t\t\t\t\t\t\t\t<img decoding=\"async\" src=\"https:\/\/www.hipzg.hr\/wp-content\/uploads\/elementor\/thumbs\/izp-qv95r2zbzq0s71703k8f0l13305n4s6kmln729af4w.jpg\" title=\"izp.jpg\" alt=\"izp.jpg\" loading=\"lazy\" \/>\t\t\t\t\t\t\t\t\t\t\t\t\t\t\t\t<div class=\"elementor-custom-embed-play\" role=\"button\" aria-label=\"Play Video\" tabindex=\"0\">\n\t\t\t\t\t\t\t<svg aria-hidden=\"true\" class=\"e-font-icon-svg e-eicon-play\" viewBox=\"0 0 1000 1000\" xmlns=\"http:\/\/www.w3.org\/2000\/svg\"><path d=\"M838 162C746 71 633 25 500 25 371 25 258 71 163 162 71 254 25 367 25 500 25 633 71 746 163 837 254 929 367 979 500 979 633 979 746 933 838 837 929 746 975 633 975 500 975 367 929 254 838 162M808 192C892 279 933 379 933 500 933 621 892 725 808 808 725 892 621 938 500 938 379 938 279 896 196 808 113 725 67 621 67 500 67 379 108 279 196 192 279 108 383 62 500 62 621 62 721 108 808 192M438 392V642L642 517 438 392Z\"><\/path><\/svg>\t\t\t\t\t\t<\/div>\n\t\t\t\t\t\t\t\t\t<\/div>\n\t\t\t\t\t<\/div>\n\t\t\t\t\t\t<\/div>\n\t\t\t\t<\/div>\n\t\t\t\t<\/div>\n\t\t\t\t<div class=\"elementor-element elementor-element-b09d8e9 elementor-widget elementor-widget-heading\" data-id=\"b09d8e9\" data-element_type=\"widget\" data-widget_type=\"heading.default\">\n\t\t\t\t<div class=\"elementor-widget-container\">\n\t\t\t\t\t<h3 class=\"elementor-heading-title elementor-size-default\">Latest posts<\/h3>\t\t\t\t<\/div>\n\t\t\t\t<\/div>\n\t\t<div class=\"elementor-element elementor-element-946407e e-con-full e-flex e-con e-child\" data-id=\"946407e\" data-element_type=\"container\">\n\t\t\t\t<div class=\"elementor-element elementor-element-26522b1 elementor-grid-3 elementor-grid-tablet-2 elementor-grid-mobile-1 elementor-posts--thumbnail-top elementor-posts--show-avatar elementor-card-shadow-yes elementor-posts__hover-gradient elementor-widget elementor-widget-posts\" data-id=\"26522b1\" data-element_type=\"widget\" data-settings=\"{&quot;cards_columns&quot;:&quot;3&quot;,&quot;cards_columns_tablet&quot;:&quot;2&quot;,&quot;cards_columns_mobile&quot;:&quot;1&quot;,&quot;cards_row_gap&quot;:{&quot;unit&quot;:&quot;px&quot;,&quot;size&quot;:35,&quot;sizes&quot;:[]},&quot;cards_row_gap_tablet&quot;:{&quot;unit&quot;:&quot;px&quot;,&quot;size&quot;:&quot;&quot;,&quot;sizes&quot;:[]},&quot;cards_row_gap_mobile&quot;:{&quot;unit&quot;:&quot;px&quot;,&quot;size&quot;:&quot;&quot;,&quot;sizes&quot;:[]}}\" data-widget_type=\"posts.cards\">\n\t\t\t\t<div class=\"elementor-widget-container\">\n\t\t\t\t\t\t\t<div class=\"elementor-posts-container elementor-posts elementor-posts--skin-cards elementor-grid\">\n\t\t\t\t<article class=\"elementor-post elementor-grid-item post-15443 post type-post status-publish format-standard hentry category-aktualnosti category-najave-i-dogadanja category-rezultati-istrazivanja\">\n\t\t\t<div class=\"elementor-post__card\">\n\t\t\t\t<div class=\"elementor-post__text\">\n\t\t\t\t<h3 class=\"elementor-post__title\">\n\t\t\t<a href=\"https:\/\/www.hipzg.hr\/en\/novi-projekt-hrvatskog-instituta-za-povijest\/\" >\n\t\t\t\tNovi projekt Hrvatskog instituta za povijest\t\t\t<\/a>\n\t\t<\/h3>\n\t\t\t\t<div class=\"elementor-post__excerpt\">\n\t\t\t<p>Na redovitoj sjednici Vlade RH, 16. travnja 2026., donijet je Zaklju\u010dak kojim se pokre\u0107e znanstveni projekt &#8220;\u017drtve ratova i dr\u017eavnog\/politi\u010dkog nasilja u hrvatskoj povijesti 20. stolje\u0107a&#8221;. Projekt \u0107e provoditi i<\/p>\n\t\t<\/div>\n\t\t\n\t\t<a class=\"elementor-post__read-more\" href=\"https:\/\/www.hipzg.hr\/en\/novi-projekt-hrvatskog-instituta-za-povijest\/\" aria-label=\"Read more about Novi projekt Hrvatskog instituta za povijest\" tabindex=\"-1\" >\n\t\t\tMore \u00bb\t\t<\/a>\n\n\t\t\t\t<\/div>\n\t\t\t\t<div class=\"elementor-post__meta-data\">\n\t\t\t\t\t<span class=\"elementor-post-date\">\n\t\t\tApril 16, 2026\t\t<\/span>\n\t\t\t\t<span class=\"elementor-post-avatar\">\n\t\t\tNo Comments\t\t<\/span>\n\t\t\t\t<\/div>\n\t\t\t\t\t<\/div>\n\t\t<\/article>\n\t\t\t\t<article class=\"elementor-post elementor-grid-item post-15428 post type-post status-publish format-standard hentry category-aktualnosti category-natjecaji\">\n\t\t\t<div class=\"elementor-post__card\">\n\t\t\t\t<div class=\"elementor-post__text\">\n\t\t\t\t<h3 class=\"elementor-post__title\">\n\t\t\t<a href=\"https:\/\/www.hipzg.hr\/en\/15428\/\" >\n\t\t\t\tNATJE\u010cAJ za izbor na znanstveno radno mjesto znanstveni suradnik u Znanstvenom odjelu za ranonovovjekovnu povijest &#8211; 1 izvr\u0161itelj\/izvr\u0161iteljica\t\t\t<\/a>\n\t\t<\/h3>\n\t\t\t\t<div class=\"elementor-post__excerpt\">\n\t\t\t<p>HRVATSKI INSTITUT ZA POVIJEST Opati\u010dka 10, 10 000 Zagreb E-mail: institut@isp.hr Tel:01\/4851-720, Fax:01\/4851-725 \u00a0 Na temelju Programskog ugovora kojim se utvr\u0111uje vi\u0161egodi\u0161nje financiranje osnovne, razvojne i izvedbene prora\u010dunske komponente Hrvatskog<\/p>\n\t\t<\/div>\n\t\t\n\t\t<a class=\"elementor-post__read-more\" href=\"https:\/\/www.hipzg.hr\/en\/15428\/\" aria-label=\"Read more about NATJE\u010cAJ za izbor na znanstveno radno mjesto znanstveni suradnik u Znanstvenom odjelu za ranonovovjekovnu povijest &#8211; 1 izvr\u0161itelj\/izvr\u0161iteljica\" tabindex=\"-1\" >\n\t\t\tMore \u00bb\t\t<\/a>\n\n\t\t\t\t<\/div>\n\t\t\t\t<div class=\"elementor-post__meta-data\">\n\t\t\t\t\t<span class=\"elementor-post-date\">\n\t\t\tApril 13, 2026\t\t<\/span>\n\t\t\t\t<span class=\"elementor-post-avatar\">\n\t\t\tNo Comments\t\t<\/span>\n\t\t\t\t<\/div>\n\t\t\t\t\t<\/div>\n\t\t<\/article>\n\t\t\t\t<article class=\"elementor-post elementor-grid-item post-15415 post type-post status-publish format-standard hentry category-announcements-and-events category-current-events\">\n\t\t\t<div class=\"elementor-post__card\">\n\t\t\t\t<div class=\"elementor-post__text\">\n\t\t\t\t<h3 class=\"elementor-post__title\">\n\t\t\t<a href=\"https:\/\/www.hipzg.hr\/en\/call-for-papers-for-the-international-conference-the-limits-of-unfreedom-the-zadar-circle-1966-intellectual-opposition-in-an-authoritarian-society\/\" >\n\t\t\t\tCall for Papers for the international conference: \u201cThe Limits of (Un)Freedom: The Zadar Circle 1966. Intellectual Opposition in an Authoritarian Society\u201d  October 22-23, 2026\t\t\t<\/a>\n\t\t<\/h3>\n\t\t\t\t<div class=\"elementor-post__excerpt\">\n\t\t\t<p>Call for Papers for the international conference: \u201cThe Limits of (Un)Freedom: The Zadar Circle 1966. Intellectual Opposition in an Authoritarian Society\u201d &nbsp; On the sixtieth anniversary of the attempted founding<\/p>\n\t\t<\/div>\n\t\t\n\t\t<a class=\"elementor-post__read-more\" href=\"https:\/\/www.hipzg.hr\/en\/call-for-papers-for-the-international-conference-the-limits-of-unfreedom-the-zadar-circle-1966-intellectual-opposition-in-an-authoritarian-society\/\" aria-label=\"Read more about Call for Papers for the international conference: \u201cThe Limits of (Un)Freedom: The Zadar Circle 1966. Intellectual Opposition in an Authoritarian Society\u201d  October 22-23, 2026\" tabindex=\"-1\" >\n\t\t\tMore \u00bb\t\t<\/a>\n\n\t\t\t\t<\/div>\n\t\t\t\t<div class=\"elementor-post__meta-data\">\n\t\t\t\t\t<span class=\"elementor-post-date\">\n\t\t\tApril 9, 2026\t\t<\/span>\n\t\t\t\t<span class=\"elementor-post-avatar\">\n\t\t\tNo Comments\t\t<\/span>\n\t\t\t\t<\/div>\n\t\t\t\t\t<\/div>\n\t\t<\/article>\n\t\t\t\t<article class=\"elementor-post elementor-grid-item post-15357 post type-post status-publish format-standard hentry category-aktualnosti category-natjecaji\">\n\t\t\t<div class=\"elementor-post__card\">\n\t\t\t\t<div class=\"elementor-post__text\">\n\t\t\t\t<h3 class=\"elementor-post__title\">\n\t\t\t<a href=\"https:\/\/www.hipzg.hr\/en\/n-a-t-j-e-c-a-j-za-znanstveno-radno-mjesto-u-znanstvenom-odjelu-za-suvremenu-povijest-hrvatskog-instituta-za-povijest-1-izvrsitelj-izvrsiteljica\/\" >\n\t\t\t\tN A T J E \u010c A J za izbor na znanstveno radno mjesto u Znanstvenom odjelu za suvremenu povijest Hrvatskog instituta za povijest &#8211; 1 izvr\u0161itelj\/izvr\u0161iteljica.\t\t\t<\/a>\n\t\t<\/h3>\n\t\t\t\t<div class=\"elementor-post__excerpt\">\n\t\t\t<p>HRVATSKI INSTITUT ZA POVIJEST Opati\u010dka 10, 10 000 Zagreb E-mail: institut@isp.hr Tel:01\/4851-720, Fax:01\/4851-725 Na temelju Programskog ugovora kojim se utvr\u0111uje vi\u0161egodi\u0161nje financiranje osnovne, razvojne i izvedbene prora\u010dunske komponente Hrvatskog instituta<\/p>\n\t\t<\/div>\n\t\t\n\t\t<a class=\"elementor-post__read-more\" href=\"https:\/\/www.hipzg.hr\/en\/n-a-t-j-e-c-a-j-za-znanstveno-radno-mjesto-u-znanstvenom-odjelu-za-suvremenu-povijest-hrvatskog-instituta-za-povijest-1-izvrsitelj-izvrsiteljica\/\" aria-label=\"Read more about N A T J E \u010c A J za izbor na znanstveno radno mjesto u Znanstvenom odjelu za suvremenu povijest Hrvatskog instituta za povijest &#8211; 1 izvr\u0161itelj\/izvr\u0161iteljica.\" tabindex=\"-1\" >\n\t\t\tMore \u00bb\t\t<\/a>\n\n\t\t\t\t<\/div>\n\t\t\t\t<div class=\"elementor-post__meta-data\">\n\t\t\t\t\t<span class=\"elementor-post-date\">\n\t\t\tApril 1, 2026\t\t<\/span>\n\t\t\t\t<span class=\"elementor-post-avatar\">\n\t\t\tNo Comments\t\t<\/span>\n\t\t\t\t<\/div>\n\t\t\t\t\t<\/div>\n\t\t<\/article>\n\t\t\t\t<article class=\"elementor-post elementor-grid-item post-15303 post type-post status-publish format-standard hentry category-aktualnosti category-knjige-i-casopisi category-najave-i-dogadanja\">\n\t\t\t<div class=\"elementor-post__card\">\n\t\t\t\t<div class=\"elementor-post__text\">\n\t\t\t\t<h3 class=\"elementor-post__title\">\n\t\t\t<a href=\"https:\/\/www.hipzg.hr\/en\/predstavljanje-nove-knjige-skripari-8-travnja-2026-u-hda\/\" >\n\t\t\t\tPredstavljanje nove knjige &#8220;\u0160kripari&#8221; &#8211; 8. travnja 2026. u HDA\t\t\t<\/a>\n\t\t<\/h3>\n\t\t\t\t<div class=\"elementor-post__excerpt\">\n\t\t\t<p>Predstavljanje knjige \u0160kripari Hrvatski pokret otpora u Bosni i Hercegovini\u00a0 od 1945. do 1951. odr\u017eat \u0107e se u\u00a0srijedu, 8. travnja\u00a02026. u Hrvatskom dr\u017eavnom arhivu, Trg Marka Maruli\u0107a 21, Zagreb, s<\/p>\n\t\t<\/div>\n\t\t\n\t\t<a class=\"elementor-post__read-more\" href=\"https:\/\/www.hipzg.hr\/en\/predstavljanje-nove-knjige-skripari-8-travnja-2026-u-hda\/\" aria-label=\"Read more about Predstavljanje nove knjige &#8220;\u0160kripari&#8221; &#8211; 8. travnja 2026. u HDA\" tabindex=\"-1\" >\n\t\t\tMore \u00bb\t\t<\/a>\n\n\t\t\t\t<\/div>\n\t\t\t\t<div class=\"elementor-post__meta-data\">\n\t\t\t\t\t<span class=\"elementor-post-date\">\n\t\t\tMarch 27, 2026\t\t<\/span>\n\t\t\t\t<span class=\"elementor-post-avatar\">\n\t\t\tNo Comments\t\t<\/span>\n\t\t\t\t<\/div>\n\t\t\t\t\t<\/div>\n\t\t<\/article>\n\t\t\t\t<article class=\"elementor-post elementor-grid-item post-15276 post type-post status-publish format-standard hentry category-aktualnosti category-najave-i-dogadanja\">\n\t\t\t<div class=\"elementor-post__card\">\n\t\t\t\t<div class=\"elementor-post__text\">\n\t\t\t\t<h3 class=\"elementor-post__title\">\n\t\t\t<a href=\"https:\/\/www.hipzg.hr\/en\/23-03-2026-potpisan-ugovor-o-znanstveno-istrazivackoj-suradnji-projekt-temelji-hrvatske-samostalnosti\/\" >\n\t\t\t\t23.03.2026. POTPISAN UGOVOR O ZNANSTVENO-ISTRA\u017dIVA\u010cKOJ SURADNJI: PROJEKT \u201eTEMELJI HRVATSKE SAMOSTALNOSTI&#8221;\t\t\t<\/a>\n\t\t<\/h3>\n\t\t\t\t<div class=\"elementor-post__excerpt\">\n\t\t\t<p>Hrvatski institut za povijest, Sveu\u010dili\u0161te obrane i sigurnosti \u201eDr. Franjo Tu\u0111man&#8221;, Institut dru\u0161tvenih znanosti Ivo Pilar i Hrvatski dr\u017eavni arhiv\u00a0potpisali su 23. o\u017eujka 2026.\u00a0Ugovor o znanstveno-istra\u017eiva\u010dkoj suradnji s ciljem provedbe<\/p>\n\t\t<\/div>\n\t\t\n\t\t<a class=\"elementor-post__read-more\" href=\"https:\/\/www.hipzg.hr\/en\/23-03-2026-potpisan-ugovor-o-znanstveno-istrazivackoj-suradnji-projekt-temelji-hrvatske-samostalnosti\/\" aria-label=\"Read more about 23.03.2026. POTPISAN UGOVOR O ZNANSTVENO-ISTRA\u017dIVA\u010cKOJ SURADNJI: PROJEKT \u201eTEMELJI HRVATSKE SAMOSTALNOSTI&#8221;\" tabindex=\"-1\" >\n\t\t\tMore \u00bb\t\t<\/a>\n\n\t\t\t\t<\/div>\n\t\t\t\t<div class=\"elementor-post__meta-data\">\n\t\t\t\t\t<span class=\"elementor-post-date\">\n\t\t\tMarch 24, 2026\t\t<\/span>\n\t\t\t\t<span class=\"elementor-post-avatar\">\n\t\t\tNo Comments\t\t<\/span>\n\t\t\t\t<\/div>\n\t\t\t\t\t<\/div>\n\t\t<\/article>\n\t\t\t\t<\/div>\n\t\t\n\t\t\t\t\t\t<\/div>\n\t\t\t\t<\/div>\n\t\t\t\t<\/div>\n\t\t\t\t<\/div>\n\t\t\t\t\t<\/div>\n\t\t\t\t<\/div>\n\t\t\t\t<\/div>\n\t\t","protected":false},"excerpt":{"rendered":"<p>Croatian Institute of History The Croatian Institute of History, including the Branch for the History of Slavonia, Srijem and Baranja in Slavonski Brod, is the largest public scientific institute in the scientific field of humanities in terms of the number of scientists and junior researchers, and the central public institute in the Republic of Croatia [&hellip;]<\/p>\n","protected":false},"author":1,"featured_media":0,"parent":0,"menu_order":0,"comment_status":"closed","ping_status":"closed","template":"","meta":{"iawp_total_views":27,"footnotes":""},"class_list":["post-11892","page","type-page","status-publish","hentry"],"_links":{"self":[{"href":"https:\/\/www.hipzg.hr\/en\/wp-json\/wp\/v2\/pages\/11892","targetHints":{"allow":["GET"]}}],"collection":[{"href":"https:\/\/www.hipzg.hr\/en\/wp-json\/wp\/v2\/pages"}],"about":[{"href":"https:\/\/www.hipzg.hr\/en\/wp-json\/wp\/v2\/types\/page"}],"author":[{"embeddable":true,"href":"https:\/\/www.hipzg.hr\/en\/wp-json\/wp\/v2\/users\/1"}],"replies":[{"embeddable":true,"href":"https:\/\/www.hipzg.hr\/en\/wp-json\/wp\/v2\/comments?post=11892"}],"version-history":[{"count":1,"href":"https:\/\/www.hipzg.hr\/en\/wp-json\/wp\/v2\/pages\/11892\/revisions"}],"predecessor-version":[{"id":11893,"href":"https:\/\/www.hipzg.hr\/en\/wp-json\/wp\/v2\/pages\/11892\/revisions\/11893"}],"wp:attachment":[{"href":"https:\/\/www.hipzg.hr\/en\/wp-json\/wp\/v2\/media?parent=11892"}],"curies":[{"name":"wp","href":"https:\/\/api.w.org\/{rel}","templated":true}]}}